{"id":926,"date":"2018-04-04T19:15:00","date_gmt":"2018-04-04T19:15:00","guid":{"rendered":"http:\/\/cofecon.org.br\/transparencia\/?page_id=926"},"modified":"2026-01-28T14:30:24","modified_gmt":"2026-01-28T14:30:24","slug":"ap-pa","status":"publish","type":"page","link":"https:\/\/cofecon.org.br\/transparencia\/?page_id=926","title":{"rendered":"Corecon-PA\/AP"},"content":{"rendered":"\t\t<div data-elementor-type=\"wp-page\" data-elementor-id=\"926\" class=\"elementor elementor-926\">\n\t\t\t\t\t\t<section class=\"elementor-section elementor-top-section elementor-element elementor-element-2758c205 elementor-section-boxed elementor-section-height-default elementor-section-height-default\" data-id=\"2758c205\" data-element_type=\"section\">\n\t\t\t\t\t\t<div class=\"elementor-container elementor-column-gap-default\">\n\t\t\t\t\t<div class=\"elementor-column elementor-col-100 elementor-top-column elementor-element elementor-element-2064e0b1\" data-id=\"2064e0b1\" data-element_type=\"column\">\n\t\t\t<div class=\"elementor-widget-wrap elementor-element-populated\">\n\t\t\t\t\t\t<div class=\"elementor-element elementor-element-3adf63a5 elementor-widget elementor-widget-text-editor\" data-id=\"3adf63a5\" data-element_type=\"widget\" data-widget_type=\"text-editor.default\">\n\t\t\t\t<div class=\"elementor-widget-container\">\n\t\t\t\t\t\t\t\t\t<div align=\"left\"><p><img decoding=\"async\" src=\"http:\/\/cofecon.org.br\/transparencia\/wp-content\/uploads\/2026\/01\/todas-as-logos-dos-corecons-28-2.png\" alt=\"\" width=\"348\" height=\"112\" \/><\/p><div><div align=\"left\"><strong>CONSELHO REGIONAL DE ECONOMIA &#8211; 9\u00aa REGI\u00c3O &#8211; PA\/AP<\/strong><br \/><strong>Site:<\/strong> www.coreconpara.org<\/div><div align=\"left\"><strong>E-mail:<\/strong> adm@coreconpara.org.br; goretti.sarmanho@gmail.com<\/div><div align=\"left\"><strong>CNPJ:<\/strong> 05.436.526\/0001-32<br \/><strong>Endere\u00e7o:<\/strong> Rua C\u00f4nsego Jer\u00f4nimo Pimentel, 918 &#8211; Umarizal<br \/>Bel\u00e9m \/ PA CEP 66.055-000<br \/><strong>Telefones:<\/strong>(91) 3420207 \/ (91) 3223-1988\/ (91) 98050-5003<br \/><strong>Respons\u00e1vel Direto:<\/strong> Maria Goretti Sarmanho dos Santos Freire \/ Gerente Administrativo Financeiro \/ (91) 98752-3999<br \/><strong>E-mail:<\/strong> adm@coreconpara.org.br<br \/><strong>Presidente:<\/strong> Kleber Antonio da Costa Mour\u00e3o<\/div><div align=\"left\"><strong>Vice-Presidente:<\/strong> Raul Paulo Sarmento<\/div><\/div><\/div>\t\t\t\t\t\t\t\t<\/div>\n\t\t\t\t<\/div>\n\t\t\t\t\t<\/div>\n\t\t<\/div>\n\t\t\t\t\t<\/div>\n\t\t<\/section>\n\t\t\t\t<\/div>\n\t\t","protected":false},"excerpt":{"rendered":"<p>CONSELHO REGIONAL DE ECONOMIA &#8211; 9\u00aa REGI\u00c3O &#8211; PA\/APSite: www.coreconpara.orgE-mail: adm@coreconpara.org.br; goretti.sarmanho@gmail.comCNPJ: 05.436.526\/0001-32Endere\u00e7o: Rua C\u00f4nsego Jer\u00f4nimo Pimentel, 918 &#8211; UmarizalBel\u00e9m \/ PA CEP 66.055-000Telefones:(91) 3420207 \/ (91) 3223-1988\/ (91) 98050-5003Respons\u00e1vel Direto: Maria Goretti Sarmanho dos Santos Freire \/ Gerente Administrativo Financeiro \/ (91) 98752-3999E-mail: adm@coreconpara.org.brPresidente: Kleber Antonio da Costa Mour\u00e3oVice-Presidente: Raul Paulo Sarmento<\/p>\n","protected":false},"author":11,"featured_media":0,"parent":912,"menu_order":0,"comment_status":"closed","ping_status":"closed","template":"","meta":{"footnotes":""},"class_list":["post-926","page","type-page","status-publish","hentry"],"_links":{"self":[{"href":"https:\/\/cofecon.org.br\/transparencia\/index.php?rest_route=\/wp\/v2\/pages\/926"}],"collection":[{"href":"https:\/\/cofecon.org.br\/transparencia\/index.php?rest_route=\/wp\/v2\/pages"}],"about":[{"href":"https:\/\/cofecon.org.br\/transparencia\/index.php?rest_route=\/wp\/v2\/types\/page"}],"author":[{"embeddable":true,"href":"https:\/\/cofecon.org.br\/transparencia\/index.php?rest_route=\/wp\/v2\/users\/11"}],"replies":[{"embeddable":true,"href":"https:\/\/cofecon.org.br\/transparencia\/index.php?rest_route=%2Fwp%2Fv2%2Fcomments&post=926"}],"version-history":[{"count":48,"href":"https:\/\/cofecon.org.br\/transparencia\/index.php?rest_route=\/wp\/v2\/pages\/926\/revisions"}],"predecessor-version":[{"id":10512,"href":"https:\/\/cofecon.org.br\/transparencia\/index.php?rest_route=\/wp\/v2\/pages\/926\/revisions\/10512"}],"up":[{"embeddable":true,"href":"https:\/\/cofecon.org.br\/transparencia\/index.php?rest_route=\/wp\/v2\/pages\/912"}],"wp:attachment":[{"href":"https:\/\/cofecon.org.br\/transparencia\/index.php?rest_route=%2Fwp%2Fv2%2Fmedia&parent=926"}],"curies":[{"name":"wp","href":"https:\/\/api.w.org\/{rel}","templated":true}]}}