{"id":915,"date":"2018-04-04T18:34:47","date_gmt":"2018-04-04T18:34:47","guid":{"rendered":"http:\/\/cofecon.org.br\/transparencia\/?page_id=915"},"modified":"2025-06-17T11:46:30","modified_gmt":"2025-06-17T11:46:30","slug":"ac","status":"publish","type":"page","link":"https:\/\/cofecon.org.br\/transparencia\/?page_id=915","title":{"rendered":"Corecon &#8211; AC"},"content":{"rendered":"\t\t<div data-elementor-type=\"wp-page\" data-elementor-id=\"915\" class=\"elementor elementor-915\">\n\t\t\t\t\t\t<section class=\"elementor-section elementor-top-section elementor-element elementor-element-785b23b elementor-section-boxed elementor-section-height-default elementor-section-height-default\" data-id=\"785b23b\" data-element_type=\"section\">\n\t\t\t\t\t\t<div class=\"elementor-container elementor-column-gap-default\">\n\t\t\t\t\t<div class=\"elementor-column elementor-col-100 elementor-top-column elementor-element elementor-element-b8a127\" data-id=\"b8a127\" data-element_type=\"column\">\n\t\t\t<div class=\"elementor-widget-wrap elementor-element-populated\">\n\t\t\t\t\t\t<div class=\"elementor-element elementor-element-3195f9af elementor-widget elementor-widget-text-editor\" data-id=\"3195f9af\" data-element_type=\"widget\" data-widget_type=\"text-editor.default\">\n\t\t\t\t<div class=\"elementor-widget-container\">\n\t\t\t\t\t\t\t\t\t<p><img decoding=\"async\" class=\"alignnone size-full wp-image-8859\" src=\"http:\/\/cofecon.org.br\/transparencia\/wp-content\/uploads\/2024\/11\/corecon-01.png\" alt=\"\" width=\"348\" height=\"112\" \/><\/p><p><strong>CONSELHO REGIONAL DE ECONOMIA &#8211; 23\u00aa REGI\u00c3O &#8211; AC<\/strong><br \/><strong>Site:<\/strong> www.corecon-ac.org.br <br \/><strong>E-mail:<\/strong> secretaria@corecon-ac.org.br; carinamrc@hotmail.com<br \/><strong>Endere\u00e7o:<\/strong> Av Cear\u00e1, 3201 &#8211; 1\u00ba Piso &#8211; sala 01 &#8211; Alto da Convel Abra\u00e3o Alab, Jardim Nazle<br \/>Rio Branco \/ AC CEP 69.918-084<br \/><strong>Telefones:<\/strong>(68) 2102-7268<br \/><strong>Respons\u00e1vel Direto:<\/strong> Carina da Cunha Oliveira \/ Assistente Administrativo \/<br \/><strong>E-mail:<\/strong> secretaria@corecon-ac.org.br<br \/><strong>Presidente:<\/strong> INTERVEN\u00c7\u00c3O<br \/><strong>Vice-Presidente:<\/strong><\/p>\t\t\t\t\t\t\t\t<\/div>\n\t\t\t\t<\/div>\n\t\t\t\t\t<\/div>\n\t\t<\/div>\n\t\t\t\t\t<\/div>\n\t\t<\/section>\n\t\t\t\t<\/div>\n\t\t","protected":false},"excerpt":{"rendered":"<p>CONSELHO REGIONAL DE ECONOMIA &#8211; 23\u00aa REGI\u00c3O &#8211; ACSite: www.corecon-ac.org.br E-mail: secretaria@corecon-ac.org.br; carinamrc@hotmail.comEndere\u00e7o: Av Cear\u00e1, 3201 &#8211; 1\u00ba Piso &#8211; sala 01 &#8211; Alto da Convel Abra\u00e3o Alab, Jardim NazleRio Branco \/ AC CEP 69.918-084Telefones:(68) 2102-7268Respons\u00e1vel Direto: Carina da Cunha Oliveira \/ Assistente Administrativo \/E-mail: secretaria@corecon-ac.org.brPresidente: INTERVEN\u00c7\u00c3OVice-Presidente:<\/p>\n","protected":false},"author":11,"featured_media":0,"parent":912,"menu_order":0,"comment_status":"closed","ping_status":"closed","template":"","meta":{"footnotes":""},"class_list":["post-915","page","type-page","status-publish","hentry"],"_links":{"self":[{"href":"https:\/\/cofecon.org.br\/transparencia\/index.php?rest_route=\/wp\/v2\/pages\/915"}],"collection":[{"href":"https:\/\/cofecon.org.br\/transparencia\/index.php?rest_route=\/wp\/v2\/pages"}],"about":[{"href":"https:\/\/cofecon.org.br\/transparencia\/index.php?rest_route=\/wp\/v2\/types\/page"}],"author":[{"embeddable":true,"href":"https:\/\/cofecon.org.br\/transparencia\/index.php?rest_route=\/wp\/v2\/users\/11"}],"replies":[{"embeddable":true,"href":"https:\/\/cofecon.org.br\/transparencia\/index.php?rest_route=%2Fwp%2Fv2%2Fcomments&post=915"}],"version-history":[{"count":32,"href":"https:\/\/cofecon.org.br\/transparencia\/index.php?rest_route=\/wp\/v2\/pages\/915\/revisions"}],"predecessor-version":[{"id":9699,"href":"https:\/\/cofecon.org.br\/transparencia\/index.php?rest_route=\/wp\/v2\/pages\/915\/revisions\/9699"}],"up":[{"embeddable":true,"href":"https:\/\/cofecon.org.br\/transparencia\/index.php?rest_route=\/wp\/v2\/pages\/912"}],"wp:attachment":[{"href":"https:\/\/cofecon.org.br\/transparencia\/index.php?rest_route=%2Fwp%2Fv2%2Fmedia&parent=915"}],"curies":[{"name":"wp","href":"https:\/\/api.w.org\/{rel}","templated":true}]}}