{"id":883,"date":"2018-02-26T17:23:31","date_gmt":"2018-02-26T17:23:31","guid":{"rendered":"http:\/\/cofecon.org.br\/transparencia\/?page_id=883"},"modified":"2025-10-15T17:54:25","modified_gmt":"2025-10-15T17:54:25","slug":"resolucoes-2018","status":"publish","type":"page","link":"https:\/\/cofecon.org.br\/transparencia\/?page_id=883","title":{"rendered":"Resolucoes-2018"},"content":{"rendered":"\t\t<div data-elementor-type=\"wp-page\" data-elementor-id=\"883\" class=\"elementor elementor-883\">\n\t\t\t\t\t\t<section class=\"elementor-section elementor-top-section elementor-element elementor-element-9222f3d elementor-section-boxed elementor-section-height-default elementor-section-height-default\" data-id=\"9222f3d\" data-element_type=\"section\">\n\t\t\t\t\t\t<div class=\"elementor-container elementor-column-gap-default\">\n\t\t\t\t\t<div class=\"elementor-column elementor-col-100 elementor-top-column elementor-element elementor-element-239ea379\" data-id=\"239ea379\" data-element_type=\"column\">\n\t\t\t<div class=\"elementor-widget-wrap elementor-element-populated\">\n\t\t\t\t\t\t<div class=\"elementor-element elementor-element-1a3e2415 elementor-widget elementor-widget-text-editor\" data-id=\"1a3e2415\" data-element_type=\"widget\" data-widget_type=\"text-editor.default\">\n\t\t\t\t<div class=\"elementor-widget-container\">\n\t\t\t\t\t\t\t\t\t<div id=\"articlepxfontsize1\">\n<table border=\"0\" align=\"center\">\n<tbody>\n<tr>\n<th scope=\"row\" align=\"center\" valign=\"middle\" width=\"134\">\n<p dir=\"ltr\" align=\"left\"><strong><span style=\"text-decoration: underline;\"><span style=\"font-size: 10pt;\">Resolu\u00e7\u00f5es N\u00ba:<\/span><\/span><\/strong><\/p>\n<\/th>\n<th scope=\"row\" align=\"center\" valign=\"middle\" width=\"499\">\n<p align=\"center\"><strong><span style=\"text-decoration: underline;\"><span style=\"font-size: 10pt;\">Assunto:<\/span><\/span><\/strong><\/p>\n<\/th>\n<\/tr>\n<tr>\n<td>\n<p align=\"center\">1.982<\/p>\n<\/td>\n<td>\n<p align=\"left\"><a href=\"https:\/\/cofecon.org.br\/transparencia\/files\/atos_normativos\/Res\/2018\/Res20181982.pdf\" target=\"_blank\" rel=\"noopener noreferrer\">Disp\u00f5e sobre o Regulamento do XXIV Pr\u00eamio Brasil de Economia<\/a><\/p>\n<\/td>\n<\/tr>\n<tr>\n<td>\n<p align=\"center\">1.983<\/p>\n<\/td>\n<td>\n<p align=\"left\"><a href=\"https:\/\/cofecon.org.br\/transparencia\/files\/atos_normativos\/Res\/2018\/Res20181983.pdf\" target=\"_blank\" rel=\"noopener noreferrer\">Aprova o Regulamento da VIII Gincana Nacional\nde Economia &#8211; 2018<\/a><\/p>\n<\/td>\n<\/tr>\n<tr>\n<td>\n<p align=\"center\">1.984<\/p>\n<\/td>\n<td>\n<p align=\"left\"><a href=\"https:\/\/cofecon.org.br\/transparencia\/files\/atos_normativos\/Res\/2018\/Res20181984.pdf\" target=\"_blank\" rel=\"noopener noreferrer\">Designa composi\u00e7\u00e3o da Comiss\u00e3o de Tomada de Contas do Cofecon para o exerc\u00edcio 2018<\/a><\/p>\n<\/td>\n<\/tr>\n<tr>\n<td>\n<p align=\"center\">1.985<\/p>\n<\/td>\n<td>\n<p align=\"left\"><a href=\"https:\/\/cofecon.org.br\/transparencia\/files\/atos_normativos\/Res\/2018\/Res20181985.pdf\" target=\"_blank\" rel=\"noopener noreferrer\">Institui Comiss\u00e3o de Licita\u00e7\u00e3o do Cofecon em 2018<\/a><\/p>\n<\/td>\n<\/tr>\n<tr>\n<td>\n<p align=\"center\">1.986<\/p>\n<\/td>\n<td>\n<p align=\"left\"><a href=\"https:\/\/cofecon.org.br\/transparencia\/files\/atos_normativos\/Res\/2018\/Res20181986.pdf\" target=\"_blank\" rel=\"noopener noreferrer\">Aprova o Regulamento do III Desafio Quero ser Economista 2018<\/a><\/p>\n<\/td>\n<\/tr>\n<tr>\n<td>\n<p align=\"center\">1.987<\/p>\n<\/td>\n<td>\n<p align=\"left\"><a href=\"https:\/\/cofecon.org.br\/transparencia\/files\/atos_normativos\/Res\/2018\/Res20181987.pdf\" target=\"_blank\" rel=\"noopener noreferrer\">Revoga e inclui dispositivo do normativo relativo a promo\u00e7\u00e3o e apoio a eventos de interesse dos economistas<\/a><\/p>\n<\/td>\n<\/tr>\n<tr>\n<td>\n<p align=\"center\">1.988<\/p>\n<\/td>\n<td>\n<p align=\"left\"><a href=\"https:\/\/cofecon.org.br\/transparencia\/files\/atos_normativos\/Res\/2018\/Res20181988.pdf\" target=\"_blank\" rel=\"noopener noreferrer\">Disp\u00f5e sobre a suspens\u00e3o do mandato de Conselheiro no \u00e2mbito do Sistema Cofecon\/Corecon<\/a><\/p>\n<\/td>\n<\/tr>\n<tr>\n<td>\n<p align=\"center\">1.989<\/p>\n<\/td>\n<td>\n<p align=\"left\"><a href=\"https:\/\/cofecon.org.br\/transparencia\/files\/atos_normativos\/Res\/2018\/Res20181989.pdf\" target=\"_blank\" rel=\"noopener noreferrer\">Altera e acrescenta dispositivos ao Regimento Interno do Simp\u00f3sio Nacional dos Conselhos de Economia<\/a><\/p>\n<\/td>\n<\/tr>\n<tr>\n<td>\n<p align=\"center\">1.990<\/p>\n<\/td>\n<td>\n<p align=\"left\"><a href=\"https:\/\/cofecon.org.br\/transparencia\/files\/atos_normativos\/Res\/2018\/Res20181990.pdf\" target=\"_blank\" rel=\"noopener noreferrer\">Inclui e altera dispositivos da Resolu\u00e7\u00e3o n\u00ba 1.853, de 28 de maio de 2011, que disp\u00f5e sobre o Manual de Arrecada\u00e7\u00e3o do Sistema Cofecon\/Corecon<\/a><\/p>\n<\/td>\n<\/tr>\n<tr>\n<td>\n<p align=\"center\">1.991<\/p>\n<\/td>\n<td>\n<p align=\"left\"><a href=\"https:\/\/cofecon.org.br\/transparencia\/files\/atos_normativos\/Res\/2018\/Res20181991.pdf\" target=\"_blank\" rel=\"noopener noreferrer\">Altera e inclui dispositivos da Resolu\u00e7\u00e3o n\u00ba 1.880, de 26 de outubro de 2012, que disp\u00f5e sobre os Procedimentos para Registro de Pessoas Jur\u00eddicas junto aos Conselhos Regionais de Economia<\/a><\/p>\n<\/td>\n<\/tr>\n<tr>\n<td>\n<p align=\"center\">1.992<\/p>\n<\/td>\n<td>\n<p align=\"left\"><a href=\"https:\/\/cofecon.org.br\/transparencia\/files\/atos_normativos\/Res\/2018\/Res20181992.pdf\" target=\"_blank\" rel=\"noopener noreferrer\">Calend\u00e1rio Eleitoral 2018<\/a><\/p>\n<\/td>\n<\/tr>\n<tr>\n<td>\n<p align=\"center\">1.993<\/p>\n<\/td>\n<td>\n<p align=\"left\"><a href=\"https:\/\/cofecon.org.br\/transparencia\/files\/atos_normativos\/Res\/2018\/Res20181993.pdf\" target=\"_blank\" rel=\"noopener noreferrer\">Prorroga o prazo de inscri\u00e7\u00f5es no XXIV Pr\u00eamio\nBrasil de Economia &#8211; PBE<\/a><\/p>\n<\/td>\n<\/tr>\n<tr>\n<td>\n<p align=\"center\">1.994<\/p>\n<\/td>\n<td>\n<p align=\"left\"><a href=\"https:\/\/cofecon.org.br\/transparencia\/files\/atos_normativos\/Res\/2018\/Res20181994.pdf\" target=\"_blank\" rel=\"noopener noreferrer\">Altera o Regimento do Congresso Brasileiro de Economia &#8211; CBE\n<\/a><\/p>\n<\/td>\n<\/tr>\n<tr>\n<td>\n<p align=\"center\">1.995<\/p>\n<\/td>\n<td>\n<p align=\"left\"><a href=\"https:\/\/cofecon.org.br\/transparencia\/files\/atos_normativos\/Res\/2018\/Res20181995.pdf\" target=\"_blank\" rel=\"noopener noreferrer\">Fixa os valores das anuidades<\/a><\/p>\n<\/td>\n<\/tr>\n<tr>\n<td>\n<p align=\"center\">1.996<\/p>\n<\/td>\n<td>\n<p align=\"left\"><a href=\"https:\/\/cofecon.org.br\/transparencia\/files\/atos_normativos\/Res\/2018\/Res20181996.pdf\" target=\"_blank\" rel=\"noopener noreferrer\">Altera Procedimentos Eleitorais<\/a><\/p>\n<\/td>\n<\/tr>\n<tr>\n<td>\n<p align=\"center\">1.997<\/p>\n<\/td>\n<td>\n<p align=\"left\"><a href=\"https:\/\/cofecon.org.br\/transparencia\/files\/atos_normativos\/Res\/2018\/Res20181997.pdf\" target=\"_blank\" rel=\"noopener noreferrer\">Regulamenta\u00e7\u00e3o Absor\u00e7\u00e3o de Cursos com Forte Conte\u00fado de Economia<\/a><\/p>\n<\/td>\n<\/tr>\n<tr>\n<td>\n<p align=\"center\">1.998<\/p>\n<\/td>\n<td>\n<p align=\"left\"><a href=\"https:\/\/cofecon.org.br\/transparencia\/files\/atos_normativos\/Res\/2018\/Res20181998.pdf\" target=\"_blank\" rel=\"noopener noreferrer\">Interven\u00e7\u00e3o Corecon-AC<\/a><\/p>\n<\/td>\n<\/tr>\n<\/tbody>\n<\/table>\n<\/div>\t\t\t\t\t\t\t\t<\/div>\n\t\t\t\t<\/div>\n\t\t\t\t\t<\/div>\n\t\t<\/div>\n\t\t\t\t\t<\/div>\n\t\t<\/section>\n\t\t\t\t<\/div>\n\t\t","protected":false},"excerpt":{"rendered":"<p>Resolu\u00e7\u00f5es N\u00ba: Assunto: 1.982 Disp\u00f5e sobre o Regulamento do XXIV Pr\u00eamio Brasil de Economia 1.983 Aprova o Regulamento da VIII Gincana Nacional de Economia &#8211; 2018 1.984 Designa composi\u00e7\u00e3o da Comiss\u00e3o de Tomada de Contas do Cofecon para o exerc\u00edcio 2018 1.985 Institui Comiss\u00e3o de Licita\u00e7\u00e3o do Cofecon em 2018 1.986 Aprova o Regulamento do &hellip; <a href=\"https:\/\/cofecon.org.br\/transparencia\/?page_id=883\" class=\"more-link\">Continue reading <span class=\"screen-reader-text\">Resolucoes-2018<\/span><\/a><\/p>\n","protected":false},"author":11,"featured_media":0,"parent":9,"menu_order":0,"comment_status":"closed","ping_status":"closed","template":"","meta":{"footnotes":""},"class_list":["post-883","page","type-page","status-publish","hentry"],"_links":{"self":[{"href":"https:\/\/cofecon.org.br\/transparencia\/index.php?rest_route=\/wp\/v2\/pages\/883"}],"collection":[{"href":"https:\/\/cofecon.org.br\/transparencia\/index.php?rest_route=\/wp\/v2\/pages"}],"about":[{"href":"https:\/\/cofecon.org.br\/transparencia\/index.php?rest_route=\/wp\/v2\/types\/page"}],"author":[{"embeddable":true,"href":"https:\/\/cofecon.org.br\/transparencia\/index.php?rest_route=\/wp\/v2\/users\/11"}],"replies":[{"embeddable":true,"href":"https:\/\/cofecon.org.br\/transparencia\/index.php?rest_route=%2Fwp%2Fv2%2Fcomments&post=883"}],"version-history":[{"count":21,"href":"https:\/\/cofecon.org.br\/transparencia\/index.php?rest_route=\/wp\/v2\/pages\/883\/revisions"}],"predecessor-version":[{"id":10027,"href":"https:\/\/cofecon.org.br\/transparencia\/index.php?rest_route=\/wp\/v2\/pages\/883\/revisions\/10027"}],"up":[{"embeddable":true,"href":"https:\/\/cofecon.org.br\/transparencia\/index.php?rest_route=\/wp\/v2\/pages\/9"}],"wp:attachment":[{"href":"https:\/\/cofecon.org.br\/transparencia\/index.php?rest_route=%2Fwp%2Fv2%2Fmedia&parent=883"}],"curies":[{"name":"wp","href":"https:\/\/api.w.org\/{rel}","templated":true}]}}