{"id":832,"date":"2018-01-04T10:56:03","date_gmt":"2018-01-04T10:56:03","guid":{"rendered":"http:\/\/cofecon.org.br\/transparencia\/?page_id=832"},"modified":"2025-10-15T17:52:27","modified_gmt":"2025-10-15T17:52:27","slug":"portarias-2018","status":"publish","type":"page","link":"https:\/\/cofecon.org.br\/transparencia\/?page_id=832","title":{"rendered":"Portarias-2018"},"content":{"rendered":"<div align=\"center\">\n<table border=\"0\" align=\"center\">\n<tbody>\n<tr>\n<th scope=\"row\" align=\"center\" valign=\"middle\" width=\"134\">\n<p dir=\"ltr\" align=\"left\"><strong><span style=\"text-decoration: underline;\"><span style=\"font-size: 10pt;\">Portarias N\u00ba:<\/span><\/span><\/strong><\/p>\n<\/th>\n<th scope=\"row\" align=\"center\" valign=\"middle\" width=\"499\">\n<p align=\"center\"><strong><span style=\"text-decoration: underline;\"><span style=\"font-size: 10pt;\">Assunto:<\/span><\/span><\/strong><\/p>\n<\/th>\n<\/tr>\n<tr>\n<td>\n<p align=\"center\">01<\/p>\n<\/td>\n<td>\n<p align=\"left\"><a href=\"https:\/\/cofecon.org.br\/transparencia\/files\/atos_normativos\/Port\/2018\/Port-2018(1).pdf\" target=\"_blank\" rel=\"noopener noreferrer\">Designa pregoeiros e equipe de apoio<\/a><\/p>\n<\/td>\n<\/tr>\n<tr>\n<td>\n<p align=\"center\">02<\/p>\n<\/td>\n<td>\n<p align=\"left\"><a href=\"https:\/\/cofecon.org.br\/transparencia\/files\/atos_normativos\/Port\/2018\/Port-2018(2).pdf\" target=\"_blank\" rel=\"noopener noreferrer\">Autoriza Jos\u00e9 Luiz Pereira Barboza a acessar a conta corrente do Cofecon<\/a><\/p>\n<\/td>\n<\/tr>\n<tr>\n<td>\n<p align=\"center\">03<\/p>\n<\/td>\n<td>\n<p align=\"left\"><a href=\"https:\/\/cofecon.org.br\/transparencia\/files\/atos_normativos\/Port\/2018\/Port-2018(3).pdf\" target=\"_blank\" rel=\"noopener noreferrer\">Nomeia funcion\u00e1rios para acompanhar e fiscalizar contratos administrativos<\/a><\/p>\n<\/td>\n<\/tr>\n<tr>\n<td>\n<p align=\"center\">04<\/p>\n<\/td>\n<td>\n<p align=\"left\"><a href=\"https:\/\/cofecon.org.br\/transparencia\/files\/atos_normativos\/Port\/2018\/Port-2018(4).pdf\" target=\"_blank\" rel=\"noopener noreferrer\">Custeia 1 (uma) di\u00e1ria e passagem a\u00e9rea para o Economista M\u00e1rcio Pochmann<\/a><\/p>\n<\/td>\n<\/tr>\n<tr>\n<td>\n<p align=\"center\">05<\/p>\n<\/td>\n<td>\n<p align=\"left\"><a href=\"https:\/\/cofecon.org.br\/transparencia\/files\/atos_normativos\/Port\/2018\/Port-2018(5).pdf\" target=\"_blank\" rel=\"noopener noreferrer\">Custeia 1 (uma) di\u00e1ria e passagem a\u00e9rea para a Sra. Marielle Francisco da Silva<\/a><\/p>\n<\/td>\n<\/tr>\n<tr>\n<td>\n<p align=\"center\">06<\/p>\n<\/td>\n<td>\n<p align=\"left\"><a href=\"https:\/\/cofecon.org.br\/transparencia\/files\/atos_normativos\/Port\/2018\/Port-2018(6).pdf\" target=\"_blank\" rel=\"noopener noreferrer\">Designa a composi\u00e7\u00e3o das Comiss\u00f5es Tem\u00e1ticas e dos Grupos de Trabalho do Cofecon<\/a><\/p>\n<\/td>\n<\/tr>\n<tr>\n<td>\n<p align=\"center\">07<\/p>\n<\/td>\n<td>\n<p align=\"left\"><a href=\"https:\/\/cofecon.org.br\/transparencia\/files\/atos_normativos\/Port\/2018\/Port-2018(7).pdf\" target=\"_blank\" rel=\"noopener noreferrer\">Nomeia Raphael Pacheco Filho para o cargo de livre provimento na ocupa\u00e7\u00e3o de Assessor IV do Cofecon<\/a><\/p>\n<\/td>\n<\/tr>\n<tr>\n<td>\n<p align=\"center\">08<\/p>\n<\/td>\n<td>\n<p align=\"left\"><a href=\"https:\/\/cofecon.org.br\/transparencia\/files\/atos_normativos\/Port\/2018\/Port-2018(8).pdf\" target=\"_blank\" rel=\"noopener noreferrer\">Custeia 1 (uma) di\u00e1ria e passagem a\u00e9rea para o Economista Nelson Marconi para debate na 683\u00aa Sess\u00e3o Plen\u00e1ria Ordin\u00e1ria \u2013 COFECON<\/a><\/p>\n<\/td>\n<\/tr>\n<tr>\n<td>\n<p align=\"center\">09<\/p>\n<\/td>\n<td>\n<p align=\"left\"><a href=\"https:\/\/cofecon.org.br\/transparencia\/files\/atos_normativos\/Port\/2018\/Port-2018(9).pdf\" target=\"_blank\" rel=\"noopener noreferrer\">Custeia 1\/2 (meia) di\u00e1ria e passagem a\u00e9rea para o Economista Arthur Cesar Vasconcelos Koblitz para debate na 683\u00aa Sess\u00e3o Plen\u00e1ria Ordin\u00e1ria \u2013 COFECON<\/a><\/p>\n<\/td>\n<\/tr>\n<tr>\n<td>\n<p align=\"center\">10<\/p>\n<\/td>\n<td>\n<p align=\"left\"><a href=\"https:\/\/cofecon.org.br\/transparencia\/files\/atos_normativos\/Port\/2018\/Port-2018(10).pdf\" target=\"_blank\" rel=\"noopener noreferrer\">Cria e Designa a composi\u00e7\u00e3o da Comiss\u00e3o T\u00e9cnica de Avalia\u00e7\u00e3o para contrata\u00e7\u00e3o de software cont\u00e1bil para o Sistema Cofecon\/Corecons<\/a><\/p>\n<\/td>\n<\/tr>\n<tr>\n<td>\n<p align=\"center\">11<\/p>\n<\/td>\n<td>\n<p align=\"left\"><a href=\"https:\/\/cofecon.org.br\/transparencia\/files\/atos_normativos\/Port\/2018\/Port-2018(11).pdf\" target=\"_blank\" rel=\"noopener noreferrer\">Define as compet\u00eancias e designa a composi\u00e7\u00e3o do Grupo de Trabalho<\/a><\/p>\n<\/td>\n<\/tr>\n<tr>\n<td>\n<p align=\"center\">12<\/p>\n<\/td>\n<td>\n<p align=\"left\"><a href=\"https:\/\/cofecon.org.br\/transparencia\/files\/atos_normativos\/Port\/2018\/Port-2018(12).pdf\" target=\"_blank\" rel=\"noopener noreferrer\">Altera o valor da di\u00e1ria paga pelo Conselho Federal de Economia aos seus membros, funcion\u00e1rios e agentes em viagens no territ\u00f3rio nacional, ao valor praticado em 2016<\/a><\/p>\n<\/td>\n<\/tr>\n<tr>\n<td>\n<p align=\"center\">13<\/p>\n<\/td>\n<td>\n<p align=\"left\"><a href=\"https:\/\/cofecon.org.br\/transparencia\/files\/atos_normativos\/Port\/2018\/Port-2018(13).pdf\" target=\"_blank\" rel=\"noopener noreferrer\">Exonera, a pedido, Mar\u00edlia Andrade Rosa Abrantes do cargo efetivo de Profissional de Atividade Estrat\u00e9gica &#8211; PAE &#8211; na ocupa\u00e7\u00e3o Advogada do COFECON<\/a><\/p>\n<\/td>\n<\/tr>\n<tr>\n<td>\n<p align=\"center\">14<\/p>\n<\/td>\n<td>\n<p align=\"left\"><a href=\"https:\/\/cofecon.org.br\/transparencia\/files\/atos_normativos\/Port\/2018\/Port-2018(14).pdf\" target=\"_blank\" rel=\"noopener noreferrer\">Nomeia Paulo Roberto Samuel Alves J\u00fanior para o cargo de livre provimento na ocupa\u00e7\u00e3o de Assessor II do Cofecon<\/a><\/p>\n<\/td>\n<\/tr>\n<tr>\n<td>\n<p align=\"center\">15<\/p>\n<\/td>\n<td>\n<p align=\"left\"><a href=\"https:\/\/cofecon.org.br\/transparencia\/files\/atos_normativos\/Port\/2018\/Port-2018(15).pdf\" target=\"_blank\" rel=\"noopener noreferrer\">Custeia 1 (uma) di\u00e1ria e passagem a\u00e9rea para o Economista Caetano Christophe Rosado Penna para debate na 684\u00aa Sess\u00e3o Plen\u00e1ria Ordin\u00e1ria \u2013 COFECON<\/a><\/p>\n<\/td>\n<\/tr>\n<tr>\n<td>\n<p align=\"center\">16<\/p>\n<\/td>\n<td>\n<p align=\"left\"><a href=\"https:\/\/cofecon.org.br\/transparencia\/files\/atos_normativos\/Port\/2018\/Port-2018(16).pdf\" target=\"_blank\" rel=\"noopener noreferrer\">Custeia 1\/2 (meia) di\u00e1ria e passagem a\u00e9rea para o Economista Jo\u00e3o Sisc\u00fa para debate na 684\u00aa Sess\u00e3o Plen\u00e1ria Ordin\u00e1ria \u2013 COFECON<\/a><\/p>\n<\/td>\n<\/tr>\n<tr>\n<td>\n<p align=\"center\">17<\/p>\n<\/td>\n<td>\n<p align=\"left\"><a href=\"https:\/\/cofecon.org.br\/transparencia\/files\/atos_normativos\/Port\/2018\/Port-2018(17).pdf\" target=\"_blank\" rel=\"noopener noreferrer\">Concede, a pedido, licen\u00e7a ao Economista S\u00e9rgio Guimar\u00e3es Hardy do cargo de Conselheiro Federal Efetivo do Conselho Federal de Economia pelo per\u00edodo de 02 de maio de 2018 a 30 de agosto de 2018<\/a><\/p>\n<\/td>\n<\/tr>\n<tr>\n<td>\n<p align=\"center\">18<\/p>\n<\/td>\n<td>\n<p align=\"left\"><a href=\"https:\/\/cofecon.org.br\/transparencia\/files\/atos_normativos\/Port\/2018\/Port-2018(18).pdf\" target=\"_blank\" rel=\"noopener noreferrer\">Concede, a pedido, licen\u00e7a ao Economista J\u00falio Fl\u00e1vio Gameiro Miragaya do cargo de Conselheiro Federal Efetivo do Conselho Federal de Economia pelo per\u00edodo de 07 de junho de 2018 a 07 de outubro de 2018<\/a><\/p>\n<\/td>\n<\/tr>\n<tr>\n<td>\n<p align=\"center\">19<\/p>\n<\/td>\n<td>\n<p align=\"left\"><a href=\"https:\/\/cofecon.org.br\/transparencia\/files\/atos_normativos\/Port\/2018\/Port-2018(19).pdf\" target=\"_blank\" rel=\"noopener noreferrer\">Custeia 1 (uma) di\u00e1ria e passagem a\u00e9rea para o Economista Andr\u00e9 Guilherme Pereira Perfeito para debate na 685\u00aa Sess\u00e3o Plen\u00e1ria Ordin\u00e1ria \u2013 COFECON<\/a><\/p>\n<\/td>\n<\/tr>\n<tr>\n<td>\n<p align=\"center\">20<\/p>\n<\/td>\n<td>\n<p align=\"left\"><a href=\"https:\/\/cofecon.org.br\/transparencia\/files\/atos_normativos\/Port\/2018\/Port-2018(20).pdf\" target=\"_blank\" rel=\"noopener noreferrer\">Designa a composi\u00e7\u00e3o da Comiss\u00e3o Eleitoral do Conselho Federal de Economia &#8211; Cofecon<\/a><\/p>\n<\/td>\n<\/tr>\n<tr>\n<td>\n<p align=\"center\">21<\/p>\n<\/td>\n<td>\n<p align=\"left\"><a href=\"https:\/\/cofecon.org.br\/transparencia\/files\/atos_normativos\/Port\/2018\/Port-2018(21).pdf\" target=\"_blank\" rel=\"noopener noreferrer\">Reajusta os valores da tabela de reembolso de aux\u00edlio sa\u00fade<\/a><\/p>\n<\/td>\n<\/tr>\n<tr>\n<td>\n<p align=\"center\">22<\/p>\n<\/td>\n<td>\n<p align=\"left\"><a href=\"https:\/\/cofecon.org.br\/transparencia\/files\/atos_normativos\/Port\/2018\/Port-2018(22).pdf\" target=\"_blank\" rel=\"noopener noreferrer\">Reajusta o Valor-piso da Hora de Trabalho de Economia &#8211; VHTE pelo IPCA (IBGE)<\/a><\/p>\n<\/td>\n<\/tr>\n<tr>\n<td>\n<p align=\"center\">23<\/p>\n<\/td>\n<td>\n<p align=\"left\"><a href=\"https:\/\/cofecon.org.br\/transparencia\/files\/atos_normativos\/Port\/2018\/Port-2018(23).pdf\" target=\"_blank\" rel=\"noopener noreferrer\">Cria as comiss\u00f5es organizadora e avaliadora do Desafio Quero Ser Economista 2018<\/a><\/p>\n<\/td>\n<\/tr>\n<tr>\n<td>\n<p align=\"center\">24<\/p>\n<\/td>\n<td>\n<p align=\"left\"><a href=\"https:\/\/cofecon.org.br\/transparencia\/files\/atos_normativos\/Port\/2018\/Port-2018(24).pdf\" target=\"_blank\" rel=\"noopener noreferrer\">Cria e designa a composi\u00e7\u00e3o do Grupo de trabalho<\/a><\/p>\n<\/td>\n<\/tr>\n<tr>\n<td>\n<p align=\"center\">25<\/p>\n<\/td>\n<td>\n<p align=\"left\"><a href=\"https:\/\/cofecon.org.br\/transparencia\/files\/atos_normativos\/Port\/2018\/Port-2018(25).pdf\" target=\"_blank\" rel=\"noopener noreferrer\">Designa relator do processo \u00e9tico profissional<\/a><\/p>\n<\/td>\n<\/tr>\n<tr>\n<td>\n<p align=\"center\">27<\/p>\n<\/td>\n<td>\n<p align=\"left\"><a href=\"https:\/\/cofecon.org.br\/transparencia\/files\/atos_normativos\/Port\/2018\/Port-2018(27).pdf\" target=\"_blank\" rel=\"noopener noreferrer\">Autoriza colaboradores a responderem pela Tesouraria do Cofecon<\/a><\/p>\n<\/td>\n<\/tr>\n<\/tbody>\n<\/table>\n<\/div>\n","protected":false},"excerpt":{"rendered":"<p>Portarias N\u00ba: Assunto: 01 Designa pregoeiros e equipe de apoio 02 Autoriza Jos\u00e9 Luiz Pereira Barboza a acessar a conta corrente do Cofecon 03 Nomeia funcion\u00e1rios para acompanhar e fiscalizar contratos administrativos 04 Custeia 1 (uma) di\u00e1ria e passagem a\u00e9rea para o Economista M\u00e1rcio Pochmann 05 Custeia 1 (uma) di\u00e1ria e passagem a\u00e9rea para a &hellip; <a href=\"https:\/\/cofecon.org.br\/transparencia\/?page_id=832\" class=\"more-link\">Continue reading <span class=\"screen-reader-text\">Portarias-2018<\/span><\/a><\/p>\n","protected":false},"author":11,"featured_media":0,"parent":9,"menu_order":0,"comment_status":"closed","ping_status":"closed","template":"","meta":{"footnotes":""},"class_list":["post-832","page","type-page","status-publish","hentry"],"_links":{"self":[{"href":"https:\/\/cofecon.org.br\/transparencia\/index.php?rest_route=\/wp\/v2\/pages\/832"}],"collection":[{"href":"https:\/\/cofecon.org.br\/transparencia\/index.php?rest_route=\/wp\/v2\/pages"}],"about":[{"href":"https:\/\/cofecon.org.br\/transparencia\/index.php?rest_route=\/wp\/v2\/types\/page"}],"author":[{"embeddable":true,"href":"https:\/\/cofecon.org.br\/transparencia\/index.php?rest_route=\/wp\/v2\/users\/11"}],"replies":[{"embeddable":true,"href":"https:\/\/cofecon.org.br\/transparencia\/index.php?rest_route=%2Fwp%2Fv2%2Fcomments&post=832"}],"version-history":[{"count":35,"href":"https:\/\/cofecon.org.br\/transparencia\/index.php?rest_route=\/wp\/v2\/pages\/832\/revisions"}],"predecessor-version":[{"id":10024,"href":"https:\/\/cofecon.org.br\/transparencia\/index.php?rest_route=\/wp\/v2\/pages\/832\/revisions\/10024"}],"up":[{"embeddable":true,"href":"https:\/\/cofecon.org.br\/transparencia\/index.php?rest_route=\/wp\/v2\/pages\/9"}],"wp:attachment":[{"href":"https:\/\/cofecon.org.br\/transparencia\/index.php?rest_route=%2Fwp%2Fv2%2Fmedia&parent=832"}],"curies":[{"name":"wp","href":"https:\/\/api.w.org\/{rel}","templated":true}]}}