{"id":8001,"date":"2024-07-23T01:47:30","date_gmt":"2024-07-23T01:47:30","guid":{"rendered":"https:\/\/cofecon.org.br\/transparencia\/?page_id=8001"},"modified":"2025-10-16T14:43:18","modified_gmt":"2025-10-16T14:43:18","slug":"termo-de-cooperacao-tecnica","status":"publish","type":"page","link":"https:\/\/cofecon.org.br\/transparencia\/?page_id=8001","title":{"rendered":"Termo de Coopera\u00e7\u00e3o T\u00e9cnica"},"content":{"rendered":"<p>&nbsp;<\/p>\n<h3>Corecon-PR<\/h3>\n<ol>\n<li style=\"list-style-type: none;\">\n<ol>\n<li><a href=\"https:\/\/cofecon.org.br\/transparencia\/files\/tc\/2023\/TCT_1.2023.pdf\">Termo de Coopera\u00e7\u00e3o t\u00e9cnica Corecon-PR 01\/2023<\/a><\/li>\n<li><a href=\"https:\/\/cofecon.org.br\/transparencia\/files\/tc\/2023\/ETCT_1.2023.pdf\">Extrato Termo de Coopera\u00e7\u00e3o t\u00e9cnica Corecon-PR 01\/2023<\/a><\/li>\n<li><a href=\"https:\/\/cofecon.org.br\/transparencia\/files\/tc\/2023\/TA_1.pdf\">1\u00ba Termo aditivo ao termo de coopera\u00e7\u00e3o t\u00e9cnica N\u00ba 1\/2023<\/a><\/li>\n<li><a href=\"https:\/\/cofecon.org.br\/transparencia\/files\/tc\/2023\/ETA_1.pdf\">Extrato 1\u00ba Termo aditivo ao termo de coopera\u00e7\u00e3o t\u00e9cnica N\u00ba 1\/2023<\/a><\/li>\n<li><a href=\"https:\/\/cofecon.org.br\/transparencia\/files\/tc\/2023\/TA_1.pdf\">2\u00ba Termo aditivo ao termo de coopera\u00e7\u00e3o t\u00e9cnica N\u00ba 1\/2023<\/a><\/li>\n<\/ol>\n<\/li>\n<\/ol>\n<p><!--\n \t\n\n<li><a href=\"https:\/\/cofecon.org\/transparencia\/files\/tc\/2023\/ETA_1.pdf\">Extrato 2\u00ba Termo aditivo ao termo de coopera\u00e7\u00e3o t\u00e9cnica N\u00ba 1\/2023<\/a><\/li>\n\n\n--><\/p>\n<h3>Corecon-DF<\/h3>\n<ol>\n<li><a href=\"https:\/\/cofecon.org.br\/transparencia\/files\/tc\/2024\/TCT_1.2024.pdf\">Termo de Coopera\u00e7\u00e3o t\u00e9cnica Corecon-DF 01\/2024<\/a><\/li>\n<li><a href=\"https:\/\/cofecon.org.br\/transparencia\/files\/tc\/2024\/ETCT_1.2024.pdf\">Extrato Termo de Coopera\u00e7\u00e3o t\u00e9cnica Corecon-DF 01\/2024<\/a><\/li>\n<li><a href=\"https:\/\/cofecon.org.br\/transparencia\/files\/tc\/2024\/ETA_1.pdf\">1\u00ba Termo aditivo ao termo de coopera\u00e7\u00e3o t\u00e9cnica N\u00ba 1\/2024<\/a><\/li>\n<\/ol>\n","protected":false},"excerpt":{"rendered":"<p>&nbsp; Corecon-PR Termo de Coopera\u00e7\u00e3o t\u00e9cnica Corecon-PR 01\/2023 Extrato Termo de Coopera\u00e7\u00e3o t\u00e9cnica Corecon-PR 01\/2023 1\u00ba Termo aditivo ao termo de coopera\u00e7\u00e3o t\u00e9cnica N\u00ba 1\/2023 Extrato 1\u00ba Termo aditivo ao termo de coopera\u00e7\u00e3o t\u00e9cnica N\u00ba 1\/2023 2\u00ba Termo aditivo ao termo de coopera\u00e7\u00e3o t\u00e9cnica N\u00ba 1\/2023 Corecon-DF Termo de Coopera\u00e7\u00e3o t\u00e9cnica Corecon-DF 01\/2024 Extrato Termo &hellip; <a href=\"https:\/\/cofecon.org.br\/transparencia\/?page_id=8001\" class=\"more-link\">Continue reading <span class=\"screen-reader-text\">Termo de Coopera\u00e7\u00e3o T\u00e9cnica<\/span><\/a><\/p>\n","protected":false},"author":11,"featured_media":0,"parent":0,"menu_order":0,"comment_status":"closed","ping_status":"closed","template":"","meta":{"footnotes":""},"class_list":["post-8001","page","type-page","status-publish","hentry"],"_links":{"self":[{"href":"https:\/\/cofecon.org.br\/transparencia\/index.php?rest_route=\/wp\/v2\/pages\/8001"}],"collection":[{"href":"https:\/\/cofecon.org.br\/transparencia\/index.php?rest_route=\/wp\/v2\/pages"}],"about":[{"href":"https:\/\/cofecon.org.br\/transparencia\/index.php?rest_route=\/wp\/v2\/types\/page"}],"author":[{"embeddable":true,"href":"https:\/\/cofecon.org.br\/transparencia\/index.php?rest_route=\/wp\/v2\/users\/11"}],"replies":[{"embeddable":true,"href":"https:\/\/cofecon.org.br\/transparencia\/index.php?rest_route=%2Fwp%2Fv2%2Fcomments&post=8001"}],"version-history":[{"count":15,"href":"https:\/\/cofecon.org.br\/transparencia\/index.php?rest_route=\/wp\/v2\/pages\/8001\/revisions"}],"predecessor-version":[{"id":10200,"href":"https:\/\/cofecon.org.br\/transparencia\/index.php?rest_route=\/wp\/v2\/pages\/8001\/revisions\/10200"}],"wp:attachment":[{"href":"https:\/\/cofecon.org.br\/transparencia\/index.php?rest_route=%2Fwp%2Fv2%2Fmedia&parent=8001"}],"curies":[{"name":"wp","href":"https:\/\/api.w.org\/{rel}","templated":true}]}}