{"id":7685,"date":"2024-05-14T12:02:50","date_gmt":"2024-05-14T12:02:50","guid":{"rendered":"https:\/\/cofecon.org.br\/transparencia\/?page_id=7685"},"modified":"2025-10-16T13:57:46","modified_gmt":"2025-10-16T13:57:46","slug":"inexibilidade-de-licitacao","status":"publish","type":"page","link":"https:\/\/cofecon.org.br\/transparencia\/?page_id=7685","title":{"rendered":"Inexibilidade de licita\u00e7\u00e3o"},"content":{"rendered":"\t\t<div data-elementor-type=\"wp-page\" data-elementor-id=\"7685\" class=\"elementor elementor-7685\">\n\t\t\t\t\t\t<section class=\"elementor-section elementor-top-section elementor-element elementor-element-99bf222 elementor-section-boxed elementor-section-height-default elementor-section-height-default\" data-id=\"99bf222\" data-element_type=\"section\">\n\t\t\t\t\t\t<div class=\"elementor-container elementor-column-gap-default\">\n\t\t\t\t\t<div class=\"elementor-column elementor-col-100 elementor-top-column elementor-element elementor-element-0fe9d1a\" data-id=\"0fe9d1a\" data-element_type=\"column\">\n\t\t\t<div class=\"elementor-widget-wrap elementor-element-populated\">\n\t\t\t\t\t\t<div class=\"elementor-element elementor-element-3e30fd7 elementor-widget elementor-widget-heading\" data-id=\"3e30fd7\" data-element_type=\"widget\" data-widget_type=\"heading.default\">\n\t\t\t\t<div class=\"elementor-widget-container\">\n\t\t\t\t\t<h1 class=\"elementor-heading-title elementor-size-default\">Inexigibilidade<\/h1>\t\t\t\t<\/div>\n\t\t\t\t<\/div>\n\t\t\t\t\t<\/div>\n\t\t<\/div>\n\t\t\t\t\t<\/div>\n\t\t<\/section>\n\t\t\t\t<section class=\"elementor-section elementor-top-section elementor-element elementor-element-aec338f elementor-section-boxed elementor-section-height-default elementor-section-height-default\" data-id=\"aec338f\" data-element_type=\"section\">\n\t\t\t\t\t\t<div class=\"elementor-container elementor-column-gap-default\">\n\t\t\t\t\t<div class=\"elementor-column elementor-col-100 elementor-top-column elementor-element elementor-element-cea73bd\" data-id=\"cea73bd\" data-element_type=\"column\">\n\t\t\t<div class=\"elementor-widget-wrap elementor-element-populated\">\n\t\t\t\t\t\t<div class=\"elementor-element elementor-element-873ad6c elementor-tabs-view-horizontal elementor-widget elementor-widget-tabs\" data-id=\"873ad6c\" data-element_type=\"widget\" data-widget_type=\"tabs.default\">\n\t\t\t\t<div class=\"elementor-widget-container\">\n\t\t\t\t\t\t\t<div class=\"elementor-tabs\">\n\t\t\t<div class=\"elementor-tabs-wrapper\" role=\"tablist\" >\n\t\t\t\t\t\t\t\t\t<div id=\"elementor-tab-title-1411\" class=\"elementor-tab-title elementor-tab-desktop-title\" aria-selected=\"true\" data-tab=\"1\" role=\"tab\" tabindex=\"0\" aria-controls=\"elementor-tab-content-1411\" aria-expanded=\"false\">2023<\/div>\n\t\t\t\t\t\t\t<\/div>\n\t\t\t<div class=\"elementor-tabs-content-wrapper\" role=\"tablist\" aria-orientation=\"vertical\">\n\t\t\t\t\t\t\t\t\t<div class=\"elementor-tab-title elementor-tab-mobile-title\" aria-selected=\"true\" data-tab=\"1\" role=\"tab\" tabindex=\"0\" aria-controls=\"elementor-tab-content-1411\" aria-expanded=\"false\">2023<\/div>\n\t\t\t\t\t<div id=\"elementor-tab-content-1411\" class=\"elementor-tab-content elementor-clearfix\" data-tab=\"1\" role=\"tabpanel\" aria-labelledby=\"elementor-tab-title-1411\" tabindex=\"0\" hidden=\"false\"><p><span style=\"text-decoration: underline; font-size: 18pt;\"><b style=\"font-size: 18pt; text-decoration-line: underline;\">Inexibilidade de Licita\u00e7\u00e3o N\u00ba 1\/2023<\/b><\/span><\/p><p><span style=\"font-size: 12pt;\"><strong>Objeto:<\/strong> <span class=\"ui-provider a b c d e f g h i j k l m n o p q r s t u v w x y z ab ac ae af ag ah ai aj ak\" dir=\"ltr\">Cursos para membros da Comiss\u00e3o de Licita\u00e7\u00e3o, Pregoeiros e Equipe de Apoio<\/span><br \/><strong>Raz\u00e3o Social:<\/strong> <span class=\"ui-provider a b c d e f g h i j k l m n o p q r s t u v w x y z ab ac ae af ag ah ai aj ak\" dir=\"ltr\">Orzil Cursos e Eventos Ltda<\/span><br \/><strong>CNPJ:<\/strong> <span class=\"ui-provider a b c d e f g h i j k l m n o p q r s t u v w x y z ab ac ae af ag ah ai aj ak\" dir=\"ltr\">08.942.423\/0001-32\u00a0<\/span><br \/><strong><span class=\"ui-provider a b c d e f g h i j k l m n o p q r s t u v w x y z ab ac ae af ag ah ai aj ak\" dir=\"ltr\">Valor global anual estimado:<\/span>:<\/strong> <span class=\"ui-provider a b c d e f g h i j k l m n o p q r s t u v w x y z ab ac ae af ag ah ai aj ak\" dir=\"ltr\">R$ 20.456,10 \u00a0<\/span><br \/><\/span><\/p><p><span style=\"text-decoration: underline; font-size: 12pt;\"><strong>Anexo:<\/strong><\/span><\/p><ol><li style=\"list-style-type: none;\"><ol><li style=\"list-style-type: none;\"><ol><li><span class=\"ui-provider a b c d e f g h i j k l m n o p q r s t u v w x y z ab ac ae af ag ah ai aj ak\" dir=\"ltr\">Aviso de Inexigibilidade de Licita\u00e7\u00e3o n\u00ba 1\/2023<\/span> &#8211; (<a href=\"https:\/\/cofecon.org.br\/transparencia\/files\/licitacoes\/inexibilidade\/2023\/01-23\/anexo01.pdf\">PDF<\/a>) \/ (<a href=\"https:\/\/cofecon.org.br\/transparencia\/files\/licitacoes\/inexibilidade\/2023\/01-23\/anexo01.docx\">Word<\/a>)<\/li><\/ol><\/li><\/ol><\/li><\/ol><p><span style=\"text-decoration: underline; font-size: 18pt;\"><b style=\"font-size: 18pt; text-decoration-line: underline;\">\u00a0<\/b><\/span><\/p><p><span style=\"text-decoration: underline; font-size: 18pt;\"><b style=\"font-size: 18pt; text-decoration-line: underline;\">Inexibilidade de Licita\u00e7\u00e3o N\u00ba 2\/2023<\/b><\/span><\/p><p><span style=\"font-size: 12pt;\"><strong>Objeto:<\/strong> <span class=\"ui-provider a b c d e f g h i j k l m n o p q r s t u v w x y z ab ac ae af ag ah ai aj ak\" dir=\"ltr\">Cursos para membros da Comiss\u00e3o de Licita\u00e7\u00e3o, Pregoeiros e Equipe de Apoio<\/span><br \/><strong>Raz\u00e3o Social:<\/strong> <span class=\"ui-provider a b c d e f g h i j k l m n o p q r s t u v w x y z ab ac ae af ag ah ai aj ak\" dir=\"ltr\">Orzil Cursos e Eventos Ltda<\/span><br \/><strong>CNPJ:<\/strong> <span class=\"ui-provider a b c d e f g h i j k l m n o p q r s t u v w x y z ab ac ae af ag ah ai aj ak\" dir=\"ltr\">08.942.423\/0001-32\u00a0<\/span><br \/><strong><span class=\"ui-provider a b c d e f g h i j k l m n o p q r s t u v w x y z ab ac ae af ag ah ai aj ak\" dir=\"ltr\">Valor global anual estimado:<\/span>:<\/strong> <span class=\"ui-provider a b c d e f g h i j k l m n o p q r s t u v w x y z ab ac ae af ag ah ai aj ak\" dir=\"ltr\">R$ 5.864,60 \u00a0<\/span><br \/><\/span><\/p><p><span style=\"text-decoration: underline; font-size: 12pt;\"><strong>Anexo:<\/strong><\/span><\/p><ol><li style=\"list-style-type: none;\"><ol><li style=\"list-style-type: none;\"><ol><li><span class=\"ui-provider a b c d e f g h i j k l m n o p q r s t u v w x y z ab ac ae af ag ah ai aj ak\" dir=\"ltr\">Aviso de Inexigibilidade de Licita\u00e7\u00e3o n\u00ba 2\/2023<\/span> &#8211; (<a href=\"https:\/\/cofecon.org.br\/transparencia\/files\/licitacoes\/inexibilidade\/2023\/02-23\/Anexo.pdf\">PDF<\/a>)<\/li><\/ol><\/li><\/ol><\/li><\/ol><p><span style=\"text-decoration: underline; font-size: 18pt;\"><b style=\"font-size: 18pt; text-decoration-line: underline;\">\u00a0<\/b><\/span><\/p><\/div>\n\t\t\t\t\t\t\t<\/div>\n\t\t<\/div>\n\t\t\t\t\t\t<\/div>\n\t\t\t\t<\/div>\n\t\t\t\t\t<\/div>\n\t\t<\/div>\n\t\t\t\t\t<\/div>\n\t\t<\/section>\n\t\t\t\t<\/div>\n\t\t","protected":false},"excerpt":{"rendered":"<p>Inexigibilidade 2023 2023 Inexibilidade de Licita\u00e7\u00e3o N\u00ba 1\/2023 Objeto: Cursos para membros da Comiss\u00e3o de Licita\u00e7\u00e3o, Pregoeiros e Equipe de ApoioRaz\u00e3o Social: Orzil Cursos e Eventos LtdaCNPJ: 08.942.423\/0001-32\u00a0Valor global anual estimado:: R$ 20.456,10 \u00a0 Anexo: Aviso de Inexigibilidade de Licita\u00e7\u00e3o n\u00ba 1\/2023 &#8211; (PDF) \/ (Word) \u00a0 Inexibilidade de Licita\u00e7\u00e3o N\u00ba 2\/2023 Objeto: Cursos para &hellip; <a href=\"https:\/\/cofecon.org.br\/transparencia\/?page_id=7685\" class=\"more-link\">Continue reading <span class=\"screen-reader-text\">Inexibilidade de licita\u00e7\u00e3o<\/span><\/a><\/p>\n","protected":false},"author":1,"featured_media":0,"parent":59,"menu_order":0,"comment_status":"closed","ping_status":"closed","template":"elementor_header_footer","meta":{"footnotes":""},"class_list":["post-7685","page","type-page","status-publish","hentry"],"_links":{"self":[{"href":"https:\/\/cofecon.org.br\/transparencia\/index.php?rest_route=\/wp\/v2\/pages\/7685"}],"collection":[{"href":"https:\/\/cofecon.org.br\/transparencia\/index.php?rest_route=\/wp\/v2\/pages"}],"about":[{"href":"https:\/\/cofecon.org.br\/transparencia\/index.php?rest_route=\/wp\/v2\/types\/page"}],"author":[{"embeddable":true,"href":"https:\/\/cofecon.org.br\/transparencia\/index.php?rest_route=\/wp\/v2\/users\/1"}],"replies":[{"embeddable":true,"href":"https:\/\/cofecon.org.br\/transparencia\/index.php?rest_route=%2Fwp%2Fv2%2Fcomments&post=7685"}],"version-history":[{"count":13,"href":"https:\/\/cofecon.org.br\/transparencia\/index.php?rest_route=\/wp\/v2\/pages\/7685\/revisions"}],"predecessor-version":[{"id":10188,"href":"https:\/\/cofecon.org.br\/transparencia\/index.php?rest_route=\/wp\/v2\/pages\/7685\/revisions\/10188"}],"up":[{"embeddable":true,"href":"https:\/\/cofecon.org.br\/transparencia\/index.php?rest_route=\/wp\/v2\/pages\/59"}],"wp:attachment":[{"href":"https:\/\/cofecon.org.br\/transparencia\/index.php?rest_route=%2Fwp%2Fv2%2Fmedia&parent=7685"}],"curies":[{"name":"wp","href":"https:\/\/api.w.org\/{rel}","templated":true}]}}