{"id":6721,"date":"2023-07-17T17:45:31","date_gmt":"2023-07-17T17:45:31","guid":{"rendered":"https:\/\/cofecon.org.br\/transparencia\/?page_id=6721"},"modified":"2026-03-24T20:49:04","modified_gmt":"2026-03-24T20:49:04","slug":"eleicoes","status":"publish","type":"page","link":"https:\/\/cofecon.org.br\/transparencia\/?page_id=6721","title":{"rendered":"Elei\u00e7\u00f5es"},"content":{"rendered":"\t\t<div data-elementor-type=\"wp-page\" data-elementor-id=\"6721\" class=\"elementor elementor-6721\">\n\t\t\t\t\t\t<section class=\"elementor-section elementor-top-section elementor-element elementor-element-654390f elementor-section-full_width elementor-section-height-default elementor-section-height-default\" data-id=\"654390f\" data-element_type=\"section\">\n\t\t\t\t\t\t<div class=\"elementor-container elementor-column-gap-default\">\n\t\t\t\t\t<div class=\"elementor-column elementor-col-100 elementor-top-column elementor-element elementor-element-a65f74e\" data-id=\"a65f74e\" data-element_type=\"column\">\n\t\t\t<div class=\"elementor-widget-wrap elementor-element-populated\">\n\t\t\t\t\t\t<div class=\"elementor-element elementor-element-8c36727 elementor-widget elementor-widget-text-editor\" data-id=\"8c36727\" data-element_type=\"widget\" data-widget_type=\"text-editor.default\">\n\t\t\t\t<div class=\"elementor-widget-container\">\n\t\t\t\t\t\t\t\t\t<p><span style=\"color: #22313f; font-family: Arial, Helvetica, sans-serif; font-size: 16px; font-style: normal; font-weight: 400;\">Confira abaixo as cartilhas eleitorais e os resultados das elei\u00e7\u00f5es realizadas pelo COFECON para presidente.<\/span><\/p>\t\t\t\t\t\t\t\t<\/div>\n\t\t\t\t<\/div>\n\t\t\t\t<section class=\"elementor-section elementor-inner-section elementor-element elementor-element-f2ba71f elementor-section-boxed elementor-section-height-default elementor-section-height-default\" data-id=\"f2ba71f\" data-element_type=\"section\">\n\t\t\t\t\t\t<div class=\"elementor-container elementor-column-gap-default\">\n\t\t\t\t\t<div class=\"elementor-column elementor-col-100 elementor-inner-column elementor-element elementor-element-3e9632f\" data-id=\"3e9632f\" data-element_type=\"column\">\n\t\t\t<div class=\"elementor-widget-wrap elementor-element-populated\">\n\t\t\t\t\t\t<div class=\"elementor-element elementor-element-ec02ecd elementor-widget__width-initial elementor-widget elementor-widget-heading\" data-id=\"ec02ecd\" data-element_type=\"widget\" data-widget_type=\"heading.default\">\n\t\t\t\t<div class=\"elementor-widget-container\">\n\t\t\t\t\t<p class=\"elementor-heading-title elementor-size-default\">Documenta\u00e7\u00e3o relacionada<\/p>\t\t\t\t<\/div>\n\t\t\t\t<\/div>\n\t\t\t\t\t<\/div>\n\t\t<\/div>\n\t\t\t\t\t<\/div>\n\t\t<\/section>\n\t\t\t\t<section class=\"elementor-section elementor-inner-section elementor-element elementor-element-1e41e4f elementor-section-boxed elementor-section-height-default elementor-section-height-default\" data-id=\"1e41e4f\" data-element_type=\"section\">\n\t\t\t\t\t\t<div class=\"elementor-container elementor-column-gap-default\">\n\t\t\t\t\t<div class=\"elementor-column elementor-col-100 elementor-inner-column elementor-element elementor-element-b0be728\" data-id=\"b0be728\" data-element_type=\"column\">\n\t\t\t<div class=\"elementor-widget-wrap\">\n\t\t\t\t\t\t\t<\/div>\n\t\t<\/div>\n\t\t\t\t\t<\/div>\n\t\t<\/section>\n\t\t\t\t\t<\/div>\n\t\t<\/div>\n\t\t\t\t\t<\/div>\n\t\t<\/section>\n\t\t\t\t<section class=\"elementor-section elementor-top-section elementor-element elementor-element-f7ec6ac elementor-section-boxed elementor-section-height-default elementor-section-height-default\" data-id=\"f7ec6ac\" data-element_type=\"section\">\n\t\t\t\t\t\t<div class=\"elementor-container elementor-column-gap-default\">\n\t\t\t\t\t<div class=\"elementor-column elementor-col-100 elementor-top-column elementor-element elementor-element-fce16ce\" data-id=\"fce16ce\" data-element_type=\"column\">\n\t\t\t<div class=\"elementor-widget-wrap elementor-element-populated\">\n\t\t\t\t\t\t<div class=\"elementor-element elementor-element-52759d9 elementor-tabs-alignment-center elementor-tabs-view-horizontal elementor-widget elementor-widget-tabs\" data-id=\"52759d9\" data-element_type=\"widget\" data-widget_type=\"tabs.default\">\n\t\t\t\t<div class=\"elementor-widget-container\">\n\t\t\t\t\t\t\t<div class=\"elementor-tabs\">\n\t\t\t<div class=\"elementor-tabs-wrapper\" role=\"tablist\" >\n\t\t\t\t\t\t\t\t\t<div id=\"elementor-tab-title-8641\" class=\"elementor-tab-title elementor-tab-desktop-title\" aria-selected=\"true\" data-tab=\"1\" role=\"tab\" tabindex=\"0\" aria-controls=\"elementor-tab-content-8641\" aria-expanded=\"false\">Elei\u00e7\u00f5es 2025<\/div>\n\t\t\t\t\t\t\t\t\t<div id=\"elementor-tab-title-8642\" class=\"elementor-tab-title elementor-tab-desktop-title\" aria-selected=\"false\" data-tab=\"2\" role=\"tab\" tabindex=\"-1\" aria-controls=\"elementor-tab-content-8642\" aria-expanded=\"false\">Elei\u00e7\u00f5es 2024<\/div>\n\t\t\t\t\t\t\t\t\t<div id=\"elementor-tab-title-8643\" class=\"elementor-tab-title elementor-tab-desktop-title\" aria-selected=\"false\" data-tab=\"3\" role=\"tab\" tabindex=\"-1\" aria-controls=\"elementor-tab-content-8643\" aria-expanded=\"false\">Elei\u00e7\u00f5es 2023<\/div>\n\t\t\t\t\t\t\t\t\t<div id=\"elementor-tab-title-8644\" class=\"elementor-tab-title elementor-tab-desktop-title\" aria-selected=\"false\" data-tab=\"4\" role=\"tab\" tabindex=\"-1\" aria-controls=\"elementor-tab-content-8644\" aria-expanded=\"false\">Resultados<\/div>\n\t\t\t\t\t\t\t<\/div>\n\t\t\t<div class=\"elementor-tabs-content-wrapper\" role=\"tablist\" aria-orientation=\"vertical\">\n\t\t\t\t\t\t\t\t\t<div class=\"elementor-tab-title elementor-tab-mobile-title\" aria-selected=\"true\" data-tab=\"1\" role=\"tab\" tabindex=\"0\" aria-controls=\"elementor-tab-content-8641\" aria-expanded=\"false\">Elei\u00e7\u00f5es 2025<\/div>\n\t\t\t\t\t<div id=\"elementor-tab-content-8641\" class=\"elementor-tab-content elementor-clearfix\" data-tab=\"1\" role=\"tabpanel\" aria-labelledby=\"elementor-tab-title-8641\" tabindex=\"0\" hidden=\"false\"><ul><li><span style=\"color: #201f35; font-family: Verdana, Geneva, sans-serif; font-size: 19px; font-style: normal; font-weight: 400;\" data-darkreader-inline-color=\"\">\u2713<\/span><a href=\"https:\/\/cofecon.org.br\/transparencia\/files\/atos_normativos\/Res\/2017\/Res-2017(20).pdf\"><span style=\"font-size: 12pt;\"><strong><span dir=\"ltr\">Resolu\u00e7\u00e3o n\u00ba 1.981\/2017<\/span><\/strong><\/span><\/a><\/li><li><span style=\"color: #201f35; font-family: Verdana, Geneva, sans-serif; font-size: 19px; font-style: normal; font-weight: 400;\" data-darkreader-inline-color=\"\">\u2713<\/span><a href=\"https:\/\/cofecon.org.br\/transparencia\/files\/atos_normativos\/Res\/2025\/Res2025-2184.pdf\"><span style=\"font-size: 12pt;\"><strong><span dir=\"ltr\">Resolu\u00e7\u00e3o n\u00ba 2.184\/2025<\/span><\/strong><\/span><\/a><\/li><li><span style=\"color: #201f35; font-family: Verdana, Geneva, sans-serif; font-size: 19px; font-style: normal; font-weight: 400;\" data-darkreader-inline-color=\"\">\u2713<\/span><a href=\"https:\/\/cofecon.org.br\/transparencia\/files\/atos_normativos\/Port\/2025\/Port-2025(11).pdf\"><span style=\"font-size: 16px;\"><b>Portaria n\u00b0 11\/2025<\/b><\/span><\/a><\/li><li><span style=\"color: #201f35; font-family: Verdana, Geneva, sans-serif; font-size: 19px; font-style: normal; font-weight: 400;\" data-darkreader-inline-color=\"\">\u2713<\/span><a href=\"https:\/\/cofecon.org.br\/transparencia\/wp-content\/uploads\/2026\/03\/Cartilha-Eleicao-2025.pdf\"><span style=\"font-size: 12pt;\"><strong>Cartilha eleitoral<\/strong><\/span><\/a><\/li><\/ul><\/div>\n\t\t\t\t\t\t\t\t\t<div class=\"elementor-tab-title elementor-tab-mobile-title\" aria-selected=\"false\" data-tab=\"2\" role=\"tab\" tabindex=\"-1\" aria-controls=\"elementor-tab-content-8642\" aria-expanded=\"false\">Elei\u00e7\u00f5es 2024<\/div>\n\t\t\t\t\t<div id=\"elementor-tab-content-8642\" class=\"elementor-tab-content elementor-clearfix\" data-tab=\"2\" role=\"tabpanel\" aria-labelledby=\"elementor-tab-title-8642\" tabindex=\"0\" hidden=\"hidden\"><ul><li><span style=\"color: #201f35; font-family: Verdana, Geneva, sans-serif; font-size: 19px; font-style: normal; font-weight: 400;\" data-darkreader-inline-color=\"\">\u2713<\/span><a href=\"https:\/\/cofecon.org.br\/transparencia\/files\/atos_normativos\/Res\/2017\/Res-2017(20).pdf\"><span style=\"font-size: 12pt;\"><strong><span dir=\"ltr\">Resolu\u00e7\u00e3o n\u00ba 1.981\/2017<\/span><\/strong><\/span><\/a><\/li><li><span style=\"color: #201f35; font-family: Verdana, Geneva, sans-serif; font-size: 19px; font-style: normal; font-weight: 400;\" data-darkreader-inline-color=\"\">\u2713<\/span><a href=\"https:\/\/cofecon.org.br\/transparencia\/files\/atos_normativos\/Res\/2024\/Res2024-2161.pdf\"><span style=\"font-size: 12pt;\"><strong><span dir=\"ltr\">Resolu\u00e7\u00e3o n\u00ba 2.161\/2024<\/span><\/strong><\/span><\/a><\/li><li><span style=\"color: #201f35; font-family: Verdana, Geneva, sans-serif; font-size: 19px; font-style: normal; font-weight: 400;\" data-darkreader-inline-color=\"\">\u2713<\/span><a href=\"https:\/\/cofecon.org.br\/transparencia\/files\/atos_normativos\/Port\/2024\/Port-2024(29).pdf\"><span style=\"font-size: 16px;\"><b>Portaria n\u00b0 29\/2024<\/b><\/span><\/a><\/li><li><span style=\"color: #201f35; font-family: Verdana, Geneva, sans-serif; font-size: 19px; font-style: normal; font-weight: 400;\" data-darkreader-inline-color=\"\">\u2713<\/span><a href=\"https:\/\/cofecon.org.br\/transparencia\/files\/eleicao\/2024\/Cartilha_Eleitoral_2024.pdf\"><span style=\"font-size: 12pt;\"><strong>Cartilha eleitoral<\/strong><\/span><\/a><\/li><\/ul><\/div>\n\t\t\t\t\t\t\t\t\t<div class=\"elementor-tab-title elementor-tab-mobile-title\" aria-selected=\"false\" data-tab=\"3\" role=\"tab\" tabindex=\"-1\" aria-controls=\"elementor-tab-content-8643\" aria-expanded=\"false\">Elei\u00e7\u00f5es 2023<\/div>\n\t\t\t\t\t<div id=\"elementor-tab-content-8643\" class=\"elementor-tab-content elementor-clearfix\" data-tab=\"3\" role=\"tabpanel\" aria-labelledby=\"elementor-tab-title-8643\" tabindex=\"0\" hidden=\"hidden\"><ul>\n \t<li><span style=\"color: #201f35; font-family: Verdana, Geneva, sans-serif; font-size: 19px; font-style: normal; font-weight: 400;\">\u2713<\/span><a href=\"https:\/\/cofecon.org.br\/transparencia\/files\/atos_normativos\/Res\/2017\/Res-2017(20).pdf\"><span style=\"font-size: 12pt;\"><strong><span dir=\"ltr\">Resolu\u00e7\u00e3o n\u00ba 1.981\/2017<\/span><\/strong><\/span><\/a><\/li>\n \t<li><span style=\"color: #201f35; font-family: Verdana, Geneva, sans-serif; font-size: 19px; font-style: normal; font-weight: 400;\">\u2713<\/span><a href=\"https:\/\/cofecon.org.br\/transparencia\/files\/atos_normativos\/Res\/2023\/Res2023-2128.pdf\"><span style=\"font-size: 12pt;\"><strong><span dir=\"ltr\">Resolu\u00e7\u00e3o n\u00ba 2.128\/2023<\/span><\/strong><\/span><\/a><\/li>\n \t<li><span style=\"color: #201f35; font-family: Verdana, Geneva, sans-serif; font-size: 19px; font-style: normal; font-weight: 400;\">\u2713<\/span><a href=\"http:\/\/cofecon.org.br\/transparencia\/files\/atos_normativos\/Port\/2023\/Port-2023(13).pdf\"><span style=\"font-size: 16px;\"><b>Portaria n\u00b0 13\/2023<\/b><\/span><\/a><\/li>\n \t<li><span style=\"color: #201f35; font-family: Verdana, Geneva, sans-serif; font-size: 19px; font-style: normal; font-weight: 400;\">\u2713<\/span><a href=\"https:\/\/transparencia.cofecon.org.br\/files\/eleicao\/2023\/eleicao_2023.pdf\"><span style=\"font-size: 12pt;\"><strong>Cartilha eleitoral<\/strong><\/span><\/a><\/li>\n<\/ul><\/div>\n\t\t\t\t\t\t\t\t\t<div class=\"elementor-tab-title elementor-tab-mobile-title\" aria-selected=\"false\" data-tab=\"4\" role=\"tab\" tabindex=\"-1\" aria-controls=\"elementor-tab-content-8644\" aria-expanded=\"false\">Resultados<\/div>\n\t\t\t\t\t<div id=\"elementor-tab-content-8644\" class=\"elementor-tab-content elementor-clearfix\" data-tab=\"4\" role=\"tabpanel\" aria-labelledby=\"elementor-tab-title-8644\" tabindex=\"0\" hidden=\"hidden\"><ul><li>\u00a0<span style=\"color: #201f35; font-family: Verdana, Geneva, sans-serif; font-size: 14px; font-style: normal; font-weight: 400;\">\u2713<strong><a href=\"https:\/\/cofecon.org.br\/transparencia\/wp-content\/uploads\/2026\/03\/Result-Pagina-Unica-Assinado.pdf\">Resultado Eleic\u0327o\u0303es &#8211; 2025<\/a><\/strong><\/span><\/li><li>\u00a0<span style=\"color: #201f35; font-family: Verdana, Geneva, sans-serif; font-size: 14px; font-style: normal; font-weight: 400;\">\u2713<strong><a href=\"https:\/\/cofecon.org.br\/transparencia\/files\/eleicao\/2024\/Resultado_Eleic%CC%A7o%CC%83es_2024.pdf\">Resultado Eleic\u0327o\u0303es &#8211; 2024<\/a><\/strong><\/span><\/li><li>\u00a0<span style=\"color: #201f35; font-family: Verdana, Geneva, sans-serif; font-size: 14px; font-style: normal; font-weight: 400;\">\u2713<a href=\"https:\/\/cofecon.org.br\/transparencia\/files\/eleicao\/2023\/Resultado%20Elei%C3%A7%C3%B5es%20-%202023.pdf\"><strong>Resultado Elei\u00e7\u00f5es &#8211; 2023<\/strong><\/a><\/span><\/li><\/ul><\/div>\n\t\t\t\t\t\t\t<\/div>\n\t\t<\/div>\n\t\t\t\t\t\t<\/div>\n\t\t\t\t<\/div>\n\t\t\t\t\t<\/div>\n\t\t<\/div>\n\t\t\t\t\t<\/div>\n\t\t<\/section>\n\t\t\t\t<\/div>\n\t\t","protected":false},"excerpt":{"rendered":"<p>Confira abaixo as cartilhas eleitorais e os resultados das elei\u00e7\u00f5es realizadas pelo COFECON para presidente. Documenta\u00e7\u00e3o relacionada Elei\u00e7\u00f5es 2025 Elei\u00e7\u00f5es 2024 Elei\u00e7\u00f5es 2023 Resultados Elei\u00e7\u00f5es 2025 \u2713Resolu\u00e7\u00e3o n\u00ba 1.981\/2017 \u2713Resolu\u00e7\u00e3o n\u00ba 2.184\/2025 \u2713Portaria n\u00b0 11\/2025 \u2713Cartilha eleitoral Elei\u00e7\u00f5es 2024 \u2713Resolu\u00e7\u00e3o n\u00ba 1.981\/2017 \u2713Resolu\u00e7\u00e3o n\u00ba 2.161\/2024 \u2713Portaria n\u00b0 29\/2024 \u2713Cartilha eleitoral Elei\u00e7\u00f5es 2023 \u2713Resolu\u00e7\u00e3o n\u00ba 1.981\/2017 &hellip; <a href=\"https:\/\/cofecon.org.br\/transparencia\/?page_id=6721\" class=\"more-link\">Continue reading <span class=\"screen-reader-text\">Elei\u00e7\u00f5es<\/span><\/a><\/p>\n","protected":false},"author":1,"featured_media":0,"parent":0,"menu_order":0,"comment_status":"closed","ping_status":"closed","template":"","meta":{"footnotes":""},"class_list":["post-6721","page","type-page","status-publish","hentry"],"_links":{"self":[{"href":"https:\/\/cofecon.org.br\/transparencia\/index.php?rest_route=\/wp\/v2\/pages\/6721"}],"collection":[{"href":"https:\/\/cofecon.org.br\/transparencia\/index.php?rest_route=\/wp\/v2\/pages"}],"about":[{"href":"https:\/\/cofecon.org.br\/transparencia\/index.php?rest_route=\/wp\/v2\/types\/page"}],"author":[{"embeddable":true,"href":"https:\/\/cofecon.org.br\/transparencia\/index.php?rest_route=\/wp\/v2\/users\/1"}],"replies":[{"embeddable":true,"href":"https:\/\/cofecon.org.br\/transparencia\/index.php?rest_route=%2Fwp%2Fv2%2Fcomments&post=6721"}],"version-history":[{"count":72,"href":"https:\/\/cofecon.org.br\/transparencia\/index.php?rest_route=\/wp\/v2\/pages\/6721\/revisions"}],"predecessor-version":[{"id":10592,"href":"https:\/\/cofecon.org.br\/transparencia\/index.php?rest_route=\/wp\/v2\/pages\/6721\/revisions\/10592"}],"wp:attachment":[{"href":"https:\/\/cofecon.org.br\/transparencia\/index.php?rest_route=%2Fwp%2Fv2%2Fmedia&parent=6721"}],"curies":[{"name":"wp","href":"https:\/\/api.w.org\/{rel}","templated":true}]}}