{"id":3481,"date":"2022-03-31T14:33:33","date_gmt":"2022-03-31T14:33:33","guid":{"rendered":"https:\/\/cofecon.org.br\/transparencia\/?page_id=3481"},"modified":"2025-11-18T12:34:30","modified_gmt":"2025-11-18T12:34:30","slug":"passagens-e-diarias","status":"publish","type":"page","link":"https:\/\/cofecon.org.br\/transparencia\/?page_id=3481","title":{"rendered":"Passagens e Di\u00e1rias"},"content":{"rendered":"\t\t<div data-elementor-type=\"wp-page\" data-elementor-id=\"3481\" class=\"elementor elementor-3481\">\n\t\t\t\t\t\t<section class=\"elementor-section elementor-top-section elementor-element elementor-element-fb6f598 elementor-section-boxed elementor-section-height-default elementor-section-height-default\" data-id=\"fb6f598\" data-element_type=\"section\">\n\t\t\t\t\t\t<div class=\"elementor-container elementor-column-gap-default\">\n\t\t\t\t\t<div class=\"elementor-column elementor-col-100 elementor-top-column elementor-element elementor-element-ad18a25\" data-id=\"ad18a25\" data-element_type=\"column\">\n\t\t\t<div class=\"elementor-widget-wrap elementor-element-populated\">\n\t\t\t\t\t\t<div class=\"elementor-element elementor-element-806022a elementor-widget elementor-widget-heading\" data-id=\"806022a\" data-element_type=\"widget\" data-widget_type=\"heading.default\">\n\t\t\t\t<div class=\"elementor-widget-container\">\n\t\t\t\t\t<h1 class=\"elementor-heading-title elementor-size-default\">Passagens e Di\u00e1rias<\/h1>\t\t\t\t<\/div>\n\t\t\t\t<\/div>\n\t\t\t\t\t<\/div>\n\t\t<\/div>\n\t\t\t\t\t<\/div>\n\t\t<\/section>\n\t\t\t\t<section class=\"elementor-section elementor-top-section elementor-element elementor-element-304ed3e elementor-section-boxed elementor-section-height-default elementor-section-height-default\" data-id=\"304ed3e\" data-element_type=\"section\">\n\t\t\t\t\t\t<div class=\"elementor-container elementor-column-gap-default\">\n\t\t\t\t\t<div class=\"elementor-column elementor-col-100 elementor-top-column elementor-element elementor-element-df768f5\" data-id=\"df768f5\" data-element_type=\"column\">\n\t\t\t<div class=\"elementor-widget-wrap elementor-element-populated\">\n\t\t\t\t\t\t<div class=\"elementor-element elementor-element-d5468a7 elementor-widget elementor-widget-heading\" data-id=\"d5468a7\" data-element_type=\"widget\" data-widget_type=\"heading.default\">\n\t\t\t\t<div class=\"elementor-widget-container\">\n\t\t\t\t\t<h2 class=\"elementor-heading-title elementor-size-default\">A publica\u00e7\u00e3o deste item tem como objetivo o atendimento \u00e0 lei n\u00ba 12.527\/2011 que regulamenta o acesso \u00e0 informa\u00e7\u00e3o ao p\u00fablico.<\/h2>\t\t\t\t<\/div>\n\t\t\t\t<\/div>\n\t\t\t\t<div class=\"elementor-element elementor-element-16eac83 elementor-widget elementor-widget-text-editor\" data-id=\"16eac83\" data-element_type=\"widget\" data-widget_type=\"text-editor.default\">\n\t\t\t\t<div class=\"elementor-widget-container\">\n\t\t\t\t\t\t\t\t\t<p><span style=\"font-size: 12pt; font-family: georgia, palatino, serif; color: #a7a7a7;\"><a style=\"color: #a7a7a7;\" href=\"http:\/\/cofecon.org.br\/transparencia\/wp-content\/uploads\/2025\/11\/Janeiro-a-outubro-2025.pdf\">2025 &#8211; Passagens e Di\u00e1rias \u2013 Janeiro a Outubro<\/a><br \/><a style=\"color: #a7a7a7;\" href=\"http:\/\/cofecon.org.br\/transparencia\/wp-content\/uploads\/2025\/06\/Passagens-aereas-e-diarias-2024.pdf\">2024 &#8211; Passagens e Di\u00e1rias \u2013 Janeiro a Dezembro<\/a><br \/><a style=\"color: #a7a7a7;\" href=\"http:\/\/cofecon.org.br\/transparencia\/wp-content\/uploads\/2025\/06\/Janeiro-a-Abril-2023.pdf\">2023 &#8211; Passagens e Di\u00e1rias \u2013 Janeiro a Abril<\/a><br \/><a style=\"color: #a7a7a7;\" href=\"http:\/\/cofecon.org.br\/transparencia\/wp-content\/uploads\/2025\/06\/Janeiro-a-Dezembro-2022.pdf\">2022 &#8211; Passagens e Di\u00e1rias \u2013 Janeiro a Dezembro<\/a><br \/><a style=\"color: #a7a7a7;\" href=\"\/transparencia\/files\/diarias\/2021\/diarias2021.pdf\">2021 &#8211; Passagens e Di\u00e1rias \u2013 Janeiro a Dezembro<\/a><br \/><a style=\"color: #a7a7a7;\" href=\"\/transparencia\/files\/diarias\/2020\/diarias2020.pdf\">2020 &#8211; Passagens e Di\u00e1rias \u2013 Janeiro a Dezembro<\/a><\/span><br \/><span style=\"font-size: 12pt; font-family: georgia, palatino, serif; color: #a7a7a7;\"><a style=\"color: #a7a7a7;\" href=\"\/transparencia\/files\/diarias\/2019\/diarias2019.pdf\">2019 &#8211; Passagens e Di\u00e1rias \u2013 Janeiro a Dezembro<\/a><\/span><br \/><span style=\"font-size: 12pt; font-family: georgia, palatino, serif; color: #a7a7a7;\"><a style=\"color: #a7a7a7;\" href=\"\/transparencia\/files\/diarias\/2018\/diarias2018.pdf\">2018 &#8211; Passagens e Di\u00e1rias \u2013 Janeiro a Dezembro<\/a><\/span><br \/><span style=\"font-size: 12pt; font-family: georgia, palatino, serif; color: #a7a7a7;\"><a style=\"color: #a7a7a7;\" href=\"\/transparencia\/files\/diarias\/2017\/jan-dez.pdf\">2017 &#8211; Passagens e Di\u00e1rias Anual<\/a><\/span><br \/><span style=\"font-size: 12pt; font-family: georgia, palatino, serif; color: #a7a7a7;\"><a style=\"color: #a7a7a7;\" href=\"\/transparencia\/files\/diarias\/2016\/2016.pdf\">2016 &#8211; Passagens e Di\u00e1rias Anual<\/a><\/span><br \/><span style=\"font-size: 12pt; color: #a7a7a7; font-family: georgia, palatino, serif;\"><a style=\"color: #a7a7a7;\" href=\"\/transparencia\/files\/diarias\/2015\/2015.pdf\">2015 &#8211; Passagens e Di\u00e1rias Anual<\/a><br \/><a style=\"color: #a7a7a7;\" href=\"\/transparencia\/files\/diarias\/2014\/2014.pdf\">2014 &#8211; Passagens e Di\u00e1rias Anual<\/a><a style=\"color: #a7a7a7;\" href=\"https:\/\/cofecon.org.br\/transparencia\/files\/diarias\/2017\/jan-dez.pdf\"><br \/><\/a><a style=\"color: #a7a7a7;\" href=\"\/transparencia\/files\/diarias\/2013\/2013.pdf\">2013 &#8211; Passagens e Di\u00e1rias Anual<\/a><\/span><\/p>\t\t\t\t\t\t\t\t<\/div>\n\t\t\t\t<\/div>\n\t\t\t\t<div class=\"elementor-element elementor-element-51853fa elementor-widget elementor-widget-text-editor\" data-id=\"51853fa\" data-element_type=\"widget\" data-widget_type=\"text-editor.default\">\n\t\t\t\t<div class=\"elementor-widget-container\">\n\t\t\t\t\t\t\t\t\t<p><span style=\"font-size: 12pt;\"><span style=\"font-size: 16px; font-weight: bold;\">Objeto:<\/span> O objeto da presente licita\u00e7\u00e3o \u00e9 a sele\u00e7\u00e3o da proposta mais vantajosa para a contrata\u00e7\u00e3o de empresa especializada na presta\u00e7\u00e3o de servi\u00e7os suporte, desenvolvimento e fornecimento de sistema eletr\u00f4nico eleitoral via internet, aloca\u00e7\u00e3o de infraestrutura para sua execu\u00e7\u00e3o, carga de dados, monitoramento das elei\u00e7\u00f5es eletr\u00f4nicas para o Sistema Cofecon\/Corecons, conforme condi\u00e7\u00f5es, quantidades e exig\u00eancias estabelecidas neste Edital e seus anexos.<br \/><\/span><span style=\"font-size: 12pt;\"><span style=\"font-size: 16px; font-weight: bold;\">Modalidade:<\/span> Preg\u00e3o Eletr\u00f4nico<br \/><strong>Data da sess\u00e3o:<\/strong>\u00a026 de abril de 2022<br \/><strong>Hor\u00e1rio:<\/strong> 9h<br \/><strong>Local:<\/strong> Portal de Compras do Governo Federal &#8211; <a href=\"http:\/\/www.gov.br\/compras\">www.gov.br\/compras<\/a><\/span><br \/><span style=\"font-size: 12pt;\"><span style=\"font-size: 16px; font-weight: bold;\"><strong>Contato<\/strong>:<br \/><\/span>SCS Quadra 2, Bloco B, 12\u00ba andar \u2013 Edif\u00edcio Pal\u00e1cio do Com\u00e9rcio<br \/>Bras\u00edlia-DF CEP: 70.318-900<br \/>Telefone: (61) 3208-1800<br \/>E-mail: licitacao@cofecon.org.br<\/span><\/p><p><span style=\"font-size: 12pt; text-decoration-line: underline;\"><span style=\"font-size: 16px; font-weight: bold;\">Anexo:<\/span><\/span><\/p><ol style=\"font-family: Roboto, sans-serif; font-size: 12px; font-style: normal; font-weight: 400; color: #000000;\"><li style=\"font-size: 12px; list-style-type: none;\"><ol style=\"font-size: 12px;\"><li style=\"font-size: 12px; list-style-type: none;\"><ol style=\"font-size: 12px;\"><li style=\"font-size: 12px;\"><a href=\"https:\/\/cofecon.org.br\/transparencia\/files\/licitacoes\/cotacao\/2022\/cotacao-1\/Edital-1-2020.pdf\"><span style=\"font-size: 12pt; color: #a7a7a7;\">Edital do Preg\u00e3o n\u00ba 1\/2022<\/span><\/a><\/li><li><span style=\"background-color: #ffffff; color: #a7a7a7;\"><a style=\"background-color: #ffffff; color: #a7a7a7;\" href=\"https:\/\/cofecon.org.br\/transparencia\/files\/licitacoes\/cotacao\/2022\/cotacao-1\/Edital-1-2020-Publicacao.pdf\"><span style=\"font-size: 12pt; background-color: #ffffff;\">1\u00aa Publica\u00e7\u00e3o Di\u00e1rio Oficial da Uni\u00e3o<\/span><\/a><\/span><\/li><li><span style=\"background-color: #ffffff; color: #a7a7a7;\"><a style=\"background-color: #ffffff; color: #a7a7a7;\" href=\"https:\/\/cofecon.org.br\/transparencia\/files\/licitacoes\/cotacao\/2022\/cotacao-1\/2-Publicacao-DOU.pdf\"><span style=\"font-size: 12pt; background-color: #ffffff;\">2\u00aa Publica\u00e7\u00e3o Di\u00e1rio Oficial da Uni\u00e3o<\/span><\/a><\/span><\/li><\/ol><\/li><\/ol><\/li><\/ol>\t\t\t\t\t\t\t\t<\/div>\n\t\t\t\t<\/div>\n\t\t\t\t\t<\/div>\n\t\t<\/div>\n\t\t\t\t\t<\/div>\n\t\t<\/section>\n\t\t\t\t<\/div>\n\t\t","protected":false},"excerpt":{"rendered":"<p>Passagens e Di\u00e1rias A publica\u00e7\u00e3o deste item tem como objetivo o atendimento \u00e0 lei n\u00ba 12.527\/2011 que regulamenta o acesso \u00e0 informa\u00e7\u00e3o ao p\u00fablico. 2025 &#8211; Passagens e Di\u00e1rias \u2013 Janeiro a Outubro2024 &#8211; Passagens e Di\u00e1rias \u2013 Janeiro a Dezembro2023 &#8211; Passagens e Di\u00e1rias \u2013 Janeiro a Abril2022 &#8211; Passagens e Di\u00e1rias \u2013 Janeiro &hellip; <a href=\"https:\/\/cofecon.org.br\/transparencia\/?page_id=3481\" class=\"more-link\">Continue reading <span class=\"screen-reader-text\">Passagens e Di\u00e1rias<\/span><\/a><\/p>\n","protected":false},"author":11,"featured_media":0,"parent":31,"menu_order":0,"comment_status":"closed","ping_status":"closed","template":"","meta":{"footnotes":""},"class_list":["post-3481","page","type-page","status-publish","hentry"],"_links":{"self":[{"href":"https:\/\/cofecon.org.br\/transparencia\/index.php?rest_route=\/wp\/v2\/pages\/3481"}],"collection":[{"href":"https:\/\/cofecon.org.br\/transparencia\/index.php?rest_route=\/wp\/v2\/pages"}],"about":[{"href":"https:\/\/cofecon.org.br\/transparencia\/index.php?rest_route=\/wp\/v2\/types\/page"}],"author":[{"embeddable":true,"href":"https:\/\/cofecon.org.br\/transparencia\/index.php?rest_route=\/wp\/v2\/users\/11"}],"replies":[{"embeddable":true,"href":"https:\/\/cofecon.org.br\/transparencia\/index.php?rest_route=%2Fwp%2Fv2%2Fcomments&post=3481"}],"version-history":[{"count":64,"href":"https:\/\/cofecon.org.br\/transparencia\/index.php?rest_route=\/wp\/v2\/pages\/3481\/revisions"}],"predecessor-version":[{"id":10269,"href":"https:\/\/cofecon.org.br\/transparencia\/index.php?rest_route=\/wp\/v2\/pages\/3481\/revisions\/10269"}],"up":[{"embeddable":true,"href":"https:\/\/cofecon.org.br\/transparencia\/index.php?rest_route=\/wp\/v2\/pages\/31"}],"wp:attachment":[{"href":"https:\/\/cofecon.org.br\/transparencia\/index.php?rest_route=%2Fwp%2Fv2%2Fmedia&parent=3481"}],"curies":[{"name":"wp","href":"https:\/\/api.w.org\/{rel}","templated":true}]}}