{"id":3456,"date":"2022-03-31T13:39:00","date_gmt":"2022-03-31T13:39:00","guid":{"rendered":"https:\/\/cofecon.org.br\/transparencia\/?page_id=3456"},"modified":"2025-10-16T13:00:19","modified_gmt":"2025-10-16T13:00:19","slug":"orcamento","status":"publish","type":"page","link":"https:\/\/cofecon.org.br\/transparencia\/?page_id=3456","title":{"rendered":"Or\u00e7amento"},"content":{"rendered":"\t\t<div data-elementor-type=\"wp-page\" data-elementor-id=\"3456\" class=\"elementor elementor-3456\">\n\t\t\t\t\t\t<section class=\"elementor-section elementor-top-section elementor-element elementor-element-bb9a290 elementor-section-boxed elementor-section-height-default elementor-section-height-default\" data-id=\"bb9a290\" data-element_type=\"section\">\n\t\t\t\t\t\t<div class=\"elementor-container elementor-column-gap-default\">\n\t\t\t\t\t<div class=\"elementor-column elementor-col-100 elementor-top-column elementor-element elementor-element-5efdd36\" data-id=\"5efdd36\" data-element_type=\"column\">\n\t\t\t<div class=\"elementor-widget-wrap elementor-element-populated\">\n\t\t\t\t\t\t<div class=\"elementor-element elementor-element-961436e elementor-widget elementor-widget-heading\" data-id=\"961436e\" data-element_type=\"widget\" data-widget_type=\"heading.default\">\n\t\t\t\t<div class=\"elementor-widget-container\">\n\t\t\t\t\t<h1 class=\"elementor-heading-title elementor-size-default\">Or\u00e7amentos<\/h1>\t\t\t\t<\/div>\n\t\t\t\t<\/div>\n\t\t\t\t\t<\/div>\n\t\t<\/div>\n\t\t\t\t\t<\/div>\n\t\t<\/section>\n\t\t\t\t<section class=\"elementor-section elementor-top-section elementor-element elementor-element-fc9df73 elementor-section-boxed elementor-section-height-default elementor-section-height-default\" data-id=\"fc9df73\" data-element_type=\"section\">\n\t\t\t\t\t\t<div class=\"elementor-container elementor-column-gap-default\">\n\t\t\t\t\t<div class=\"elementor-column elementor-col-100 elementor-top-column elementor-element elementor-element-0042b81\" data-id=\"0042b81\" data-element_type=\"column\">\n\t\t\t<div class=\"elementor-widget-wrap elementor-element-populated\">\n\t\t\t\t\t\t<div class=\"elementor-element elementor-element-66c6cd3 elementor-widget elementor-widget-heading\" data-id=\"66c6cd3\" data-element_type=\"widget\" data-widget_type=\"heading.default\">\n\t\t\t\t<div class=\"elementor-widget-container\">\n\t\t\t\t\t<h2 class=\"elementor-heading-title elementor-size-default\">Proposta Or\u00e7ament\u00e1ria 1\u00b0 trimestre 2025<\/h2>\t\t\t\t<\/div>\n\t\t\t\t<\/div>\n\t\t\t\t<div class=\"elementor-element elementor-element-e0ef210 elementor-widget elementor-widget-text-editor\" data-id=\"e0ef210\" data-element_type=\"widget\" data-widget_type=\"text-editor.default\">\n\t\t\t\t<div class=\"elementor-widget-container\">\n\t\t\t\t\t\t\t\t\t<ol><li><span style=\"font-size: 14pt; color: #a7a7a7;\">Proposta Or\u00e7ament\u00e1ria &#8211; (<a href=\"http:\/\/cofecon.org.br\/transparencia\/wp-content\/uploads\/2025\/09\/Proposta-Orcamentaria-2025.pdf\">PDF<\/a>) \/ (<a href=\"#\">CSV<\/a>)<\/span><\/li><li><span style=\"font-size: 14pt; color: #a7a7a7;\">Balan\u00e7o Or\u00e7ament\u00e1rio &#8211; (<a href=\"http:\/\/cofecon.org.br\/transparencia\/wp-content\/uploads\/2025\/09\/Balanco-Orcamentario-1T2025.pdf\">PDF<\/a>) \/ (<a href=\"http:\/\/cofecon.org.br\/transparencia\/wp-content\/uploads\/2025\/09\/Balanco-Orcamentario-1T2025.xlsx\">CSV<\/a>)<\/span><\/li><li><span style=\"font-size: 14pt; color: #a7a7a7;\">Relat\u00f3rio de Proposta Or\u00e7ament\u00e1ria &#8211; (<a href=\"http:\/\/cofecon.org.br\/transparencia\/wp-content\/uploads\/2025\/09\/Relatorio-de-Proposta-Orcamentaria-2025.pdf\">PDF<\/a>) \/ (<a href=\"#\">CSV<\/a>)<\/span><\/li><\/ol>\t\t\t\t\t\t\t\t<\/div>\n\t\t\t\t<\/div>\n\t\t\t\t\t<\/div>\n\t\t<\/div>\n\t\t\t\t\t<\/div>\n\t\t<\/section>\n\t\t\t\t<section class=\"elementor-section elementor-top-section elementor-element elementor-element-545d947 elementor-section-boxed elementor-section-height-default elementor-section-height-default\" data-id=\"545d947\" data-element_type=\"section\">\n\t\t\t\t\t\t<div class=\"elementor-container elementor-column-gap-default\">\n\t\t\t\t\t<div class=\"elementor-column elementor-col-50 elementor-top-column elementor-element elementor-element-0d53379\" data-id=\"0d53379\" data-element_type=\"column\">\n\t\t\t<div class=\"elementor-widget-wrap elementor-element-populated\">\n\t\t\t\t\t\t<div class=\"elementor-element elementor-element-0ad858a elementor-widget elementor-widget-heading\" data-id=\"0ad858a\" data-element_type=\"widget\" data-widget_type=\"heading.default\">\n\t\t\t\t<div class=\"elementor-widget-container\">\n\t\t\t\t\t<h2 class=\"elementor-heading-title elementor-size-default\">Proposta Or\u00e7ament\u00e1ria 2024<\/h2>\t\t\t\t<\/div>\n\t\t\t\t<\/div>\n\t\t\t\t<div class=\"elementor-element elementor-element-0f13281 elementor-widget elementor-widget-text-editor\" data-id=\"0f13281\" data-element_type=\"widget\" data-widget_type=\"text-editor.default\">\n\t\t\t\t<div class=\"elementor-widget-container\">\n\t\t\t\t\t\t\t\t\t<ol><li><span style=\"color: #a7a7a7; font-size: 12pt;\">Proposta Or\u00e7ament\u00e1ria &#8211; (<a href=\"http:\/\/cofecon.org.br\/transparencia\/wp-content\/uploads\/2025\/09\/Proposta-Orcamentaria-2024.pdf\">PDF<\/a>) \/ (<a href=\"#\">CSV<\/a>)<\/span><\/li><li><span style=\"color: #a7a7a7; font-size: 12pt;\">Balan\u00e7o Or\u00e7ament\u00e1rio &#8211; (<a href=\"http:\/\/cofecon.org.br\/transparencia\/wp-content\/uploads\/2025\/09\/Balanco-Orcamentario-2024.pdf\">PDF<\/a>) \/ (<a href=\"http:\/\/cofecon.org.br\/transparencia\/wp-content\/uploads\/2025\/09\/5.3.-Balanco-Orcamentario.xlsx\">CSV<\/a>)<\/span><\/li><li><span style=\"color: #a7a7a7; font-size: 12pt;\">Relat\u00f3rio de Proposta Or\u00e7ament\u00e1ria &#8211; (<a href=\"http:\/\/cofecon.org.br\/transparencia\/wp-content\/uploads\/2025\/09\/Relatorio-de-Proposta-Orcamentaria-2024.pdf\">PDF<\/a>) \/ (<a href=\"#\">CSV<\/a>)<\/span><\/li><\/ol>\t\t\t\t\t\t\t\t<\/div>\n\t\t\t\t<\/div>\n\t\t\t\t\t<\/div>\n\t\t<\/div>\n\t\t\t\t<div class=\"elementor-column elementor-col-50 elementor-top-column elementor-element elementor-element-2110d04\" data-id=\"2110d04\" data-element_type=\"column\">\n\t\t\t<div class=\"elementor-widget-wrap elementor-element-populated\">\n\t\t\t\t\t\t<div class=\"elementor-element elementor-element-ddf687e elementor-widget elementor-widget-heading\" data-id=\"ddf687e\" data-element_type=\"widget\" data-widget_type=\"heading.default\">\n\t\t\t\t<div class=\"elementor-widget-container\">\n\t\t\t\t\t<h2 class=\"elementor-heading-title elementor-size-default\">Proposta Or\u00e7ament\u00e1ria 2023<\/h2>\t\t\t\t<\/div>\n\t\t\t\t<\/div>\n\t\t\t\t<div class=\"elementor-element elementor-element-a3033a3 elementor-widget elementor-widget-text-editor\" data-id=\"a3033a3\" data-element_type=\"widget\" data-widget_type=\"text-editor.default\">\n\t\t\t\t<div class=\"elementor-widget-container\">\n\t\t\t\t\t\t\t\t\t<ol><li><span style=\"font-size: 14pt; color: #a7a7a7;\"><span style=\"color: #a7a7a7; font-size: 12pt;\">Proposta Or\u00e7ament\u00e1ria &#8211;<\/span> (<a href=\"http:\/\/cofecon.org.br\/transparencia\/files\/financas\/Orcamentos\/2023\/09.1-2023-Dotacao_Orcamentaria_Relatorio_DE_RT.pdf\">PDF<\/a>) \/ (<a href=\"http:\/\/cofecon.org.br\/transparencia\/files\/financas\/Orcamentos\/2023\/09.1-2023-Dotacao_Orcamentaria_Relatorio_DE_RT.csv\">CSV<\/a>)<\/span><\/li><li><span style=\"font-size: 14pt; color: #a7a7a7;\"><span style=\"color: #a7a7a7; font-size: 12pt;\">Balan\u00e7o Or\u00e7ament\u00e1rio &#8211;<\/span> (<a href=\"http:\/\/cofecon.org.br\/transparencia\/files\/financas\/Orcamentos\/2023\/10-Balanco_Orcamentario_DE_RT.pdf\">PDF<\/a>) \/ (<a href=\"http:\/\/cofecon.org.br\/transparencia\/files\/financas\/Orcamentos\/2023\/10-2023-Balanco_Orcamentario_DE_RT.csv\">CSV<\/a>)<\/span><\/li><li><span style=\"font-size: 14pt; color: #a7a7a7;\"><span style=\"color: #a7a7a7; font-size: 12pt;\">Relat\u00f3rio de Proposta Or\u00e7ament\u00e1ria &#8211;<\/span> (<a href=\"http:\/\/cofecon.org.br\/transparencia\/files\/financas\/Orcamentos\/2023\/09.2-2023-Orcamento_Relatorio_DE_RT.pdf\">PDF<\/a>) \/ (<a href=\"http:\/\/cofecon.org.br\/transparencia\/files\/financas\/Orcamentos\/2023\/09.2-2023-Orcamento_Relatorio_DE_RT.csv\">CSV<\/a>)<\/span><\/li><\/ol>\t\t\t\t\t\t\t\t<\/div>\n\t\t\t\t<\/div>\n\t\t\t\t\t<\/div>\n\t\t<\/div>\n\t\t\t\t\t<\/div>\n\t\t<\/section>\n\t\t\t\t<section class=\"elementor-section elementor-top-section elementor-element elementor-element-c709247 elementor-section-boxed elementor-section-height-default elementor-section-height-default\" data-id=\"c709247\" data-element_type=\"section\">\n\t\t\t\t\t\t<div class=\"elementor-container elementor-column-gap-default\">\n\t\t\t\t\t<div class=\"elementor-column elementor-col-50 elementor-top-column elementor-element elementor-element-fa8a6a4\" data-id=\"fa8a6a4\" data-element_type=\"column\">\n\t\t\t<div class=\"elementor-widget-wrap elementor-element-populated\">\n\t\t\t\t\t\t<div class=\"elementor-element elementor-element-c48af7f elementor-widget elementor-widget-heading\" data-id=\"c48af7f\" data-element_type=\"widget\" data-widget_type=\"heading.default\">\n\t\t\t\t<div class=\"elementor-widget-container\">\n\t\t\t\t\t<h2 class=\"elementor-heading-title elementor-size-default\">Proposta Or\u00e7ament\u00e1ria 2022<\/h2>\t\t\t\t<\/div>\n\t\t\t\t<\/div>\n\t\t\t\t<div class=\"elementor-element elementor-element-c9d2ede elementor-widget elementor-widget-text-editor\" data-id=\"c9d2ede\" data-element_type=\"widget\" data-widget_type=\"text-editor.default\">\n\t\t\t\t<div class=\"elementor-widget-container\">\n\t\t\t\t\t\t\t\t\t<ol><li><span style=\"color: #a7a7a7; font-size: 12pt;\">Proposta Assinada &#8211; (<a href=\"http:\/\/cofecon.org.br\/transparencia\/files\/financas\/Orcamentos\/2022\/09.1-2022-Dotacao_Orcamentaria_Relatorio_DE_RT.pdf\">PDF<\/a>) \/ (<a href=\"http:\/\/cofecon.org.br\/transparencia\/files\/financas\/Orcamentos\/2022\/09.1-2022-Dotacao_Orcamentaria_Relatorio_DE_RT.csv\">CSV<\/a>)<\/span><\/li><li><span style=\"color: #a7a7a7; font-size: 12pt;\">Balan\u00e7o Or\u00e7ament\u00e1rio &#8211; (<a href=\"http:\/\/cofecon.org.br\/transparencia\/files\/financas\/Orcamentos\/2022\/10-2022-Balanco_Orcamentario_DE_RT.pdf\">PDF<\/a>) \/ (<a href=\"http:\/\/cofecon.org.br\/transparencia\/files\/financas\/Orcamentos\/2022\/10-2022-Balanco_Orcamentario_DE_RT.pdf\">CSV<\/a>)<\/span><\/li><li><span style=\"color: #a7a7a7; font-size: 12pt;\">Relat\u00f3rio de Proposta Or\u00e7ament\u00e1ria &#8211; (<a href=\"http:\/\/cofecon.org.br\/transparencia\/files\/financas\/Orcamentos\/2022\/09.2-2022-Orcamento_Relatorio_DE_RT.pdf\">PDF<\/a>) \/ (<a href=\"http:\/\/cofecon.org.br\/transparencia\/files\/financas\/Orcamentos\/2022\/09.2-2022-Orcamento_Relatorio_DE_RT.csv\">CSV<\/a>)<\/span><\/li><\/ol>\t\t\t\t\t\t\t\t<\/div>\n\t\t\t\t<\/div>\n\t\t\t\t\t<\/div>\n\t\t<\/div>\n\t\t\t\t<div class=\"elementor-column elementor-col-50 elementor-top-column elementor-element elementor-element-c535e99\" data-id=\"c535e99\" data-element_type=\"column\">\n\t\t\t<div class=\"elementor-widget-wrap elementor-element-populated\">\n\t\t\t\t\t\t<div class=\"elementor-element elementor-element-06e7aa1 elementor-widget elementor-widget-heading\" data-id=\"06e7aa1\" data-element_type=\"widget\" data-widget_type=\"heading.default\">\n\t\t\t\t<div class=\"elementor-widget-container\">\n\t\t\t\t\t<h2 class=\"elementor-heading-title elementor-size-default\">Proposta Or\u00e7ament\u00e1ria 2021<\/h2>\t\t\t\t<\/div>\n\t\t\t\t<\/div>\n\t\t\t\t<div class=\"elementor-element elementor-element-47b5910 elementor-widget elementor-widget-text-editor\" data-id=\"47b5910\" data-element_type=\"widget\" data-widget_type=\"text-editor.default\">\n\t\t\t\t<div class=\"elementor-widget-container\">\n\t\t\t\t\t\t\t\t\t<ol><li><span style=\"color: #a7a7a7; font-size: 12pt;\"><a style=\"color: #a7a7a7;\" href=\"https:\/\/cofecon.org.br\/transparencia\/files\/financas\/PropostaFinanc\/proposta2021.pdf\">Proposta Assinada<\/a><\/span><\/li><li><span style=\"color: #a7a7a7; font-size: 12pt;\"><a style=\"color: #a7a7a7;\" href=\"https:\/\/cofecon.org.br\/transparencia\/files\/financas\/Balancetes\/2021\/BALANCO_OR\u00c7AMENT\u00c1RIO.pdf\">Balan\u00e7o Or\u00e7ament\u00e1rio<\/a><\/span><\/li><\/ol>\t\t\t\t\t\t\t\t<\/div>\n\t\t\t\t<\/div>\n\t\t\t\t\t<\/div>\n\t\t<\/div>\n\t\t\t\t\t<\/div>\n\t\t<\/section>\n\t\t\t\t<section class=\"elementor-section elementor-top-section elementor-element elementor-element-5a46bb8 elementor-section-boxed elementor-section-height-default elementor-section-height-default\" data-id=\"5a46bb8\" data-element_type=\"section\">\n\t\t\t\t\t\t<div class=\"elementor-container elementor-column-gap-default\">\n\t\t\t\t\t<div class=\"elementor-column elementor-col-50 elementor-top-column elementor-element elementor-element-ee1e6ff\" data-id=\"ee1e6ff\" data-element_type=\"column\">\n\t\t\t<div class=\"elementor-widget-wrap elementor-element-populated\">\n\t\t\t\t\t\t<div class=\"elementor-element elementor-element-2b5e213 elementor-widget elementor-widget-heading\" data-id=\"2b5e213\" data-element_type=\"widget\" data-widget_type=\"heading.default\">\n\t\t\t\t<div class=\"elementor-widget-container\">\n\t\t\t\t\t<h2 class=\"elementor-heading-title elementor-size-default\">Proposta Or\u00e7ament\u00e1ria 2020<\/h2>\t\t\t\t<\/div>\n\t\t\t\t<\/div>\n\t\t\t\t<div class=\"elementor-element elementor-element-3bb9d9f elementor-widget elementor-widget-text-editor\" data-id=\"3bb9d9f\" data-element_type=\"widget\" data-widget_type=\"text-editor.default\">\n\t\t\t\t<div class=\"elementor-widget-container\">\n\t\t\t\t\t\t\t\t\t<ol><li><span style=\"color: #a7a7a7; font-size: 12pt;\"><a style=\"color: #a7a7a7;\" href=\"https:\/\/cofecon.org.br\/transparencia\/files\/financas\/PropostaFinanc\/proposta2020.pdf\">Proposta Assinada<\/a><\/span><\/li><li><span style=\"color: #a7a7a7; font-size: 12pt;\"><a style=\"color: #a7a7a7;\">Balan\u00e7o Or\u00e7ament\u00e1rio<\/a><\/span><br \/><span style=\"color: #a7a7a7; font-size: 12pt;\"><a style=\"color: #a7a7a7;\" href=\"https:\/\/cofecon.org.br\/transparencia\/files\/financas\/Balancetes\/2020\/BalancoOrcamentario1trim20.pdf\">1\u00ba Trimestre<\/a><\/span><br \/><span style=\"color: #a7a7a7; font-size: 12pt;\"><a style=\"color: #a7a7a7;\" href=\"https:\/\/cofecon.org.br\/transparencia\/files\/financas\/Balancetes\/2020\/BalancoOrcamentario2trim20.pdf\">2\u00ba Trimestre<\/a><\/span><br \/><span style=\"color: #a7a7a7; font-size: 12pt;\"><a style=\"color: #a7a7a7;\" href=\"https:\/\/cofecon.org.br\/transparencia\/files\/financas\/Balancetes\/2020\/BalancoOrcamentario3trim20.pdf\">3\u00ba Trimestre<\/a><\/span><\/li><li><span style=\"color: #a7a7a7; font-size: 12pt;\"><a style=\"color: #a7a7a7;\">Despesas Mensais de 2020<\/a><\/span><br \/><span style=\"color: #a7a7a7; font-size: 12pt;\"><a style=\"color: #a7a7a7;\" href=\"https:\/\/cofecon.org.br\/transparencia\/files\/financas\/EmpenhosPag\/2020\/Desp1Trim20.pdf\">1\u00ba Trimestre<\/a><\/span><br \/><span style=\"color: #a7a7a7; font-size: 12pt;\"><a style=\"color: #a7a7a7;\" href=\"https:\/\/cofecon.org.br\/transparencia\/files\/financas\/EmpenhosPag\/2020\/Desp2Trim20.pdf\">2\u00ba Trimestre<\/a><\/span><br \/><span style=\"color: #a7a7a7; font-size: 12pt;\"><a style=\"color: #a7a7a7;\" href=\"https:\/\/cofecon.org.br\/transparencia\/files\/financas\/EmpenhosPag\/2020\/Desp3Trim20.pdf\">3\u00ba Trimestre<\/a><\/span><\/li><li><span style=\"color: #a7a7a7; font-size: 12pt;\"><a style=\"color: #a7a7a7;\" href=\"https:\/\/cofecon.org.br\/transparencia\/files\/financas\/PropostaFinanc\/proposta2020.pdf\">Proposta Or\u00e7ament\u00e1ria<\/a><\/span><\/li><\/ol>\t\t\t\t\t\t\t\t<\/div>\n\t\t\t\t<\/div>\n\t\t\t\t\t<\/div>\n\t\t<\/div>\n\t\t\t\t<div class=\"elementor-column elementor-col-50 elementor-top-column elementor-element elementor-element-6e91bef\" data-id=\"6e91bef\" data-element_type=\"column\">\n\t\t\t<div class=\"elementor-widget-wrap elementor-element-populated\">\n\t\t\t\t\t\t<div class=\"elementor-element elementor-element-47f4622 elementor-widget elementor-widget-heading\" data-id=\"47f4622\" data-element_type=\"widget\" data-widget_type=\"heading.default\">\n\t\t\t\t<div class=\"elementor-widget-container\">\n\t\t\t\t\t<h2 class=\"elementor-heading-title elementor-size-default\">Proposta Or\u00e7ament\u00e1ria 2019<\/h2>\t\t\t\t<\/div>\n\t\t\t\t<\/div>\n\t\t\t\t<div class=\"elementor-element elementor-element-8b34bb4 elementor-widget elementor-widget-text-editor\" data-id=\"8b34bb4\" data-element_type=\"widget\" data-widget_type=\"text-editor.default\">\n\t\t\t\t<div class=\"elementor-widget-container\">\n\t\t\t\t\t\t\t\t\t<ol><li><span style=\"color: #a7a7a7; font-size: 12pt;\"><a style=\"color: #a7a7a7;\" href=\"https:\/\/cofecon.org.br\/transparencia\/files\/financas\/PropostaFinanc\/proposta2019.pdf\">Proposta Assinada<\/a><\/span><\/li><li><span style=\"color: #a7a7a7; font-size: 12pt;\"><a style=\"color: #a7a7a7;\" href=\"https:\/\/cofecon.org.br\/transparencia\/files\/financas\/Balancetes\/2019\/Balancorcamentario19.pdf\">Balan\u00e7o Or\u00e7ament\u00e1rio<\/a><\/span><\/li><li><span style=\"color: #a7a7a7; font-size: 12pt;\"><a style=\"color: #a7a7a7;\" href=\"https:\/\/cofecon.org.br\/transparencia\/files\/financas\/EmpenhosPag\/2019\/Desp19.pdf\">Despesas Mensais de 2019<\/a><\/span><\/li><\/ol>\t\t\t\t\t\t\t\t<\/div>\n\t\t\t\t<\/div>\n\t\t\t\t\t<\/div>\n\t\t<\/div>\n\t\t\t\t\t<\/div>\n\t\t<\/section>\n\t\t\t\t<section class=\"elementor-section elementor-top-section elementor-element elementor-element-b05ad4a elementor-section-boxed elementor-section-height-default elementor-section-height-default\" data-id=\"b05ad4a\" data-element_type=\"section\">\n\t\t\t\t\t\t<div class=\"elementor-container elementor-column-gap-default\">\n\t\t\t\t\t<div class=\"elementor-column elementor-col-50 elementor-top-column elementor-element elementor-element-75aef8c\" data-id=\"75aef8c\" data-element_type=\"column\">\n\t\t\t<div class=\"elementor-widget-wrap elementor-element-populated\">\n\t\t\t\t\t\t<div class=\"elementor-element elementor-element-7f65a37 elementor-widget elementor-widget-heading\" data-id=\"7f65a37\" data-element_type=\"widget\" data-widget_type=\"heading.default\">\n\t\t\t\t<div class=\"elementor-widget-container\">\n\t\t\t\t\t<h2 class=\"elementor-heading-title elementor-size-default\">Proposta Or\u00e7ament\u00e1ria 2018<\/h2>\t\t\t\t<\/div>\n\t\t\t\t<\/div>\n\t\t\t\t<div class=\"elementor-element elementor-element-e0ad49d elementor-widget elementor-widget-text-editor\" data-id=\"e0ad49d\" data-element_type=\"widget\" data-widget_type=\"text-editor.default\">\n\t\t\t\t<div class=\"elementor-widget-container\">\n\t\t\t\t\t\t\t\t\t<ol><li><span style=\"color: #a7a7a7; font-size: 12pt;\"><a style=\"color: #a7a7a7;\" href=\"https:\/\/cofecon.org.br\/transparencia\/files\/financas\/PropostaFinanc\/proposta2018.pdf\">Proposta Assinada<\/a><\/span><\/li><li><span style=\"font-size: 12pt;\"><a href=\"https:\/\/cofecon.org.br\/transparencia\/files\/financas\/EmpenhosPag\/2018\/Desp18.pdf\"><span style=\"color: #a7a7a7;\">Despesas Mensais de 2018<\/span><\/a><\/span><\/li><\/ol>\t\t\t\t\t\t\t\t<\/div>\n\t\t\t\t<\/div>\n\t\t\t\t\t<\/div>\n\t\t<\/div>\n\t\t\t\t<div class=\"elementor-column elementor-col-50 elementor-top-column elementor-element elementor-element-7d0629c\" data-id=\"7d0629c\" data-element_type=\"column\">\n\t\t\t<div class=\"elementor-widget-wrap elementor-element-populated\">\n\t\t\t\t\t\t<div class=\"elementor-element elementor-element-c86846a elementor-widget elementor-widget-heading\" data-id=\"c86846a\" data-element_type=\"widget\" data-widget_type=\"heading.default\">\n\t\t\t\t<div class=\"elementor-widget-container\">\n\t\t\t\t\t<h2 class=\"elementor-heading-title elementor-size-default\">Proposta Or\u00e7ament\u00e1ria 2017<\/h2>\t\t\t\t<\/div>\n\t\t\t\t<\/div>\n\t\t\t\t<div class=\"elementor-element elementor-element-2d3b633 elementor-widget elementor-widget-text-editor\" data-id=\"2d3b633\" data-element_type=\"widget\" data-widget_type=\"text-editor.default\">\n\t\t\t\t<div class=\"elementor-widget-container\">\n\t\t\t\t\t\t\t\t\t<ol><li><span style=\"color: #a7a7a7; font-size: 12pt;\"><a style=\"color: #a7a7a7;\" href=\"https:\/\/cofecon.org.br\/transparencia\/files\/financas\/PropostaFinanc\/Proposta2017.pdf\">Proposta Assinada<\/a><\/span><\/li><li><span style=\"font-size: 12pt; color: #a7a7a7;\"><a style=\"color: #a7a7a7;\" href=\"https:\/\/cofecon.org.br\/transparencia\/files\/orcamentos\/2017\/receitas\/relacaolancamento.pdf\">Rela\u00e7\u00e3o de Pagamentos<\/a><\/span><\/li><li><span style=\"font-size: 12pt; color: #a7a7a7;\"><a style=\"color: #a7a7a7;\" href=\"https:\/\/cofecon.org.br\/transparencia\/files\/orcamentos\/2017\/receitas\/receita201701.pdf\">Despesas Mensais \u2013 Janeiro\/2017<\/a><\/span><\/li><li><span style=\"font-size: 12pt; color: #a7a7a7;\"><a style=\"color: #a7a7a7;\" href=\"http:\/\/cofecon.org.br\/transparencia\/index.php\/financas\/orcamentos\/despesas-anteriores\/\">Despesas Mensais de Anos Anteriores<\/a><\/span><\/li><li><span style=\"font-size: 12pt; color: #a7a7a7;\"><a style=\"color: #a7a7a7;\" href=\"https:\/\/cofecon.org.br\/transparencia\/files\/orcamentos\/2017\/despesas\/despesa201701.pdf\">Receitas Mensais \u2013 Janeiro\/2017<\/a><\/span><\/li><li><span style=\"font-size: 12pt; color: #a7a7a7;\"><a style=\"color: #a7a7a7;\" href=\"http:\/\/cofecon.org.br\/transparencia\/index.php\/financas\/orcamentos\/receitas-anteriores\/\">Receitas Mensais de Anos Anteriores<\/a><\/span><\/li><\/ol>\t\t\t\t\t\t\t\t<\/div>\n\t\t\t\t<\/div>\n\t\t\t\t\t<\/div>\n\t\t<\/div>\n\t\t\t\t\t<\/div>\n\t\t<\/section>\n\t\t\t\t<section class=\"elementor-section elementor-top-section elementor-element elementor-element-7523a6f elementor-section-boxed elementor-section-height-default elementor-section-height-default\" data-id=\"7523a6f\" data-element_type=\"section\">\n\t\t\t\t\t\t<div class=\"elementor-container elementor-column-gap-default\">\n\t\t\t\t\t<div class=\"elementor-column elementor-col-50 elementor-top-column elementor-element elementor-element-14e9928\" data-id=\"14e9928\" data-element_type=\"column\">\n\t\t\t<div class=\"elementor-widget-wrap elementor-element-populated\">\n\t\t\t\t\t\t<div class=\"elementor-element elementor-element-71263f3 elementor-widget elementor-widget-heading\" data-id=\"71263f3\" data-element_type=\"widget\" data-widget_type=\"heading.default\">\n\t\t\t\t<div class=\"elementor-widget-container\">\n\t\t\t\t\t<h2 class=\"elementor-heading-title elementor-size-default\">Proposta Or\u00e7ament\u00e1ria 2016<\/h2>\t\t\t\t<\/div>\n\t\t\t\t<\/div>\n\t\t\t\t<div class=\"elementor-element elementor-element-dad1491 elementor-widget elementor-widget-text-editor\" data-id=\"dad1491\" data-element_type=\"widget\" data-widget_type=\"text-editor.default\">\n\t\t\t\t<div class=\"elementor-widget-container\">\n\t\t\t\t\t\t\t\t\t<ol><li><span style=\"font-size: 12pt; color: #a7a7a7;\"><a style=\"color: #a7a7a7;\" href=\"https:\/\/cofecon.org.br\/transparencia\/files\/orcamentos\/2016\/PropOrc2016.pdf\">Proposta Assinada<\/a><\/span><\/li><li><span style=\"font-size: 12pt; color: #a7a7a7;\"><a style=\"color: #a7a7a7;\" href=\"https:\/\/cofecon.org.br\/transparencia\/index.php\/financas\/orcamentos\/balanco-financeiro\/\">Balan\u00e7o Financeiro 2016<\/a><\/span><\/li><li><span style=\"font-size: 12pt; color: #a7a7a7;\"><a style=\"color: #a7a7a7;\" href=\"https:\/\/cofecon.org.br\/transparencia\/index.php\/financas\/orcamentos\/balanco-orcamentario\/\">Balan\u00e7o Or\u00e7ament\u00e1rio 2016<\/a><\/span><\/li><li><span style=\"font-size: 12pt; color: #a7a7a7;\"><a style=\"color: #a7a7a7;\" href=\"https:\/\/cofecon.org.br\/transparencia\/index.php\/financas\/orcamentos\/balanco-patrimonial\/\">Balan\u00e7o Patrimonial 2016<\/a><\/span><\/li><\/ol>\t\t\t\t\t\t\t\t<\/div>\n\t\t\t\t<\/div>\n\t\t\t\t\t<\/div>\n\t\t<\/div>\n\t\t\t\t<div class=\"elementor-column elementor-col-50 elementor-top-column elementor-element elementor-element-9b241e6\" data-id=\"9b241e6\" data-element_type=\"column\">\n\t\t\t<div class=\"elementor-widget-wrap\">\n\t\t\t\t\t\t\t<\/div>\n\t\t<\/div>\n\t\t\t\t\t<\/div>\n\t\t<\/section>\n\t\t\t\t<\/div>\n\t\t","protected":false},"excerpt":{"rendered":"<p>Or\u00e7amentos Proposta Or\u00e7ament\u00e1ria 1\u00b0 trimestre 2025 Proposta Or\u00e7ament\u00e1ria &#8211; (PDF) \/ (CSV) Balan\u00e7o Or\u00e7ament\u00e1rio &#8211; (PDF) \/ (CSV) Relat\u00f3rio de Proposta Or\u00e7ament\u00e1ria &#8211; (PDF) \/ (CSV) Proposta Or\u00e7ament\u00e1ria 2024 Proposta Or\u00e7ament\u00e1ria &#8211; (PDF) \/ (CSV) Balan\u00e7o Or\u00e7ament\u00e1rio &#8211; (PDF) \/ (CSV) Relat\u00f3rio de Proposta Or\u00e7ament\u00e1ria &#8211; (PDF) \/ (CSV) Proposta Or\u00e7ament\u00e1ria 2023 Proposta Or\u00e7ament\u00e1ria &#8211; &hellip; <a href=\"https:\/\/cofecon.org.br\/transparencia\/?page_id=3456\" class=\"more-link\">Continue reading <span class=\"screen-reader-text\">Or\u00e7amento<\/span><\/a><\/p>\n","protected":false},"author":11,"featured_media":0,"parent":31,"menu_order":0,"comment_status":"closed","ping_status":"closed","template":"elementor_header_footer","meta":{"footnotes":""},"class_list":["post-3456","page","type-page","status-publish","hentry"],"_links":{"self":[{"href":"https:\/\/cofecon.org.br\/transparencia\/index.php?rest_route=\/wp\/v2\/pages\/3456"}],"collection":[{"href":"https:\/\/cofecon.org.br\/transparencia\/index.php?rest_route=\/wp\/v2\/pages"}],"about":[{"href":"https:\/\/cofecon.org.br\/transparencia\/index.php?rest_route=\/wp\/v2\/types\/page"}],"author":[{"embeddable":true,"href":"https:\/\/cofecon.org.br\/transparencia\/index.php?rest_route=\/wp\/v2\/users\/11"}],"replies":[{"embeddable":true,"href":"https:\/\/cofecon.org.br\/transparencia\/index.php?rest_route=%2Fwp%2Fv2%2Fcomments&post=3456"}],"version-history":[{"count":43,"href":"https:\/\/cofecon.org.br\/transparencia\/index.php?rest_route=\/wp\/v2\/pages\/3456\/revisions"}],"predecessor-version":[{"id":10161,"href":"https:\/\/cofecon.org.br\/transparencia\/index.php?rest_route=\/wp\/v2\/pages\/3456\/revisions\/10161"}],"up":[{"embeddable":true,"href":"https:\/\/cofecon.org.br\/transparencia\/index.php?rest_route=\/wp\/v2\/pages\/31"}],"wp:attachment":[{"href":"https:\/\/cofecon.org.br\/transparencia\/index.php?rest_route=%2Fwp%2Fv2%2Fmedia&parent=3456"}],"curies":[{"name":"wp","href":"https:\/\/api.w.org\/{rel}","templated":true}]}}