{"id":295,"date":"2017-04-04T18:07:33","date_gmt":"2017-04-04T18:07:33","guid":{"rendered":"http:\/\/cofecon.org.br\/transparencia\/?page_id=295"},"modified":"2025-11-25T12:30:19","modified_gmt":"2025-11-25T12:30:19","slug":"deliberacoes-2016","status":"publish","type":"page","link":"https:\/\/cofecon.org.br\/transparencia\/?page_id=295","title":{"rendered":"Deliberacoes-2016"},"content":{"rendered":"\t\t<div data-elementor-type=\"wp-page\" data-elementor-id=\"295\" class=\"elementor elementor-295\">\n\t\t\t\t\t\t<section class=\"elementor-section elementor-top-section elementor-element elementor-element-4cc5bf elementor-section-boxed elementor-section-height-default elementor-section-height-default\" data-id=\"4cc5bf\" data-element_type=\"section\">\n\t\t\t\t\t\t<div class=\"elementor-container elementor-column-gap-default\">\n\t\t\t\t\t<div class=\"elementor-column elementor-col-100 elementor-top-column elementor-element elementor-element-29245e37\" data-id=\"29245e37\" data-element_type=\"column\">\n\t\t\t<div class=\"elementor-widget-wrap elementor-element-populated\">\n\t\t\t\t\t\t<div class=\"elementor-element elementor-element-4fd8ca74 elementor-widget elementor-widget-text-editor\" data-id=\"4fd8ca74\" data-element_type=\"widget\" data-widget_type=\"text-editor.default\">\n\t\t\t\t<div class=\"elementor-widget-container\">\n\t\t\t\t\t\t\t\t\t<div align=\"center\">\n<table border=\"0\" align=\"center\">\n<tbody>\n<tr>\n<th scope=\"row\" align=\"center\" valign=\"middle\" width=\"134\">\n<p dir=\"ltr\" align=\"left\"><strong><span style=\"text-decoration: underline;\"><span style=\"font-size: 10pt;\">Delibera\u00e7\u00f5es N\u00ba:<\/span><\/span><\/strong><\/p>\n<\/th>\n<th scope=\"row\" align=\"center\" valign=\"middle\" width=\"499\">\n<p align=\"center\"><strong><span style=\"text-decoration: underline;\"><span style=\"font-size: 10pt;\">Assunto:<\/span><\/span><\/strong><\/p>\n<\/th>\n<\/tr>\n<tr>\n<td>\n<p align=\"center\">4.845<\/p>\n<\/td>\n<td><a href=\"https:\/\/cofecon.org.br\/transparencia\/files\/atos_normativos\/Del\/2016\/Del-2016(1).pdf\" target=\"_blank\" rel=\"noopener\">Altera o Normativo de Pessoal- Cargos de Livre Provimento<\/a><\/td>\n<\/tr>\n<tr>\n<td>\n<p align=\"center\">4.846<\/p>\n<\/td>\n<td><a href=\"https:\/\/cofecon.org.br\/transparencia\/files\/atos_normativos\/Del\/2016\/Del-2016(2).pdf\" target=\"_blank\" rel=\"noopener\">Homologa processos cont\u00e1beis &#8211; Plen\u00e1ria 669\u00aa DF<\/a><\/td>\n<\/tr>\n<tr>\n<td>\n<p align=\"center\">4.847<\/p>\n<\/td>\n<td><a href=\"https:\/\/cofecon.org.br\/transparencia\/files\/atos_normativos\/Del\/2016\/Del-2016(3).pdf\" target=\"_blank\" rel=\"noopener\">Homologa processos administrativos 669\u00aa Plen\u00e1ria<\/a><\/td>\n<\/tr>\n<tr>\n<td>\n<p align=\"center\">4.848<\/p>\n<\/td>\n<td><a href=\"https:\/\/cofecon.org.br\/transparencia\/files\/atos_normativos\/Del\/2016\/Del-2016(4).pdf\" target=\"_blank\" rel=\"noopener\">Homologa Dossi\u00ea Eleitoral Corecon-MT<\/a><\/td>\n<\/tr>\n<tr>\n<td>\n<p align=\"center\">4.849<\/p>\n<\/td>\n<td><a href=\"https:\/\/cofecon.org.br\/transparencia\/files\/atos_normativos\/Del\/2016\/Del-2016(5).pdf\" target=\"_blank\" rel=\"noopener\">Homologa processos cont\u00e1beis \u2013 plen\u00e1ria 670\u00aa DF<\/a><\/td>\n<\/tr>\n<tr>\n<td>\n<p align=\"center\">4.850<\/p>\n<\/td>\n<td><a href=\"https:\/\/cofecon.org.br\/transparencia\/files\/atos_normativos\/Del\/2016\/Del-2016(6).pdf\" target=\"_blank\" rel=\"noopener\">Homologa processos administrativos \u2013 plen\u00e1rio 670\u00aa DF<\/a><\/td>\n<\/tr>\n<tr>\n<td>\n<p align=\"center\">4.851<\/p>\n<\/td>\n<td><a href=\"https:\/\/cofecon.org.br\/transparencia\/files\/atos_normativos\/Del\/2016\/Del-2016(7).pdf\" target=\"_blank\" rel=\"noopener\">Normativo de Pessoal \u2013 Cargos e Fun\u00e7\u00f5es de Livre Provimento<\/a>\n<p><a href=\"https:\/\/cofecon.org.br\/transparencia\/files\/atos_normativos\/Del\/2016\/Del-2016(7)-compilado.pdf\" target=\"_blank\" rel=\"noopener\">Normativo de Pessoal \u2013 Cargos e Fun\u00e7\u00f5es de Livre Provimento &#8211; Compilado<\/a><\/p><\/td>\n\n<\/tr>\n<tr>\n<td>\n<p align=\"center\">4.852<\/p>\n<\/td>\n<td><a href=\"https:\/\/cofecon.org.br\/transparencia\/files\/atos_normativos\/Del\/2016\/Del-2016(8).pdf\" target=\"_blank\" rel=\"noopener\">Reajuste da tabela de sal\u00e1rios<\/a><\/td>\n<\/tr>\n<tr>\n<td>\n<p align=\"center\">4.853<\/p>\n<\/td>\n<td><a href=\"https:\/\/cofecon.org.br\/transparencia\/files\/atos_normativos\/Del\/2016\/Del-2016(9).pdf\" target=\"_blank\" rel=\"noopener\">Concede apoio financeiro ao Enesul<\/a><\/td>\n<\/tr>\n<tr>\n<td>\n<p align=\"center\">4.854<\/p>\n<\/td>\n<td><a href=\"https:\/\/cofecon.org.br\/transparencia\/files\/atos_normativos\/Del\/2016\/Del-2016(10).pdf\" target=\"_blank\" rel=\"noopener\">Homologa Processos Cont\u00e1beis 671\u00aa<\/a><\/td>\n<\/tr>\n<tr>\n<td>\n<p align=\"center\">4.855<\/p>\n<\/td>\n<td><a href=\"https:\/\/cofecon.org.br\/transparencia\/files\/atos_normativos\/Del\/2016\/Del-2016(11).pdf\" target=\"_blank\" rel=\"noopener\">Homologa Processos Administrativos 671\u00aa<\/a><\/td>\n<\/tr>\n<tr>\n<td>\n<p align=\"center\">4.856<\/p>\n<\/td>\n<td><a href=\"https:\/\/cofecon.org.br\/transparencia\/files\/atos_normativos\/Del\/2016\/Del-2016(12).pdf\" target=\"_blank\" rel=\"noopener\">Homologa processos administrativos 671\u00aa-DF<\/a><\/td>\n<\/tr>\n<tr>\n<td>\n<p align=\"center\">4.857<\/p>\n<\/td>\n<td><a href=\"https:\/\/cofecon.org.br\/transparencia\/files\/atos_normativos\/Del\/2016\/Del-2016(13).pdf\" target=\"_blank\" rel=\"noopener\">Homologa resultado XXII PBE<\/a><\/td>\n<\/tr>\n<tr>\n<td>\n<p align=\"center\">4.858<\/p>\n<\/td>\n<td><a href=\"https:\/\/cofecon.org.br\/transparencia\/files\/atos_normativos\/Del\/2016\/Del-2016(14).pdf\" target=\"_blank\" rel=\"noopener\">Homologa processos cont\u00e1beis 672\u00aa &#8211; RN<\/a><\/td>\n<\/tr>\n<tr>\n<td>\n<p align=\"center\">4.859<\/p>\n<\/td>\n<td><a href=\"https:\/\/cofecon.org.br\/transparencia\/files\/atos_normativos\/Del\/2016\/Del-2016(15).pdf\" target=\"_blank\" rel=\"noopener\">Homologa processos administrativos 672\u00aa &#8211; RN<\/a><\/td>\n<\/tr>\n<tr>\n<td>\n<p align=\"center\">4.860<\/p>\n<\/td>\n<td><a href=\"https:\/\/cofecon.org.br\/transparencia\/files\/atos_normativos\/Del\/2016\/Del-2016(16).pdf\" target=\"_blank\" rel=\"noopener\">Julga Ad Referendum do plen\u00e1rio<\/a><\/td>\n<\/tr>\n<tr>\n<td>\n<p align=\"center\">4.861<\/p>\n<\/td>\n<td><a href=\"https:\/\/cofecon.org.br\/transparencia\/files\/atos_normativos\/Del\/2016\/Del-2016(17).pdf\" target=\"_blank\" rel=\"noopener\">Homologa processos cont\u00e1beis 673\u00aa DF<\/a><\/td>\n<\/tr>\n<tr>\n<td>\n<p align=\"center\">4.862<\/p>\n<\/td>\n<td><a href=\"https:\/\/cofecon.org.br\/transparencia\/files\/atos_normativos\/Del\/2016\/Del-2016(18).pdf\" target=\"_blank\" rel=\"noopener\">Homologa processos administrativos 673\u00aa DF<\/a><\/td>\n<\/tr>\n<tr>\n<td>\n<p align=\"center\">4.863<\/p>\n<\/td>\n<td><a href=\"https:\/\/cofecon.org.br\/transparencia\/files\/atos_normativos\/Del\/2016\/Del-2016(19).pdf\" target=\"_blank\" rel=\"noopener\">Homologa Decis\u00e3o do Corecon-PA<\/a><\/td>\n<\/tr>\n<tr>\n<td>\n<p align=\"center\">4.864<\/p>\n<\/td>\n<td><a href=\"https:\/\/cofecon.org.br\/transparencia\/files\/atos_normativos\/Del\/2016\/Del-2016(20).pdf\" target=\"_blank\" rel=\"noopener\">Homologa, com ressalvas, a presta\u00e7\u00e3o de contas\/2014 do Conselho Regional de Economia da 14\u00aa Regi\u00e3o-MT<\/a><\/td>\n<\/tr>\n<tr>\n<td>\n<p align=\"center\">4.865<\/p>\n<\/td>\n<td><a href=\"https:\/\/cofecon.org.br\/transparencia\/files\/atos_normativos\/Del\/2016\/Del-2016(21).pdf\" target=\"_blank\" rel=\"noopener\">Pr\u00eamio Desafio \u201cQuero Ser Economista\u201d<\/a><\/td>\n<\/tr>\n<tr>\n<td>\n<p align=\"center\">4.866<\/p>\n<\/td>\n<td><a href=\"https:\/\/cofecon.org.br\/transparencia\/files\/atos_normativos\/Del\/2016\/Del-2016(22).pdf\" target=\"_blank\" rel=\"noopener\">Homologa Dossi\u00eas Eleitorais<\/a><\/td>\n<\/tr>\n<tr>\n<td>\n<p align=\"center\">4.867<\/p>\n<\/td>\n<td><a href=\"https:\/\/cofecon.org.br\/transparencia\/files\/atos_normativos\/Del\/2016\/Del-2016(23).pdf\" target=\"_blank\" rel=\"noopener\">Homologa Processos Cont\u00e1veis 674\u00aa<\/a><\/td>\n<\/tr>\n<tr>\n<td>\n<p align=\"center\">4.868<\/p>\n<\/td>\n<td><a href=\"https:\/\/cofecon.org.br\/transparencia\/files\/atos_normativos\/Del\/2016\/Del-2016(24).pdf\" target=\"_blank\" rel=\"noopener\">Declara nula a elei\u00e7\u00e3o do CORECON-SP<\/a><\/td>\n<\/tr>\n<tr>\n<td>\n<p align=\"center\">4.869<\/p>\n<\/td>\n<td><a href=\"https:\/\/cofecon.org.br\/transparencia\/files\/atos_normativos\/Del\/2016\/Del-2016(25).pdf\" target=\"_blank\" rel=\"noopener\">Homologa o dossi\u00ea eleitoral CORECON-AC<\/a><\/td>\n<\/tr>\n<tr>\n<td>\n<p align=\"center\">4.870<\/p>\n<\/td>\n<td><a href=\"https:\/\/cofecon.org.br\/transparencia\/files\/atos_normativos\/Del\/2016\/Del-2016(26).pdf\" target=\"_blank\" rel=\"noopener\">Homologa processos cont\u00e1beis 675\u00aa<\/a><\/td>\n<\/tr>\n<tr>\n<td>\n<p align=\"center\">4.871<\/p>\n<\/td>\n<td><a href=\"https:\/\/cofecon.org.br\/transparencia\/files\/atos_normativos\/Del\/2016\/Del-2016(27).pdf\" target=\"_blank\" rel=\"noopener\">Homologa processos administrativos 675\u00aa<\/a><\/td>\n<\/tr>\n<tr>\n<td>\n<p align=\"center\">4.872<\/p>\n<\/td>\n<td><a href=\"https:\/\/cofecon.org.br\/transparencia\/files\/atos_normativos\/Del\/2016\/Del-2016(28).pdf\" target=\"_blank\" rel=\"noopener\">Mant\u00e9m decis\u00e3o que anula processo eleitoral CORECON-SP<\/a><\/td>\n<\/tr>\n<\/tbody>\n<\/table>\n<\/div>\t\t\t\t\t\t\t\t<\/div>\n\t\t\t\t<\/div>\n\t\t\t\t\t<\/div>\n\t\t<\/div>\n\t\t\t\t\t<\/div>\n\t\t<\/section>\n\t\t\t\t<\/div>\n\t\t","protected":false},"excerpt":{"rendered":"<p>Delibera\u00e7\u00f5es N\u00ba: Assunto: 4.845 Altera o Normativo de Pessoal- Cargos de Livre Provimento 4.846 Homologa processos cont\u00e1beis &#8211; Plen\u00e1ria 669\u00aa DF 4.847 Homologa processos administrativos 669\u00aa Plen\u00e1ria 4.848 Homologa Dossi\u00ea Eleitoral Corecon-MT 4.849 Homologa processos cont\u00e1beis \u2013 plen\u00e1ria 670\u00aa DF 4.850 Homologa processos administrativos \u2013 plen\u00e1rio 670\u00aa DF 4.851 Normativo de Pessoal \u2013 Cargos e &hellip; <a href=\"https:\/\/cofecon.org.br\/transparencia\/?page_id=295\" class=\"more-link\">Continue reading <span class=\"screen-reader-text\">Deliberacoes-2016<\/span><\/a><\/p>\n","protected":false},"author":11,"featured_media":0,"parent":9,"menu_order":0,"comment_status":"closed","ping_status":"closed","template":"","meta":{"footnotes":""},"class_list":["post-295","page","type-page","status-publish","hentry"],"_links":{"self":[{"href":"https:\/\/cofecon.org.br\/transparencia\/index.php?rest_route=\/wp\/v2\/pages\/295"}],"collection":[{"href":"https:\/\/cofecon.org.br\/transparencia\/index.php?rest_route=\/wp\/v2\/pages"}],"about":[{"href":"https:\/\/cofecon.org.br\/transparencia\/index.php?rest_route=\/wp\/v2\/types\/page"}],"author":[{"embeddable":true,"href":"https:\/\/cofecon.org.br\/transparencia\/index.php?rest_route=\/wp\/v2\/users\/11"}],"replies":[{"embeddable":true,"href":"https:\/\/cofecon.org.br\/transparencia\/index.php?rest_route=%2Fwp%2Fv2%2Fcomments&post=295"}],"version-history":[{"count":10,"href":"https:\/\/cofecon.org.br\/transparencia\/index.php?rest_route=\/wp\/v2\/pages\/295\/revisions"}],"predecessor-version":[{"id":10291,"href":"https:\/\/cofecon.org.br\/transparencia\/index.php?rest_route=\/wp\/v2\/pages\/295\/revisions\/10291"}],"up":[{"embeddable":true,"href":"https:\/\/cofecon.org.br\/transparencia\/index.php?rest_route=\/wp\/v2\/pages\/9"}],"wp:attachment":[{"href":"https:\/\/cofecon.org.br\/transparencia\/index.php?rest_route=%2Fwp%2Fv2%2Fmedia&parent=295"}],"curies":[{"name":"wp","href":"https:\/\/api.w.org\/{rel}","templated":true}]}}