{"id":293,"date":"2017-04-04T18:06:55","date_gmt":"2017-04-04T18:06:55","guid":{"rendered":"http:\/\/cofecon.org.br\/transparencia\/?page_id=293"},"modified":"2025-10-15T18:13:28","modified_gmt":"2025-10-15T18:13:28","slug":"deliberacoes-2015","status":"publish","type":"page","link":"https:\/\/cofecon.org.br\/transparencia\/?page_id=293","title":{"rendered":"Deliberacoes-2015"},"content":{"rendered":"\t\t<div data-elementor-type=\"wp-page\" data-elementor-id=\"293\" class=\"elementor elementor-293\">\n\t\t\t\t\t\t<section class=\"elementor-section elementor-top-section elementor-element elementor-element-32e7854a elementor-section-boxed elementor-section-height-default elementor-section-height-default\" data-id=\"32e7854a\" data-element_type=\"section\">\n\t\t\t\t\t\t<div class=\"elementor-container elementor-column-gap-default\">\n\t\t\t\t\t<div class=\"elementor-column elementor-col-100 elementor-top-column elementor-element elementor-element-6a845042\" data-id=\"6a845042\" data-element_type=\"column\">\n\t\t\t<div class=\"elementor-widget-wrap elementor-element-populated\">\n\t\t\t\t\t\t<div class=\"elementor-element elementor-element-4f75c18 elementor-widget elementor-widget-text-editor\" data-id=\"4f75c18\" data-element_type=\"widget\" data-widget_type=\"text-editor.default\">\n\t\t\t\t<div class=\"elementor-widget-container\">\n\t\t\t\t\t\t\t\t\t<div align=\"center\">\n<table border=\"0\" align=\"center\">\n<tbody>\n<tr>\n<th scope=\"row\" align=\"center\" valign=\"middle\" width=\"134\">\n<p dir=\"ltr\" align=\"left\"><strong><span style=\"text-decoration: underline;\"><span style=\"font-size: 10pt;\">Delibera\u00e7\u00f5es N\u00ba:<\/span><\/span><\/strong><\/p>\n<\/th>\n<th scope=\"row\" align=\"center\" valign=\"middle\" width=\"499\">\n<p align=\"center\"><strong><span style=\"text-decoration: underline;\"><span style=\"font-size: 10pt;\">Assunto:<\/span><\/span><\/strong><\/p>\n<\/th>\n<\/tr>\n<tr>\n<td>\n<p align=\"center\">4.829<\/p>\n<\/td>\n<td><a href=\"https:\/\/cofecon.org.br\/transparencia\/files\/atos_normativos\/Del\/2015\/Del-2015(1).pdf\" target=\"_blank\" rel=\"noopener\">Homologa processos administrativos 662\u00aa Plen\u00e1ria<\/a><\/td>\n<\/tr>\n<tr>\n<td>\n<p align=\"center\">4.830<\/p>\n<\/td>\n<td><a href=\"https:\/\/cofecon.org.br\/transparencia\/files\/atos_normativos\/Del\/2015\/Del-2015(2).pdf\" target=\"_blank\" rel=\"noopener\">Homologa processos administrativos 663\u00aa Plen\u00e1ria<\/a><\/td>\n<\/tr>\n<tr>\n<td>\n<p align=\"center\">4.831<\/p>\n<\/td>\n<td><a href=\"https:\/\/cofecon.org.br\/transparencia\/files\/atos_normativos\/Del\/2015\/Del-2015(3).pdf\" target=\"_blank\" rel=\"noopener\">Homologa processos cont\u00e1beis 663\u00aa Plen\u00e1ria<\/a><\/td>\n<\/tr>\n<tr>\n<td>\n<p align=\"center\">4.832<\/p>\n<\/td>\n<td><a href=\"https:\/\/cofecon.org.br\/transparencia\/files\/atos_normativos\/Del\/2015\/Del-2015(4).pdf\" target=\"_blank\" rel=\"noopener\">Homologa processos cont\u00e1beis 664\u00aa Plen\u00e1ria<\/a><\/td>\n<\/tr>\n<tr>\n<td>\n<p align=\"center\">4.833<\/p>\n<\/td>\n<td><a href=\"https:\/\/cofecon.org.br\/transparencia\/files\/atos_normativos\/Del\/2015\/Del-2015(5).pdf\" target=\"_blank\" rel=\"noopener\">Homologa processos administrativos 664\u00aa Plen\u00e1ria<\/a><\/td>\n<\/tr>\n<tr>\n<td>\n<p align=\"center\">4.834<\/p>\n<\/td>\n<td><a href=\"https:\/\/cofecon.org.br\/transparencia\/files\/atos_normativos\/Del\/2015\/Del-2015(6).pdf\" target=\"_blank\" rel=\"noopener\"> Homologa processos cont\u00e1beis 665\u00ba Plen\u00e1ria<\/a><\/td>\n<\/tr>\n<tr>\n<td>\n<p align=\"center\">4.835<\/p>\n<\/td>\n<td><a href=\"https:\/\/cofecon.org.br\/transparencia\/files\/atos_normativos\/Del\/2015\/Del-2015(7).pdf\" target=\"_blank\" rel=\"noopener\"> Homologa processos administrativos 665\u00ba Plen\u00e1ria<\/a><\/td>\n<\/tr>\n<tr>\n<td>\n<p align=\"center\">4.836<\/p>\n<\/td>\n<td><a href=\"https:\/\/cofecon.org.br\/transparencia\/files\/atos_normativos\/Del\/2015\/Del-2015(8).pdf\" target=\"_blank\" rel=\"noopener\"> Homologa resultado do XXI PBE<\/a><\/td>\n<\/tr>\n<tr>\n<td>\n<p align=\"center\">4.837<\/p>\n<\/td>\n<td><a href=\"https:\/\/cofecon.org.br\/transparencia\/files\/atos_normativos\/Del\/2015\/Del-2015(9).pdf\" target=\"_blank\" rel=\"noopener\"> Homologa processos cont\u00e1beis 667\u00aa Plen\u00e1ria-DF<\/a><\/td>\n<\/tr>\n<tr>\n<td>\n<p align=\"center\">4.838<\/p>\n<\/td>\n<td><a href=\"https:\/\/cofecon.org.br\/transparencia\/files\/atos_normativos\/Del\/2015\/Del-2015(10).pdf\" target=\"_blank\" rel=\"noopener\"> Homologa processos administrativos 667\u00aa Plen\u00e1ria-DF<\/a><\/td>\n<\/tr>\n<tr>\n<td>\n<p align=\"center\">4.839<\/p>\n<\/td>\n<td><a href=\"https:\/\/cofecon.org.br\/transparencia\/files\/atos_normativos\/Del\/2015\/Del-2015(11).pdf\" target=\"_blank\" rel=\"noopener\"> Homologa dossi\u00eas eleitorais<\/a><\/td>\n<\/tr>\n<tr>\n<td>\n<p align=\"center\">4.840<\/p>\n<\/td>\n<td><a href=\"https:\/\/cofecon.org.br\/transparencia\/files\/atos_normativos\/Del\/2015\/Del-2015(12).pdf\" target=\"_blank\" rel=\"noopener\"> Homologa processos administrativo 668\u00aa Plen\u00e1ria-DF<\/a><\/td>\n<\/tr>\n<tr>\n<td>\n<p align=\"center\">4.841<\/p>\n<\/td>\n<td><a href=\"https:\/\/cofecon.org.br\/transparencia\/files\/atos_normativos\/Del\/2015\/Del-2015(13).pdf\" target=\"_blank\" rel=\"noopener\"> Homologa processos cont\u00e1beis 668\u00aa Plen\u00e1ria-DF<\/a><\/td>\n<\/tr>\n<tr>\n<td>\n<p align=\"center\">4.842<\/p>\n<\/td>\n<td><a href=\"https:\/\/cofecon.org.br\/transparencia\/files\/atos_normativos\/Del\/2015\/Del-2015(14).pdf\" target=\"_blank\" rel=\"noopener\"> Declara nula a elei\u00e7\u00e3o do Corecon-MT<\/a><\/td>\n<\/tr>\n<tr>\n<td>\n<p align=\"center\">4.843<\/p>\n<\/td>\n<td><a href=\"https:\/\/cofecon.org.br\/transparencia\/files\/atos_normativos\/Del\/2015\/Del-2015(15).pdf\" target=\"_blank\" rel=\"noopener\"> Desfazimento de bens<\/a><\/td>\n<\/tr>\n<tr>\n<td>\n<p align=\"center\">4.844<\/p>\n<\/td>\n<td><a href=\"https:\/\/cofecon.org.br\/transparencia\/files\/atos_normativos\/Del\/2015\/Del-2015(16).pdf\" target=\"_blank\" rel=\"noopener\"> Retifica\u00e7\u00e3o Dossi\u00eas Eleitorais 667\u00aa Plen\u00e1ria-DF<\/a><\/td>\n<\/tr>\n<\/tbody>\n<\/table>\n<\/div>\t\t\t\t\t\t\t\t<\/div>\n\t\t\t\t<\/div>\n\t\t\t\t\t<\/div>\n\t\t<\/div>\n\t\t\t\t\t<\/div>\n\t\t<\/section>\n\t\t\t\t<\/div>\n\t\t","protected":false},"excerpt":{"rendered":"<p>Delibera\u00e7\u00f5es N\u00ba: Assunto: 4.829 Homologa processos administrativos 662\u00aa Plen\u00e1ria 4.830 Homologa processos administrativos 663\u00aa Plen\u00e1ria 4.831 Homologa processos cont\u00e1beis 663\u00aa Plen\u00e1ria 4.832 Homologa processos cont\u00e1beis 664\u00aa Plen\u00e1ria 4.833 Homologa processos administrativos 664\u00aa Plen\u00e1ria 4.834 Homologa processos cont\u00e1beis 665\u00ba Plen\u00e1ria 4.835 Homologa processos administrativos 665\u00ba Plen\u00e1ria 4.836 Homologa resultado do XXI PBE 4.837 Homologa processos cont\u00e1beis &hellip; <a href=\"https:\/\/cofecon.org.br\/transparencia\/?page_id=293\" class=\"more-link\">Continue reading <span class=\"screen-reader-text\">Deliberacoes-2015<\/span><\/a><\/p>\n","protected":false},"author":11,"featured_media":0,"parent":9,"menu_order":0,"comment_status":"closed","ping_status":"closed","template":"","meta":{"footnotes":""},"class_list":["post-293","page","type-page","status-publish","hentry"],"_links":{"self":[{"href":"https:\/\/cofecon.org.br\/transparencia\/index.php?rest_route=\/wp\/v2\/pages\/293"}],"collection":[{"href":"https:\/\/cofecon.org.br\/transparencia\/index.php?rest_route=\/wp\/v2\/pages"}],"about":[{"href":"https:\/\/cofecon.org.br\/transparencia\/index.php?rest_route=\/wp\/v2\/types\/page"}],"author":[{"embeddable":true,"href":"https:\/\/cofecon.org.br\/transparencia\/index.php?rest_route=\/wp\/v2\/users\/11"}],"replies":[{"embeddable":true,"href":"https:\/\/cofecon.org.br\/transparencia\/index.php?rest_route=%2Fwp%2Fv2%2Fcomments&post=293"}],"version-history":[{"count":7,"href":"https:\/\/cofecon.org.br\/transparencia\/index.php?rest_route=\/wp\/v2\/pages\/293\/revisions"}],"predecessor-version":[{"id":10051,"href":"https:\/\/cofecon.org.br\/transparencia\/index.php?rest_route=\/wp\/v2\/pages\/293\/revisions\/10051"}],"up":[{"embeddable":true,"href":"https:\/\/cofecon.org.br\/transparencia\/index.php?rest_route=\/wp\/v2\/pages\/9"}],"wp:attachment":[{"href":"https:\/\/cofecon.org.br\/transparencia\/index.php?rest_route=%2Fwp%2Fv2%2Fmedia&parent=293"}],"curies":[{"name":"wp","href":"https:\/\/api.w.org\/{rel}","templated":true}]}}