{"id":291,"date":"2017-04-04T18:05:48","date_gmt":"2017-04-04T18:05:48","guid":{"rendered":"http:\/\/cofecon.org.br\/transparencia\/?page_id=291"},"modified":"2025-10-15T18:17:59","modified_gmt":"2025-10-15T18:17:59","slug":"deliberacoes-2014","status":"publish","type":"page","link":"https:\/\/cofecon.org.br\/transparencia\/?page_id=291","title":{"rendered":"Deliberacoes-2014"},"content":{"rendered":"\t\t<div data-elementor-type=\"wp-page\" data-elementor-id=\"291\" class=\"elementor elementor-291\">\n\t\t\t\t\t\t<section class=\"elementor-section elementor-top-section elementor-element elementor-element-65f8731d elementor-section-boxed elementor-section-height-default elementor-section-height-default\" data-id=\"65f8731d\" data-element_type=\"section\">\n\t\t\t\t\t\t<div class=\"elementor-container elementor-column-gap-default\">\n\t\t\t\t\t<div class=\"elementor-column elementor-col-100 elementor-top-column elementor-element elementor-element-4c96fb4d\" data-id=\"4c96fb4d\" data-element_type=\"column\">\n\t\t\t<div class=\"elementor-widget-wrap elementor-element-populated\">\n\t\t\t\t\t\t<div class=\"elementor-element elementor-element-339bad24 elementor-widget elementor-widget-text-editor\" data-id=\"339bad24\" data-element_type=\"widget\" data-widget_type=\"text-editor.default\">\n\t\t\t\t<div class=\"elementor-widget-container\">\n\t\t\t\t\t\t\t\t\t<div align=\"left\">\n<table border=\"0\" align=\"center\">\n<tbody>\n<tr>\n<th scope=\"row\" align=\"center\" valign=\"middle\" width=\"134\">\n<p dir=\"ltr\" align=\"left\"><strong><span style=\"text-decoration: underline;\"><span style=\"font-size: 10pt;\">Delibera\u00e7\u00f5es N\u00ba:<\/span><\/span><\/strong><\/p>\n<\/th>\n<th scope=\"row\" align=\"center\" valign=\"middle\" width=\"499\">\n<p align=\"center\"><strong><span style=\"text-decoration: underline;\"><span style=\"font-size: 10pt;\">Assunto:<\/span><\/span><\/strong><\/p>\n<\/th>\n<\/tr>\n<tr>\n<td>\n<p align=\"center\">4.801<\/p>\n<\/td>\n<td><a href=\"https:\/\/cofecon.org.br\/transparencia\/files\/atos_normativos\/Del\/2014\/Del-2014(1).pdf\" target=\"_blank\" rel=\"noopener\">Homologa processos administrativos 655\u00aa Plen\u00e1ria<\/a><\/td>\n<\/tr>\n<tr>\n<td>\n<p align=\"center\">4.802<\/p>\n<\/td>\n<td><a href=\"https:\/\/cofecon.org.br\/transparencia\/files\/atos_normativos\/Del\/2014\/Del-2014(2).pdf\" target=\"_blank\" rel=\"noopener\">Homologa dossi\u00ea eleitoral CORECON-PA<\/a><\/td>\n<\/tr>\n<tr>\n<td>\n<p align=\"center\">4.803<\/p>\n<\/td>\n<td><a href=\"https:\/\/cofecon.org.br\/transparencia\/files\/atos_normativos\/Del\/2014\/Del-2014(3).pdf\" target=\"_blank\" rel=\"noopener\">Homologa processos administrativos 656\u00aa Plen\u00e1ria<\/a><\/td>\n<\/tr>\n<tr>\n<td>\n<p align=\"center\">4.804<\/p>\n<\/td>\n<td><a href=\"https:\/\/cofecon.org.br\/transparencia\/files\/atos_normativos\/Del\/2014\/Del-2014(4).pdf\" target=\"_blank\" rel=\"noopener\">Homologa processos cont\u00e1beis 656\u00aa Plen\u00e1ria<\/a><\/td>\n<\/tr>\n<tr>\n<td>\n<p align=\"center\">4.805<\/p>\n<\/td>\n<td><a href=\"https:\/\/cofecon.org.br\/transparencia\/files\/atos_normativos\/Del\/2014\/Del-2014(5).pdf\" target=\"_blank\" rel=\"noopener\">Concede Apoio Financeiro Since ad referendum<\/a><\/td>\n<\/tr>\n<tr>\n<td>\n<p align=\"center\">4.806<\/p>\n<\/td>\n<td><a href=\"https:\/\/cofecon.org.br\/transparencia\/files\/atos_normativos\/Del\/2014\/Del-2014(6).pdf\" target=\"_blank\" rel=\"noopener\">Concede Apoio Financeiro Enam ad referendum<\/a><\/td>\n<\/tr>\n<tr>\n<td>\n<p align=\"center\">4.807<\/p>\n<\/td>\n<td><a href=\"https:\/\/cofecon.org.br\/transparencia\/files\/atos_normativos\/Del\/2014\/Del-2014(7).pdf\" target=\"_blank\" rel=\"noopener\">Delibera\u00e7\u00e3o 4.807-31.5- Homologa processo Administrativo &#8211; 657\u00aa-DF<\/a><\/td>\n<\/tr>\n<tr>\n<td>\n<p align=\"center\">4.808<\/p>\n<\/td>\n<td><a href=\"https:\/\/cofecon.org.br\/transparencia\/files\/atos_normativos\/Del\/2014\/Del-2014(8).pdf\" target=\"_blank\" rel=\"noopener\">Delibera\u00e7\u00e3o 4.808-31.5- Homologa processos Cont\u00e1beis &#8211; 657\u00aa-DF<\/a><\/td>\n<\/tr>\n<tr>\n<td>\n<p align=\"center\">4.809<\/p>\n<\/td>\n<td><a href=\"https:\/\/cofecon.org.br\/transparencia\/files\/atos_normativos\/Del\/2014\/Del-2014(9).pdf\" target=\"_blank\" rel=\"noopener\">Reajusta tabela de sal\u00e1rios<\/a><\/td>\n<\/tr>\n<tr>\n<td>\n<p align=\"center\">4.810<\/p>\n<\/td>\n<td><a href=\"https:\/\/cofecon.org.br\/transparencia\/files\/atos_normativos\/Del\/2014\/Del-2014(10).pdf\" target=\"_blank\" rel=\"noopener\">Homologa processos cont\u00e1beis 658\u00aa<\/a><\/td>\n<\/tr>\n<tr>\n<td>\n<p align=\"center\">4.811<\/p>\n<\/td>\n<td><a href=\"https:\/\/cofecon.org.br\/transparencia\/files\/atos_normativos\/Del\/2014\/Del-2014(11).pdf\" target=\"_blank\" rel=\"noopener\">Homologa processos administrativos 658\u00aa<\/a><\/td>\n<\/tr>\n<tr>\n<td>\n<p align=\"center\">4.812<\/p>\n<\/td>\n<td><a href=\"https:\/\/cofecon.org.br\/transparencia\/files\/atos_normativos\/Del\/2014\/Del-2014(12).pdf\" target=\"_blank\" rel=\"noopener\">Dilig\u00eancia Corecon-PA<\/a><\/td>\n<\/tr>\n<tr>\n<td>\n<p align=\"center\">4.813<\/p>\n<\/td>\n<td><a href=\"https:\/\/cofecon.org.br\/transparencia\/files\/atos_normativos\/Del\/2014\/Del-2014(13).pdf\" target=\"_blank\" rel=\"noopener\">Cria Cargo em Extin\u00e7\u00e3o &#8211; Assistente Administrativo<\/a><\/td>\n<\/tr>\n<tr>\n<td>\n<p align=\"center\">4.814<\/p>\n<\/td>\n<td><a href=\"https:\/\/cofecon.org.br\/transparencia\/files\/atos_normativos\/Del\/2014\/Del-2014(14).pdf\" target=\"_blank\" rel=\"noopener\">Resultado XX PBE<\/a><\/td>\n<\/tr>\n<tr>\n<td>\n<p align=\"center\">4.815<\/p>\n<\/td>\n<td><a href=\"https:\/\/cofecon.org.br\/transparencia\/files\/atos_normativos\/Del\/2014\/Del-2014(15).pdf\" target=\"_blank\" rel=\"noopener\">Homologa processo Administrativo &#8211; 659\u00aa-GO<\/a><\/td>\n<\/tr>\n<tr>\n<td>\n<p align=\"center\">4.816<\/p>\n<\/td>\n<td><a href=\"https:\/\/cofecon.org.br\/transparencia\/files\/atos_normativos\/Del\/2014\/Del-2014(16).pdf\" target=\"_blank\" rel=\"noopener\">Homologa processos cont\u00e1beis &#8211; 659\u00aa-GO<\/a><\/td>\n<\/tr>\n<tr>\n<td>\n<p align=\"center\">4.817<\/p>\n<\/td>\n<td><a href=\"https:\/\/cofecon.org.br\/transparencia\/files\/atos_normativos\/Del\/2014\/Del-2014(17).pdf\" target=\"_blank\" rel=\"noopener\">Ad Referendum-Homologa Regimento Interno Corecon-DF<\/a><\/td>\n<\/tr>\n<tr>\n<td>\n<p align=\"center\">4.818<\/p>\n<\/td>\n<td><a href=\"https:\/\/cofecon.org.br\/transparencia\/files\/atos_normativos\/Del\/2014\/Del-2014(18).pdf\" target=\"_blank\" rel=\"noopener\">Aux\u00edlio Financeiro ANGE<\/a><\/td>\n<\/tr>\n<tr>\n<td>\n<p align=\"center\">4.819<\/p>\n<\/td>\n<td><a href=\"https:\/\/cofecon.org.br\/transparencia\/files\/atos_normativos\/Del\/2014\/Del-2014(19).pdf\" target=\"_blank\" rel=\"noopener\">Altera os valores concedidos para o CBE e dos Encontros Regionais<\/a><\/td>\n<\/tr>\n<tr>\n<td>\n<p align=\"center\">4.820<\/p>\n<\/td>\n<td><a href=\"https:\/\/cofecon.org.br\/transparencia\/files\/atos_normativos\/Del\/2014\/Del-2014(20).pdf\" target=\"_blank\" rel=\"noopener\">Condiciona possibilidade de registro<\/a><\/td>\n<\/tr>\n<tr>\n<td>\n<p align=\"center\">4.821<\/p>\n<\/td>\n<td><a href=\"https:\/\/cofecon.org.br\/transparencia\/files\/atos_normativos\/Del\/2014\/Del-2014(21).pdf\" target=\"_blank\" rel=\"noopener\">Homologa Processos Cont\u00e1beis 660\u00aa Plen\u00e1ria<\/a><\/td>\n<\/tr>\n<tr>\n<td>\n<p align=\"center\">4.822<\/p>\n<\/td>\n<td><a href=\"https:\/\/cofecon.org.br\/transparencia\/files\/atos_normativos\/Del\/2014\/Del-2014(22).pdf\" target=\"_blank\" rel=\"noopener\">Homologa Processos Administrativos 660\u00aa Plen\u00e1ria<\/a><\/td>\n<\/tr>\n<tr>\n<td>\n<p align=\"center\">4.823<\/p>\n<\/td>\n<td><a href=\"https:\/\/cofecon.org.br\/transparencia\/files\/atos_normativos\/Del\/2014\/Del-2014(23).pdf\" target=\"_blank\" rel=\"noopener\">Homologa Dossi\u00eas Eleitorais &#8211; 2014<\/a><\/td>\n<\/tr>\n<tr>\n<td>\n<p align=\"center\">4.824<\/p>\n<\/td>\n<td><a href=\"https:\/\/cofecon.org.br\/transparencia\/files\/atos_normativos\/Del\/2014\/Del-2014(24).pdf\" target=\"_blank\" rel=\"noopener\">Indefere solicita\u00e7\u00e3o<\/a><\/td>\n<\/tr>\n<tr>\n<td>\n<p align=\"center\">4.825<\/p>\n<\/td>\n<td><a href=\"https:\/\/cofecon.org.br\/transparencia\/files\/atos_normativos\/Del\/2014\/Del-2014(25).pdf\" target=\"_blank\" rel=\"noopener\">Homologa processos administrativos 661\u00aa Plen\u00e1ria<\/a><\/td>\n<\/tr>\n<tr>\n<td>\n<p align=\"center\">4.826<\/p>\n<\/td>\n<td><a href=\"https:\/\/cofecon.org.br\/transparencia\/files\/atos_normativos\/Del\/2014\/Del-2014(26).pdf\" target=\"_blank\" rel=\"noopener\">Aprova, presta\u00e7\u00e3o de contas CBE-2013<\/a><\/td>\n<\/tr>\n<tr>\n<td>\n<p align=\"center\">4.827<\/p>\n<\/td>\n<td><a href=\"https:\/\/cofecon.org.br\/transparencia\/files\/atos_normativos\/Del\/2014\/Del-2014(27).pdf\" target=\"_blank\" rel=\"noopener\">Homologa, com ressalva, Dossi\u00ea Eleitoral Corecona-AP<\/a><\/td>\n<\/tr>\n<tr>\n<td>\n<p align=\"center\">4.828<\/p>\n<\/td>\n<td><a href=\"https:\/\/cofecon.org.br\/transparencia\/files\/atos_normativos\/Del\/2014\/Del-2014(28).pdf\" target=\"_blank\" rel=\"noopener\">Homologa processos cont\u00e1beis 661\u00aa Plen\u00e1ria<\/a><\/td>\n<\/tr>\n<\/tbody>\n<\/table>\n<\/div>\t\t\t\t\t\t\t\t<\/div>\n\t\t\t\t<\/div>\n\t\t\t\t\t<\/div>\n\t\t<\/div>\n\t\t\t\t\t<\/div>\n\t\t<\/section>\n\t\t\t\t<\/div>\n\t\t","protected":false},"excerpt":{"rendered":"<p>Delibera\u00e7\u00f5es N\u00ba: Assunto: 4.801 Homologa processos administrativos 655\u00aa Plen\u00e1ria 4.802 Homologa dossi\u00ea eleitoral CORECON-PA 4.803 Homologa processos administrativos 656\u00aa Plen\u00e1ria 4.804 Homologa processos cont\u00e1beis 656\u00aa Plen\u00e1ria 4.805 Concede Apoio Financeiro Since ad referendum 4.806 Concede Apoio Financeiro Enam ad referendum 4.807 Delibera\u00e7\u00e3o 4.807-31.5- Homologa processo Administrativo &#8211; 657\u00aa-DF 4.808 Delibera\u00e7\u00e3o 4.808-31.5- Homologa processos Cont\u00e1beis &#8211; &hellip; <a href=\"https:\/\/cofecon.org.br\/transparencia\/?page_id=291\" class=\"more-link\">Continue reading <span class=\"screen-reader-text\">Deliberacoes-2014<\/span><\/a><\/p>\n","protected":false},"author":11,"featured_media":0,"parent":9,"menu_order":0,"comment_status":"closed","ping_status":"closed","template":"","meta":{"footnotes":""},"class_list":["post-291","page","type-page","status-publish","hentry"],"_links":{"self":[{"href":"https:\/\/cofecon.org.br\/transparencia\/index.php?rest_route=\/wp\/v2\/pages\/291"}],"collection":[{"href":"https:\/\/cofecon.org.br\/transparencia\/index.php?rest_route=\/wp\/v2\/pages"}],"about":[{"href":"https:\/\/cofecon.org.br\/transparencia\/index.php?rest_route=\/wp\/v2\/types\/page"}],"author":[{"embeddable":true,"href":"https:\/\/cofecon.org.br\/transparencia\/index.php?rest_route=\/wp\/v2\/users\/11"}],"replies":[{"embeddable":true,"href":"https:\/\/cofecon.org.br\/transparencia\/index.php?rest_route=%2Fwp%2Fv2%2Fcomments&post=291"}],"version-history":[{"count":10,"href":"https:\/\/cofecon.org.br\/transparencia\/index.php?rest_route=\/wp\/v2\/pages\/291\/revisions"}],"predecessor-version":[{"id":10058,"href":"https:\/\/cofecon.org.br\/transparencia\/index.php?rest_route=\/wp\/v2\/pages\/291\/revisions\/10058"}],"up":[{"embeddable":true,"href":"https:\/\/cofecon.org.br\/transparencia\/index.php?rest_route=\/wp\/v2\/pages\/9"}],"wp:attachment":[{"href":"https:\/\/cofecon.org.br\/transparencia\/index.php?rest_route=%2Fwp%2Fv2%2Fmedia&parent=291"}],"curies":[{"name":"wp","href":"https:\/\/api.w.org\/{rel}","templated":true}]}}