{"id":289,"date":"2017-04-04T18:05:05","date_gmt":"2017-04-04T18:05:05","guid":{"rendered":"http:\/\/cofecon.org.br\/transparencia\/?page_id=289"},"modified":"2025-10-15T18:23:28","modified_gmt":"2025-10-15T18:23:28","slug":"deliberacoes-2013","status":"publish","type":"page","link":"https:\/\/cofecon.org.br\/transparencia\/?page_id=289","title":{"rendered":"Deliberacoes-2013"},"content":{"rendered":"\t\t<div data-elementor-type=\"wp-page\" data-elementor-id=\"289\" class=\"elementor elementor-289\">\n\t\t\t\t\t\t<section class=\"elementor-section elementor-top-section elementor-element elementor-element-666841a3 elementor-section-boxed elementor-section-height-default elementor-section-height-default\" data-id=\"666841a3\" data-element_type=\"section\">\n\t\t\t\t\t\t<div class=\"elementor-container elementor-column-gap-default\">\n\t\t\t\t\t<div class=\"elementor-column elementor-col-100 elementor-top-column elementor-element elementor-element-4a21c95d\" data-id=\"4a21c95d\" data-element_type=\"column\">\n\t\t\t<div class=\"elementor-widget-wrap elementor-element-populated\">\n\t\t\t\t\t\t<div class=\"elementor-element elementor-element-1c70d2d7 elementor-widget elementor-widget-text-editor\" data-id=\"1c70d2d7\" data-element_type=\"widget\" data-widget_type=\"text-editor.default\">\n\t\t\t\t<div class=\"elementor-widget-container\">\n\t\t\t\t\t\t\t\t\t<div align=\"center\">\n<table border=\"0\" align=\"center\">\n<tbody>\n<tr>\n<th scope=\"row\" align=\"center\" valign=\"middle\" width=\"134\">\n<p dir=\"ltr\" align=\"left\"><strong><span style=\"text-decoration: underline;\"><span style=\"font-size: 10pt;\">Delibera\u00e7\u00f5es N\u00ba:<\/span><\/span><\/strong><\/p>\n<\/th>\n<th scope=\"row\" align=\"center\" valign=\"middle\" width=\"499\">\n<p align=\"center\"><strong><span style=\"text-decoration: underline;\"><span style=\"font-size: 10pt;\">Assunto:<\/span><\/span><\/strong><\/p>\n<\/th>\n<\/tr>\n<tr>\n<td>\n<p align=\"center\">4.779<\/p>\n<\/td>\n<td><a href=\"https:\/\/cofecon.org.br\/transparencia\/files\/atos_normativos\/Del\/2013\/Del-2013(1).pdf\" target=\"_blank\" rel=\"noopener\">Homologa processos administrativos 647\u00aa Plen\u00e1ria<\/a><\/td>\n<\/tr>\n<tr>\n<td>\n<p align=\"center\">4.780<\/p>\n<\/td>\n<td><a href=\"https:\/\/cofecon.org.br\/transparencia\/files\/atos_normativos\/Del\/2013\/Del-2013(2).pdf\" target=\"_blank\" rel=\"noopener\">Arquiva solicita\u00e7\u00e3o de interven\u00e7\u00e3o<\/a><\/td>\n<\/tr>\n<tr>\n<td>\n<p align=\"center\">4.781<\/p>\n<\/td>\n<td><a href=\"https:\/\/cofecon.org.br\/transparencia\/files\/atos_normativos\/Del\/2013\/Del-2013(3).pdf\" target=\"_blank\" rel=\"noopener\">Homologa Dossi\u00ea Eleitoral CORECON-PA<\/a><\/td>\n<\/tr>\n<tr>\n<td>\n<p align=\"center\">4.782<\/p>\n<\/td>\n<td><a href=\"https:\/\/cofecon.org.br\/transparencia\/files\/atos_normativos\/Del\/2013\/Del-2013(4).pdf\" target=\"_blank\" rel=\"noopener\">Homologa Processos Administrativos da 648\u00aa Plen\u00e1ria &#8211; DF<\/a><\/td>\n<\/tr>\n<tr>\n<td>\n<p align=\"center\">4.783<\/p>\n<\/td>\n<td><a href=\"https:\/\/cofecon.org.br\/transparencia\/files\/atos_normativos\/Del\/2013\/Del-2013(5).pdf\" target=\"_blank\" rel=\"noopener\">Homologa processos cont\u00e1beis 648\u00aa Plen\u00e1ria<\/a><\/td>\n<\/tr>\n<tr>\n<td>\n<p align=\"center\">4.784<\/p>\n<\/td>\n<td><a href=\"https:\/\/cofecon.org.br\/transparencia\/files\/atos_normativos\/Del\/2013\/Del-2013(6).pdf\" target=\"_blank\" rel=\"noopener\">Homologa processos cont\u00e1beis da 649\u00aa Plen\u00e1ria<\/a><\/td>\n<\/tr>\n<tr>\n<td>\n<p align=\"center\">4.785<\/p>\n<\/td>\n<td><a href=\"https:\/\/cofecon.org.br\/transparencia\/files\/atos_normativos\/Del\/2013\/Del-2013(7).pdf\" target=\"_blank\" rel=\"noopener\">Homologa processos administrativos da 649\u00aa Plen\u00e1ria<\/a><\/td>\n<\/tr>\n<tr>\n<td>\n<p align=\"center\">4.786<\/p>\n<\/td>\n<td><a href=\"https:\/\/cofecon.org.br\/transparencia\/files\/atos_normativos\/Del\/2013\/Del-2013(8).pdf\" target=\"_blank\" rel=\"noopener\">Homologa processos cont\u00e1beis da 650\u00aa Plen\u00e1ria<\/a><\/td>\n<\/tr>\n<tr>\n<td>\n<p align=\"center\">4.787<\/p>\n<\/td>\n<td><a href=\"https:\/\/cofecon.org.br\/transparencia\/files\/atos_normativos\/Del\/2013\/Del-2013(9).pdf\" target=\"_blank\" rel=\"noopener\">Homologa processos administrativos 650\u00aa Plen\u00e1ria<\/a><\/td>\n<\/tr>\n<tr>\n<td>\n<p align=\"center\">4.788<\/p>\n<\/td>\n<td><a href=\"https:\/\/cofecon.org.br\/transparencia\/files\/atos_normativos\/Del\/2013\/Del-2013(10).pdf\" target=\"_blank\" rel=\"noopener\">Homologa Processos Administrativos 651\u00aa Plen\u00e1ria<\/a><\/td>\n<\/tr>\n<tr>\n<td>\n<p align=\"center\">4.789<\/p>\n<\/td>\n<td><a href=\"https:\/\/cofecon.org.br\/transparencia\/files\/atos_normativos\/Del\/2013\/Del-2013(11).pdf\" target=\"_blank\" rel=\"noopener\">Homologa Processos Cont\u00e1beis 651\u00aa Plen\u00e1ria<\/a><\/td>\n<\/tr>\n<tr>\n<td>\n<p align=\"center\">4.790<\/p>\n<\/td>\n<td><a href=\"https:\/\/cofecon.org.br\/transparencia\/files\/atos_normativos\/Del\/2013\/Del-2013(12).pdf\" target=\"_blank\" rel=\"noopener\">Resultado XIX PBE &#8211; 2013<\/a><\/td>\n<\/tr>\n<tr>\n<td>\n<p align=\"center\">4.791<\/p>\n<\/td>\n<td><a href=\"https:\/\/cofecon.org.br\/transparencia\/files\/atos_normativos\/Del\/2013\/Del-2013(13).pdf\" target=\"_blank\" rel=\"noopener\">Homologa processos cont\u00e1beis 652\u00aa Plen\u00e1ria<\/a><\/td>\n<\/tr>\n<tr>\n<td>\n<p align=\"center\">4.792<\/p>\n<\/td>\n<td><a href=\"https:\/\/cofecon.org.br\/transparencia\/files\/atos_normativos\/Del\/2013\/Del-2013(14).pdf\" target=\"_blank\" rel=\"noopener\">Homologa processos administrativos 652\u00aa Plen\u00e1ria<\/a><\/td>\n<\/tr>\n<tr>\n<td>\n<p align=\"center\">4.793<\/p>\n<\/td>\n<td><a href=\"https:\/\/cofecon.org.br\/transparencia\/files\/atos_normativos\/Del\/2013\/Del-2013(15).pdf\" target=\"_blank\" rel=\"noopener\">Elei\u00e7\u00f5es CORECON-PA<\/a><\/td>\n<\/tr>\n<tr>\n<td>\n<p align=\"center\">4.794<\/p>\n<\/td>\n<td><a href=\"https:\/\/cofecon.org.br\/transparencia\/files\/atos_normativos\/Del\/2013\/Del-2013(16).pdf\" target=\"_blank\" rel=\"noopener\">Homologa processos cont\u00e1beis 653\u00aa Plen\u00e1ria<\/a><\/td>\n<\/tr>\n<tr>\n<td>\n<p align=\"center\">4.795<\/p>\n<\/td>\n<td><a href=\"https:\/\/cofecon.org.br\/transparencia\/files\/atos_normativos\/Del\/2013\/Del-2013(17).pdf\" target=\"_blank\" rel=\"noopener\">Homologa Dossi\u00eas Eleitorais 653\u00aa Plen\u00e1ria<\/a><\/td>\n<\/tr>\n<tr>\n<td>\n<p align=\"center\">4.796<\/p>\n<\/td>\n<td><a href=\"https:\/\/cofecon.org.br\/transparencia\/files\/atos_normativos\/Del\/2013\/Del-2013(18).pdf\" target=\"_blank\" rel=\"noopener\"> Homologa processos administrativos 653\u00aa Plen\u00e1ria<\/a><\/td>\n<\/tr>\n<tr>\n<td>\n<p align=\"center\">4.797<\/p>\n<\/td>\n<td><a href=\"https:\/\/cofecon.org.br\/transparencia\/files\/atos_normativos\/Del\/2013\/Del-2013(19).pdf\" target=\"_blank\" rel=\"noopener\"> Homologa processos cont\u00e1beis 654\u00aa Plen\u00e1ria<\/a><\/td>\n<\/tr>\n<tr>\n<td>\n<p align=\"center\">4.798<\/p>\n<\/td>\n<td><a href=\"https:\/\/cofecon.org.br\/transparencia\/files\/atos_normativos\/Del\/2013\/Del-2013(20).pdf\" target=\"_blank\" rel=\"noopener\">Homologa processos administrativos 654\u00aa Plen\u00e1ria<\/a><\/td>\n<\/tr>\n<tr>\n<td>\n<p align=\"center\">4.799<\/p>\n<\/td>\n<td><a href=\"https:\/\/cofecon.org.br\/transparencia\/files\/atos_normativos\/Del\/2013\/Del-2013(21).pdf\" target=\"_blank\" rel=\"noopener\">Homologa Dossi\u00ea Eleitoral CORECON-AP<\/a><\/td>\n<\/tr>\n<tr>\n<td>\n<p align=\"center\">4.800<\/p>\n<\/td>\n<td><a href=\"https:\/\/cofecon.org.br\/transparencia\/files\/atos_normativos\/Del\/2013\/Del-2013(22).pdf\" target=\"_blank\" rel=\"noopener\"> Processo eleitoral CORECON-PA<\/a><\/td>\n<\/tr>\n<\/tbody>\n<\/table>\n<\/div>\t\t\t\t\t\t\t\t<\/div>\n\t\t\t\t<\/div>\n\t\t\t\t\t<\/div>\n\t\t<\/div>\n\t\t\t\t\t<\/div>\n\t\t<\/section>\n\t\t\t\t<\/div>\n\t\t","protected":false},"excerpt":{"rendered":"<p>Delibera\u00e7\u00f5es N\u00ba: Assunto: 4.779 Homologa processos administrativos 647\u00aa Plen\u00e1ria 4.780 Arquiva solicita\u00e7\u00e3o de interven\u00e7\u00e3o 4.781 Homologa Dossi\u00ea Eleitoral CORECON-PA 4.782 Homologa Processos Administrativos da 648\u00aa Plen\u00e1ria &#8211; DF 4.783 Homologa processos cont\u00e1beis 648\u00aa Plen\u00e1ria 4.784 Homologa processos cont\u00e1beis da 649\u00aa Plen\u00e1ria 4.785 Homologa processos administrativos da 649\u00aa Plen\u00e1ria 4.786 Homologa processos cont\u00e1beis da 650\u00aa Plen\u00e1ria &hellip; <a href=\"https:\/\/cofecon.org.br\/transparencia\/?page_id=289\" class=\"more-link\">Continue reading <span class=\"screen-reader-text\">Deliberacoes-2013<\/span><\/a><\/p>\n","protected":false},"author":11,"featured_media":0,"parent":9,"menu_order":0,"comment_status":"closed","ping_status":"closed","template":"","meta":{"footnotes":""},"class_list":["post-289","page","type-page","status-publish","hentry"],"_links":{"self":[{"href":"https:\/\/cofecon.org.br\/transparencia\/index.php?rest_route=\/wp\/v2\/pages\/289"}],"collection":[{"href":"https:\/\/cofecon.org.br\/transparencia\/index.php?rest_route=\/wp\/v2\/pages"}],"about":[{"href":"https:\/\/cofecon.org.br\/transparencia\/index.php?rest_route=\/wp\/v2\/types\/page"}],"author":[{"embeddable":true,"href":"https:\/\/cofecon.org.br\/transparencia\/index.php?rest_route=\/wp\/v2\/users\/11"}],"replies":[{"embeddable":true,"href":"https:\/\/cofecon.org.br\/transparencia\/index.php?rest_route=%2Fwp%2Fv2%2Fcomments&post=289"}],"version-history":[{"count":11,"href":"https:\/\/cofecon.org.br\/transparencia\/index.php?rest_route=\/wp\/v2\/pages\/289\/revisions"}],"predecessor-version":[{"id":10065,"href":"https:\/\/cofecon.org.br\/transparencia\/index.php?rest_route=\/wp\/v2\/pages\/289\/revisions\/10065"}],"up":[{"embeddable":true,"href":"https:\/\/cofecon.org.br\/transparencia\/index.php?rest_route=\/wp\/v2\/pages\/9"}],"wp:attachment":[{"href":"https:\/\/cofecon.org.br\/transparencia\/index.php?rest_route=%2Fwp%2Fv2%2Fmedia&parent=289"}],"curies":[{"name":"wp","href":"https:\/\/api.w.org\/{rel}","templated":true}]}}