{"id":285,"date":"2017-04-04T18:03:50","date_gmt":"2017-04-04T18:03:50","guid":{"rendered":"http:\/\/cofecon.org.br\/transparencia\/?page_id=285"},"modified":"2025-10-15T18:31:36","modified_gmt":"2025-10-15T18:31:36","slug":"deliberacoes-2011","status":"publish","type":"page","link":"https:\/\/cofecon.org.br\/transparencia\/?page_id=285","title":{"rendered":"Deliberacoes-2011"},"content":{"rendered":"\t\t<div data-elementor-type=\"wp-page\" data-elementor-id=\"285\" class=\"elementor elementor-285\">\n\t\t\t\t\t\t<section class=\"elementor-section elementor-top-section elementor-element elementor-element-6e50b370 elementor-section-boxed elementor-section-height-default elementor-section-height-default\" data-id=\"6e50b370\" data-element_type=\"section\">\n\t\t\t\t\t\t<div class=\"elementor-container elementor-column-gap-default\">\n\t\t\t\t\t<div class=\"elementor-column elementor-col-100 elementor-top-column elementor-element elementor-element-eac4d95\" data-id=\"eac4d95\" data-element_type=\"column\">\n\t\t\t<div class=\"elementor-widget-wrap elementor-element-populated\">\n\t\t\t\t\t\t<div class=\"elementor-element elementor-element-19408943 elementor-widget elementor-widget-text-editor\" data-id=\"19408943\" data-element_type=\"widget\" data-widget_type=\"text-editor.default\">\n\t\t\t\t<div class=\"elementor-widget-container\">\n\t\t\t\t\t\t\t\t\t<div align=\"center\">\n<table border=\"0\" align=\"center\">\n<tbody>\n<tr>\n<th scope=\"row\" align=\"center\" valign=\"middle\" width=\"134\">\n<p dir=\"ltr\" align=\"left\"><strong><u><span style=\"font-size: 10pt;\">Delibera\u00e7\u00f5es N\u00ba:<\/span><\/u><\/strong><\/p>\n<\/th>\n<th scope=\"row\" align=\"center\" valign=\"middle\" width=\"499\">\n<p align=\"center\"><strong><u><span style=\"font-size: 10pt;\">Assunto:<\/span><\/u><\/strong><\/p>\n<\/th>\n<\/tr>\n<tr>\n<td>\n<p align=\"center\">4.716<\/p>\n<\/td>\n<td><a href=\"https:\/\/cofecon.org.br\/transparencia\/files\/atos_normativos\/Del\/2011\/Del-2011(1).pdf\" target=\"_blank\" rel=\"noopener\">Homologa processos apreciados na 631\u00aa Sess\u00e3o Plen\u00e1ria Ordin\u00e1ria do COFECON<\/a><\/td>\n<\/tr>\n<tr>\n<td>\n<p align=\"center\">4.717<\/p>\n<\/td>\n<td><a href=\"https:\/\/cofecon.org.br\/transparencia\/files\/atos_normativos\/Del\/2011\/Del-2011(2).pdf\" target=\"_blank\" rel=\"noopener\">Homologa processos Cont\u00e1beis dos Conselhos Regionais e do Cofecon<\/a><\/td>\n<\/tr>\n<tr>\n<td>\n<p align=\"center\">4.718<\/p>\n<\/td>\n<td><a href=\"https:\/\/cofecon.org.br\/transparencia\/files\/atos_normativos\/Del\/2011\/Del-2011(3).pdf\" target=\"_blank\" rel=\"noopener\">Homologa processos aprecisas na 632\u00aa Sess\u00e3o Plen\u00e1ria do COFECON<\/a><\/td>\n<\/tr>\n<tr>\n<td>\n<p align=\"center\">4.719<\/p>\n<\/td>\n<td><a href=\"https:\/\/cofecon.org.br\/transparencia\/files\/atos_normativos\/Del\/2011\/Del-2011(4).pdf\" target=\"_blank\" rel=\"noopener\">Prorroga prazo para pagamento do saldo devedor<\/a><\/td>\n<\/tr>\n<tr>\n<td>\n<p align=\"center\">4.720<\/p>\n<\/td>\n<td><a href=\"https:\/\/cofecon.org.br\/transparencia\/files\/atos_normativos\/Del\/2011\/Del-2011(6).pdf\" target=\"_blank\" rel=\"noopener\">Disp\u00f5e sobre a altera\u00e7\u00e3o no Normativo de Administra\u00e7\u00e3o &#8211; Cargo de Livre Provimento do COFECON<\/a><\/td>\n<\/tr>\n<tr>\n<td>\n<p align=\"center\">4.721<\/p>\n<\/td>\n<td><a href=\"https:\/\/cofecon.org.br\/transparencia\/files\/atos_normativos\/Del\/2011\/Del-2011(7).pdf\" target=\"_blank\" rel=\"noopener\">Disp\u00f5e sobre a altera\u00e7\u00e3o no Normativo de Administra\u00e7\u00e3o &#8211; Estrutura Organizacional do COFECON<\/a><\/td>\n<\/tr>\n<tr>\n<td>\n<p align=\"center\">4.723<\/p>\n<\/td>\n<td><a href=\"https:\/\/cofecon.org.br\/transparencia\/files\/atos_normativos\/Del\/2011\/Del-2011(8).pdf\" target=\"_blank\" rel=\"noopener\">Disp\u00f5e sobre a altera\u00e7\u00e3o no Normativo de Administra\u00e7\u00e3o &#8211; Quadro de Pessoal do COFECON<\/a><\/td>\n<\/tr>\n<tr>\n<td>\n<p align=\"center\">4.724<\/p>\n<\/td>\n<td><a href=\"https:\/\/cofecon.org.br\/transparencia\/files\/atos_normativos\/Del\/2011\/Del-2011(5).pdf\" target=\"_blank\" rel=\"noopener\">Concede apoio financeiro ao CORECON\/AM<\/a><\/td>\n<\/tr>\n<tr>\n<td>\n<p align=\"center\">4.725<\/p>\n<\/td>\n<td><a href=\"https:\/\/cofecon.org.br\/transparencia\/files\/atos_normativos\/Del\/2011\/Del-2011(9).pdf\" target=\"_blank\" rel=\"noopener\">Homologa Processos Cont\u00e1beis dos Conselhos Regionais e do Cofecon<\/a><\/td>\n<\/tr>\n<tr>\n<td>\n<p align=\"center\">4.726<\/p>\n<\/td>\n<td><a href=\"https:\/\/cofecon.org.br\/transparencia\/files\/atos_normativos\/Del\/2011\/Del-2011(10).pdf\" target=\"_blank\" rel=\"noopener\">Homologa processos apreciados na 633\u00aa Sess\u00e3o Plen\u00e1ria Ordin\u00e1ria do COFECON<\/a><\/td>\n<\/tr>\n<tr>\n<td>\n<p align=\"center\">4.727<\/p>\n<\/td>\n<td><a href=\"https:\/\/cofecon.org.br\/transparencia\/files\/atos_normativos\/Del\/2011\/Del-2011(11).pdf\" target=\"_blank\" rel=\"noopener\">Disp\u00f5e sobre a promo\u00e7\u00e3o horizontal em conformidade com as determina\u00e7\u00f5es contidas no Plano de Cargos e Sal\u00e1rios e no Normativo de Pessoal<\/a><\/td>\n<\/tr>\n<tr>\n<td>\n<p align=\"center\">4.728<\/p>\n<\/td>\n<td><a href=\"https:\/\/cofecon.org.br\/transparencia\/files\/atos_normativos\/Del\/2011\/Del-2011(12).pdf\" target=\"_blank\" rel=\"noopener\">Homologa Processos Cont\u00e1beis dos Conselhos Regionais e COFECON<\/a><\/td>\n<\/tr>\n<tr>\n<td>\n<p align=\"center\">4.729<\/p>\n<\/td>\n<td><a href=\"https:\/\/cofecon.org.br\/transparencia\/files\/atos_normativos\/Del\/2011\/Del-2011(13).pdf\" target=\"_blank\" rel=\"noopener\">Corrige os valores das Tabelas Salariais do Plano de Cargos e Sal\u00e1rios e Gratifica\u00e7\u00f5es dos cargos de livre provimento<\/a><\/td>\n<\/tr>\n<tr>\n<td>\n<p align=\"center\">4.730<\/p>\n<\/td>\n<td><a href=\"https:\/\/cofecon.org.br\/transparencia\/files\/atos_normativos\/Del\/2011\/Del-2011(14).pdf\" target=\"_blank\" rel=\"noopener\">Homologa processos apreciados na 634\u00aa Sess\u00e3o Plen\u00e1ria Ordin\u00e1ria do COFECON<\/a><\/td>\n<\/tr>\n<tr>\n<td>\n<p align=\"center\">4.731<\/p>\n<\/td>\n<td><a href=\"https:\/\/cofecon.org.br\/transparencia\/files\/atos_normativos\/Del\/2011\/Del-2011(15).pdf\" target=\"_blank\" rel=\"noopener\">Aprova a nova logomarca a ser utilizada pelo Sistema COFECON\/CORECONs<\/a><\/td>\n<\/tr>\n<tr>\n<td>\n<p align=\"center\">4.732<\/p>\n<\/td>\n<td><a href=\"https:\/\/cofecon.org.br\/transparencia\/files\/atos_normativos\/Del\/2011\/Del-2011(16).pdf\" target=\"_blank\" rel=\"noopener\">Homologa os resultados do XVII Pr\u00eamio Brasil de Economia-2011<\/a><\/td>\n<\/tr>\n<tr>\n<td>\n<p align=\"center\">4.733<\/p>\n<\/td>\n<td><a href=\"https:\/\/cofecon.org.br\/transparencia\/files\/atos_normativos\/Del\/2011\/Del-2011(17).pdf\" target=\"_blank\" rel=\"noopener\">Homologa Processos Cont\u00e1beis dos Conselhos Regionais<\/a><\/td>\n<\/tr>\n<tr>\n<td>\n<p align=\"center\">4.734<\/p>\n<\/td>\n<td><a href=\"https:\/\/cofecon.org.br\/transparencia\/files\/atos_normativos\/Del\/2011\/Del-2011(18).pdf\" target=\"_blank\" rel=\"noopener\">Homologa processos apreciados na 635\u00aa Sess\u00e3o Plen\u00e1ria Ordin\u00e1ria Ampliada do Conselho Federal de Economia<\/a><\/td>\n<\/tr>\n<tr>\n<td>\n<p align=\"center\">4.735<\/p>\n<\/td>\n<td><a href=\"https:\/\/cofecon.org.br\/transparencia\/files\/atos_normativos\/Del\/2011\/Del-2011(19).pdf\" target=\"_blank\" rel=\"noopener\">Recurso Administrativo Elei\u00e7\u00f5es CORECON-SE<\/a><\/td>\n<\/tr>\n<tr>\n<td>\n<p align=\"center\">4.736<\/p>\n<\/td>\n<td><a href=\"https:\/\/cofecon.org.br\/transparencia\/files\/atos_normativos\/Del\/2011\/Del-2011(20).pdf\" target=\"_blank\" rel=\"noopener\">ANGE &#8211; Concede Apoio Financeiro<\/a><\/td>\n<\/tr>\n<tr>\n<td>\n<p align=\"center\">4.737<\/p>\n<\/td>\n<td><a href=\"https:\/\/cofecon.org.br\/transparencia\/files\/atos_normativos\/Del\/2011\/Del-2011(21).pdf\" target=\"_blank\" rel=\"noopener\">Elei\u00e7\u00f5es CORECON-SP &#8211; Pedido Administrativo<\/a><\/td>\n<\/tr>\n<tr>\n<td>\n<p align=\"center\">4.738<\/p>\n<\/td>\n<td><a href=\"https:\/\/cofecon.org.br\/transparencia\/files\/atos_normativos\/Del\/2011\/Del-2011(22).pdf\" target=\"_blank\" rel=\"noopener\">Elei\u00e7\u00f5es CORECON-RS &#8211; Pedido Administrativo<\/a><\/td>\n<\/tr>\n<tr>\n<td>\n<p align=\"center\">4.739<\/p>\n<\/td>\n<td><a href=\"https:\/\/cofecon.org.br\/transparencia\/files\/atos_normativos\/Del\/2011\/Del-2011(23).pdf\" target=\"_blank\" rel=\"noopener\">Elei\u00e7\u00f5es CORECON-SE &#8211; Cumprimento Decis\u00e3o Judicial<\/a><\/td>\n<\/tr>\n<tr>\n<td>\n<p align=\"center\">4.740<\/p>\n<\/td>\n<td><a href=\"https:\/\/cofecon.org.br\/transparencia\/files\/atos_normativos\/Del\/2011\/Del-2011(24).pdf\" target=\"_blank\" rel=\"noopener\">Elei\u00e7\u00f5es CORECON-ES &#8211; Pedido Administrativo<\/a><\/td>\n<\/tr>\n<tr>\n<td>\n<p align=\"center\">4.741<\/p>\n<\/td>\n<td><a href=\"https:\/\/cofecon.org.br\/transparencia\/files\/atos_normativos\/Del\/2011\/Del-2011(25).pdf\" target=\"_blank\" rel=\"noopener\">Elei\u00e7\u00f5es CORECON-PI &#8211; Pedido Administrativo<\/a><\/td>\n<\/tr>\n<tr>\n<td>\n<p align=\"center\">4.742<\/p>\n<\/td>\n<td><a href=\"https:\/\/cofecon.org.br\/transparencia\/files\/atos_normativos\/Del\/2011\/Del-2011(26).pdf\" target=\"_blank\" rel=\"noopener\">ANPEC &#8211; Concede Apoio Financeiro<\/a><\/td>\n<\/tr>\n<tr>\n<td>\n<p align=\"center\">4.743<\/p>\n<\/td>\n<td><a href=\"https:\/\/cofecon.org.br\/transparencia\/files\/atos_normativos\/Del\/2011\/Del-2011(27).pdf\" target=\"_blank\" rel=\"noopener\">CORECON-TO &#8211; Aux\u00edlio financeiro &#8211; Revista Cen\u00e1rio 5\u00aa edi\u00e7\u00e3o<\/a><\/td>\n<\/tr>\n<tr>\n<td>\n<p align=\"center\">4.744<\/p>\n<\/td>\n<td><a href=\"https:\/\/cofecon.org.br\/transparencia\/files\/atos_normativos\/Del\/2011\/Del-2011(28).pdf\" target=\"_blank\" rel=\"noopener\">Homologa Processos Cont\u00e1beis 636\u00aa Sess\u00e3o Plen\u00e1ria Ordin\u00e1ria<\/a><\/td>\n<\/tr>\n<tr>\n<td>\n<p align=\"center\">4.745<\/p>\n<\/td>\n<td><a href=\"https:\/\/cofecon.org.br\/transparencia\/files\/atos_normativos\/Del\/2011\/Del-2011(29).pdf\" target=\"_blank\" rel=\"noopener\">Homologa Dossi\u00eas Eleitorais &#8211; 2011<\/a><\/td>\n<\/tr>\n<tr>\n<td>\n<p align=\"center\">4.746<\/p>\n<\/td>\n<td><a href=\"https:\/\/cofecon.org.br\/transparencia\/files\/atos_normativos\/Del\/2011\/Del-2011(30).pdf\" target=\"_blank\" rel=\"noopener\">Homologa Processos Apreciados na 636\u00aa Sess\u00e3o Plen\u00e1ria Ordin\u00e1ria<\/a><\/td>\n<\/tr>\n<tr>\n<td>\n<p align=\"center\">4.747<\/p>\n<\/td>\n<td><a href=\"https:\/\/cofecon.org.br\/transparencia\/files\/atos_normativos\/Del\/2011\/Del-2011(31).pdf\" target=\"_blank\" rel=\"noopener\">Indefere Quest\u00f5oes Suscitadas na ADE 2011<\/a><\/td>\n<\/tr>\n<tr>\n<td>\n<p align=\"center\">4.748<\/p>\n<\/td>\n<td><a href=\"https:\/\/cofecon.org.br\/transparencia\/files\/atos_normativos\/Del\/2011\/Del-2011(32).pdf\" target=\"_blank\" rel=\"noopener\">Homologa Processos Apreciados na 637\u00aa Sess\u00e3o Plen\u00e1ria Ordin\u00e1aria<\/a><\/td>\n<\/tr>\n<tr>\n<td>\n<p align=\"center\">4.749<\/p>\n<\/td>\n<td><a href=\"https:\/\/cofecon.org.br\/transparencia\/files\/atos_normativos\/Del\/2011\/Del-2011(33).pdf\" target=\"_blank\" rel=\"noopener\">Homologa Dossi\u00eas Eleitorais &#8211; 2011<\/a><\/td>\n<\/tr>\n<tr>\n<td>\n<p align=\"center\">4.750<\/p>\n<\/td>\n<td><a href=\"https:\/\/cofecon.org.br\/transparencia\/files\/atos_normativos\/Del\/2011\/Del-2011(34).pdf\" target=\"_blank\" rel=\"noopener\">Homologa Processos Cont\u00e1beis 637\u00aa Sess\u00e3o Plen\u00e1ria<\/a><\/td>\n<\/tr>\n<\/tbody>\n<\/table>\n<\/div>\t\t\t\t\t\t\t\t<\/div>\n\t\t\t\t<\/div>\n\t\t\t\t\t<\/div>\n\t\t<\/div>\n\t\t\t\t\t<\/div>\n\t\t<\/section>\n\t\t\t\t<\/div>\n\t\t","protected":false},"excerpt":{"rendered":"<p>Delibera\u00e7\u00f5es N\u00ba: Assunto: 4.716 Homologa processos apreciados na 631\u00aa Sess\u00e3o Plen\u00e1ria Ordin\u00e1ria do COFECON 4.717 Homologa processos Cont\u00e1beis dos Conselhos Regionais e do Cofecon 4.718 Homologa processos aprecisas na 632\u00aa Sess\u00e3o Plen\u00e1ria do COFECON 4.719 Prorroga prazo para pagamento do saldo devedor 4.720 Disp\u00f5e sobre a altera\u00e7\u00e3o no Normativo de Administra\u00e7\u00e3o &#8211; Cargo de Livre &hellip; <a href=\"https:\/\/cofecon.org.br\/transparencia\/?page_id=285\" class=\"more-link\">Continue reading <span class=\"screen-reader-text\">Deliberacoes-2011<\/span><\/a><\/p>\n","protected":false},"author":11,"featured_media":0,"parent":9,"menu_order":0,"comment_status":"closed","ping_status":"closed","template":"","meta":{"footnotes":""},"class_list":["post-285","page","type-page","status-publish","hentry"],"_links":{"self":[{"href":"https:\/\/cofecon.org.br\/transparencia\/index.php?rest_route=\/wp\/v2\/pages\/285"}],"collection":[{"href":"https:\/\/cofecon.org.br\/transparencia\/index.php?rest_route=\/wp\/v2\/pages"}],"about":[{"href":"https:\/\/cofecon.org.br\/transparencia\/index.php?rest_route=\/wp\/v2\/types\/page"}],"author":[{"embeddable":true,"href":"https:\/\/cofecon.org.br\/transparencia\/index.php?rest_route=\/wp\/v2\/users\/11"}],"replies":[{"embeddable":true,"href":"https:\/\/cofecon.org.br\/transparencia\/index.php?rest_route=%2Fwp%2Fv2%2Fcomments&post=285"}],"version-history":[{"count":9,"href":"https:\/\/cofecon.org.br\/transparencia\/index.php?rest_route=\/wp\/v2\/pages\/285\/revisions"}],"predecessor-version":[{"id":10079,"href":"https:\/\/cofecon.org.br\/transparencia\/index.php?rest_route=\/wp\/v2\/pages\/285\/revisions\/10079"}],"up":[{"embeddable":true,"href":"https:\/\/cofecon.org.br\/transparencia\/index.php?rest_route=\/wp\/v2\/pages\/9"}],"wp:attachment":[{"href":"https:\/\/cofecon.org.br\/transparencia\/index.php?rest_route=%2Fwp%2Fv2%2Fmedia&parent=285"}],"curies":[{"name":"wp","href":"https:\/\/api.w.org\/{rel}","templated":true}]}}