{"id":281,"date":"2017-04-04T18:02:20","date_gmt":"2017-04-04T18:02:20","guid":{"rendered":"http:\/\/cofecon.org.br\/transparencia\/?page_id=281"},"modified":"2026-04-14T19:43:29","modified_gmt":"2026-04-14T19:43:29","slug":"deliberacoes-2009","status":"publish","type":"page","link":"https:\/\/cofecon.org.br\/transparencia\/?page_id=281","title":{"rendered":"Deliberacoes-2009"},"content":{"rendered":"\t\t<div data-elementor-type=\"wp-page\" data-elementor-id=\"281\" class=\"elementor elementor-281\">\n\t\t\t\t\t\t<section class=\"elementor-section elementor-top-section elementor-element elementor-element-4b1bef0b elementor-section-boxed elementor-section-height-default elementor-section-height-default\" data-id=\"4b1bef0b\" data-element_type=\"section\">\n\t\t\t\t\t\t<div class=\"elementor-container elementor-column-gap-default\">\n\t\t\t\t\t<div class=\"elementor-column elementor-col-100 elementor-top-column elementor-element elementor-element-19552e57\" data-id=\"19552e57\" data-element_type=\"column\">\n\t\t\t<div class=\"elementor-widget-wrap elementor-element-populated\">\n\t\t\t\t\t\t<div class=\"elementor-element elementor-element-4c6488ea elementor-widget elementor-widget-text-editor\" data-id=\"4c6488ea\" data-element_type=\"widget\" data-widget_type=\"text-editor.default\">\n\t\t\t\t<div class=\"elementor-widget-container\">\n\t\t\t\t\t\t\t\t\t<div align=\"center\">\n<table border=\"0\" align=\"center\">\n<tbody>\n<tr>\n<td>\n<p align=\"left\"><strong><span style=\"text-decoration: underline;\"><span style=\"font-size: 10pt;\">Delibera\u00e7\u00f5es N\u00ba:<\/span><\/span><\/strong><\/p>\n<\/td>\n<td align=\"left\" valign=\"middle\">\n<p style=\"text-align: center;\" align=\"center\"><strong><span style=\"font-size: 10pt;\"><span style=\"text-decoration: underline;\">Assunto:<\/span><\/span><\/strong><\/p>\n<\/td>\n<\/tr>\n<tr>\n<td>\n<p align=\"center\">4.476<\/p>\n<\/td>\n<td style=\"text-align: left;\" align=\"left\" valign=\"middle\">\n<p style=\"text-align: justify;\" align=\"center\"><a href=\"https:\/\/cofecon.org.br\/transparencia\/files\/atos_normativos\/Del\/2009\/Del-2009.pdf\" target=\"_blank\" rel=\"noopener\">Revoga a Resolu\u00e7\u00e3o n\u00ba 1.802<\/a><\/p>\n<\/td>\n<\/tr>\n<tr>\n<td>\n<p align=\"center\">4.477<\/p>\n<\/td>\n<td style=\"text-align: left;\" align=\"left\" valign=\"middle\">\n<p style=\"text-align: justify;\" align=\"center\"><a href=\"https:\/\/cofecon.org.br\/transparencia\/files\/atos_normativos\/Del\/2009\/Del-2009%20(1).pdf\" target=\"_blank\" rel=\"noopener\">Revoga a Resolu\u00e7\u00e3o n\u00ba 1.805 de 2008<\/a><\/p>\n<\/td>\n<\/tr>\n<tr>\n<td>\n<p align=\"center\">4.478<\/p>\n<\/td>\n<td style=\"text-align: left;\" align=\"left\" valign=\"middle\">\n<p style=\"text-align: justify;\" align=\"center\"><a href=\"https:\/\/cofecon.org.br\/transparencia\/files\/atos_normativos\/Del\/2009\/Del-2009%20(2).pdf\" target=\"_blank\" rel=\"noopener\">Homologa o cancelamento de registro \ndo Economista Ant\u00f4nio Jos\u00e9 de Melo, \nregistrado no CORECON-SE.<\/a><\/p>\n<\/td>\n<\/tr>\n<tr>\n<td>\n<p align=\"center\">4.479<\/p>\n<\/td>\n<td style=\"text-align: left;\" align=\"left\" valign=\"middle\">\n<p style=\"text-align: justify;\" align=\"center\"><a href=\"https:\/\/cofecon.org.br\/transparencia\/files\/atos_normativos\/Del\/2009\/Del-2009%20(3).pdf\" target=\"_blank\" rel=\"noopener\">CORECON-RJ &#8211; Nega provimento a recurso <\/a><\/p>\n<\/td>\n<\/tr>\n<tr>\n<td>\n<p align=\"center\">4.480<\/p>\n<\/td>\n<td style=\"text-align: left;\" align=\"left\" valign=\"middle\">\n<p style=\"text-align: justify;\" align=\"center\"><a href=\"https:\/\/cofecon.org.br\/transparencia\/files\/atos_normativos\/Del\/2009\/Del-2009%20(4).pdf\" target=\"_blank\" rel=\"noopener\">Autoriza a cria\u00e7\u00e3o do CORECOn-RR <\/a><\/p>\n<\/td>\n<\/tr>\n<tr>\n<td>\n<p align=\"center\">4.481<\/p>\n<\/td>\n<td style=\"text-align: left;\" align=\"left\" valign=\"middle\">\n<p style=\"text-align: justify;\" align=\"center\"><a href=\"https:\/\/cofecon.org.br\/transparencia\/files\/atos_normativos\/Del\/2009\/Del-2009%20(5).pdf\" target=\"_blank\" rel=\"noopener\">CORECON-PR- Nega provimento a recurso <\/a><\/p>\n<\/td>\n<\/tr>\n<tr>\n<td>\n<p align=\"center\">4.482<\/p>\n<\/td>\n<td style=\"text-align: left;\" align=\"left\" valign=\"middle\">\n<p style=\"text-align: justify;\" align=\"center\"><a href=\"https:\/\/cofecon.org.br\/transparencia\/files\/atos_normativos\/Del\/2009\/Del-2009%20(6).pdf\" target=\"_blank\" rel=\"noopener\">CORECON-PR- Nega provimento a recurso <\/a><\/p>\n<\/td>\n<\/tr>\n<tr>\n<td>\n<p align=\"center\">4.483<\/p>\n<\/td>\n<td style=\"text-align: left;\" align=\"left\" valign=\"middle\">\n<p style=\"text-align: justify;\" align=\"center\"><a href=\"https:\/\/cofecon.org.br\/transparencia\/files\/atos_normativos\/Del\/2009\/Del-2009%20(7).pdf\" target=\"_blank\" rel=\"noopener\">CORECON-RS- Defere provimento a recurso <\/a><\/p>\n<\/td>\n<\/tr>\n<tr>\n<td>\n<p align=\"center\">4.484<\/p>\n<\/td>\n<td style=\"text-align: left;\" align=\"left\" valign=\"middle\">\n<p style=\"text-align: justify;\" align=\"center\"><a href=\"https:\/\/cofecon.org.br\/transparencia\/files\/atos_normativos\/Del\/2009\/Del-2009%20(8).pdf\" target=\"_blank\" rel=\"noopener\">CORECON-RJ- Nega provimento a recurso <\/a><\/p>\n<\/td>\n<\/tr>\n<tr>\n<td>\n<p align=\"center\">4.485<\/p>\n<\/td>\n<td style=\"text-align: left;\" align=\"left\" valign=\"middle\">\n<p style=\"text-align: justify;\" align=\"center\"><a href=\"https:\/\/cofecon.org.br\/transparencia\/files\/atos_normativos\/Del\/2009\/Del-2009%20(9).pdf\" target=\"_blank\" rel=\"noopener\">CORECON-RJ- Nega provimento a recurso <\/a><\/p>\n<\/td>\n<\/tr>\n<tr>\n<td>\n<p align=\"center\">4.486<\/p>\n<\/td>\n<td style=\"text-align: left;\" align=\"left\" valign=\"middle\">\n<p style=\"text-align: justify;\" align=\"center\"><a href=\"https:\/\/cofecon.org.br\/transparencia\/files\/atos_normativos\/Del\/2009\/Del-2009%20(10).pdf\" target=\"_blank\" rel=\"noopener\">CORECON-RN- Homologa o cancelamento de registro <\/a><\/p>\n<\/td>\n<\/tr>\n<tr>\n<td>\n<p align=\"center\">4.487<\/p>\n<\/td>\n<td style=\"text-align: left;\" align=\"left\" valign=\"middle\">\n<p style=\"text-align: justify;\" align=\"center\"><a href=\"https:\/\/cofecon.org.br\/transparencia\/files\/atos_normativos\/Del\/2009\/Del-2009%20(11).pdf\" target=\"_blank\" rel=\"noopener\">CORECON-RJ- Nega provimento a recurso <\/a><\/p>\n<\/td>\n<\/tr>\n<tr>\n<td>\n<p align=\"center\">4.488<\/p>\n<\/td>\n<td style=\"text-align: left;\" align=\"left\" valign=\"middle\">\n<p style=\"text-align: justify;\" align=\"center\"><a href=\"https:\/\/cofecon.org.br\/transparencia\/files\/atos_normativos\/Del\/2009\/Del-2009%20(12).pdf\" target=\"_blank\" rel=\"noopener\">CORECON-DF- Nega provimento a recurso <\/a><\/p>\n<\/td>\n<\/tr>\n<tr>\n<td>\n<p align=\"center\">4.489<\/p>\n<\/td>\n<td style=\"text-align: left;\" align=\"left\" valign=\"middle\">\n<p style=\"text-align: justify;\" align=\"center\"><a href=\"https:\/\/cofecon.org.br\/transparencia\/files\/atos_normativos\/Del\/2009\/Del-2009%20(13).pdf\" target=\"_blank\" rel=\"noopener\">CORECON-DF- Nega provimento a recurso <\/a><\/p>\n<\/td>\n<\/tr>\n<tr>\n<td>\n<p align=\"center\">4.490<\/p>\n<\/td>\n<td style=\"text-align: left;\" align=\"left\" valign=\"middle\">\n<p style=\"text-align: justify;\" align=\"center\"><a href=\"https:\/\/cofecon.org.br\/transparencia\/files\/atos_normativos\/Del\/2009\/Del-2009%20(14).pdf\">CORECON-MG- Homologa o cancelamento de registro <\/a><\/p>\n<\/td>\n<\/tr>\n<tr>\n<td>\n<p align=\"center\">4.491<\/p>\n<\/td>\n<td style=\"text-align: left;\" align=\"left\" valign=\"middle\">\n<p style=\"text-align: justify;\" align=\"center\"><a href=\"https:\/\/cofecon.org.br\/transparencia\/files\/atos_normativos\/Del\/2009\/Del-2009%20(15).pdf\" target=\"_blank\" rel=\"noopener\">CORECON-MG- Homologa o cancelamento de registro <\/a><\/p>\n<\/td>\n<\/tr>\n<tr>\n<td>\n<p align=\"center\">4.492<\/p>\n<\/td>\n<td style=\"text-align: left;\" align=\"left\" valign=\"middle\">\n<p style=\"text-align: justify;\" align=\"center\"><a href=\"https:\/\/cofecon.org.br\/transparencia\/files\/atos_normativos\/Del\/2009\/Del-2009%20(16).pdf\" target=\"_blank\" rel=\"noopener\">CORECON-MG- Nega provimento a recurso <\/a><\/p>\n<\/td>\n<\/tr>\n<tr>\n<td>\n<p align=\"center\">4.493<\/p>\n<\/td>\n<td style=\"text-align: left;\" align=\"left\" valign=\"middle\">\n<p style=\"text-align: justify;\" align=\"center\"><a href=\"https:\/\/cofecon.org.br\/transparencia\/files\/atos_normativos\/Del\/2009\/Del-2009%20(17).pdf\" target=\"_blank\" rel=\"noopener\">CORECON-MG- Nega provimento a recurso <\/a><\/p>\n<\/td>\n<\/tr>\n<tr>\n<td>\n<p align=\"center\">4.494<\/p>\n<\/td>\n<td style=\"text-align: left;\" align=\"left\" valign=\"middle\">\n<p style=\"text-align: justify;\" align=\"center\"><a href=\"https:\/\/cofecon.org.br\/transparencia\/files\/atos_normativos\/Del\/2009\/Del-2009%20(18).pdf\" target=\"_blank\" rel=\"noopener\">CORECON-MG- Nega provimento a recurso <\/a><\/p>\n<\/td>\n<\/tr>\n<tr>\n<td>\n<p align=\"center\">4.495<\/p>\n<\/td>\n<td style=\"text-align: left;\" align=\"left\" valign=\"middle\">\n<p style=\"text-align: justify;\" align=\"center\"><a href=\"https:\/\/cofecon.org.br\/transparencia\/files\/atos_normativos\/Del\/2009\/Del-2009%20(19).pdf\" target=\"_blank\" rel=\"noopener\">CORECON-MG- Homologa o cancelamento de registro <\/a><\/p>\n<\/td>\n<\/tr>\n<tr>\n<td>\n<p align=\"center\">4.496<\/p>\n<\/td>\n<td style=\"text-align: left;\" align=\"left\" valign=\"middle\">\n<p style=\"text-align: justify;\" align=\"center\"><a href=\"https:\/\/cofecon.org.br\/transparencia\/files\/atos_normativos\/Del\/2009\/Del-2009%20(20).pdf\" target=\"_blank\" rel=\"noopener\">CORECON-TO- Nega provimento a recurso <\/a><\/p>\n<\/td>\n<\/tr>\n<tr>\n<td>\n<p align=\"center\">4.497<\/p>\n<\/td>\n<td style=\"text-align: left;\" align=\"left\" valign=\"middle\">\n<p style=\"text-align: justify;\" align=\"center\"><a href=\"https:\/\/cofecon.org.br\/transparencia\/files\/atos_normativos\/Del\/2009\/Del-2009%20(21).pdf\" target=\"_blank\" rel=\"noopener\">Homologa processos cont\u00e1beis <\/a><\/p>\n<\/td>\n<\/tr>\n<tr>\n<td>\n<p align=\"center\">4.498<\/p>\n<\/td>\n<td style=\"text-align: left;\" align=\"left\" valign=\"middle\">\n<p style=\"text-align: justify;\" align=\"center\"><a href=\"https:\/\/cofecon.org.br\/transparencia\/files\/atos_normativos\/Del\/2009\/Del-2009%20(22).pdf\" target=\"_blank\" rel=\"noopener\">Concede Apoio financeiro ao CORECON-RN- Moderniza\u00e7\u00e3o Tecnol\u00f3gica <\/a><\/p>\n<\/td>\n<\/tr>\n<tr>\n<td>\n<p align=\"center\">4.499<\/p>\n<\/td>\n<td style=\"text-align: left;\" align=\"left\" valign=\"middle\">\n<p style=\"text-align: justify;\" align=\"center\"><a href=\"https:\/\/cofecon.org.br\/transparencia\/files\/atos_normativos\/Del\/2009\/Del-2009%20(23).pdf\" target=\"_blank\" rel=\"noopener\">Aprova PCS do COFECON <\/a><\/p>\n<\/td>\n<\/tr>\n<tr>\n<td>\n<p align=\"center\">4.500<\/p>\n<\/td>\n<td style=\"text-align: left;\" align=\"left\" valign=\"middle\">\n<p style=\"text-align: justify;\" align=\"center\"><a href=\"https:\/\/cofecon.org.br\/transparencia\/files\/atos_normativos\/Del\/2009\/Del-2009%20(24).pdf\" target=\"_blank\" rel=\"noopener\">Normativo de Pessoal &#8211; Avalia\u00e7\u00e3o de Desempenho do empregado do COFECON <\/a><\/p>\n<\/td>\n<\/tr>\n<tr>\n<td>\n<p align=\"center\">4.501<\/p>\n<\/td>\n<td style=\"text-align: left;\" align=\"left\" valign=\"middle\">\n<p style=\"text-align: justify;\" align=\"center\"><a href=\"https:\/\/cofecon.org.br\/transparencia\/files\/atos_normativos\/Del\/2009\/Del-2009%20(25).pdf\" target=\"_blank\" rel=\"noopener\">Normativo de Pessoal &#8211; Concurso P\u00fablico do COFECON <\/a><\/p>\n<\/td>\n<\/tr>\n<tr>\n<td>\n<p align=\"center\">4.502<\/p>\n<\/td>\n<td style=\"text-align: left;\" align=\"left\" valign=\"middle\">\n<p style=\"text-align: justify;\" align=\"center\"><a href=\"https:\/\/cofecon.org.br\/transparencia\/files\/atos_normativos\/Del\/2009\/Del-2009%20(26).pdf\" target=\"_blank\" rel=\"noopener\">Normativo de Pessoal &#8211; Quadro de Pessoal do COFECON <\/a><\/p>\n<\/td>\n<\/tr>\n<tr>\n<td>\n<p align=\"center\">4.503<\/p>\n<\/td>\n<td style=\"text-align: left;\" align=\"left\" valign=\"middle\">\n<p style=\"text-align: justify;\" align=\"center\"><a href=\"https:\/\/cofecon.org.br\/transparencia\/files\/atos_normativos\/Del\/2009\/Del-2009%20(27).pdf\" target=\"_blank\" rel=\"noopener\">Normativo de Pessoal &#8211; PROGRESS\u00c3O FUNCIONAL &#8211; Anexo <\/a><\/p>\n<\/td>\n<\/tr>\n<tr>\n<td>\n<p align=\"center\">4.503<\/p>\n<\/td>\n<td style=\"text-align: left;\" align=\"left\" valign=\"middle\">\n<p style=\"text-align: justify;\" align=\"center\"><a href=\"https:\/\/cofecon.org.br\/transparencia\/files\/atos_normativos\/Del\/2009\/Del-2009%20(28).pdf\" target=\"_blank\" rel=\"noopener\">Normativo de Pessoal &#8211; Progress\u00e3o Funcional do COFECON <\/a><\/p>\n<\/td>\n<\/tr>\n<tr>\n<td>\n<p align=\"center\">4.504<\/p>\n<\/td>\n<td style=\"text-align: left;\" align=\"left\" valign=\"middle\">\n<p style=\"text-align: justify;\" align=\"center\"><a href=\"https:\/\/cofecon.org.br\/transparencia\/files\/atos_normativos\/Del\/2009\/Del-2009%20(29).pdf\" target=\"_blank\" rel=\"noopener\">Regulamento de Pessoal &#8211; regime de trabalho no COFECON <\/a><\/p>\n<\/td>\n<\/tr>\n<tr>\n<td>\n<p align=\"center\">4.505<\/p>\n<\/td>\n<td style=\"text-align: left;\" align=\"left\" valign=\"middle\">\n<p style=\"text-align: justify;\" align=\"center\"><a href=\"https:\/\/cofecon.org.br\/transparencia\/files\/atos_normativos\/Del\/2009\/Del-2009%20(30).pdf\" target=\"_blank\" rel=\"noopener\">Estrutura Organizacional do COFECON <\/a><\/p>\n<\/td>\n<\/tr>\n<tr>\n<td>\n<p align=\"center\">4.506<\/p>\n<\/td>\n<td style=\"text-align: left;\" align=\"left\" valign=\"middle\">\n<p style=\"text-align: justify;\" align=\"center\"><a href=\"https:\/\/cofecon.org.br\/transparencia\/files\/atos_normativos\/Del\/2009\/Del-2009%20(31).pdf\" target=\"_blank\" rel=\"noopener\">Concede apoio financeiro ao CORECON-GO <\/a><\/p>\n<\/td>\n<\/tr>\n<tr>\n<td>\n<p align=\"center\">4.507<\/p>\n<\/td>\n<td style=\"text-align: left;\" align=\"left\" valign=\"middle\">\n<p style=\"text-align: justify;\" align=\"center\"><a href=\"https:\/\/cofecon.org.br\/transparencia\/files\/atos_normativos\/Del\/2009\/Del-2009%20(32).pdf\" target=\"_blank\" rel=\"noopener\">CORECON-SE &#8211; Concede Apoio financeiro &#8211; Moderniza\u00e7\u00e3o Tecnol\u00f3gica<\/a><\/p>\n<\/td>\n<\/tr>\n<tr>\n<td>\n<p align=\"center\">4.508<\/p>\n<\/td>\n<td style=\"text-align: left;\" align=\"left\" valign=\"middle\">\n<p style=\"text-align: justify;\" align=\"center\"><a href=\"https:\/\/cofecon.org.br\/transparencia\/files\/atos_normativos\/Del\/2009\/Del-2009%20(33).pdf\" target=\"_blank\" rel=\"noopener\">CORECON-PR- Defere provimento a recurso <\/a><\/p>\n<\/td>\n<\/tr>\n<tr>\n<td>\n<p align=\"center\">4.509<\/p>\n<\/td>\n<td style=\"text-align: left;\" align=\"left\" valign=\"middle\">\n<p style=\"text-align: justify;\" align=\"center\"><a href=\"https:\/\/cofecon.org.br\/transparencia\/files\/atos_normativos\/Del\/2009\/Del-2009%20(34).pdf\" target=\"_blank\" rel=\"noopener\">CORECON-PR- Defere provimento a recurso <\/a><\/p>\n<\/td>\n<\/tr>\n<tr>\n<td>\n<p align=\"center\">4.510<\/p>\n<\/td>\n<td style=\"text-align: left;\" align=\"left\" valign=\"middle\">\n<p style=\"text-align: justify;\" align=\"center\"><a href=\"https:\/\/cofecon.org.br\/transparencia\/files\/atos_normativos\/Del\/2009\/Del-2009%20(35).pdf\" target=\"_blank\" rel=\"noopener\">CORECON-SE- Autoriza o registro definitivo <\/a><\/p>\n<\/td>\n<\/tr>\n<tr>\n<td>\n<p align=\"center\">4.511<\/p>\n<\/td>\n<td style=\"text-align: left;\" align=\"left\" valign=\"middle\">\n<p style=\"text-align: justify;\" align=\"center\"><a href=\"https:\/\/cofecon.org.br\/transparencia\/files\/atos_normativos\/Del\/2009\/Del-2009%20(36).pdf\" target=\"_blank\" rel=\"noopener\">CORECON-MG- Nega provimento a recurso <\/a><\/p>\n<\/td>\n<\/tr>\n<tr>\n<td>\n<p align=\"center\">4.512<\/p>\n<\/td>\n<td style=\"text-align: left;\" align=\"left\" valign=\"middle\">\n<p style=\"text-align: justify;\" align=\"center\"><a href=\"https:\/\/cofecon.org.br\/transparencia\/files\/atos_normativos\/Del\/2009\/Del-2009%20(37).pdf\" target=\"_blank\" rel=\"noopener\">CORECON-MG- Cancelamento de multa <\/a><\/p>\n<\/td>\n<\/tr>\n<tr>\n<td>\n<p align=\"center\">4.513<\/p>\n<\/td>\n<td style=\"text-align: left;\" align=\"left\" valign=\"middle\">\n<p style=\"text-align: justify;\" align=\"center\"><a href=\"https:\/\/cofecon.org.br\/transparencia\/files\/atos_normativos\/Del\/2009\/Del-2009%20(38).pdf\" target=\"_blank\" rel=\"noopener\">CORECON-DF- Nega provimento a recurso <\/a><\/p>\n<\/td>\n<\/tr>\n<tr>\n<td>\n<p align=\"center\">4.514<\/p>\n<\/td>\n<td style=\"text-align: left;\" align=\"left\" valign=\"middle\">\n<p style=\"text-align: justify;\" align=\"center\"><a href=\"https:\/\/cofecon.org.br\/transparencia\/files\/atos_normativos\/Del\/2009\/Del-2009%20(39).pdf\" target=\"_blank\" rel=\"noopener\">CORECON-AL- Homologa o cancelamento de registro <\/a><\/p>\n<\/td>\n<\/tr>\n<tr>\n<td>\n<p align=\"center\">4.515<\/p>\n<\/td>\n<td style=\"text-align: left;\" align=\"left\" valign=\"middle\">\n<p style=\"text-align: justify;\" align=\"center\"><a href=\"https:\/\/cofecon.org.br\/transparencia\/files\/atos_normativos\/Del\/2009\/Del-2009%20(40).pdf\" target=\"_blank\" rel=\"noopener\">CORECON-RN- Homologa o cancelamento de registro <\/a><\/p>\n<\/td>\n<\/tr>\n<tr>\n<td>\n<p align=\"center\">4.516<\/p>\n<\/td>\n<td style=\"text-align: left;\" align=\"left\" valign=\"middle\">\n<p style=\"text-align: justify;\" align=\"center\"><a href=\"https:\/\/cofecon.org.br\/transparencia\/files\/atos_normativos\/Del\/2009\/Del-2009%20(41).pdf\" target=\"_blank\" rel=\"noopener\">CORECON-SC- Indefere pedido de cancelamento de registro <\/a><\/p>\n<\/td>\n<\/tr>\n<tr>\n<td>\n<p align=\"center\">4.517<\/p>\n<\/td>\n<td style=\"text-align: left;\" align=\"left\" valign=\"middle\">\n<p style=\"text-align: justify;\" align=\"center\"><a href=\"https:\/\/cofecon.org.br\/transparencia\/files\/atos_normativos\/Del\/2009\/Del-2009%20(42).pdf\" target=\"_blank\" rel=\"noopener\">CORECON-PE &#8211; Concede Apoio financeiro &#8211; Moderniza\u00e7\u00e3o Tecnol\u00f3gica<\/a><\/p>\n<\/td>\n<\/tr>\n<tr>\n<td>\n<p align=\"center\">4.518<\/p>\n<\/td>\n<td style=\"text-align: left;\" align=\"left\" valign=\"middle\">\n<p style=\"text-align: justify;\" align=\"center\"><a href=\"https:\/\/cofecon.org.br\/transparencia\/files\/atos_normativos\/Del\/2009\/Del-2009%20(43).pdf\" target=\"_blank\" rel=\"noopener\">CORECON-MG- Indefere pedido de cancelamento de registro <\/a><\/p>\n<\/td>\n<\/tr>\n<tr>\n<td>\n<p align=\"center\">4.519<\/p>\n<\/td>\n<td style=\"text-align: left;\" align=\"left\" valign=\"middle\">\n<p style=\"text-align: justify;\" align=\"center\"><a href=\"https:\/\/cofecon.org.br\/transparencia\/files\/atos_normativos\/Del\/2009\/Del-2009%20(44).pdf\" target=\"_blank\" rel=\"noopener\">CORECON-MG- Homologa o cancelamento de registro<\/a><\/p>\n<\/td>\n<\/tr>\n<tr>\n<td>\n<p align=\"center\">4.520<\/p>\n<\/td>\n<td style=\"text-align: left;\" align=\"left\" valign=\"middle\">\n<p style=\"text-align: justify;\" align=\"center\"><a href=\"https:\/\/cofecon.org.br\/transparencia\/files\/atos_normativos\/Del\/2009\/Del-2009%20(45).pdf\" target=\"_blank\" rel=\"noopener\">CORECON-PB- Homologa regimento interno <\/a><\/p>\n<\/td>\n<\/tr>\n<tr>\n<td>\n<p align=\"center\">4.521<\/p>\n<\/td>\n<td style=\"text-align: left;\" align=\"left\" valign=\"middle\">\n<p style=\"text-align: justify;\" align=\"center\"><a href=\"https:\/\/cofecon.org.br\/transparencia\/files\/atos_normativos\/Del\/2009\/Del-2009%20(46).pdf\" target=\"_blank\" rel=\"noopener\">CORECON-MG- Indefere pedido de cancelamento de registro<\/a><\/p>\n<\/td>\n<\/tr>\n<tr>\n<td>\n<p align=\"center\">4.522<\/p>\n<\/td>\n<td style=\"text-align: left;\" align=\"left\" valign=\"middle\">\n<p style=\"text-align: justify;\" align=\"center\"><a href=\"https:\/\/cofecon.org.br\/transparencia\/files\/atos_normativos\/Del\/2009\/Del-2009%20(47).pdf\" target=\"_blank\" rel=\"noopener\">CORECON-MG- Indefere pedido de cancelamento de registro<\/a><\/p>\n<\/td>\n<\/tr>\n<tr>\n<td>\n<p align=\"center\">4.523<\/p>\n<\/td>\n<td style=\"text-align: left;\" align=\"left\" valign=\"middle\">\n<p style=\"text-align: justify;\" align=\"center\"><a href=\"https:\/\/cofecon.org.br\/transparencia\/files\/atos_normativos\/Del\/2009\/Del-2009%20(48).pdf\" target=\"_blank\" rel=\"noopener\">CORECON-MG- Indefere pedido de cancelamento de registro <\/a><\/p>\n<\/td>\n<\/tr>\n<tr>\n<td>\n<p align=\"center\">4.524<\/p>\n<\/td>\n<td style=\"text-align: left;\" align=\"left\" valign=\"middle\">\n<p style=\"text-align: justify;\" align=\"center\"><a href=\"https:\/\/cofecon.org.br\/transparencia\/files\/atos_normativos\/Del\/2009\/Del-2009%20(49).pdf\" target=\"_blank\" rel=\"noopener\">CORECON-PR- Homologa o cancelamento de registro<\/a><\/p>\n<\/td>\n<\/tr>\n<tr>\n<td>\n<p align=\"center\">4.525<\/p>\n<\/td>\n<td style=\"text-align: left;\" align=\"left\" valign=\"middle\">\n<p style=\"text-align: justify;\" align=\"center\"><a href=\"https:\/\/cofecon.org.br\/transparencia\/files\/atos_normativos\/Del\/2009\/Del-2009%20(50).pdf\" target=\"_blank\" rel=\"noopener\">CORECON-PR- Indefere pedido de isen\u00e7\u00e3o de d\u00e9bitos <\/a><\/p>\n<\/td>\n<\/tr>\n<tr>\n<td>\n<p align=\"center\">4.526<\/p>\n<\/td>\n<td style=\"text-align: left;\" align=\"left\" valign=\"middle\">\n<p style=\"text-align: justify;\" align=\"center\"><a href=\"https:\/\/cofecon.org.br\/transparencia\/files\/atos_normativos\/Del\/2009\/Del-2009%20(51).pdf\" target=\"_blank\" rel=\"noopener\">CORECON-PR- Indefere pedido de suspens\u00e3o de registro<\/a><\/p>\n<\/td>\n<\/tr>\n<tr>\n<td>\n<p align=\"center\">4.527<\/p>\n<\/td>\n<td style=\"text-align: left;\" align=\"left\" valign=\"middle\">\n<p style=\"text-align: justify;\" align=\"center\"><a href=\"https:\/\/cofecon.org.br\/transparencia\/files\/atos_normativos\/Del\/2009\/Del-2009%20(52).pdf\" target=\"_blank\" rel=\"noopener\">CORECON-RN &#8211; Concede apoio financeiro<\/a><\/p>\n<\/td>\n<\/tr>\n<tr>\n<td>\n<p align=\"center\">4.528<\/p>\n<\/td>\n<td style=\"text-align: left;\" align=\"left\" valign=\"middle\">\n<p style=\"text-align: justify;\" align=\"center\"><a href=\"https:\/\/cofecon.org.br\/transparencia\/files\/atos_normativos\/Del\/2009\/Del-2009%20(53).pdf\" target=\"_blank\" rel=\"noopener\">CORECON-PA &#8211; Concede apoio financeiro <\/a><\/p>\n<\/td>\n<\/tr>\n<tr>\n<td>\n<p align=\"center\">4.529<\/p>\n<\/td>\n<td style=\"text-align: left;\" align=\"left\" valign=\"middle\">\n<p style=\"text-align: justify;\" align=\"center\"><a href=\"https:\/\/cofecon.org.br\/transparencia\/files\/atos_normativos\/Del\/2009\/Del-2009%20(54).pdf\" target=\"_blank\" rel=\"noopener\">CORECON-PR &#8211; Homologa curso<\/a><\/p>\n<\/td>\n<\/tr>\n<tr>\n<td>\n<p align=\"center\">4.530<\/p>\n<\/td>\n<td style=\"text-align: left;\" align=\"left\" valign=\"middle\">\n<p style=\"text-align: justify;\" align=\"center\"><a href=\"https:\/\/cofecon.org.br\/transparencia\/files\/atos_normativos\/Del\/2009\/Del-2009%20(55).pdf\" target=\"_blank\" rel=\"noopener\">CORECON-RN &#8211; Homologa regimento interno<\/a><\/p>\n<\/td>\n<\/tr>\n<tr>\n<td>\n<p align=\"center\">4.531<\/p>\n<\/td>\n<td style=\"text-align: left;\" align=\"left\" valign=\"middle\">\n<p style=\"text-align: justify;\" align=\"center\"><a href=\"https:\/\/cofecon.org.br\/transparencia\/files\/atos_normativos\/Del\/2009\/Del-2009%20(56).pdf\" target=\"_blank\" rel=\"noopener\">CORECON-DF &#8211; Homologa curso<\/a><\/p>\n<\/td>\n<\/tr>\n<tr>\n<td>\n<p align=\"center\">4.532<\/p>\n<\/td>\n<td style=\"text-align: left;\" align=\"left\" valign=\"middle\">\n<p style=\"text-align: justify;\" align=\"center\"><a href=\"https:\/\/cofecon.org.br\/transparencia\/files\/atos_normativos\/Del\/2009\/Del-2009%20(57).pdf\" target=\"_blank\" rel=\"noopener\">CORECON-GO &#8211; Concede apoio financeiro <\/a><\/p>\n<\/td>\n<\/tr>\n<tr>\n<td>\n<p align=\"center\">4.533<\/p>\n<\/td>\n<td style=\"text-align: left;\" align=\"left\" valign=\"middle\">\n<p style=\"text-align: justify;\" align=\"center\"><a href=\"https:\/\/cofecon.org.br\/transparencia\/files\/atos_normativos\/Del\/2009\/Del-2009%20(58).pdf\" target=\"_blank\" rel=\"noopener\">UFSC &#8211; Defere concess\u00e3o de apoio financeiro <\/a><\/p>\n<\/td>\n<\/tr>\n<tr>\n<td>\n<p align=\"center\">4.534<\/p>\n<\/td>\n<td style=\"text-align: left;\" align=\"left\" valign=\"middle\">\n<p style=\"text-align: justify;\" align=\"center\"><a href=\"https:\/\/cofecon.org.br\/transparencia\/files\/atos_normativos\/Del\/2009\/Del-2009%20(59).pdf\" target=\"_blank\" rel=\"noopener\">CORECON-MG- Nega provimento a recurso <\/a><\/p>\n<\/td>\n<\/tr>\n<tr>\n<td>\n<p align=\"center\">4.535<\/p>\n<\/td>\n<td style=\"text-align: left;\" align=\"left\" valign=\"middle\">\n<p style=\"text-align: justify;\" align=\"center\"><a href=\"https:\/\/cofecon.org.br\/transparencia\/files\/atos_normativos\/Del\/2009\/Del-2009%20(60).pdf\" target=\"_blank\" rel=\"noopener\">CORECON-PR- Homologa o cancelamento de registro <\/a><\/p>\n<\/td>\n<\/tr>\n<\/tbody>\n<\/table>\n<\/div>\t\t\t\t\t\t\t\t<\/div>\n\t\t\t\t<\/div>\n\t\t\t\t\t<\/div>\n\t\t<\/div>\n\t\t\t\t\t<\/div>\n\t\t<\/section>\n\t\t\t\t<\/div>\n\t\t","protected":false},"excerpt":{"rendered":"<p>Delibera\u00e7\u00f5es N\u00ba: Assunto: 4.476 Revoga a Resolu\u00e7\u00e3o n\u00ba 1.802 4.477 Revoga a Resolu\u00e7\u00e3o n\u00ba 1.805 de 2008 4.478 Homologa o cancelamento de registro do Economista Ant\u00f4nio Jos\u00e9 de Melo, registrado no CORECON-SE. 4.479 CORECON-RJ &#8211; Nega provimento a recurso 4.480 Autoriza a cria\u00e7\u00e3o do CORECOn-RR 4.481 CORECON-PR- Nega provimento a recurso 4.482 CORECON-PR- Nega provimento &hellip; <a href=\"https:\/\/cofecon.org.br\/transparencia\/?page_id=281\" class=\"more-link\">Continue reading <span class=\"screen-reader-text\">Deliberacoes-2009<\/span><\/a><\/p>\n","protected":false},"author":11,"featured_media":0,"parent":9,"menu_order":0,"comment_status":"closed","ping_status":"closed","template":"","meta":{"footnotes":""},"class_list":["post-281","page","type-page","status-publish","hentry"],"_links":{"self":[{"href":"https:\/\/cofecon.org.br\/transparencia\/index.php?rest_route=\/wp\/v2\/pages\/281"}],"collection":[{"href":"https:\/\/cofecon.org.br\/transparencia\/index.php?rest_route=\/wp\/v2\/pages"}],"about":[{"href":"https:\/\/cofecon.org.br\/transparencia\/index.php?rest_route=\/wp\/v2\/types\/page"}],"author":[{"embeddable":true,"href":"https:\/\/cofecon.org.br\/transparencia\/index.php?rest_route=\/wp\/v2\/users\/11"}],"replies":[{"embeddable":true,"href":"https:\/\/cofecon.org.br\/transparencia\/index.php?rest_route=%2Fwp%2Fv2%2Fcomments&post=281"}],"version-history":[{"count":13,"href":"https:\/\/cofecon.org.br\/transparencia\/index.php?rest_route=\/wp\/v2\/pages\/281\/revisions"}],"predecessor-version":[{"id":10671,"href":"https:\/\/cofecon.org.br\/transparencia\/index.php?rest_route=\/wp\/v2\/pages\/281\/revisions\/10671"}],"up":[{"embeddable":true,"href":"https:\/\/cofecon.org.br\/transparencia\/index.php?rest_route=\/wp\/v2\/pages\/9"}],"wp:attachment":[{"href":"https:\/\/cofecon.org.br\/transparencia\/index.php?rest_route=%2Fwp%2Fv2%2Fmedia&parent=281"}],"curies":[{"name":"wp","href":"https:\/\/api.w.org\/{rel}","templated":true}]}}