{"id":247,"date":"2017-04-03T18:32:39","date_gmt":"2017-04-03T18:32:39","guid":{"rendered":"http:\/\/cofecon.org.br\/transparencia\/?page_id=247"},"modified":"2026-04-14T19:51:43","modified_gmt":"2026-04-14T19:51:43","slug":"resolucoes-2010","status":"publish","type":"page","link":"https:\/\/cofecon.org.br\/transparencia\/?page_id=247","title":{"rendered":"Resolucoes-2010"},"content":{"rendered":"\t\t<div data-elementor-type=\"wp-page\" data-elementor-id=\"247\" class=\"elementor elementor-247\">\n\t\t\t\t\t\t<section class=\"elementor-section elementor-top-section elementor-element elementor-element-680c66cf elementor-section-boxed elementor-section-height-default elementor-section-height-default\" data-id=\"680c66cf\" data-element_type=\"section\">\n\t\t\t\t\t\t<div class=\"elementor-container elementor-column-gap-default\">\n\t\t\t\t\t<div class=\"elementor-column elementor-col-100 elementor-top-column elementor-element elementor-element-2070ef5d\" data-id=\"2070ef5d\" data-element_type=\"column\">\n\t\t\t<div class=\"elementor-widget-wrap elementor-element-populated\">\n\t\t\t\t\t\t<div class=\"elementor-element elementor-element-60354a6e elementor-widget elementor-widget-text-editor\" data-id=\"60354a6e\" data-element_type=\"widget\" data-widget_type=\"text-editor.default\">\n\t\t\t\t<div class=\"elementor-widget-container\">\n\t\t\t\t\t\t\t\t\t<div align=\"center\">\n<table border=\"0\" align=\"center\">\n<tbody>\n<tr>\n<th scope=\"row\" align=\"center\" valign=\"middle\" width=\"134\">\n<p dir=\"ltr\" align=\"left\"><strong><u><span style=\"font-size: 10pt;\">Resolu\u00e7\u00f5es N\u00ba:<\/span><\/u><\/strong><\/p>\n<\/th>\n<th scope=\"row\" align=\"center\" valign=\"middle\" width=\"499\">\n<p align=\"center\"><strong><u><span style=\"font-size: 10pt;\">Assunto:<\/span><\/u><\/strong><\/p>\n<\/th>\n<\/tr>\n<tr>\n<td>\n<p align=\"center\">1.823<\/p>\n<\/td>\n<td>\n<p align=\"left\"><a href=\"https:\/\/cofecon.org.br\/transparencia\/files\/atos_normativos\/Res\/2010\/Res-2010(1).pdf\" target=\"_blank\" rel=\"noopener\">Declara a nulidade da Delibera\u00e7\u00e3o n\u00ba 4.629 <\/a><\/p>\n<\/td>\n<\/tr>\n<tr>\n<td>\n<p align=\"center\">1.824<\/p>\n<\/td>\n<td>\n<p align=\"left\"><a href=\"https:\/\/cofecon.org.br\/transparencia\/files\/atos_normativos\/Res\/2010\/Res-2010(2).pdf\" target=\"_blank\" rel=\"noopener\">Homologa Dossi\u00eas Eeleitorais<\/a><\/p>\n<\/td>\n<\/tr>\n<tr>\n<td>\n<p align=\"center\">1.825<\/p>\n<\/td>\n<td>\n<p align=\"left\"><span style=\"color: #810081;\"><a href=\"https:\/\/cofecon.org.br\/transparencia\/files\/atos_normativos\/Res\/2010\/Res-2010(3).pdf\" target=\"_blank\" rel=\"noopener\">Aprova valores de emolumentos e multas<\/a><\/span><\/p>\n<\/td>\n<\/tr>\n<tr>\n<td>\n<p align=\"center\">1.825-Anexo<\/p>\n<\/td>\n<td>\n<p align=\"left\"><span style=\"color: #810081;\"><a href=\"https:\/\/cofecon.org.br\/transparencia\/files\/atos_normativos\/Res\/2010\/Res-2010(4).pdf\" target=\"_blank\" rel=\"noopener\">Emolumentos e Multas<\/a><\/span><\/p>\n<\/td>\n<\/tr>\n<tr>\n<td>\n<p align=\"center\">1.826<\/p>\n<\/td>\n<td>\n<p align=\"left\"><span style=\"color: #810081;\"><a href=\"https:\/\/cofecon.org.br\/transparencia\/files\/atos_normativos\/Res\/2010\/Res-2010(5).pdf\" target=\"_blank\" rel=\"noopener\">Define a composi\u00e7\u00e3o do plen\u00e1rio do COFECON<\/a><\/span><\/p>\n<\/td>\n<\/tr>\n<tr>\n<td>\n<p align=\"center\">1.827<\/p>\n<\/td>\n<td>\n<p align=\"left\"><span style=\"color: #810081;\"><a href=\"https:\/\/cofecon.org.br\/transparencia\/files\/atos_normativos\/Res\/2010\/Res-2010(6).pdf\" target=\"_blank\" rel=\"noopener\">Homologa as Resolu\u00e7\u00f5es <em>ad referendum<\/em> do Plen\u00e1rio<\/a><\/span><\/p>\n<\/td>\n<\/tr>\n<tr>\n<td>\n<p align=\"center\">1.828<\/p>\n<\/td>\n<td>\n<p align=\"left\"><span style=\"color: #810081;\"><span style=\"color: #000000;\"><a href=\"https:\/\/cofecon.org.br\/transparencia\/files\/atos_normativos\/Res\/2010\/Res-2010(7).pdf\" target=\"_blank\" rel=\"noopener\">Cria cargo de livre provimento e exonera\u00e7\u00e3o<\/a><\/span><\/span><\/p>\n<\/td>\n<\/tr>\n<tr>\n<td>\n<p align=\"center\">1.828-Anexo<\/p>\n<\/td>\n<td>\n<p align=\"left\"><a href=\"https:\/\/cofecon.org.br\/transparencia\/files\/atos_normativos\/Res\/2010\/Res-2010(8).pdf\" target=\"_blank\" rel=\"noopener\">Normativo de Pessoal-Cargo de Livre Provimento<\/a><\/p>\n<\/td>\n<\/tr>\n<tr>\n<td>\n<p align=\"center\">1.828-Anexo<\/p>\n<\/td>\n<td>\n<p align=\"left\"><a href=\"https:\/\/cofecon.org.br\/transparencia\/files\/atos_normativos\/Res\/2010\/Res-2010(9).pdf\">Normativo de Pessoal-Quadro de Pessoal<\/a><\/p>\n<\/td>\n<\/tr>\n<tr>\n<td>\n<p align=\"center\">1.829<\/p>\n<\/td>\n<td>\n<p align=\"left\"><a href=\"https:\/\/cofecon.org.br\/transparencia\/files\/atos_normativos\/Res\/2010\/Res-2010(10).pdf\" target=\"_blank\" rel=\"noopener\">Regulamenta o XVI Pr\u00eamio Brasil de Economia<\/a><\/p>\n<\/td>\n<\/tr>\n<tr>\n<td>\n<p align=\"center\">1.830<\/p>\n<\/td>\n<td><a href=\"https:\/\/cofecon.org.br\/transparencia\/files\/atos_normativos\/Res\/2010\/Res-2010(11).pdf\" target=\"_blank\" rel=\"noopener\">Altera o Regulamento do XVI Pr\u00eamio Brasil de Economia<\/a><\/td>\n<\/tr>\n<tr>\n<td>\n<p align=\"center\">1.831<\/p>\n<\/td>\n<td><a href=\"https:\/\/cofecon.org.br\/transparencia\/files\/atos_normativos\/Res\/2010\/Res-2010(12).pdf\" target=\"_blank\" rel=\"noopener\">Aprova normas para o Simp\u00f3sio Nacional dos Conselhos de Economia<\/a><\/td>\n<\/tr>\n<tr>\n<td>\n<p align=\"center\">1.831-Anexo<\/p>\n<\/td>\n<td><a href=\"https:\/\/cofecon.org.br\/transparencia\/files\/atos_normativos\/Res\/2010\/Res-2010(13).pdf\" target=\"_blank\" rel=\"noopener\">Simp\u00f3sio Nacional dos Conselhos de Economia <\/a><\/td>\n<\/tr>\n<tr>\n<td>\n<p align=\"center\">1.832<\/p>\n<\/td>\n<td><a href=\"https:\/\/cofecon.org.br\/transparencia\/files\/atos_normativos\/Res\/2010\/Res-2010%2814%29.pdf\" target=\"_blank\" rel=\"noopener\">Regimento Interno<\/a><\/td>\n<\/tr>\n<tr>\n<td>\n<p align=\"center\">1.833<\/p>\n<\/td>\n<td><a href=\"https:\/\/cofecon.org.br\/transparencia\/files\/atos_normativos\/Res\/2010\/Res-2010(15).pdf\" target=\"_blank\" rel=\"noopener\">Procedimento Eleitoral<\/a><\/td>\n<\/tr>\n<tr>\n<td>\n<p align=\"center\">1.834<\/p>\n<\/td>\n<td><a href=\"https:\/\/cofecon.org.br\/transparencia\/files\/atos_normativos\/Res\/2010\/Res-2010(16).pdf\" target=\"_blank\" rel=\"noopener\">Programa de Recupera\u00e7\u00e3o de Cr\u00e9ditos <\/a><\/td>\n<\/tr>\n<tr>\n<td>\n<p align=\"center\">1.835<\/p>\n<\/td>\n<td><a href=\"https:\/\/cofecon.org.br\/transparencia\/files\/atos_normativos\/Res\/2010\/Res-2010(17).pdf\" target=\"_blank\" rel=\"noopener\">Altera o item 15.4 do Cap\u00edtulo 5.2 da Consolida\u00e7\u00e3o \nda Regulamenta\u00e7\u00e3o Profissional do Economista, \nque disp\u00f5e sobre os procedimentos administrativos \ninternos das autarquias de regulamenta\u00e7\u00e3o e \ncontrole profissional.<\/a><\/td>\n<\/tr>\n<tr>\n<td>\n<p align=\"center\">1.836<\/p>\n<\/td>\n<td><a href=\"https:\/\/cofecon.org.br\/transparencia\/files\/atos_normativos\/Res\/2010\/Res-2010(18).pdf\" target=\"_blank\" rel=\"noopener\">Define valores de anuidades,emolumentos e multas<\/a><\/td>\n<\/tr>\n<tr>\n<td>\n<p align=\"center\">1.837<\/p>\n<\/td>\n<td><a href=\"https:\/\/cofecon.org.br\/transparencia\/files\/atos_normativos\/Res\/2010\/Res-2010(19).pdf\" target=\"_blank\" rel=\"noopener\">Aprova modelo de Regimento Interno dos CORECONs<\/a><\/td>\n<\/tr>\n<tr>\n<td>\n<p align=\"center\">1.838<\/p>\n<\/td>\n<td><a href=\"https:\/\/cofecon.org.br\/transparencia\/files\/atos_normativos\/Res\/2010\/Res-2010(20).pdf\" target=\"_blank\" rel=\"noopener\">Altera os itens 1 e 1.5 do Cap\u00edtulo 5.3.2 \n(Contribui\u00e7\u00f5es Parafiscais) da Consolida\u00e7\u00e3o da \nRegulamenta\u00e7\u00e3o Profissional do Economista e d\u00e1 \noutras provid\u00eancias. <\/a>\n\n<a href=\"https:\/\/cofecon.org.br\/transparencia\/files\/atos_normativos\/Res\/2010\/Res-2010(21).pdf\" target=\"_blank\" rel=\"noopener\">Anexo I<\/a><\/td>\n<\/tr>\n<tr>\n<td>\n<p align=\"center\">1.839<\/p>\n<\/td>\n<td><a href=\"https:\/\/cofecon.org.br\/transparencia\/files\/atos_normativos\/Res\/2010\/Res-2010(22).pdf\" target=\"_blank\" rel=\"noopener\">Disciplina o uso e responsabilidade dos equipamentos de telefonia m\u00f3vel<\/a><\/td>\n<\/tr>\n<tr>\n<td>\n<p align=\"center\">1.840<\/p>\n<\/td>\n<td><a href=\"https:\/\/cofecon.org.br\/transparencia\/files\/atos_normativos\/Res\/2010\/Res-2010(23).pdf\" target=\"_blank\" rel=\"noopener\">Despachos Executivos e Encontros de Gerentes<\/a><\/td>\n<\/tr>\n<tr>\n<td>\n<p align=\"center\">1.841<\/p>\n<\/td>\n<td><a href=\"https:\/\/cofecon.org.br\/transparencia\/files\/atos_normativos\/Res\/2010\/Res-2010(24).pdf\" target=\"_blank\" rel=\"noopener\">Estabelece o Manual de Procedimentos Cont\u00e1beis e Finaneiros<\/a><\/td>\n<\/tr>\n<tr>\n<td>\n<p align=\"center\">1.842<\/p>\n<\/td>\n<td><a href=\"https:\/\/cofecon.org.br\/transparencia\/files\/atos_normativos\/Res\/2010\/Res-2010(25).pdf\" target=\"_blank\" rel=\"noopener\">Prorroga\u00e7\u00e3o Programa de Recupera\u00e7\u00e3o de Cr\u00e9ditos<\/a><\/td>\n<\/tr>\n<\/tbody>\n<\/table>\n<\/div>\t\t\t\t\t\t\t\t<\/div>\n\t\t\t\t<\/div>\n\t\t\t\t\t<\/div>\n\t\t<\/div>\n\t\t\t\t\t<\/div>\n\t\t<\/section>\n\t\t\t\t<\/div>\n\t\t","protected":false},"excerpt":{"rendered":"<p>Resolu\u00e7\u00f5es N\u00ba: Assunto: 1.823 Declara a nulidade da Delibera\u00e7\u00e3o n\u00ba 4.629 1.824 Homologa Dossi\u00eas Eeleitorais 1.825 Aprova valores de emolumentos e multas 1.825-Anexo Emolumentos e Multas 1.826 Define a composi\u00e7\u00e3o do plen\u00e1rio do COFECON 1.827 Homologa as Resolu\u00e7\u00f5es ad referendum do Plen\u00e1rio 1.828 Cria cargo de livre provimento e exonera\u00e7\u00e3o 1.828-Anexo Normativo de Pessoal-Cargo de &hellip; <a href=\"https:\/\/cofecon.org.br\/transparencia\/?page_id=247\" class=\"more-link\">Continue reading <span class=\"screen-reader-text\">Resolucoes-2010<\/span><\/a><\/p>\n","protected":false},"author":11,"featured_media":0,"parent":9,"menu_order":0,"comment_status":"closed","ping_status":"closed","template":"","meta":{"footnotes":""},"class_list":["post-247","page","type-page","status-publish","hentry"],"_links":{"self":[{"href":"https:\/\/cofecon.org.br\/transparencia\/index.php?rest_route=\/wp\/v2\/pages\/247"}],"collection":[{"href":"https:\/\/cofecon.org.br\/transparencia\/index.php?rest_route=\/wp\/v2\/pages"}],"about":[{"href":"https:\/\/cofecon.org.br\/transparencia\/index.php?rest_route=\/wp\/v2\/types\/page"}],"author":[{"embeddable":true,"href":"https:\/\/cofecon.org.br\/transparencia\/index.php?rest_route=\/wp\/v2\/users\/11"}],"replies":[{"embeddable":true,"href":"https:\/\/cofecon.org.br\/transparencia\/index.php?rest_route=%2Fwp%2Fv2%2Fcomments&post=247"}],"version-history":[{"count":17,"href":"https:\/\/cofecon.org.br\/transparencia\/index.php?rest_route=\/wp\/v2\/pages\/247\/revisions"}],"predecessor-version":[{"id":10689,"href":"https:\/\/cofecon.org.br\/transparencia\/index.php?rest_route=\/wp\/v2\/pages\/247\/revisions\/10689"}],"up":[{"embeddable":true,"href":"https:\/\/cofecon.org.br\/transparencia\/index.php?rest_route=\/wp\/v2\/pages\/9"}],"wp:attachment":[{"href":"https:\/\/cofecon.org.br\/transparencia\/index.php?rest_route=%2Fwp%2Fv2%2Fmedia&parent=247"}],"curies":[{"name":"wp","href":"https:\/\/api.w.org\/{rel}","templated":true}]}}