{"id":245,"date":"2017-04-03T18:32:02","date_gmt":"2017-04-03T18:32:02","guid":{"rendered":"http:\/\/cofecon.org.br\/transparencia\/?page_id=245"},"modified":"2025-10-15T18:34:32","modified_gmt":"2025-10-15T18:34:32","slug":"resolucoes-2011","status":"publish","type":"page","link":"https:\/\/cofecon.org.br\/transparencia\/?page_id=245","title":{"rendered":"Resolucoes-2011"},"content":{"rendered":"\t\t<div data-elementor-type=\"wp-page\" data-elementor-id=\"245\" class=\"elementor elementor-245\">\n\t\t\t\t\t\t<section class=\"elementor-section elementor-top-section elementor-element elementor-element-5a925baf elementor-section-boxed elementor-section-height-default elementor-section-height-default\" data-id=\"5a925baf\" data-element_type=\"section\">\n\t\t\t\t\t\t<div class=\"elementor-container elementor-column-gap-default\">\n\t\t\t\t\t<div class=\"elementor-column elementor-col-100 elementor-top-column elementor-element elementor-element-21bd2d81\" data-id=\"21bd2d81\" data-element_type=\"column\">\n\t\t\t<div class=\"elementor-widget-wrap elementor-element-populated\">\n\t\t\t\t\t\t<div class=\"elementor-element elementor-element-590899ac elementor-widget elementor-widget-text-editor\" data-id=\"590899ac\" data-element_type=\"widget\" data-widget_type=\"text-editor.default\">\n\t\t\t\t<div class=\"elementor-widget-container\">\n\t\t\t\t\t\t\t\t\t<div align=\"center\">\n<table border=\"0\" align=\"center\">\n<tbody>\n<tr>\n<th scope=\"row\" align=\"center\" valign=\"middle\" width=\"134\">\n<p dir=\"ltr\" align=\"left\"><strong><u><span style=\"font-size: 10pt;\">Resolu\u00e7\u00f5es N\u00ba:<\/span><\/u><\/strong><\/p>\n<\/th>\n<th scope=\"row\" align=\"center\" valign=\"middle\" width=\"499\">\n<p align=\"center\"><strong><u><span style=\"font-size: 10pt;\">Assunto:<\/span><\/u><\/strong><\/p>\n<\/th>\n<\/tr>\n<tr>\n<td>\n<p align=\"center\">1.843<\/p>\n<\/td>\n<td>\n<p align=\"left\"><a href=\"https:\/\/cofecon.org.br\/transparencia\/files\/atos_normativos\/Res\/2011\/Res-2011(1).pdf\" target=\"_blank\" rel=\"noopener\">Decreta a interven\u00e7\u00e3o do CORECON\/PE e d\u00e1 outras provid\u00eancias<\/a><\/p>\n<\/td>\n<\/tr>\n<tr>\n<td>\n<p align=\"center\">1.844<\/p>\n<\/td>\n<td>\n<p align=\"left\"><a href=\"https:\/\/cofecon.org.br\/transparencia\/files\/atos_normativos\/Res\/2011\/Res-2011(2).pdf\" target=\"_blank\" rel=\"noopener\">Aprova a inclus\u00e3o de dispositivos \u00e0 Resolu\u00e7\u00e3o 1833<\/a><\/p>\n<\/td>\n<\/tr>\n<tr>\n<td>\n<p align=\"center\">1.845<\/p>\n<\/td>\n<td>\n<p align=\"left\"><a href=\"https:\/\/cofecon.org.br\/transparencia\/files\/atos_normativos\/Res\/2011\/Res-2011(3).pdf\" target=\"_blank\" rel=\"noopener\">Cria e regula o Programa de Planejamento Estrat\u00e9gio e Gest\u00e3o do Sistema COFECON\/CORECONs<\/a><\/p>\n<\/td>\n<\/tr>\n<tr>\n<td>\n<p align=\"center\">1.846<\/p>\n<\/td>\n<td>\n<p align=\"left\"><a href=\"https:\/\/cofecon.org.br\/transparencia\/files\/atos_normativos\/Res\/2011\/Res-2011(4).pdf\" target=\"_blank\" rel=\"noopener\">Aprovar, &#8220;ad referendum&#8221; do Plen\u00e1rio,a ratifica\u00e7\u00e3o da resolu\u00e7\u00e3o CORECON &#8211; PE n\u00ba 002\/2011<\/a><\/p>\n<\/td>\n<\/tr>\n<tr>\n<td>\n<p align=\"center\">1.847<\/p>\n<\/td>\n<td>\n<p align=\"left\"><a href=\"https:\/\/cofecon.org.br\/transparencia\/files\/atos_normativos\/Res\/2011\/Res-2011(6).pdf\" target=\"_blank\" rel=\"noopener\">Aprova a cria\u00e7\u00e3o de Comiss\u00e3o Eleitoral para o CORECON-MT<\/a><\/p>\n<\/td>\n<\/tr>\n<tr>\n<td>\n<p align=\"center\">1.848<\/p>\n<\/td>\n<td>\n<p align=\"left\"><a href=\"https:\/\/cofecon.org.br\/transparencia\/files\/atos_normativos\/Res\/2011\/Res-2011(7).pdf\" target=\"_blank\" rel=\"noopener\">Disp\u00f5e sobre o Regulamento do XVII Pr\u00eamio Brasil de Economia<\/a><\/p>\n<\/td>\n<\/tr>\n<tr>\n<td>\n<p align=\"center\">1.849<\/p>\n<\/td>\n<td>\n<p align=\"left\"><a href=\"https:\/\/cofecon.org.br\/transparencia\/files\/atos_normativos\/Res\/2011\/Res-2011(8).pdf\" target=\"_blank\" rel=\"noopener\">Disp\u00f5es sobre altera\u00e7\u00e3o do Regulamento do XVII Pr\u00eamio Brasil de Economia<\/a><\/p>\n<\/td>\n<\/tr>\n<tr>\n<td>\n<p align=\"center\">1.850<\/p>\n<\/td>\n<td>\n<p align=\"left\"><a href=\"https:\/\/cofecon.org.br\/transparencia\/files\/atos_normativos\/Res\/2011\/Res-2011(9).pdf\" target=\"_blank\" rel=\"noopener\">Prorroga a interven\u00e7\u00e3o no CORECON\/PE<\/a><\/p>\n<\/td>\n<\/tr>\n<tr>\n<td>\n<p align=\"center\">1.851<\/p>\n<\/td>\n<td>\n<p align=\"left\"><a href=\"https:\/\/cofecon.org.br\/transparencia\/files\/atos_normativos\/Res\/2011\/Res-2011(10).pdf\" target=\"_blank\" rel=\"noopener\">Cria e Regula o Manual de Procedimentos Administrativos do Sistema COFECON\/CORECONs<\/a><\/p>\n<\/td>\n<\/tr>\n<tr>\n<td>\n<p align=\"center\">1.852<\/p>\n<\/td>\n<td>\n<p align=\"left\"><a href=\"https:\/\/cofecon.org.br\/transparencia\/files\/atos_normativos\/Res\/2011\/Res-2011(12).pdf\" target=\"_blank\" rel=\"noopener\">Resolu\u00e7\u00e3o ART<\/a><\/p>\n<\/td>\n<\/tr>\n<tr>\n<td>\n<p align=\"center\">1.853<\/p>\n<\/td>\n<td>\n<p align=\"left\"><a href=\"https:\/\/cofecon.org.br\/transparencia\/files\/atos_normativos\/Res\/2011\/Res-2011(11).pdf\" target=\"_blank\" rel=\"noopener\">Manual de Arrecada\u00e7\u00e3o do sistema COFECON.CORECONs<\/a><\/p>\n<\/td>\n<\/tr>\n<tr>\n<td>\n<p align=\"center\">1.854<\/p>\n<\/td>\n<td>\n<p align=\"left\"><a href=\"https:\/\/cofecon.org.br\/transparencia\/files\/atos_normativos\/Res\/2011\/Res-2011(14).pdf\" target=\"_blank\" rel=\"noopener\">Cria e Regula a Gincana Nacional de Economia 2011<\/a><\/p>\n<\/td>\n<\/tr>\n<tr>\n<td>\n<p align=\"center\">1.855<\/p>\n<\/td>\n<td>\n<p align=\"left\"><a href=\"https:\/\/cofecon.org.br\/transparencia\/files\/atos_normativos\/Res\/2011\/Res-2011(15).pdf\" target=\"_blank\" rel=\"noopener\">Disp\u00f5e sobre o Regulamento da Gincana Nacional de Economia 2011<\/a><\/p>\n<\/td>\n<\/tr>\n<tr>\n<td>\n<p align=\"center\">1.856<\/p>\n<\/td>\n<td>\n<p align=\"left\"><a href=\"https:\/\/cofecon.org.br\/transparencia\/files\/atos_normativos\/Res\/2011\/Res-2011(16).pdf\" target=\"_blank\" rel=\"noopener\">Decreta o encerramento do regime de interven\u00e7\u00e3o<\/a><\/p>\n<\/td>\n<\/tr>\n<tr>\n<td>\n<p align=\"center\">1.857<\/p>\n<\/td>\n<td>\n<p align=\"left\"><a href=\"https:\/\/cofecon.org.br\/transparencia\/files\/atos_normativos\/Res\/2011\/Res-2011(17).pdf\" target=\"_blank\" rel=\"noopener\">Prorroga o prazo para inscri\u00e7\u00f5es dos trabalhos para XVII Pr\u00eamio Brasil de Economia<\/a><\/p>\n<\/td>\n<\/tr>\n<tr>\n<td>\n<p align=\"center\">1.858<\/p>\n<\/td>\n<td>\n<p align=\"left\"><a href=\"https:\/\/cofecon.org.br\/transparencia\/files\/atos_normativos\/Res\/2011\/Res-2011(18).pdf\" target=\"_blank\" rel=\"noopener\">Estabelece valores para CAT<\/a><\/p>\n<\/td>\n<\/tr>\n<tr>\n<td>\n<p align=\"center\">1.859<\/p>\n<\/td>\n<td>\n<p align=\"left\"><a href=\"https:\/\/cofecon.org.br\/transparencia\/files\/atos_normativos\/Res\/2011\/Res-2011(19).pdf\" target=\"_blank\" rel=\"noopener\">Altera\u00e7\u00e3o RI COFECON<\/a><\/p>\n<\/td>\n<\/tr>\n<tr>\n<td>\n<p align=\"center\">1.860<\/p>\n<\/td>\n<td>\n<p align=\"left\"><a href=\"https:\/\/cofecon.org.br\/transparencia\/files\/atos_normativos\/Res\/2011\/Res-2011(20).pdf\" target=\"_blank\" rel=\"noopener\">Fixa os valores das anuidades e emolumentos &#8211; exerc\u00edcio de 2012<\/a><\/p>\n<\/td>\n<\/tr>\n<tr>\n<td>\n<p align=\"center\">1.861<\/p>\n<\/td>\n<td>\n<p align=\"left\"><a href=\"https:\/\/cofecon.org.br\/transparencia\/files\/atos_normativos\/Res\/2011\/Res-2011(21).pdf\" target=\"_blank\" rel=\"noopener\">Prorroga o prazo envio propostas or\u00e7ament\u00e1rias de 2012<\/a><\/p>\n<\/td>\n<\/tr>\n<tr>\n<td>\n<p align=\"center\">1.862<\/p>\n<\/td>\n<td>\n<p align=\"left\"><a href=\"https:\/\/cofecon.org.br\/transparencia\/files\/atos_normativos\/Res\/2011\/Res-2011(22).pdf\" target=\"_blank\" rel=\"noopener\">Altera o Manual de Arrecada\u00e7\u00e3o de 2012<\/a><\/p>\n<\/td>\n<\/tr>\n<tr>\n<td>\n<p align=\"center\">1.863<\/p>\n<\/td>\n<td>\n<p align=\"left\"><a href=\"https:\/\/cofecon.org.br\/transparencia\/files\/atos_normativos\/Res\/2011\/Res-2011(23).pdf\" target=\"_blank\" rel=\"noopener\">Procede altera\u00e7\u00f5es na Resolu\u00e7\u00e3o n\u00ba 1.860 de 08 de novembro de 2011<\/a><\/p>\n<\/td>\n<\/tr>\n<tr>\n<td>\n<p align=\"center\">1.864<\/p>\n<\/td>\n<td>\n<p align=\"left\"><a href=\"https:\/\/cofecon.org.br\/transparencia\/files\/atos_normativos\/Res\/2011\/Res-2011(24).pdf\" target=\"_blank\" rel=\"noopener\">Promover a fus\u00e3o do Conselho Regional de Economia da 27\u00aa Regi\u00e3o &#8211; RR ao Conselho Regional de Economia da 13\u00aa Regi\u00e3o &#8211; AM<\/a><\/p>\n<\/td>\n<\/tr>\n<tr>\n<td>\n<p align=\"center\">1.865<\/p>\n<\/td>\n<td>\n<p align=\"left\"><a href=\"https:\/\/cofecon.org.br\/transparencia\/files\/atos_normativos\/Res\/2011\/Res-2011(25).pdf\" target=\"_blank\" rel=\"noopener\">Aprova o procedimento eleitoral do Conselho Federal e dos Conselhos Regionais de Economia<\/a><\/p>\n<\/td>\n<\/tr>\n<\/tbody>\n<\/table>\n<\/div>\t\t\t\t\t\t\t\t<\/div>\n\t\t\t\t<\/div>\n\t\t\t\t\t<\/div>\n\t\t<\/div>\n\t\t\t\t\t<\/div>\n\t\t<\/section>\n\t\t\t\t<\/div>\n\t\t","protected":false},"excerpt":{"rendered":"<p>Resolu\u00e7\u00f5es N\u00ba: Assunto: 1.843 Decreta a interven\u00e7\u00e3o do CORECON\/PE e d\u00e1 outras provid\u00eancias 1.844 Aprova a inclus\u00e3o de dispositivos \u00e0 Resolu\u00e7\u00e3o 1833 1.845 Cria e regula o Programa de Planejamento Estrat\u00e9gio e Gest\u00e3o do Sistema COFECON\/CORECONs 1.846 Aprovar, &#8220;ad referendum&#8221; do Plen\u00e1rio,a ratifica\u00e7\u00e3o da resolu\u00e7\u00e3o CORECON &#8211; PE n\u00ba 002\/2011 1.847 Aprova a cria\u00e7\u00e3o de &hellip; <a href=\"https:\/\/cofecon.org.br\/transparencia\/?page_id=245\" class=\"more-link\">Continue reading <span class=\"screen-reader-text\">Resolucoes-2011<\/span><\/a><\/p>\n","protected":false},"author":11,"featured_media":0,"parent":9,"menu_order":0,"comment_status":"closed","ping_status":"closed","template":"","meta":{"footnotes":""},"class_list":["post-245","page","type-page","status-publish","hentry"],"_links":{"self":[{"href":"https:\/\/cofecon.org.br\/transparencia\/index.php?rest_route=\/wp\/v2\/pages\/245"}],"collection":[{"href":"https:\/\/cofecon.org.br\/transparencia\/index.php?rest_route=\/wp\/v2\/pages"}],"about":[{"href":"https:\/\/cofecon.org.br\/transparencia\/index.php?rest_route=\/wp\/v2\/types\/page"}],"author":[{"embeddable":true,"href":"https:\/\/cofecon.org.br\/transparencia\/index.php?rest_route=\/wp\/v2\/users\/11"}],"replies":[{"embeddable":true,"href":"https:\/\/cofecon.org.br\/transparencia\/index.php?rest_route=%2Fwp%2Fv2%2Fcomments&post=245"}],"version-history":[{"count":20,"href":"https:\/\/cofecon.org.br\/transparencia\/index.php?rest_route=\/wp\/v2\/pages\/245\/revisions"}],"predecessor-version":[{"id":10083,"href":"https:\/\/cofecon.org.br\/transparencia\/index.php?rest_route=\/wp\/v2\/pages\/245\/revisions\/10083"}],"up":[{"embeddable":true,"href":"https:\/\/cofecon.org.br\/transparencia\/index.php?rest_route=\/wp\/v2\/pages\/9"}],"wp:attachment":[{"href":"https:\/\/cofecon.org.br\/transparencia\/index.php?rest_route=%2Fwp%2Fv2%2Fmedia&parent=245"}],"curies":[{"name":"wp","href":"https:\/\/api.w.org\/{rel}","templated":true}]}}