{"id":243,"date":"2017-04-03T18:31:27","date_gmt":"2017-04-03T18:31:27","guid":{"rendered":"http:\/\/cofecon.org.br\/transparencia\/?page_id=243"},"modified":"2025-10-15T18:30:27","modified_gmt":"2025-10-15T18:30:27","slug":"resolucoes-2012","status":"publish","type":"page","link":"https:\/\/cofecon.org.br\/transparencia\/?page_id=243","title":{"rendered":"Resolucoes-2012"},"content":{"rendered":"\t\t<div data-elementor-type=\"wp-page\" data-elementor-id=\"243\" class=\"elementor elementor-243\">\n\t\t\t\t\t\t<section class=\"elementor-section elementor-top-section elementor-element elementor-element-259cbf41 elementor-section-boxed elementor-section-height-default elementor-section-height-default\" data-id=\"259cbf41\" data-element_type=\"section\">\n\t\t\t\t\t\t<div class=\"elementor-container elementor-column-gap-default\">\n\t\t\t\t\t<div class=\"elementor-column elementor-col-100 elementor-top-column elementor-element elementor-element-f566181\" data-id=\"f566181\" data-element_type=\"column\">\n\t\t\t<div class=\"elementor-widget-wrap elementor-element-populated\">\n\t\t\t\t\t\t<div class=\"elementor-element elementor-element-4bb81bee elementor-widget elementor-widget-text-editor\" data-id=\"4bb81bee\" data-element_type=\"widget\" data-widget_type=\"text-editor.default\">\n\t\t\t\t<div class=\"elementor-widget-container\">\n\t\t\t\t\t\t\t\t\t<div class=\"karmany_clearboth\"><\/div>\n<div id=\"articlepxfontsize1\">\n<div align=\"center\">\n<table border=\"0\" align=\"center\">\n<tbody>\n<tr>\n<th scope=\"row\" align=\"center\" valign=\"center\" width=\"134\">\n<p dir=\"ltr\" align=\"left\"><strong><span style=\"text-decoration: underline;\"><span style=\"font-size: 10pt;\">Resolu\u00e7\u00f5es N\u00ba:<\/span><\/span><\/strong><\/p>\n<\/th>\n<th scope=\"row\" align=\"center\" valign=\"center\" width=\"499\">\n<p align=\"center\"><strong><span style=\"text-decoration: underline;\"><span style=\"font-size: 10pt;\">Assunto:<\/span><\/span><\/strong><\/p>\n<\/th>\n<\/tr>\n<tr>\n<td>\n<p align=\"center\">1.866<\/p>\n<\/td>\n<td>\n<p align=\"left\"><a href=\"https:\/\/cofecon.org.br\/transparencia\/files\/atos_normativos\/Res\/2012\/Res-2012(1).pdf\" target=\"_blank\" rel=\"noopener\">Altera anexos do Manual de Arrecada\u00e7\u00e3o<\/a><\/p>\n<\/td>\n<\/tr>\n<tr>\n<td>\n<p align=\"center\">1.867<\/p>\n<\/td>\n<td>\n<p align=\"left\"><a href=\"https:\/\/cofecon.org.br\/transparencia\/files\/atos_normativos\/Res\/2012\/Res-2012(2).pdf\" target=\"_blank\" rel=\"noopener\">Procede a altera\u00e7\u00f5es na ART e a CAT<\/a><\/p>\n<\/td>\n<\/tr>\n<tr>\n<td>\n<p align=\"center\">1.868<\/p>\n<\/td>\n<td>\n<p align=\"left\"><a href=\"http:\/\/cofecon.org.br\/transparencia\/wp-content\/uploads\/2025\/09\/Res.-1.868.2012-VHTE-atualizada.pdf\" target=\"_blank\" rel=\"noopener\">Define as bases referenciais e institui o VHTE<\/a><\/p>\n<\/td>\n<\/tr>\n<tr>\n<td>\n<p align=\"center\">1.869<\/p>\n<\/td>\n<td>\n<p align=\"left\"><a href=\"https:\/\/cofecon.org.br\/transparencia\/files\/atos_normativos\/Res\/2012\/Res-2012(4).pdf\" target=\"_blank\" rel=\"noopener\">Regulamento do XVIII Pr\u00eamio Brasil de Economia<\/a><\/p>\n<\/td>\n<\/tr>\n<tr>\n<td>\n<p align=\"center\">1.870<\/p>\n<\/td>\n<td>\n<p align=\"left\"><a href=\"https:\/\/cofecon.org.br\/transparencia\/files\/atos_normativos\/Res\/2012\/Res-2012(5)_1.pdf\" target=\"_blank\" rel=\"noopener\">Regimento Interno do SINCE<\/a><\/p>\n<\/td>\n<\/tr>\n<tr>\n<td>\n<p align=\"center\">1.871<\/p>\n<\/td>\n<td>\n<p align=\"left\"><a href=\"https:\/\/cofecon.org.br\/transparencia\/files\/atos_normativos\/Res\/2012\/Res-2012(6).pdf\" target=\"_blank\" rel=\"noopener\">Regulamento da II Gincana Nacional de Economia &#8211; 2012<\/a><\/p>\n<\/td>\n<\/tr>\n<tr>\n<td>\n<p align=\"center\">1.872<\/p>\n<\/td>\n<td>\n<p align=\"left\"><a href=\"https:\/\/cofecon.org.br\/transparencia\/files\/atos_normativos\/Res\/2012\/Res-2012(7).pdf\" target=\"_blank\" rel=\"noopener\">Reconsidera Resolu\u00e7\u00e3o COFECON 1.864\/2011<\/a><\/p>\n<\/td>\n<\/tr>\n<tr>\n<td>\n<p align=\"center\">1.873<\/p>\n<\/td>\n<td>\n<p align=\"left\"><a href=\"https:\/\/cofecon.org.br\/transparencia\/files\/atos_normativos\/Res\/2012\/Res-2012(8).pdf\" target=\"_blank\" rel=\"noopener\">Declara\u00e7\u00e3o de habilita\u00e7\u00e3o legal provis\u00f3ria<\/a><\/p>\n<\/td>\n<\/tr>\n<tr>\n<td>\n<p align=\"center\">1.874<\/p>\n<\/td>\n<td>\n<p align=\"left\"><a href=\"https:\/\/cofecon.org.br\/transparencia\/files\/atos_normativos\/Res\/2012\/Res-2012(9).pdf\" target=\"_blank\" rel=\"noopener\">Prorroga prazo de inscri\u00e7\u00e3o XVIII PBE<\/a><\/p>\n<\/td>\n<\/tr>\n<tr>\n<td>\n<p align=\"center\">1.875<\/p>\n<\/td>\n<td>\n<p align=\"left\"><a href=\"https:\/\/cofecon.org.br\/transparencia\/files\/atos_normativos\/Res\/2012\/Res-2012(10).pdf\" target=\"_blank\" rel=\"noopener\">Prorroga prazo de inscri\u00e7\u00e3o II Gincana<\/a><\/p>\n<\/td>\n<\/tr>\n<tr>\n<td>\n<p align=\"center\">1.876<\/p>\n<\/td>\n<td>\n<p align=\"left\"><a href=\"https:\/\/cofecon.org.br\/transparencia\/files\/atos_normativos\/Res\/2012\/Res-2012(11).pdf\" target=\"_blank\" rel=\"noopener\">Cria o II Programa Nacional de Recupera\u00e7\u00e3o de Cr\u00e9ditos no Sistema COFECON\/CORECON<\/a><\/p>\n<\/td>\n<\/tr>\n<tr>\n<td>\n<p align=\"center\">1.877<\/p>\n<\/td>\n<td>\n<p align=\"left\"><a href=\"https:\/\/cofecon.org.br\/transparencia\/files\/atos_normativos\/Res\/2012\/Res-2012(12).pdf\" target=\"_blank\" rel=\"noopener\">Aprova altera\u00e7\u00e3o do Regimento Interno do COFECON<\/a><\/p>\n<\/td>\n<\/tr>\n<tr>\n<td>\n<p align=\"center\">1.878<\/p>\n<\/td>\n<td>\n<p align=\"left\"><a href=\"https:\/\/cofecon.org.br\/transparencia\/files\/atos_normativos\/Res\/2012\/Res-2012(13).pdf\" target=\"_blank\" rel=\"noopener\">Fixa anuidades e emolumentos 2013<\/a><\/p>\n<\/td>\n<\/tr>\n<tr>\n<td>\n<p align=\"center\">1.879<\/p>\n<\/td>\n<td>\n<p align=\"left\"><a href=\"https:\/\/cofecon.org.br\/transparencia\/files\/atos_normativos\/Res\/2012\/Res-2012(14).pdf\" target=\"_blank\" rel=\"noopener\">Registro de Profissionais &#8211; <span style=\"color: #ff0000;\">Resolu\u00e7\u00e3o Revogada<\/span><\/a><\/p>\n<\/td>\n<\/tr>\n<tr>\n<td>\n<p align=\"center\">1.880<\/p>\n<\/td>\n<td>\n<p align=\"left\"><a href=\"https:\/\/cofecon.org.br\/transparencia\/files\/atos_normativos\/Res\/2012\/Res-2012(15).pdf\" target=\"_blank\" rel=\"noopener\">Registro de Pessoas Jur\u00eddicas<\/a><\/p>\n<\/td>\n<\/tr>\n<tr>\n<td>\n<p align=\"center\">1.881<\/p>\n<\/td>\n<td>\n<p align=\"left\"><a href=\"https:\/\/cofecon.org.br\/transparencia\/files\/atos_normativos\/Res\/2012\/Res-2012(16).pdf\" target=\"_blank\" rel=\"noopener\">Procede altera\u00e7\u00f5es no Manual de Arrecada\u00e7\u00e3o<\/a><\/p>\n<\/td>\n<\/tr>\n<tr>\n<td>\n<p align=\"center\">1.882<\/p>\n<\/td>\n<td>\n<p align=\"left\"><a href=\"https:\/\/cofecon.org.br\/transparencia\/files\/atos_normativos\/Res\/2012\/Res-2012(17).pdf\" target=\"_blank\" rel=\"noopener\">Procede altera\u00e7\u00f5es na Resolu\u00e7\u00e3o 1.878\/2012 &#8211; anuidades<\/a><\/p>\n<\/td>\n<\/tr>\n<tr>\n<td>\n<p align=\"center\">1.883<\/p>\n<\/td>\n<td>\n<p align=\"left\"><a href=\"https:\/\/cofecon.org.br\/transparencia\/files\/atos_normativos\/Res\/2012\/Res-2012(18).pdf\" target=\"_blank\" rel=\"noopener\">Padroniza\u00e7\u00e3o de dados do Sistema COFECON\/CORECON &#8211; <span style=\"color: #ff0000;\">Resolu\u00e7\u00e3o Revogada<\/span><\/a><\/p>\n<\/td>\n<\/tr>\n<tr>\n<td>\n<p align=\"center\">1.884<\/p>\n<\/td>\n<td>\n<p align=\"left\"><a href=\"https:\/\/cofecon.org.br\/transparencia\/files\/atos_normativos\/Res\/2012\/Res-2012(19).pdf\" target=\"_blank\" rel=\"noopener\">Prorroga prazo do II Programa Nacional de Recupera\u00e7\u00e3o de cr\u00e9dito<\/a><\/p>\n<\/td>\n<\/tr>\n<tr>\n<td>\n<p align=\"center\">1.885<\/p>\n<\/td>\n<td>\n<p align=\"left\"><a href=\"https:\/\/cofecon.org.br\/transparencia\/files\/atos_normativos\/Res\/2012\/Res-2012(20).pdf\" target=\"_blank\" rel=\"noopener\">Altera Resolu\u00e7\u00e3o 1.879.2012<\/a><\/p>\n<\/td>\n<\/tr>\n<tr>\n<td>\n<p align=\"center\">1.886<\/p>\n<\/td>\n<td>\n<p align=\"left\"><a href=\"https:\/\/cofecon.org.br\/transparencia\/files\/atos_normativos\/Res\/2012\/Res-2012(21).pdf\" target=\"_blank\" rel=\"noopener\">Aprova o pedido do CORECON-RR de prorroga\u00e7\u00e3o do Termo de Ajuste de Conduta<\/a><\/p>\n<\/td>\n<\/tr>\n<\/tbody>\n<\/table>\n<\/div>\n<\/div>\t\t\t\t\t\t\t\t<\/div>\n\t\t\t\t<\/div>\n\t\t\t\t\t<\/div>\n\t\t<\/div>\n\t\t\t\t\t<\/div>\n\t\t<\/section>\n\t\t\t\t<\/div>\n\t\t","protected":false},"excerpt":{"rendered":"<p>Resolu\u00e7\u00f5es N\u00ba: Assunto: 1.866 Altera anexos do Manual de Arrecada\u00e7\u00e3o 1.867 Procede a altera\u00e7\u00f5es na ART e a CAT 1.868 Define as bases referenciais e institui o VHTE 1.869 Regulamento do XVIII Pr\u00eamio Brasil de Economia 1.870 Regimento Interno do SINCE 1.871 Regulamento da II Gincana Nacional de Economia &#8211; 2012 1.872 Reconsidera Resolu\u00e7\u00e3o COFECON &hellip; <a href=\"https:\/\/cofecon.org.br\/transparencia\/?page_id=243\" class=\"more-link\">Continue reading <span class=\"screen-reader-text\">Resolucoes-2012<\/span><\/a><\/p>\n","protected":false},"author":11,"featured_media":0,"parent":9,"menu_order":0,"comment_status":"closed","ping_status":"closed","template":"","meta":{"footnotes":""},"class_list":["post-243","page","type-page","status-publish","hentry"],"_links":{"self":[{"href":"https:\/\/cofecon.org.br\/transparencia\/index.php?rest_route=\/wp\/v2\/pages\/243"}],"collection":[{"href":"https:\/\/cofecon.org.br\/transparencia\/index.php?rest_route=\/wp\/v2\/pages"}],"about":[{"href":"https:\/\/cofecon.org.br\/transparencia\/index.php?rest_route=\/wp\/v2\/types\/page"}],"author":[{"embeddable":true,"href":"https:\/\/cofecon.org.br\/transparencia\/index.php?rest_route=\/wp\/v2\/users\/11"}],"replies":[{"embeddable":true,"href":"https:\/\/cofecon.org.br\/transparencia\/index.php?rest_route=%2Fwp%2Fv2%2Fcomments&post=243"}],"version-history":[{"count":24,"href":"https:\/\/cofecon.org.br\/transparencia\/index.php?rest_route=\/wp\/v2\/pages\/243\/revisions"}],"predecessor-version":[{"id":10076,"href":"https:\/\/cofecon.org.br\/transparencia\/index.php?rest_route=\/wp\/v2\/pages\/243\/revisions\/10076"}],"up":[{"embeddable":true,"href":"https:\/\/cofecon.org.br\/transparencia\/index.php?rest_route=\/wp\/v2\/pages\/9"}],"wp:attachment":[{"href":"https:\/\/cofecon.org.br\/transparencia\/index.php?rest_route=%2Fwp%2Fv2%2Fmedia&parent=243"}],"curies":[{"name":"wp","href":"https:\/\/api.w.org\/{rel}","templated":true}]}}