{"id":241,"date":"2017-04-03T18:30:54","date_gmt":"2017-04-03T18:30:54","guid":{"rendered":"http:\/\/cofecon.org.br\/transparencia\/?page_id=241"},"modified":"2025-10-15T18:26:02","modified_gmt":"2025-10-15T18:26:02","slug":"resolucoes-2013","status":"publish","type":"page","link":"https:\/\/cofecon.org.br\/transparencia\/?page_id=241","title":{"rendered":"Resolucoes-2013"},"content":{"rendered":"\t\t<div data-elementor-type=\"wp-page\" data-elementor-id=\"241\" class=\"elementor elementor-241\">\n\t\t\t\t\t\t<section class=\"elementor-section elementor-top-section elementor-element elementor-element-2aa12cb7 elementor-section-boxed elementor-section-height-default elementor-section-height-default\" data-id=\"2aa12cb7\" data-element_type=\"section\">\n\t\t\t\t\t\t<div class=\"elementor-container elementor-column-gap-default\">\n\t\t\t\t\t<div class=\"elementor-column elementor-col-100 elementor-top-column elementor-element elementor-element-88e9249\" data-id=\"88e9249\" data-element_type=\"column\">\n\t\t\t<div class=\"elementor-widget-wrap elementor-element-populated\">\n\t\t\t\t\t\t<div class=\"elementor-element elementor-element-6b05b5dd elementor-widget elementor-widget-text-editor\" data-id=\"6b05b5dd\" data-element_type=\"widget\" data-widget_type=\"text-editor.default\">\n\t\t\t\t<div class=\"elementor-widget-container\">\n\t\t\t\t\t\t\t\t\t<div align=\"center\">\n<table border=\"0\" align=\"center\">\n<tbody>\n<tr>\n<th scope=\"row\" align=\"center\" valign=\"middle\" width=\"134\">\n<p dir=\"ltr\" align=\"left\"><strong><span style=\"text-decoration: underline;\"><span style=\"font-size: 10pt;\">Resolu\u00e7\u00f5es N\u00ba:<\/span><\/span><\/strong><\/p>\n<\/th>\n<th scope=\"row\" align=\"center\" valign=\"middle\" width=\"499\">\n<p align=\"center\"><strong><span style=\"text-decoration: underline;\"><span style=\"font-size: 10pt;\">Assunto:<\/span><\/span><\/strong><\/p>\n<\/th>\n<\/tr>\n<tr>\n<td>\n<p align=\"center\">1.887<\/p>\n<\/td>\n<td>\n<p align=\"left\"><a href=\"https:\/\/cofecon.org.br\/transparencia\/files\/atos_normativos\/Res\/2013\/Res-2013(2).pdf\" target=\"_blank\" rel=\"noopener noreferrer\">Regulamento da III Gincana Nacional de Economia<\/a><\/p>\n<\/td>\n<\/tr>\n<tr>\n<td>\n<p align=\"center\">1.888<\/p>\n<\/td>\n<td>\n<p align=\"left\"><a href=\"https:\/\/cofecon.org.br\/transparencia\/files\/atos_normativos\/Res\/2013\/Res-2013(1).pdf\" target=\"_blank\" rel=\"noopener noreferrer\">Regulamento do XIX Pr\u00eamio Brasil de Economia<\/a><\/p>\n<\/td>\n<\/tr>\n<tr>\n<td>\n<p align=\"center\">1.889<\/p>\n<\/td>\n<td>\n<p align=\"left\"><a href=\"https:\/\/cofecon.org.br\/transparencia\/files\/atos_normativos\/Res\/2013\/Res-2013(3).pdf\" target=\"_blank\" rel=\"noopener noreferrer\">Altera Manual de Procedimentos Cont\u00e1beis e Financeiros<\/a><\/p>\n<\/td>\n<\/tr>\n<tr>\n<td>\n<p align=\"center\">1.890<\/p>\n<\/td>\n<td>\n<p align=\"left\"><a href=\"https:\/\/cofecon.org.br\/transparencia\/files\/atos_normativos\/Res\/2013\/Res-2013(4).pdf\" target=\"_blank\" rel=\"noopener noreferrer\">Prorroga II Programa Nacional de Cr\u00e9dito<\/a><\/p>\n<\/td>\n<\/tr>\n<tr>\n<td>\n<p align=\"center\">1.891<\/p>\n<\/td>\n<td>\n<p align=\"left\"><a href=\"https:\/\/cofecon.org.br\/transparencia\/files\/atos_normativos\/Res\/2013\/Res-2013(5).pdf\" target=\"_blank\" rel=\"noopener noreferrer\">Homologa TAC CORECON-RR<\/a><\/p>\n<\/td>\n<\/tr>\n<tr>\n<td>\n<p align=\"center\">1.892<\/p>\n<\/td>\n<td>\n<p align=\"left\"><a href=\"https:\/\/cofecon.org.br\/transparencia\/files\/atos_normativos\/Res\/2013\/Res-2013(6).pdf\" target=\"_blank\" rel=\"noopener noreferrer\">\nNormatiza a concess\u00e3o de pr\u00eamios, homenagens e comendas no \u00e2mbito do Sistema COFECON\/CORECON<\/a><\/p>\n<\/td>\n<\/tr>\n<tr>\n<td>\n<p align=\"center\">1.893<\/p>\n<\/td>\n<td>\n<p align=\"left\"><a href=\"https:\/\/cofecon.org.br\/transparencia\/files\/atos_normativos\/Res\/2013\/Res-2013(7).pdf\" target=\"_blank\" rel=\"noopener noreferrer\">Prorroga prazo II PNRC.<\/a><\/p>\n<\/td>\n<\/tr>\n<tr>\n<td>\n<p align=\"center\">1.894<\/p>\n<\/td>\n<td>\n<p align=\"left\"><a href=\"https:\/\/cofecon.org.br\/transparencia\/files\/atos_normativos\/Res\/2013\/Res-2013(8).pdf\" target=\"_blank\" rel=\"noopener noreferrer\">Altera Resolu\u00e7\u00e3o 1.880\/2012<\/a><\/p>\n<\/td>\n<\/tr>\n<tr>\n<td>\n<p align=\"center\">1.895<\/p>\n<\/td>\n<td>\n<p align=\"left\"><a href=\"https:\/\/cofecon.org.br\/transparencia\/files\/atos_normativos\/Res\/2013\/Res-2013(9).pdf\" target=\"_blank\" rel=\"noopener noreferrer\">Prorroga prazo II PNRC<\/a><\/p>\n<\/td>\n<\/tr>\n<tr>\n<td>\n<p align=\"center\">1.896<\/p>\n<\/td>\n<td>\n<p align=\"left\"><a href=\"https:\/\/cofecon.org.br\/transparencia\/files\/atos_normativos\/Res\/2013\/Res-2013(10).pdf\" target=\"_blank\" rel=\"noopener noreferrer\">Altera item 7.1.1 &#8211; Promo\u00e7\u00e3o e apoio a eventos <\/a><\/p>\n<\/td>\n<\/tr>\n<tr>\n<td>\n<p align=\"center\">1.897<\/p>\n<\/td>\n<td>\n<p align=\"left\"><a href=\"https:\/\/cofecon.org.br\/transparencia\/files\/atos_normativos\/Res\/2013\/Res-2013(11).pdf\" target=\"_blank\" rel=\"noopener noreferrer\">Altera Resolu\u00e7\u00e3o 1.879\/2012 <\/a><\/p>\n<\/td>\n<\/tr>\n<tr>\n<td>\n<p align=\"center\">1.898<\/p>\n<\/td>\n<td>\n<p align=\"left\"><a href=\"https:\/\/cofecon.org.br\/transparencia\/files\/atos_normativos\/Res\/2013\/Res-2013(12).pdf\" target=\"_blank\" rel=\"noopener noreferrer\">Anuidades e emolumentos 2014 <\/a><\/p>\n<\/td>\n<\/tr>\n<tr>\n<td>\n<p align=\"center\">1.899<\/p>\n<\/td>\n<td>\n<p align=\"left\"><a href=\"https:\/\/cofecon.org.br\/transparencia\/files\/atos_normativos\/Res\/2013\/Res-2013(13).pdf\" target=\"_blank\" rel=\"noopener noreferrer\">Altera Resolu\u00e7\u00e3o 1.879\/2012 <\/a><\/p>\n<\/td>\n<\/tr>\n<tr>\n<td>\n<p align=\"center\">1.900<\/p>\n<\/td>\n<td>\n<p align=\"left\"><a href=\"https:\/\/cofecon.org.br\/transparencia\/files\/atos_normativos\/Res\/2013\/Res-2013(14).pdf\" target=\"_blank\" rel=\"noopener noreferrer\"> Determina abertura de Tomada de Contas Especial no CORECON-MT <\/a><\/p>\n<\/td>\n<\/tr>\n<tr>\n<td>\n<p align=\"center\">1.901<\/p>\n<\/td>\n<td>\n<p align=\"left\"><a href=\"https:\/\/cofecon.org.br\/transparencia\/files\/atos_normativos\/Res\/2013\/Res-2013(15).pdf\" target=\"_blank\" rel=\"noopener noreferrer\"> Tarifas banc\u00e1rias <\/a><\/p>\n<\/td>\n<\/tr>\n<tr>\n<td>\n<p align=\"center\">1.902<\/p>\n<\/td>\n<td>\n<p align=\"left\"><a href=\"https:\/\/cofecon.org.br\/transparencia\/files\/atos_normativos\/Res\/2013\/Res-2013(16).pdf\" target=\"_blank\" rel=\"noopener noreferrer\"> Define as obriga\u00e7\u00f5es das pessoas f\u00edsicas e das pessoas jur\u00eddicas perante o COAF<\/a><\/p>\n<\/td>\n<\/tr>\n<tr>\n<td>\n<p align=\"center\">1.903<\/p>\n<\/td>\n<td>\n<p align=\"left\"><a href=\"https:\/\/cofecon.org.br\/transparencia\/files\/atos_normativos\/Res\/2013\/Res-2013(17).pdf\" target=\"_blank\" rel=\"noopener noreferrer\"> Regimento do CBE <\/a><\/p>\n<\/td>\n<\/tr>\n<tr>\n<td>\n<p align=\"center\">1.904<\/p>\n<\/td>\n<td>\n<p align=\"left\"><a href=\"https:\/\/cofecon.org.br\/transparencia\/files\/atos_normativos\/Res\/2013\/Res-2013(18).pdf\" target=\"_blank\" rel=\"noopener noreferrer\"> Prorroga prazo TCE CORECON-MT<\/a><\/p>\n<\/td>\n<\/tr>\n<tr>\n<td>\n<p align=\"center\">1.905<\/p>\n<\/td>\n<td>\n<p align=\"left\"><a href=\"https:\/\/cofecon.org.br\/transparencia\/files\/atos_normativos\/Res\/2013\/Res-2013(19).pdf\" target=\"_blank\" rel=\"noopener noreferrer\">Prorroga prazo II PNRC <\/a><\/p>\n<\/td>\n<\/tr>\n<\/tbody>\n<\/table>\n<\/div>\t\t\t\t\t\t\t\t<\/div>\n\t\t\t\t<\/div>\n\t\t\t\t\t<\/div>\n\t\t<\/div>\n\t\t\t\t\t<\/div>\n\t\t<\/section>\n\t\t\t\t<\/div>\n\t\t","protected":false},"excerpt":{"rendered":"<p>Resolu\u00e7\u00f5es N\u00ba: Assunto: 1.887 Regulamento da III Gincana Nacional de Economia 1.888 Regulamento do XIX Pr\u00eamio Brasil de Economia 1.889 Altera Manual de Procedimentos Cont\u00e1beis e Financeiros 1.890 Prorroga II Programa Nacional de Cr\u00e9dito 1.891 Homologa TAC CORECON-RR 1.892 Normatiza a concess\u00e3o de pr\u00eamios, homenagens e comendas no \u00e2mbito do Sistema COFECON\/CORECON 1.893 Prorroga prazo &hellip; <a href=\"https:\/\/cofecon.org.br\/transparencia\/?page_id=241\" class=\"more-link\">Continue reading <span class=\"screen-reader-text\">Resolucoes-2013<\/span><\/a><\/p>\n","protected":false},"author":11,"featured_media":0,"parent":9,"menu_order":0,"comment_status":"closed","ping_status":"closed","template":"","meta":{"footnotes":""},"class_list":["post-241","page","type-page","status-publish","hentry"],"_links":{"self":[{"href":"https:\/\/cofecon.org.br\/transparencia\/index.php?rest_route=\/wp\/v2\/pages\/241"}],"collection":[{"href":"https:\/\/cofecon.org.br\/transparencia\/index.php?rest_route=\/wp\/v2\/pages"}],"about":[{"href":"https:\/\/cofecon.org.br\/transparencia\/index.php?rest_route=\/wp\/v2\/types\/page"}],"author":[{"embeddable":true,"href":"https:\/\/cofecon.org.br\/transparencia\/index.php?rest_route=\/wp\/v2\/users\/11"}],"replies":[{"embeddable":true,"href":"https:\/\/cofecon.org.br\/transparencia\/index.php?rest_route=%2Fwp%2Fv2%2Fcomments&post=241"}],"version-history":[{"count":10,"href":"https:\/\/cofecon.org.br\/transparencia\/index.php?rest_route=\/wp\/v2\/pages\/241\/revisions"}],"predecessor-version":[{"id":10069,"href":"https:\/\/cofecon.org.br\/transparencia\/index.php?rest_route=\/wp\/v2\/pages\/241\/revisions\/10069"}],"up":[{"embeddable":true,"href":"https:\/\/cofecon.org.br\/transparencia\/index.php?rest_route=\/wp\/v2\/pages\/9"}],"wp:attachment":[{"href":"https:\/\/cofecon.org.br\/transparencia\/index.php?rest_route=%2Fwp%2Fv2%2Fmedia&parent=241"}],"curies":[{"name":"wp","href":"https:\/\/api.w.org\/{rel}","templated":true}]}}