{"id":237,"date":"2017-04-03T18:16:07","date_gmt":"2017-04-03T18:16:07","guid":{"rendered":"http:\/\/cofecon.org.br\/transparencia\/?page_id=237"},"modified":"2025-10-15T18:16:55","modified_gmt":"2025-10-15T18:16:55","slug":"resolucoes-2015","status":"publish","type":"page","link":"https:\/\/cofecon.org.br\/transparencia\/?page_id=237","title":{"rendered":"Resolucoes-2015"},"content":{"rendered":"\t\t<div data-elementor-type=\"wp-page\" data-elementor-id=\"237\" class=\"elementor elementor-237\">\n\t\t\t\t\t\t<section class=\"elementor-section elementor-top-section elementor-element elementor-element-13fb37a1 elementor-section-boxed elementor-section-height-default elementor-section-height-default\" data-id=\"13fb37a1\" data-element_type=\"section\">\n\t\t\t\t\t\t<div class=\"elementor-container elementor-column-gap-default\">\n\t\t\t\t\t<div class=\"elementor-column elementor-col-100 elementor-top-column elementor-element elementor-element-29123fda\" data-id=\"29123fda\" data-element_type=\"column\">\n\t\t\t<div class=\"elementor-widget-wrap elementor-element-populated\">\n\t\t\t\t\t\t<div class=\"elementor-element elementor-element-4007b03a elementor-widget elementor-widget-text-editor\" data-id=\"4007b03a\" data-element_type=\"widget\" data-widget_type=\"text-editor.default\">\n\t\t\t\t<div class=\"elementor-widget-container\">\n\t\t\t\t\t\t\t\t\t<div id=\"articlepxfontsize1\">\n<table border=\"0\" align=\"center\">\n<tbody>\n<tr>\n<th scope=\"row\" align=\"center\" valign=\"middle\" width=\"134\">\n<p dir=\"ltr\" align=\"left\"><strong><span style=\"text-decoration: underline;\"><span style=\"font-size: 10pt;\">Resolu\u00e7\u00f5es N\u00ba:<\/span><\/span><\/strong><\/p>\n<\/th>\n<th scope=\"row\" align=\"center\" valign=\"middle\" width=\"499\">\n<p align=\"center\"><strong><span style=\"text-decoration: underline;\"><span style=\"font-size: 10pt;\">Assunto:<\/span><\/span><\/strong><\/p>\n<\/th>\n<\/tr>\n<tr>\n<td>\n<p align=\"center\">1.923<\/p>\n<\/td>\n<td>\n<p align=\"left\"><a href=\"https:\/\/cofecon.org.br\/transparencia\/files\/atos_normativos\/Res\/2015\/Res-2015(3).pdf\" target=\"_blank\" rel=\"noopener noreferrer\">III Programa de Recupera\u00e7\u00e3o de Cr\u00e9dito<\/a><\/p>\n<\/td>\n<\/tr>\n<tr>\n<td>\n<p align=\"center\">1.924<\/p>\n<\/td>\n<td>\n<p align=\"left\"><a href=\"https:\/\/cofecon.org.br\/transparencia\/files\/atos_normativos\/Res\/2015\/Res-2015(4).pdf\" target=\"_blank\" rel=\"noopener noreferrer\">Altera Manual de Arrecada\u00e7\u00e3o &#8211; CDA<\/a><\/p>\n<\/td>\n<\/tr>\n<tr>\n<td>\n<p align=\"center\">1.925<\/p>\n<\/td>\n<td>\n<p align=\"left\"><a href=\"https:\/\/cofecon.org.br\/transparencia\/files\/atos_normativos\/Res\/2015\/Res-2015(5).pdf\" target=\"_blank\" rel=\"noopener noreferrer\">Regulamento XXI PBE<\/a><\/p>\n<\/td>\n<\/tr>\n<tr>\n<td>\n<p align=\"center\">1.926<\/p>\n<\/td>\n<td>\n<p align=\"left\"><a href=\"https:\/\/cofecon.org.br\/transparencia\/files\/atos_normativos\/Res\/2015\/Res-2015(6).pdf\" target=\"_blank\" rel=\"noopener noreferrer\">V Gincana Nacional de Economia<\/a><\/p>\n<\/td>\n<\/tr>\n<tr>\n<td>\n<p align=\"center\">1.927<\/p>\n<\/td>\n<td>\n<p align=\"left\"><a href=\"https:\/\/cofecon.org.br\/transparencia\/files\/atos_normativos\/Res\/2015\/Res-2015(7).pdf\" target=\"_blank\" rel=\"noopener noreferrer\">Prorroga Prazo Coaf<\/a><\/p>\n<\/td>\n<\/tr>\n<tr>\n<td>\n<p align=\"center\">1.928<\/p>\n<\/td>\n<td>\n<p align=\"left\"><a href=\"https:\/\/cofecon.org.br\/transparencia\/files\/atos_normativos\/Res\/2015\/Res-2015(8).pdf\" target=\"_blank\" rel=\"noopener noreferrer\">Altera Manual de Arrecada\u00e7\u00e3o<\/a><\/p>\n<\/td>\n<\/tr>\n<tr>\n<td>\n<p align=\"center\">1.929<\/p>\n<\/td>\n<td>\n<p align=\"left\"><a href=\"https:\/\/cofecon.org.br\/transparencia\/files\/atos_normativos\/Res\/2015\/Res-2015(9).pdf\" target=\"_blank\" rel=\"noopener noreferrer\">Altera Manual de Procedimentos<\/a><\/p>\n<\/td>\n<\/tr>\n<tr>\n<td>\n<p align=\"center\">1.930<\/p>\n<\/td>\n<td>\n<p align=\"left\"><a href=\"https:\/\/cofecon.org.br\/transparencia\/files\/atos_normativos\/Res\/2015\/Res-2015(10).pdf\" target=\"_blank\" rel=\"noopener noreferrer\">Altera\u00e7\u00e3o Manual Procedimentos Cont\u00e1beis<\/a><\/p>\n<\/td>\n<\/tr>\n<tr>\n<td>\n<p align=\"center\">1.931<\/p>\n<\/td>\n<td>\n<p align=\"left\"><a href=\"https:\/\/cofecon.org.br\/transparencia\/files\/atos_normativos\/Res\/2015\/Res-2015(11).pdf\" target=\"_blank\" rel=\"noopener noreferrer\">Aprova o Calend\u00e1rio para a realiza\u00e7\u00e3o do processo eleitoral<\/a><\/p>\n<\/td>\n<\/tr>\n<tr>\n<td>\n<p align=\"center\">1.932<\/p>\n<\/td>\n<td>\n<p align=\"left\"><a href=\"https:\/\/cofecon.org.br\/transparencia\/files\/atos_normativos\/Res\/2015\/Res-2015(12).pdf\" target=\"_blank\" rel=\"noopener noreferrer\">Altera dispositivo do Manual de Arrecada\u00e7\u00e3o do Sistema Cofecon\/Corecons<\/a><\/p>\n<\/td>\n<\/tr>\n<tr>\n<td>\n<p align=\"center\">1.933<\/p>\n<\/td>\n<td>\n<p align=\"left\"><a href=\"https:\/\/cofecon.org.br\/transparencia\/files\/atos_normativos\/Res\/2015\/Res-2015(13).pdf\" target=\"_blank\" rel=\"noopener noreferrer\">Inclui e detalha a atividade de economia solid\u00e1ria<\/a><\/p>\n<\/td>\n<\/tr>\n<tr>\n<td>\n<p align=\"center\">1.934<\/p>\n<\/td>\n<td>\n<p align=\"left\"><a href=\"https:\/\/cofecon.org.br\/transparencia\/files\/atos_normativos\/Res\/2015\/Res-2015(14).pdf\" target=\"_blank\" rel=\"noopener noreferrer\">Prorroga o III Programa Nacional de Recupera\u00e7\u00e3o<\/a><\/p>\n<\/td>\n<\/tr>\n<tr>\n<td>\n<p align=\"center\">1.935<\/p>\n<\/td>\n<td>\n<p align=\"left\"><a href=\"https:\/\/cofecon.org.br\/transparencia\/files\/atos_normativos\/Res\/2015\/Res-2015(15).pdf\" target=\"_blank\" rel=\"noopener noreferrer\">Prorroga o prazo para inscri\u00e7\u00f5es do XXI PBE<\/a><\/p>\n<\/td>\n<\/tr>\n<tr>\n<td>\n<p align=\"center\">1.936<\/p>\n<\/td>\n<td>\n<p align=\"left\"><a href=\"https:\/\/cofecon.org.br\/transparencia\/files\/atos_normativos\/Res\/2015\/Res-2015(16).pdf\" target=\"_blank\" rel=\"noopener noreferrer\">Cria e Regulamenta a atividade de Economia Criativa<\/a><\/p>\n<\/td>\n<\/tr>\n<tr>\n<td>\n<p align=\"center\">1.937<\/p>\n<\/td>\n<td>\n<p align=\"left\"><a href=\"https:\/\/cofecon.org.br\/transparencia\/files\/atos_normativos\/Res\/2015\/Res-2015(17).pdf\" target=\"_blank\" rel=\"noopener noreferrer\">Altera\u00e7\u00e3o Normativo Registro Profissional<\/a><\/p>\n<\/td>\n<\/tr>\n<tr>\n<td>\n<p align=\"center\">1.938<\/p>\n<\/td>\n<td>\n<p align=\"left\"><a href=\"https:\/\/cofecon.org.br\/transparencia\/files\/atos_normativos\/Res\/2015\/Res-2015(18).pdf\" target=\"_blank\" rel=\"noopener noreferrer\">Disp\u00f5e sobre a validade da carteira de identidade profissional<\/a><\/p>\n<\/td>\n<\/tr>\n<tr>\n<td>\n<p align=\"center\">1.939<\/p>\n<\/td>\n<td>\n<p align=\"left\"><a href=\"https:\/\/cofecon.org.br\/transparencia\/files\/atos_normativos\/Res\/2015\/Res-2015(19).pdf\" target=\"_blank\" rel=\"noopener noreferrer\">Disp\u00f5e sobre os s\u00edmbolos representativos da profiss\u00e3o<\/a><\/p>\n<\/td>\n<\/tr>\n<tr>\n<td>\n<p align=\"center\">1.940<\/p>\n<\/td>\n<td>\n<p align=\"left\"><a href=\"https:\/\/cofecon.org.br\/transparencia\/files\/atos_normativos\/Res\/2015\/Res-2015(20).pdf\" target=\"_blank\" rel=\"noopener noreferrer\">Fixa os valores das anuidades<\/a><\/p>\n<\/td>\n<\/tr>\n<tr>\n<td>\n<p align=\"center\">1.941<\/p>\n<\/td>\n<td>\n<p align=\"left\"><a href=\"https:\/\/cofecon.org.br\/transparencia\/files\/atos_normativos\/Res\/2015\/Res-2015(21).pdf\" target=\"_blank\" rel=\"noopener noreferrer\">Concede aux\u00edlio financeiro ao Corecon-AP<\/a><\/p>\n<\/td>\n<\/tr>\n<tr>\n<td>\n<p align=\"center\">1.942<\/p>\n<\/td>\n<td>\n<p align=\"left\"><a href=\"https:\/\/cofecon.org.br\/transparencia\/files\/atos_normativos\/Res\/2015\/Res-2015(22).pdf\" target=\"_blank\" rel=\"noopener noreferrer\">Altera dispositivos da Resolu\u00e7\u00e3o n\u00ba 1.936<\/a><\/p>\n<\/td>\n<\/tr>\n<tr>\n<td>\n<p align=\"center\">1.943<\/p>\n<\/td>\n<td>\n<p align=\"left\"><a href=\"https:\/\/cofecon.org.br\/transparencia\/files\/atos_normativos\/Res\/2015\/Res-2015(23).pdf\" target=\"_blank\" rel=\"noopener noreferrer\">Altera e inclui dispositivos na Se\u00e7\u00e3o 6.3 do Cap\u00edtulo VI da Consolida\u00e7\u00e3o <\/a><\/p>\n<\/td>\n<\/tr>\n<tr>\n<td>\n<p align=\"center\">1.944<\/p>\n<\/td>\n<td>\n<p align=\"left\"><a href=\"https:\/\/cofecon.org.br\/transparencia\/files\/atos_normativos\/Res\/2015\/Res-2015(24).pdf\" target=\"_blank\" rel=\"noopener noreferrer\">Altera e detalha as atividades de Media\u00e7\u00e3o e Arbitragem<\/a><\/p>\n<\/td>\n<\/tr>\n<tr>\n<td>\n<p align=\"center\">1.945<\/p>\n<\/td>\n<td>\n<p align=\"left\"><a href=\"https:\/\/cofecon.org.br\/transparencia\/files\/atos_normativos\/Res\/2015\/Res-2015(25).pdf\" target=\"_blank\" rel=\"noopener noreferrer\">Altera o Normativo de Procedimentos para Registro de Profissionais junto aos Conselhos Regionais de Economia e adota outras provid\u00eancias<\/a><\/p>\n<\/td>\n<\/tr>\n<tr>\n<td>\n<p align=\"center\">1.946<\/p>\n<\/td>\n<td>\n<p align=\"left\"><a href=\"https:\/\/cofecon.org.br\/transparencia\/files\/atos_normativos\/Res\/2015\/Res-2015(26).pdf\" target=\"_blank\" rel=\"noopener noreferrer\">Altera dispositivos da Resolu\u00e7\u00e3o n\u00ba 1.883 &#8211; Padroniza\u00e7\u00e3o de dados<\/a><\/p>\n<\/td>\n<\/tr>\n<tr>\n<td>\n<p align=\"center\">1.947<\/p>\n<\/td>\n<td>\n<p align=\"left\"><a href=\"https:\/\/cofecon.org.br\/transparencia\/files\/atos_normativos\/Res\/2015\/Res-2015(27).pdf\" target=\"_blank\" rel=\"noopener noreferrer\">Incorpora\u00e7\u00e3o Corecon-AP ao Corecon-PA<\/a><\/p>\n<\/td>\n<\/tr>\n<tr>\n<td>\n<p align=\"center\">1.948<\/p>\n<\/td>\n<td>\n<p align=\"left\"><a href=\"https:\/\/cofecon.org.br\/transparencia\/files\/atos_normativos\/Res\/2015\/Res-2015(28).pdf\" target=\"_blank\" rel=\"noopener noreferrer\">Cria o IV Programa Nacional de Recupera\u00e7\u00e3o de Cr\u00e9ditos<\/a><\/p>\n<\/td>\n<\/tr>\n<\/tbody>\n<\/table>\n<\/div>\t\t\t\t\t\t\t\t<\/div>\n\t\t\t\t<\/div>\n\t\t\t\t\t<\/div>\n\t\t<\/div>\n\t\t\t\t\t<\/div>\n\t\t<\/section>\n\t\t\t\t<\/div>\n\t\t","protected":false},"excerpt":{"rendered":"<p>Resolu\u00e7\u00f5es N\u00ba: Assunto: 1.923 III Programa de Recupera\u00e7\u00e3o de Cr\u00e9dito 1.924 Altera Manual de Arrecada\u00e7\u00e3o &#8211; CDA 1.925 Regulamento XXI PBE 1.926 V Gincana Nacional de Economia 1.927 Prorroga Prazo Coaf 1.928 Altera Manual de Arrecada\u00e7\u00e3o 1.929 Altera Manual de Procedimentos 1.930 Altera\u00e7\u00e3o Manual Procedimentos Cont\u00e1beis 1.931 Aprova o Calend\u00e1rio para a realiza\u00e7\u00e3o do processo &hellip; <a href=\"https:\/\/cofecon.org.br\/transparencia\/?page_id=237\" class=\"more-link\">Continue reading <span class=\"screen-reader-text\">Resolucoes-2015<\/span><\/a><\/p>\n","protected":false},"author":11,"featured_media":0,"parent":9,"menu_order":0,"comment_status":"closed","ping_status":"closed","template":"","meta":{"footnotes":""},"class_list":["post-237","page","type-page","status-publish","hentry"],"_links":{"self":[{"href":"https:\/\/cofecon.org.br\/transparencia\/index.php?rest_route=\/wp\/v2\/pages\/237"}],"collection":[{"href":"https:\/\/cofecon.org.br\/transparencia\/index.php?rest_route=\/wp\/v2\/pages"}],"about":[{"href":"https:\/\/cofecon.org.br\/transparencia\/index.php?rest_route=\/wp\/v2\/types\/page"}],"author":[{"embeddable":true,"href":"https:\/\/cofecon.org.br\/transparencia\/index.php?rest_route=\/wp\/v2\/users\/11"}],"replies":[{"embeddable":true,"href":"https:\/\/cofecon.org.br\/transparencia\/index.php?rest_route=%2Fwp%2Fv2%2Fcomments&post=237"}],"version-history":[{"count":15,"href":"https:\/\/cofecon.org.br\/transparencia\/index.php?rest_route=\/wp\/v2\/pages\/237\/revisions"}],"predecessor-version":[{"id":10055,"href":"https:\/\/cofecon.org.br\/transparencia\/index.php?rest_route=\/wp\/v2\/pages\/237\/revisions\/10055"}],"up":[{"embeddable":true,"href":"https:\/\/cofecon.org.br\/transparencia\/index.php?rest_route=\/wp\/v2\/pages\/9"}],"wp:attachment":[{"href":"https:\/\/cofecon.org.br\/transparencia\/index.php?rest_route=%2Fwp%2Fv2%2Fmedia&parent=237"}],"curies":[{"name":"wp","href":"https:\/\/api.w.org\/{rel}","templated":true}]}}