{"id":233,"date":"2017-04-03T18:14:01","date_gmt":"2017-04-03T18:14:01","guid":{"rendered":"http:\/\/cofecon.org.br\/transparencia\/?page_id=233"},"modified":"2026-03-27T16:15:45","modified_gmt":"2026-03-27T16:15:45","slug":"resolucoes-2017","status":"publish","type":"page","link":"https:\/\/cofecon.org.br\/transparencia\/?page_id=233","title":{"rendered":"Resolucoes-2017"},"content":{"rendered":"\t\t<div data-elementor-type=\"wp-page\" data-elementor-id=\"233\" class=\"elementor elementor-233\">\n\t\t\t\t\t\t<section class=\"elementor-section elementor-top-section elementor-element elementor-element-1aaade3d elementor-section-boxed elementor-section-height-default elementor-section-height-default\" data-id=\"1aaade3d\" data-element_type=\"section\">\n\t\t\t\t\t\t<div class=\"elementor-container elementor-column-gap-default\">\n\t\t\t\t\t<div class=\"elementor-column elementor-col-100 elementor-top-column elementor-element elementor-element-5e3d567b\" data-id=\"5e3d567b\" data-element_type=\"column\">\n\t\t\t<div class=\"elementor-widget-wrap elementor-element-populated\">\n\t\t\t\t\t\t<div class=\"elementor-element elementor-element-35efd983 elementor-widget elementor-widget-text-editor\" data-id=\"35efd983\" data-element_type=\"widget\" data-widget_type=\"text-editor.default\">\n\t\t\t\t<div class=\"elementor-widget-container\">\n\t\t\t\t\t\t\t\t\t<div id=\"articlepxfontsize1\">\n<table border=\"0\" align=\"center\">\n<tbody>\n<tr>\n<th scope=\"row\" align=\"center\" valign=\"middle\" width=\"134\">\n<p dir=\"ltr\" align=\"left\"><strong><span style=\"text-decoration: underline;\"><span style=\"font-size: 10pt;\">Resolu\u00e7\u00f5es N\u00ba:<\/span><\/span><\/strong><\/p>\n<\/th>\n<th scope=\"row\" align=\"center\" valign=\"middle\" width=\"499\">\n<p align=\"center\"><strong><span style=\"text-decoration: underline;\"><span style=\"font-size: 10pt;\">Assunto:<\/span><\/span><\/strong><\/p>\n<\/th>\n<\/tr>\n<tr>\n<td>\n<p align=\"center\">1.962<\/p>\n<\/td>\n<td>\n<p align=\"left\"><a href=\"https:\/\/cofecon.org.br\/transparencia\/files\/atos_normativos\/Res\/2017\/Res-2017(1).pdf\" target=\"_blank\" rel=\"noopener noreferrer\">Altera Normativo de Procedimentos para Registro de Profissionais<\/a><\/p>\n<\/td>\n<\/tr>\n<tr>\n<td>\n<p align=\"center\">1.963<\/p>\n<\/td>\n<td>\n<p align=\"left\"><a href=\"https:\/\/cofecon.org.br\/transparencia\/files\/atos_normativos\/Res\/2017\/Res-2017(2).pdf\" target=\"_blank\" rel=\"noopener noreferrer\">Disp\u00f5e sobre o Regulamento do XXIII Pr\u00eamio Brasil de Economia.<\/a><\/p>\n<\/td>\n<\/tr>\n<tr>\n<td>\n<p align=\"center\">1.964<\/p>\n<\/td>\n<td>\n<p align=\"left\"><a href=\"https:\/\/cofecon.org.br\/transparencia\/files\/atos_normativos\/Res\/2017\/Res-2017(3).pdf\" target=\"_blank\" rel=\"noopener noreferrer\">Aprova o Regulamento da VII Gincana Nacional de Economia &#8211; 2017<\/a><\/p>\n<\/td>\n<\/tr>\n<tr>\n<td>\n<p align=\"center\">1.965<\/p>\n<\/td>\n<td>\n<p align=\"left\"><a href=\"https:\/\/cofecon.org.br\/transparencia\/files\/atos_normativos\/Res\/2017\/Res-2017(4).pdf\" target=\"_blank\" rel=\"noopener noreferrer\">Cria o VI Programa Nacional de Recupera\u00e7\u00e3o de Cr\u00e9ditos<\/a><\/p>\n<\/td>\n<\/tr>\n<tr>\n<td>\n<p align=\"center\">1.966<\/p>\n<\/td>\n<td>\n<p align=\"left\"><a href=\"https:\/\/cofecon.org.br\/transparencia\/files\/atos_normativos\/Res\/2017\/Res-2017(5).pdf\" target=\"_blank\" rel=\"noopener noreferrer\">Aprova altera\u00e7\u00f5es de dispositivos da Resolu\u00e7\u00e3o n\u00ba 1.880\/2012<\/a><\/p>\n<\/td>\n<\/tr>\n<tr>\n<td>\n<p align=\"center\">1.967<\/p>\n<\/td>\n<td>\n<p align=\"left\"><a href=\"http:\/\/cofecon.org.br\/transparencia\/wp-content\/uploads\/2026\/03\/Res1.967-27.03.17-Designa-Comissao-de-Licitacao2017.pdf\" target=\"_blank\" rel=\"noopener noreferrer\">Designa composi\u00e7\u00e3o da Comiss\u00e3o de Licita\u00e7\u00e3o<\/a><\/p>\n<\/td>\n<\/tr>\n<tr>\n<td>\n<p align=\"center\">1.968<\/p>\n<\/td>\n<td>\n<p align=\"left\"><a href=\"https:\/\/cofecon.org.br\/transparencia\/files\/atos_normativos\/Res\/2017\/Res-2017(7).pdf\" target=\"_blank\" rel=\"noopener noreferrer\">Designa composi\u00e7\u00e3o da Comiss\u00e3o de Tomada de Contas<\/a><\/p>\n<\/td>\n<\/tr>\n<tr>\n<td>\n<p align=\"center\">1.969<\/p>\n<\/td>\n<td>\n<p align=\"left\"><a href=\"https:\/\/cofecon.org.br\/transparencia\/files\/atos_normativos\/Res\/2017\/Res-2017(8).pdf\" target=\"_blank\" rel=\"noopener noreferrer\">Desafio Quero Ser Economista<\/a><\/p>\n<\/td>\n<\/tr>\n<tr>\n<td>\n<p align=\"center\">1.970<\/p>\n<\/td>\n<td>\n<p align=\"left\"><a href=\"https:\/\/cofecon.org.br\/transparencia\/files\/atos_normativos\/Res\/2017\/Res-2017(9).pdf\" target=\"_blank\" rel=\"noopener noreferrer\">Altera Manual de Procedimentos Cont\u00e1beis e Financeiros<\/a><\/p>\n<\/td>\n<\/tr>\n<tr>\n<td>\n<p align=\"center\">1.971<\/p>\n<\/td>\n<td>\n<p align=\"left\"><a href=\"https:\/\/cofecon.org.br\/transparencia\/files\/atos_normativos\/Res\/2017\/Res-2017(10).pdf\" target=\"_blank\" rel=\"noopener noreferrer\">Altera dispositivos no Normativo de Procedimentos para Registro de Profissionais<\/a><\/p>\n<\/td>\n<\/tr>\n<tr>\n<td>\n<p align=\"center\">1.972<\/p>\n<\/td>\n<td>\n<p align=\"left\"><a href=\"https:\/\/cofecon.org.br\/transparencia\/files\/atos_normativos\/Res\/2017\/Res-2017(11).pdf\" target=\"_blank\" rel=\"noopener noreferrer\">Acrescenta e altera dispositivos no Normativo de Procedimentos para Registro de Profissionais<\/a><\/p>\n<\/td>\n<\/tr>\n<tr>\n<td>\n<p align=\"center\">1.973<\/p>\n<\/td>\n<td>\n<p align=\"left\"><a href=\"https:\/\/cofecon.org.br\/transparencia\/files\/atos_normativos\/Res\/2017\/Res-2017(12).pdf\" target=\"_blank\" rel=\"noopener noreferrer\">Concurso de Resenhas<\/a><\/p>\n<\/td>\n<\/tr>\n<tr>\n<td>\n<p align=\"center\">1.974<\/p>\n<\/td>\n<td>\n<p align=\"left\"><a href=\"https:\/\/cofecon.org.br\/transparencia\/files\/atos_normativos\/Res\/2017\/Res-2017(13).pdf\" target=\"_blank\" rel=\"noopener noreferrer\">Aprova o calend\u00e1rio eleitoral no exerc\u00edcio de 2017<\/a><\/p>\n<\/td>\n<\/tr>\n<tr>\n<td>\n<p align=\"center\">1.975<\/p>\n<\/td>\n<td>\n<p align=\"left\"><a href=\"https:\/\/cofecon.org.br\/transparencia\/files\/atos_normativos\/Res\/2017\/Res-2017(14).pdf\" target=\"_blank\" rel=\"noopener noreferrer\">Prorroga prazo de inscri\u00e7\u00e3o no XXIII PBE<\/a><\/p>\n<\/td>\n<\/tr>\n<tr>\n<td>\n<p align=\"center\">1.976<\/p>\n<\/td>\n<td>\n<p align=\"left\"><a href=\"https:\/\/cofecon.org.br\/transparencia\/files\/atos_normativos\/Res\/2017\/Res-2017(15).pdf\" target=\"_blank\" rel=\"noopener noreferrer\">Regulamenta o acesso a informa\u00e7\u00e3o<\/a><\/p>\n<\/td>\n<\/tr>\n<tr>\n<td>\n<p align=\"center\">1.977<\/p>\n<\/td>\n<td>\n<p align=\"left\"><a href=\"https:\/\/cofecon.org.br\/transparencia\/files\/atos_normativos\/Res\/2017\/Res-2017(16).pdf\" target=\"_blank\" rel=\"noopener noreferrer\">Disp\u00f5e sobre o VII Programa Nacional de Recupera\u00e7\u00e3o de Cr\u00e9ditos <\/a><\/p>\n<\/td>\n<\/tr>\n<tr>\n<td>\n<p align=\"center\">1.978<\/p>\n<\/td>\n<td>\n<p align=\"left\"><a href=\"https:\/\/cofecon.org.br\/transparencia\/files\/atos_normativos\/Res\/2017\/Res-2017(17).pdf\" target=\"_blank\" rel=\"noopener noreferrer\">Anuidades e Emolumentos 2018 <\/a><\/p>\n<\/td>\n<\/tr>\n<tr>\n<td>\n<p align=\"center\">1.979<\/p>\n<\/td>\n<td>\n<p align=\"left\"><a href=\"https:\/\/cofecon.org.br\/transparencia\/files\/atos_normativos\/Res\/2017\/Res-2017(18).pdf\" target=\"_blank\" rel=\"noopener noreferrer\">Altera\u00e7\u00e3o Modelo de RI dos Corecons <\/a><\/p>\n<\/td>\n<\/tr>\n<tr>\n<td>\n<p align=\"center\">1.980<\/p>\n<\/td>\n<td>\n<p align=\"left\"><a href=\"https:\/\/cofecon.org.br\/transparencia\/files\/atos_normativos\/Res\/2017\/Res-2017(19).pdf\" target=\"_blank\" rel=\"noopener noreferrer\">Altera\u00e7\u00e3o Manual de Arrecada\u00e7\u00e3o <\/a><\/p>\n<\/td>\n<\/tr>\n<tr>\n<td>\n<p align=\"center\">1.981<\/p>\n<\/td>\n<td>\n<p align=\"left\"><a href=\"https:\/\/cofecon.org.br\/transparencia\/files\/atos_normativos\/Res\/2017\/Res-2017(20).pdf\" target=\"_blank\" rel=\"noopener noreferrer\">Procedimentos eleitorais<\/a><\/p>\n<\/td>\n<\/tr>\n<\/tbody>\n<\/table>\n<\/div>\t\t\t\t\t\t\t\t<\/div>\n\t\t\t\t<\/div>\n\t\t\t\t\t<\/div>\n\t\t<\/div>\n\t\t\t\t\t<\/div>\n\t\t<\/section>\n\t\t\t\t<\/div>\n\t\t","protected":false},"excerpt":{"rendered":"<p>Resolu\u00e7\u00f5es N\u00ba: Assunto: 1.962 Altera Normativo de Procedimentos para Registro de Profissionais 1.963 Disp\u00f5e sobre o Regulamento do XXIII Pr\u00eamio Brasil de Economia. 1.964 Aprova o Regulamento da VII Gincana Nacional de Economia &#8211; 2017 1.965 Cria o VI Programa Nacional de Recupera\u00e7\u00e3o de Cr\u00e9ditos 1.966 Aprova altera\u00e7\u00f5es de dispositivos da Resolu\u00e7\u00e3o n\u00ba 1.880\/2012 1.967 &hellip; <a href=\"https:\/\/cofecon.org.br\/transparencia\/?page_id=233\" class=\"more-link\">Continue reading <span class=\"screen-reader-text\">Resolucoes-2017<\/span><\/a><\/p>\n","protected":false},"author":11,"featured_media":0,"parent":9,"menu_order":0,"comment_status":"closed","ping_status":"closed","template":"","meta":{"footnotes":""},"class_list":["post-233","page","type-page","status-publish","hentry"],"_links":{"self":[{"href":"https:\/\/cofecon.org.br\/transparencia\/index.php?rest_route=\/wp\/v2\/pages\/233"}],"collection":[{"href":"https:\/\/cofecon.org.br\/transparencia\/index.php?rest_route=\/wp\/v2\/pages"}],"about":[{"href":"https:\/\/cofecon.org.br\/transparencia\/index.php?rest_route=\/wp\/v2\/types\/page"}],"author":[{"embeddable":true,"href":"https:\/\/cofecon.org.br\/transparencia\/index.php?rest_route=\/wp\/v2\/users\/11"}],"replies":[{"embeddable":true,"href":"https:\/\/cofecon.org.br\/transparencia\/index.php?rest_route=%2Fwp%2Fv2%2Fcomments&post=233"}],"version-history":[{"count":19,"href":"https:\/\/cofecon.org.br\/transparencia\/index.php?rest_route=\/wp\/v2\/pages\/233\/revisions"}],"predecessor-version":[{"id":10642,"href":"https:\/\/cofecon.org.br\/transparencia\/index.php?rest_route=\/wp\/v2\/pages\/233\/revisions\/10642"}],"up":[{"embeddable":true,"href":"https:\/\/cofecon.org.br\/transparencia\/index.php?rest_route=\/wp\/v2\/pages\/9"}],"wp:attachment":[{"href":"https:\/\/cofecon.org.br\/transparencia\/index.php?rest_route=%2Fwp%2Fv2%2Fmedia&parent=233"}],"curies":[{"name":"wp","href":"https:\/\/api.w.org\/{rel}","templated":true}]}}