{"id":229,"date":"2017-04-03T17:49:24","date_gmt":"2017-04-03T17:49:24","guid":{"rendered":"http:\/\/cofecon.org.br\/transparencia\/?page_id=229"},"modified":"2025-10-15T17:14:30","modified_gmt":"2025-10-15T17:14:30","slug":"portarias-2007","status":"publish","type":"page","link":"https:\/\/cofecon.org.br\/transparencia\/?page_id=229","title":{"rendered":"Portarias-2007"},"content":{"rendered":"\t\t<div data-elementor-type=\"wp-page\" data-elementor-id=\"229\" class=\"elementor elementor-229\">\n\t\t\t\t\t\t<section class=\"elementor-section elementor-top-section elementor-element elementor-element-64a47ebd elementor-section-boxed elementor-section-height-default elementor-section-height-default\" data-id=\"64a47ebd\" data-element_type=\"section\">\n\t\t\t\t\t\t<div class=\"elementor-container elementor-column-gap-default\">\n\t\t\t\t\t<div class=\"elementor-column elementor-col-100 elementor-top-column elementor-element elementor-element-478e59fb\" data-id=\"478e59fb\" data-element_type=\"column\">\n\t\t\t<div class=\"elementor-widget-wrap elementor-element-populated\">\n\t\t\t\t\t\t<div class=\"elementor-element elementor-element-145431c6 elementor-widget elementor-widget-text-editor\" data-id=\"145431c6\" data-element_type=\"widget\" data-widget_type=\"text-editor.default\">\n\t\t\t\t<div class=\"elementor-widget-container\">\n\t\t\t\t\t\t\t\t\t<div align=\"center\">\n<table border=\"0\" align=\"center\">\n<tbody>\n<tr>\n<td width=\"104\" height=\"20\"><strong><u><span style=\"font-size: 10pt;\">Portarias N\u00ba:<\/span><\/u><\/strong><\/td>\n<td width=\"727\"><strong><u><span style=\"font-size: 10pt;\">Assunto:<\/span><\/u><\/strong><\/td>\n<\/tr>\n<tr>\n<td height=\"20\">\n<div align=\"center\">1<\/div><\/td>\n<td><a href=\"https:\/\/cofecon.org.br\/transparencia\/files\/atos_normativos\/Port\/2007\/Por-2007.pdf\" target=\"_blank\" rel=\"noopener\">Designa colaborador para cargo de Coordenadora Administrativa<\/a><\/td>\n<\/tr>\n<tr>\n<td height=\"20\">\n<div align=\"center\">2<\/div><\/td>\n<td><a href=\"https:\/\/cofecon.org.br\/transparencia\/files\/atos_normativos\/Port\/2007\/Por-2007%20(1).pdf\" target=\"_blank\" rel=\"noopener\">Autoriza Coordenadora Administrativa a responder pela tesouraria<\/a><\/td>\n<\/tr>\n<tr>\n<td height=\"20\">\n<div align=\"center\">3<\/div><\/td>\n<td><a href=\"https:\/\/cofecon.org.br\/transparencia\/files\/atos_normativos\/Port\/2007\/Por-2007%20(2).pdf\" target=\"_blank\" rel=\"noopener\">Designa colaborador como Pregoeiro<\/a><\/td>\n<\/tr>\n<tr>\n<td height=\"20\">\n<div align=\"center\">4<\/div><\/td>\n<td><a href=\"https:\/\/cofecon.org.br\/transparencia\/files\/atos_normativos\/Port\/2007\/Por-2007%20(3).pdf\" target=\"_blank\" rel=\"noopener\">Determina a composi\u00e7\u00e3o da Comiss\u00e3o de Licita\u00e7\u00e3o<\/a><\/td>\n<\/tr>\n<tr>\n<td height=\"20\">\n<div align=\"center\">5<\/div><\/td>\n<td><a href=\"https:\/\/cofecon.org.br\/transparencia\/files\/atos_normativos\/Port\/2007\/Por-2007%20(4).pdf\" target=\"_blank\" rel=\"noopener\">Determina a composi\u00e7\u00e3o da Comiss\u00e3o Tomada de Contas<\/a><\/td>\n<\/tr>\n<tr>\n<td height=\"20\">\n<div align=\"center\">6<\/div><\/td>\n<td><a href=\"https:\/\/cofecon.org.br\/transparencia\/files\/atos_normativos\/Port\/2007\/Por-2007%20(5).pdf\" target=\"_blank\" rel=\"noopener\">Nomeia Jane da Silva Fernandes como fiscal de contrato n\u00ba 12-2006<\/a><\/td>\n<\/tr>\n<tr>\n<td height=\"20\">\n<div align=\"center\">7<\/div><\/td>\n<td><a href=\"https:\/\/cofecon.org.br\/transparencia\/files\/atos_normativos\/Port\/2007\/Por-2007%20(6).pdf\" target=\"_blank\" rel=\"noopener\">Cria Comiss\u00e3o Consultiva<\/a><\/td>\n<\/tr>\n<tr>\n<td height=\"20\">\n<div align=\"center\">8<\/div><\/td>\n<td><a href=\"https:\/\/cofecon.org.br\/transparencia\/files\/atos_normativos\/Port\/2007\/Por-2007%20(7).pdf\" target=\"_blank\" rel=\"noopener\">Inclui integrantes da Comiss\u00e3o Consultiva<\/a><\/td>\n<\/tr>\n<tr>\n<td height=\"20\">\n<div align=\"center\">9<\/div><\/td>\n<td><a href=\"https:\/\/cofecon.org.br\/transparencia\/files\/atos_normativos\/Port\/2007\/Por-2007%20(8).pdf\" target=\"_blank\" rel=\"noopener\">Exonera Francisco Jos\u00e9 Matos Teixeira<\/a><\/td>\n<\/tr>\n<tr>\n<td height=\"20\">\n<div align=\"center\">10<\/div><\/td>\n<td><a href=\"https:\/\/cofecon.org.br\/transparencia\/files\/atos_normativos\/Port\/2007\/Por-2007%20(9).pdf\" target=\"_blank\" rel=\"noopener\">Nomeia Alessandra Gisele Ugioni<\/a><\/td>\n<\/tr>\n<tr>\n<td height=\"20\">\n<div align=\"center\">11<\/div><\/td>\n<td><a href=\"https:\/\/cofecon.org.br\/transparencia\/files\/atos_normativos\/Port\/2007\/Por-2007%20(10).pdf\">Nomeia Ang\u00e9lica Ferreira de Oliveira<\/a><\/td>\n<\/tr>\n<tr>\n<td height=\"20\">\n<div align=\"center\">12<\/div><\/td>\n<td><a href=\"https:\/\/cofecon.org.br\/transparencia\/files\/atos_normativos\/Port\/2007\/Por-2007%20(11).pdf\" target=\"_blank\" rel=\"noopener\">Designa a colaboradora Elaine Abrue a responder pela tesouraria do COFECON<\/a><\/td>\n<\/tr>\n<tr>\n<td height=\"20\">\n<div align=\"center\">13<\/div><\/td>\n<td><a href=\"https:\/\/cofecon.org.br\/transparencia\/files\/atos_normativos\/Port\/2007\/Por-2007%20(12).pdf\" target=\"_blank\" rel=\"noopener\">Nomeia Hellen Ferreira Barbosa<\/a><\/td>\n<\/tr>\n<tr>\n<td height=\"20\">\n<div align=\"center\">14<\/div><\/td>\n<td><a href=\"https:\/\/cofecon.org.br\/transparencia\/files\/atos_normativos\/Port\/2007\/Por-2007%20(13).pdf\" target=\"_blank\" rel=\"noopener\">Exonera Ang\u00e9lica Ferreira de Oliveira<\/a><\/td>\n<\/tr>\n<tr>\n<td height=\"20\">\n<div align=\"center\">15<\/div><\/td>\n<td><a href=\"https:\/\/cofecon.org.br\/transparencia\/files\/atos_normativos\/Port\/2007\/Por-2007%20(14).pdf\" target=\"_blank\" rel=\"noopener\">Passagem a\u00e9rea para o Econ<\/a><\/td>\n<\/tr>\n<tr>\n<td height=\"20\">\n<div align=\"center\">16<\/div><\/td>\n<td><a href=\"https:\/\/cofecon.org.br\/transparencia\/files\/atos_normativos\/Port\/2007\/Por-2007%20(15).pdf\" target=\"_blank\" rel=\"noopener\">Passagem a\u00e9rea para o Econ<\/a><\/td>\n<\/tr>\n<tr>\n<td height=\"20\">\n<div align=\"center\">17<\/div><\/td>\n<td><a href=\"https:\/\/cofecon.org.br\/transparencia\/files\/atos_normativos\/Port\/2007\/Por-2007%20(16).pdf\" target=\"_blank\" rel=\"noopener\">Atualiza\u00e7\u00e3o do VRH<\/a><\/td>\n<\/tr>\n<tr>\n<td height=\"20\">\n<div align=\"center\">18<\/div><\/td>\n<td><a href=\"https:\/\/cofecon.org.br\/transparencia\/files\/atos_normativos\/Port\/2007\/Por-2007%20(17).pdf\" target=\"_blank\" rel=\"noopener\">Promover o colaborador JOS\u00c9 LUIZ PEREIRA BARBOZA para o cargo e ocupa\u00e7\u00e3o de Contador do COFECON<\/a><\/td>\n<\/tr>\n<tr>\n<td height=\"20\">\n<div align=\"center\">19<\/div><\/td>\n<td><a href=\"https:\/\/cofecon.org.br\/transparencia\/files\/atos_normativos\/Port\/2007\/Por-2007%20(18).pdf\" target=\"_blank\" rel=\"noopener\">Nomeia Gisele Vieria da Silva Jantalia<\/a><\/td>\n<\/tr>\n<tr>\n<td height=\"20\">\n<div align=\"center\">20<\/div><\/td>\n<td><a href=\"https:\/\/cofecon.org.br\/transparencia\/files\/atos_normativos\/Port\/2007\/Por-2007%20(19).pdf\" target=\"_blank\" rel=\"noopener\">ALtera cargos e fun\u00e7\u00f5es<\/a><\/td>\n<\/tr>\n<tr>\n<td height=\"20\">\n<div align=\"center\">20-A<\/div><\/td>\n<td><a href=\"https:\/\/cofecon.org.br\/transparencia\/files\/atos_normativos\/Port\/2007\/Por-2007%20(20).pdf\" target=\"_blank\" rel=\"noopener\"> Passagem a\u00e9rea para o Carmen L\u00facia Amorim Ferraz Lima<\/a><\/td>\n<\/tr>\n<tr>\n<td height=\"20\">\n<div align=\"center\">21<\/div><\/td>\n<td><a href=\"https:\/\/cofecon.org.br\/transparencia\/files\/atos_normativos\/Port\/2007\/Por-2007%20(21).pdf\" target=\"_blank\" rel=\"noopener\">Exonera Camila Nunes Lazzarini<\/a><\/td>\n<\/tr>\n<tr>\n<td height=\"20\">\n<div align=\"center\">22<\/div><\/td>\n<td><a href=\"https:\/\/cofecon.org.br\/transparencia\/files\/atos_normativos\/Port\/2007\/Por-2007%20(22).pdf\" target=\"_blank\" rel=\"noopener\">Nomeia Maria Luzia Fayad da Silva<\/a><\/td>\n<\/tr>\n<tr>\n<td height=\"20\">\n<div align=\"center\">23<\/div><\/td>\n<td><a href=\"https:\/\/cofecon.org.br\/transparencia\/files\/atos_normativos\/Port\/2007\/Por-2007%20(23).pdf\" target=\"_blank\" rel=\"noopener\">Designa Dayane da Silva Santos para for\u00e7a-tarefa MT<\/a><\/td>\n<\/tr>\n<tr>\n<td height=\"20\">\n<div align=\"center\">24<\/div><\/td>\n<td><a href=\"https:\/\/cofecon.org.br\/transparencia\/files\/atos_normativos\/Port\/2007\/Por-2007%20(24).pdf\" target=\"_blank\" rel=\"noopener\">Nomeia Supervisora Executiva do COFECON<\/a><\/td>\n<\/tr>\n<tr>\n<td height=\"20\">\n<div align=\"center\">25<\/div><\/td>\n<td><a href=\"https:\/\/cofecon.org.br\/transparencia\/files\/atos_normativos\/Port\/2007\/Por-2007%20(25).pdf\" target=\"_blank\" rel=\"noopener\">Passagem e di\u00e1ria Krisley Mendes reuni\u00e3o PBE DF<\/a><\/td>\n<\/tr>\n<tr>\n<td height=\"20\">\n<div align=\"center\">25-A<\/div><\/td>\n<td><a href=\"https:\/\/cofecon.org.br\/transparencia\/files\/atos_normativos\/Port\/2007\/Por-2007%20(26).pdf\" target=\"_blank\" rel=\"noopener\">Passagem e di\u00e1ria C\u00edcero A O Tredezini reuni\u00e3o PBE DF<\/a><\/td>\n<\/tr>\n<tr>\n<td height=\"20\">\n<div align=\"center\">26<\/div><\/td>\n<td><a href=\"https:\/\/cofecon.org.br\/transparencia\/files\/atos_normativos\/Port\/2007\/Por-2007%20(27).pdf\" target=\"_blank\" rel=\"noopener\">Passagem e di\u00e1ria Fernando Tadeu M Borges reuni\u00e3o PBE DF<\/a><\/td>\n<\/tr>\n<tr>\n<td height=\"20\">\n<div align=\"center\">27<\/div><\/td>\n<td><a href=\"https:\/\/cofecon.org.br\/transparencia\/files\/atos_normativos\/Port\/2007\/Por-2007%20(28).pdf\" target=\"_blank\" rel=\"noopener\">Passagem e di\u00e1rias Rosana P Machado ENESUL<\/a><\/td>\n<\/tr>\n<tr>\n<td height=\"20\">\n<div align=\"center\">28<\/div><\/td>\n<td><a href=\"http:\/\/cofecon.org.br\/transparencia\/files\/normas\/Por\/2007\/Por-2007%20(29).pdf\" target=\"_blank\" rel=\"noopener\">Exonera Val\u00e9ria Moraes de Souza<\/a><\/td>\n<\/tr>\n<tr>\n<td height=\"20\">\n<div align=\"center\">29<\/div><\/td>\n<td><a href=\"https:\/\/cofecon.org.br\/transparencia\/files\/atos_normativos\/Port\/2007\/Por-2007%20(30).pdf\" target=\"_blank\" rel=\"noopener\">Passagem e di\u00e1rias Econ<\/a><\/td>\n<\/tr>\n<tr>\n<td height=\"20\">\n<div align=\"center\">30<\/div><\/td>\n<td><a href=\"https:\/\/cofecon.org.br\/transparencia\/files\/atos_normativos\/Port\/2007\/Por-2007%20(31).pdf\" target=\"_blank\" rel=\"noopener\">Exonera Maria Luzia Fayada da Silva<\/a><\/td>\n<\/tr>\n<tr>\n<td height=\"20\">\n<div align=\"center\">31<\/div><\/td>\n<td><a href=\"https:\/\/cofecon.org.br\/transparencia\/files\/atos_normativos\/Port\/2007\/Por-2007%20(32).pdf\" target=\"_blank\" rel=\"noopener\">Passagem e di\u00e1rias Elaine Aparecida Fernandes PBE<\/a><\/td>\n<\/tr>\n<tr>\n<td height=\"20\">\n<div align=\"center\">32<\/div><\/td>\n<td><a href=\"https:\/\/cofecon.org.br\/transparencia\/files\/atos_normativos\/Port\/2007\/Por-2007%20(33).pdf\" target=\"_blank\" rel=\"noopener\">Passagem e di\u00e1rias Vanessa da Costa Val Munhoz PBE<\/a><\/td>\n<\/tr>\n<tr>\n<td height=\"20\">\n<div align=\"center\">33<\/div><\/td>\n<td><a href=\"https:\/\/cofecon.org.br\/transparencia\/files\/atos_normativos\/Port\/2007\/Por-2007%20(34).pdf\" target=\"_blank\" rel=\"noopener\">Passagem e di\u00e1rias Ariane Barbosa de Oliveira PBE<\/a><\/td>\n<\/tr>\n<tr>\n<td height=\"20\">\n<div align=\"center\">34<\/div><\/td>\n<td><a href=\"https:\/\/cofecon.org.br\/transparencia\/files\/atos_normativos\/Port\/2007\/Por-2007%20(35).pdf\" target=\"_blank\" rel=\"noopener\">Passagem e di\u00e1rias Marcelo Justus dos Santos PBE<\/a><\/td>\n<\/tr>\n<tr>\n<td height=\"20\">\n<div align=\"center\">35<\/div><\/td>\n<td><a href=\"https:\/\/cofecon.org.br\/transparencia\/files\/atos_normativos\/Port\/2007\/Por-2007%20(36).pdf\" target=\"_blank\" rel=\"noopener\">Passagem e di\u00e1rias Daniel Cirilo Suliano PBE<\/a><\/td>\n<\/tr>\n<tr>\n<td height=\"20\">\n<div align=\"center\">36<\/div><\/td>\n<td><a href=\"https:\/\/cofecon.org.br\/transparencia\/files\/atos_normativos\/Port\/2007\/Por-2007%20(37).pdf\" target=\"_blank\" rel=\"noopener\">Passagem e di\u00e1ria Fernando Tadeu M. Borges .XIV PBE<\/a><\/td>\n<\/tr>\n<tr>\n<td height=\"20\">\n<div align=\"center\">37<\/div><\/td>\n<td><a href=\"https:\/\/cofecon.org.br\/transparencia\/files\/atos_normativos\/Port\/2007\/Por-2007%20(38).pdf\" target=\"_blank\" rel=\"noopener\">Passagem e di\u00e1rias M\u00e1rcio Pochmann PBE<\/a><\/td>\n<\/tr>\n<tr>\n<td height=\"20\">\n<div align=\"center\">38<\/div><\/td>\n<td><a href=\"https:\/\/cofecon.org.br\/transparencia\/files\/atos_normativos\/Port\/2007\/Por-2007%20(39).pdf\" target=\"_blank\" rel=\"noopener\">Nomeia colaboradores para fiscalizar e acompanhar contratos<\/a><\/td>\n<\/tr>\n<tr>\n<td height=\"20\">\n<div align=\"center\">39<\/div><\/td>\n<td><a href=\"https:\/\/cofecon.org.br\/transparencia\/files\/atos_normativos\/Port\/2007\/Por-2007%20(40).pdf\" target=\"_blank\" rel=\"noopener\">Nomeia Val\u00e9ria Moraes de Souza<\/a><\/td>\n<\/tr>\n<tr>\n<td height=\"20\">\n<div align=\"center\">40<\/div><\/td>\n<td><a href=\"https:\/\/cofecon.org.br\/transparencia\/files\/atos_normativos\/Port\/2007\/Por-2007%20(41).pdf\" target=\"_blank\" rel=\"noopener\">Nomeia Marcelo Lopes Pereira Louren\u00e7o de Almeida.pdf<\/a><\/td>\n<\/tr>\n<tr>\n<td height=\"20\">\n<div align=\"center\">41<\/div><\/td>\n<td><a href=\"https:\/\/cofecon.org.br\/transparencia\/files\/atos_normativos\/Port\/2007\/Por-2007%20(42).pdf\" target=\"_blank\" rel=\"noopener\">Exonera Val\u00e9ria Moraes de Souza<\/a><\/td>\n<\/tr>\n<tr>\n<td height=\"20\">\n<div align=\"center\">42<\/div><\/td>\n<td><a href=\"https:\/\/cofecon.org.br\/transparencia\/files\/atos_normativos\/Port\/2007\/Por-2007%20(43).pdf\" target=\"_blank\" rel=\"noopener\">Passagem Armando Dias<\/a><\/td>\n<\/tr>\n<tr>\n<td height=\"20\">\n<div align=\"center\">43<\/div><\/td>\n<td><a href=\"https:\/\/cofecon.org.br\/transparencia\/files\/atos_normativos\/Port\/2007\/Por-2007%20(44).pdf\" target=\"_blank\" rel=\"noopener\">Custeia passagens a\u00e9reas Rubens Sawaya<\/a><\/td>\n<\/tr>\n<tr>\n<td height=\"20\">\n<div align=\"center\">44<\/div><\/td>\n<td><a href=\"https:\/\/cofecon.org.br\/transparencia\/files\/atos_normativos\/Port\/2007\/Por-2007%20(45).pdf\" target=\"_blank\" rel=\"noopener\">Passagem Jos\u00e9 Rubens Damas Garlipp<\/a><\/td>\n<\/tr>\n<tr>\n<td height=\"20\">\n<div align=\"center\">45<\/div><\/td>\n<td><a href=\"https:\/\/cofecon.org.br\/transparencia\/files\/atos_normativos\/Port\/2007\/Por-2007%20(46).pdf\" target=\"_blank\" rel=\"noopener\">Nomeia Guilherme Moreira de Carvalho<\/a><\/td>\n<\/tr>\n<tr>\n<td height=\"20\">\n<div align=\"center\">46<\/div><\/td>\n<td><a href=\"https:\/\/cofecon.org.br\/transparencia\/files\/atos_normativos\/Port\/2007\/Por-2007%20(47).pdf\" target=\"_blank\" rel=\"noopener\">Nomeia Colaborador para acompanhar e fiscalizar contratos<\/a><\/td>\n<\/tr>\n<tr>\n<td height=\"20\">\n<div align=\"center\">47<\/div><\/td>\n<td><a href=\"https:\/\/cofecon.org.br\/transparencia\/files\/atos_normativos\/Port\/2007\/Por-2007%20(48).pdf\" target=\"_blank\" rel=\"noopener\">Nomeia Colaborador para acompanhar e fiscalizar contrato<\/a><\/td>\n<\/tr>\n<tr>\n<td height=\"20\">\n<div align=\"center\">48<\/div><\/td>\n<td><a href=\"https:\/\/cofecon.org.br\/transparencia\/files\/atos_normativos\/Port\/2007\/Por-2007%20(49).pdf\" target=\"_blank\" rel=\"noopener\">Nomeia Colaborador para acompanhar e fiscalizar contratos<\/a><\/td>\n<\/tr>\n<tr>\n<td height=\"20\">\n<div align=\"center\">49<\/div><\/td>\n<td><a href=\"https:\/\/cofecon.org.br\/transparencia\/files\/atos_normativos\/Port\/2007\/Por-2007%20(50).pdf\" target=\"_blank\" rel=\"noopener\">Exonera Marcelo Lopes Pereira Louren\u00e7o de Almeida<\/a><\/td>\n<\/tr>\n<tr>\n<td height=\"20\">\n<div align=\"center\">50<\/div><\/td>\n<td><a href=\"https:\/\/cofecon.org.br\/transparencia\/files\/atos_normativos\/Port\/2007\/Por-2007%20(51).pdf\" target=\"_blank\" rel=\"noopener\">Exonera Jane Lopes da Silva<\/a><\/td>\n<\/tr>\n<tr>\n<td height=\"20\">\n<div align=\"center\">51<\/div><\/td>\n<td><a href=\"https:\/\/cofecon.org.br\/transparencia\/files\/atos_normativos\/Port\/2007\/Por-2007%20(52).pdf\" target=\"_blank\" rel=\"noopener\">Nomeia PATR\u00cdCIA DA SILVA ANTUNES como fiscal de contrato n\u00ba 12-2006<\/a><\/td>\n<\/tr>\n<tr>\n<td height=\"20\">\n<div align=\"center\">52<\/div><\/td>\n<td><a href=\"https:\/\/cofecon.org.br\/transparencia\/files\/atos_normativos\/Port\/2007\/Por-2007%20(53).pdf\" target=\"_blank\" rel=\"noopener\">Nomeia ANDERSON DE SOUSA FERREIRA como fiscal de contrato n\u00ba 13-2007<\/a><\/td>\n<\/tr>\n<tr>\n<td height=\"20\">\n<div align=\"center\">53<\/div><\/td>\n<td><a href=\"https:\/\/cofecon.org.br\/transparencia\/files\/atos_normativos\/Port\/2007\/Por-2007%20(54).pdf\" target=\"_blank\" rel=\"noopener\">Exonera Brenda Marques Pena<\/a><\/td>\n<\/tr>\n<tr>\n<td height=\"20\">\n<div align=\"center\">54<\/div><\/td>\n<td><a href=\"https:\/\/cofecon.org.br\/transparencia\/files\/atos_normativos\/Port\/2007\/Por-2007%20(55).pdf\" target=\"_blank\" rel=\"noopener\">Exonera Alessandra Gisele Ugioni<\/a><\/td>\n<\/tr>\n<tr>\n<td height=\"20\">\n<div align=\"center\">55<\/div><\/td>\n<td><a href=\"https:\/\/cofecon.org.br\/transparencia\/files\/atos_normativos\/Port\/2007\/Por-2007%20(56).pdf\" target=\"_blank\" rel=\"noopener\">Exonera ANTONIO TOLENTINO<\/a><\/td>\n<\/tr>\n<tr>\n<td height=\"20\">\n<div align=\"center\">56<\/div><\/td>\n<td><a href=\"https:\/\/cofecon.org.br\/transparencia\/files\/atos_normativos\/Port\/2007\/Por-2007%20(57).pdf\" target=\"_blank\" rel=\"noopener\">Nomeia Gisele Jantalia para Procuradora Chefe<\/a><\/td>\n<\/tr>\n<\/tbody>\n<\/table>\n<\/div>\t\t\t\t\t\t\t\t<\/div>\n\t\t\t\t<\/div>\n\t\t\t\t\t<\/div>\n\t\t<\/div>\n\t\t\t\t\t<\/div>\n\t\t<\/section>\n\t\t\t\t<\/div>\n\t\t","protected":false},"excerpt":{"rendered":"<p>Portarias N\u00ba: Assunto: 1 Designa colaborador para cargo de Coordenadora Administrativa 2 Autoriza Coordenadora Administrativa a responder pela tesouraria 3 Designa colaborador como Pregoeiro 4 Determina a composi\u00e7\u00e3o da Comiss\u00e3o de Licita\u00e7\u00e3o 5 Determina a composi\u00e7\u00e3o da Comiss\u00e3o Tomada de Contas 6 Nomeia Jane da Silva Fernandes como fiscal de contrato n\u00ba 12-2006 7 Cria &hellip; <a href=\"https:\/\/cofecon.org.br\/transparencia\/?page_id=229\" class=\"more-link\">Continue reading <span class=\"screen-reader-text\">Portarias-2007<\/span><\/a><\/p>\n","protected":false},"author":11,"featured_media":0,"parent":9,"menu_order":0,"comment_status":"closed","ping_status":"closed","template":"","meta":{"footnotes":""},"class_list":["post-229","page","type-page","status-publish","hentry"],"_links":{"self":[{"href":"https:\/\/cofecon.org.br\/transparencia\/index.php?rest_route=\/wp\/v2\/pages\/229"}],"collection":[{"href":"https:\/\/cofecon.org.br\/transparencia\/index.php?rest_route=\/wp\/v2\/pages"}],"about":[{"href":"https:\/\/cofecon.org.br\/transparencia\/index.php?rest_route=\/wp\/v2\/types\/page"}],"author":[{"embeddable":true,"href":"https:\/\/cofecon.org.br\/transparencia\/index.php?rest_route=\/wp\/v2\/users\/11"}],"replies":[{"embeddable":true,"href":"https:\/\/cofecon.org.br\/transparencia\/index.php?rest_route=%2Fwp%2Fv2%2Fcomments&post=229"}],"version-history":[{"count":7,"href":"https:\/\/cofecon.org.br\/transparencia\/index.php?rest_route=\/wp\/v2\/pages\/229\/revisions"}],"predecessor-version":[{"id":9962,"href":"https:\/\/cofecon.org.br\/transparencia\/index.php?rest_route=\/wp\/v2\/pages\/229\/revisions\/9962"}],"up":[{"embeddable":true,"href":"https:\/\/cofecon.org.br\/transparencia\/index.php?rest_route=\/wp\/v2\/pages\/9"}],"wp:attachment":[{"href":"https:\/\/cofecon.org.br\/transparencia\/index.php?rest_route=%2Fwp%2Fv2%2Fmedia&parent=229"}],"curies":[{"name":"wp","href":"https:\/\/api.w.org\/{rel}","templated":true}]}}