{"id":2228,"date":"2022-01-03T12:26:16","date_gmt":"2022-01-03T12:26:16","guid":{"rendered":"https:\/\/cofecon.org.br\/transparencia\/?page_id=2228"},"modified":"2025-10-15T17:31:26","modified_gmt":"2025-10-15T17:31:26","slug":"resolucoes-2022","status":"publish","type":"page","link":"https:\/\/cofecon.org.br\/transparencia\/?page_id=2228","title":{"rendered":"Resolu\u00e7\u00f5es-2022"},"content":{"rendered":"\t\t<div data-elementor-type=\"wp-page\" data-elementor-id=\"2228\" class=\"elementor elementor-2228\">\n\t\t\t\t\t\t<section class=\"elementor-section elementor-top-section elementor-element elementor-element-47348807 elementor-section-boxed elementor-section-height-default elementor-section-height-default\" data-id=\"47348807\" data-element_type=\"section\">\n\t\t\t\t\t\t<div class=\"elementor-container elementor-column-gap-default\">\n\t\t\t\t\t<div class=\"elementor-column elementor-col-100 elementor-top-column elementor-element elementor-element-8f65613\" data-id=\"8f65613\" data-element_type=\"column\">\n\t\t\t<div class=\"elementor-widget-wrap elementor-element-populated\">\n\t\t\t\t\t\t<div class=\"elementor-element elementor-element-5755db5c elementor-widget elementor-widget-text-editor\" data-id=\"5755db5c\" data-element_type=\"widget\" data-widget_type=\"text-editor.default\">\n\t\t\t\t<div class=\"elementor-widget-container\">\n\t\t\t\t\t\t\t\t\t<div>\n<table border=\"0\" align=\"center\">\n<tbody>\n<tr>\n<th scope=\"row\" align=\"center\" valign=\"middle\" width=\"134\">\n<p dir=\"ltr\" align=\"left\"><strong><span style=\"text-decoration: underline;\"><span style=\"font-size: 10pt;\">Resolu\u00e7\u00f5es N\u00ba:<\/span><\/span><\/strong><\/p>\n<\/th>\n<th scope=\"row\" align=\"center\" valign=\"middle\" width=\"499\">\n<p align=\"center\"><strong><span style=\"text-decoration: underline;\"><span style=\"font-size: 10pt;\">Assunto:<\/span><\/span><\/strong><\/p>\n<\/th>\n<\/tr>\n<tr>\n<td>\n<p align=\"center\">2.097<\/p>\n<\/td>\n<td>\n<p align=\"left\"><a href=\"https:\/\/cofecon.org.br\/transparencia\/files\/atos_normativos\/Res\/2022\/Res2022-2097.pdf\" target=\"_blank\" rel=\"noopener noreferrer\">Aprova o Regulamento do 7\u00ba Desafio Quero ser Economista 2022.<\/a><\/p>\n<\/td>\n<\/tr>\n<tr>\n<td>\n<p align=\"center\">2.098<\/p>\n<\/td>\n<td>\n<p align=\"left\"><a href=\"https:\/\/cofecon.org.br\/transparencia\/files\/atos_normativos\/Res\/2022\/Res2022-2098.pdf\" target=\"_blank\" rel=\"noopener noreferrer\">Designa composi\u00e7\u00e3o da Comiss\u00e3o de Licita\u00e7\u00e3o do Cofecon.<\/a><\/p>\n<\/td>\n<\/tr>\n<tr>\n<td>\n<p align=\"center\">2.099<\/p>\n<\/td>\n<td>\n<p align=\"left\"><a href=\"https:\/\/cofecon.org.br\/transparencia\/files\/atos_normativos\/Res\/2022\/Res2022-2099.pdf\" target=\"_blank\" rel=\"noopener noreferrer\">Designa composi\u00e7\u00e3o da Comiss\u00e3o de Tomada de Contas do Cofecon para o exerc\u00edcio 2022.<\/a><\/p>\n<\/td>\n<\/tr>\n<tr>\n<td>\n<p align=\"center\">2.100<\/p>\n<\/td>\n<td>\n<p align=\"left\"><a href=\"https:\/\/cofecon.org.br\/transparencia\/files\/atos_normativos\/Res\/2022\/Res2022-2100.pdf\" target=\"_blank\" rel=\"noopener noreferrer\">Altera dispositivo da Resolu\u00e7\u00e3o n\u00ba 1.853, de 28 de maio de 2011, que cria e regula o Manual de Arrecada\u00e7\u00e3o no Sistema Cofecon\/Corecons.<\/a><\/p>\n<\/td>\n<\/tr>\n<tr>\n<td>\n<p align=\"center\">2.101<\/p>\n<\/td>\n<td>\n<p align=\"left\"><a href=\"https:\/\/cofecon.org.br\/transparencia\/files\/atos_normativos\/Res\/2022\/Res2022-2101.pdf\" target=\"_blank\" rel=\"noopener noreferrer\">Altera dispositivos da Resolu\u00e7\u00e3o n\u00ba 2.034, de 9 de mar\u00e7o de 2020, bem como reabre os prazos previstos para a primeira fase e prorroga os prazos das demais fases do VIII Recred.<\/a><\/p>\n<\/td>\n<\/tr>\n<tr>\n<td>\n<p align=\"center\">2.102<\/p>\n<\/td>\n<td>\n<p align=\"left\"><a href=\"https:\/\/cofecon.org.br\/transparencia\/files\/atos_normativos\/Res\/2022\/Res2022-2102.pdf\">Disp\u00f5e sobre o Regulamento do XXVIII Pr\u00eamio Brasil de Economia.<\/a><\/p>\n<\/td>\n<\/tr>\n<tr>\n<td>\n<p align=\"center\">2.103<\/p>\n<\/td>\n<td>\n<p align=\"left\"><a href=\"https:\/\/cofecon.org.br\/transparencia\/files\/atos_normativos\/Res\/2022\/Res2022-2103.pdf\" target=\"_blank\" rel=\"noopener noreferrer\">Altera dispositivos da Resolu\u00e7\u00e3o n\u00ba 2.094, de 1\u00ba de dezembro de 2021, que disp\u00f5e sobre o Pr\u00eamio Paul Singer de Boas Pr\u00e1ticas Acad\u00eamicas.<\/a><\/p>\n<\/td>\n<\/tr>\n<tr>\n<td>\n<p align=\"center\">2.104<\/p>\n<\/td>\n<td>\n<p align=\"left\"><a href=\"https:\/\/cofecon.org.br\/transparencia\/files\/atos_normativos\/Res\/2022\/Res2022-2104.pdf\" target=\"_blank\" rel=\"noopener noreferrer\">Altera dispositivos do Regimento Interno do Simp\u00f3sio Nacional dos Conselhos de Economia, aprovado pela Resolu\u00e7\u00e3o Cofecon n\u00ba 1.870, de 11 de maio de 2012.<\/a><\/p>\n<\/td>\n<\/tr>\n<tr>\n<td>\n<p align=\"center\">2.105<\/p>\n<\/td>\n<td>\n<p align=\"left\"><a href=\"https:\/\/cofecon.org.br\/transparencia\/files\/atos_normativos\/Res\/2022\/Res2022-2105.pdf\" target=\"_blank\" rel=\"noopener noreferrer\">Aprova o Regulamento da XI Gincana Nacional de Economia 2022.\n<\/a><\/p>\n<\/td>\n<\/tr>\n<tr>\n<td>\n<p align=\"center\">2.106<\/p>\n<\/td>\n<td>\n<p align=\"left\"><a href=\"https:\/\/cofecon.org.br\/transparencia\/files\/atos_normativos\/Res\/2022\/Res2022-2106.pdf\" target=\"_blank\" rel=\"noopener noreferrer\">Institui procedimentos e aprova o calend\u00e1rio referente ao processo eleitoral de 2022, e d\u00e1 outras provid\u00eancias.<\/a><\/p>\n<\/td>\n<\/tr>\n<tr>\n<td>\n<p align=\"center\">2.107<\/p>\n<\/td>\n<td>\n<p align=\"left\"><a href=\"https:\/\/cofecon.org.br\/transparencia\/files\/atos_normativos\/Res\/2022\/Res2022-2107.pdf\" target=\"_blank\" rel=\"noopener noreferrer\"><span id=\"page3R_mcid3\" class=\"markedContent\"><span dir=\"ltr\" role=\"presentation\">Altera<\/span> <span dir=\"ltr\" role=\"presentation\">e<\/span> <span dir=\"ltr\" role=\"presentation\">inclui<\/span> <span dir=\"ltr\" role=\"presentation\">dispositivos<\/span> <span dir=\"ltr\" role=\"presentation\">do<\/span> <span dir=\"ltr\" role=\"presentation\">Manual<\/span> <span dir=\"ltr\" role=\"presentation\">de<\/span> <span dir=\"ltr\" role=\"presentation\">Procedimentos<\/span> <span dir=\"ltr\" role=\"presentation\">Administrativos<\/span> <span dir=\"ltr\" role=\"presentation\">do<\/span> <span dir=\"ltr\" role=\"presentation\">Sistema<\/span> <span dir=\"ltr\" role=\"presentation\">Cofecon\/Corecons,<\/span> <span dir=\"ltr\" role=\"presentation\">aprovado<\/span> <span dir=\"ltr\" role=\"presentation\">pela<\/span> <span dir=\"ltr\" role=\"presentation\">Resolu\u00e7\u00e3o<\/span> <span dir=\"ltr\" role=\"presentation\">n\u00ba <\/span><span dir=\"ltr\" role=\"presentation\">1.851, de 28 de maio de 2011.<\/span><\/span><\/a><\/p>\n<\/td>\n<\/tr>\n<tr>\n<td>\n<p align=\"center\">2.108<\/p>\n<\/td>\n<td>\n<p align=\"left\"><a href=\"https:\/\/cofecon.org.br\/transparencia\/files\/atos_normativos\/Res\/2022\/Res2022-2108.pdf\" target=\"_blank\" rel=\"noopener noreferrer\"><span id=\"page3R_mcid3\" class=\"markedContent\"><span dir=\"ltr\" role=\"presentation\">Altera dispositivos d<\/span><span dir=\"ltr\" role=\"presentation\">o Normativo de Procedimentos<\/span> <span dir=\"ltr\" role=\"presentation\">para Registro de Profissionais junto aos Conselhos<\/span> <span dir=\"ltr\" role=\"presentation\">Regionais de Economia, anexo \u00e0 Resolu\u00e7\u00e3o n\u00ba 1.945,<\/span> <span dir=\"ltr\" role=\"presentation\">de 30 de novembro de 2015.<\/span><\/span><\/a><\/p>\n<\/td>\n<\/tr>\n<tr>\n<td>\n<p align=\"center\">2.109<\/p>\n<\/td>\n<td>\n<p align=\"left\"><a href=\"https:\/\/cofecon.org.br\/transparencia\/files\/atos_normativos\/Res\/2022\/Res2022-2109.pdf\" target=\"_blank\" rel=\"noopener noreferrer\"><span id=\"page3R_mcid3\" class=\"markedContent\"><span dir=\"ltr\" role=\"presentation\">Altera dispositivos do Regulamento da XI Gincana Nacional de Economia, aprovado pela Resolu\u00e7\u00e3o Cofecon n\u00ba 2.105, de 30 de maio de 2022.<\/span><\/span><\/a><\/p>\n<\/td>\n<\/tr>\n<tr>\n<td>\n<p align=\"center\">2.110<\/p>\n<\/td>\n<td>\n<p align=\"left\"><a href=\"https:\/\/cofecon.org.br\/transparencia\/files\/atos_normativos\/Res\/2022\/Res2022-2110.pdf\">Altera dispositivos do Anexo da Resolu\u00e7\u00e3o n\u00ba 2.102\/2022 que disp\u00f5e sobre o XXVIII Pr\u00eamio Brasil de Economia &#8211; PBE.<\/a><\/p>\n<\/td>\n<\/tr>\n<tr>\n<td>\n<p align=\"center\">2.111<\/p>\n<\/td>\n<td>\n<p align=\"left\"><a href=\"https:\/\/cofecon.org.br\/transparencia\/files\/atos_normativos\/Res\/2022\/Res2022-2111.pdf\"><span id=\"page3R_mcid3\" class=\"markedContent\"><span dir=\"ltr\" role=\"presentation\">Inclui e altera dispositivos da Consolida\u00e7\u00e3o da Legisla\u00e7\u00e3o da Profiss\u00e3o de Economista &#8211; CLPE, e d\u00e1 outras provid\u00eancias.<\/span><\/span><\/a><\/p>\n<\/td>\n<\/tr>\n<tr>\n<td>\n<p align=\"center\">2.112<\/p>\n<\/td>\n<td>\n<p align=\"left\"><a href=\"https:\/\/cofecon.org.br\/transparencia\/files\/atos_normativos\/Res\/2022\/Res2022-2112.pdf\" target=\"_blank\" rel=\"noopener noreferrer\"><span id=\"page3R_mcid3\" class=\"markedContent\"><span dir=\"ltr\" role=\"presentation\">Institui, em car\u00e1ter excepcional, o Programa de Moderniza\u00e7\u00e3o Tecnol\u00f3gica dos Corecons.\n<\/span><\/span><\/a><\/p>\n<\/td>\n<\/tr>\n<tr>\n<td>\n<p align=\"center\">2.113<\/p>\n<\/td>\n<td>\n<p align=\"left\"><a href=\"https:\/\/cofecon.org.br\/transparencia\/files\/atos_normativos\/Res\/2022\/Res2022-2113.pdf\" target=\"_blank\" rel=\"noopener noreferrer\"><span id=\"page3R_mcid3\" class=\"markedContent\"><span dir=\"ltr\" role=\"presentation\">Disp\u00f5e sobre o registro profissional junto aos Conselhos Regionais de Economia dos egressos de programas de mestrado e doutorado em Economia.\n<\/span><\/span><\/a><\/p>\n<\/td>\n<\/tr>\n<tr>\n<td>\n<p align=\"center\">2.114<\/p>\n<\/td>\n<td>\n<p align=\"left\"><a href=\"https:\/\/cofecon.org.br\/transparencia\/files\/atos_normativos\/Res\/2022\/Res2022-2114.pdf\" target=\"_blank\" rel=\"noopener noreferrer\"><span id=\"page3R_mcid3\" class=\"markedContent\"><span dir=\"ltr\" role=\"presentation\">Altera o in\u00edcio da vig\u00eancia de dispositivos da Resolu\u00e7\u00e3o n\u00ba 2.108, 30 de maio de 2022, que altera dispositivos do Normativo de Procedimentos para Registro de Profissionais junto aos Corecons.\n<\/span><\/span><\/a><\/p>\n<\/td>\n<\/tr>\n<tr>\n<td>\n<p align=\"center\">2.115<\/p>\n<\/td>\n<td>\n<p align=\"left\"><a href=\"https:\/\/cofecon.org.br\/transparencia\/files\/atos_normativos\/Res\/2022\/Res2022-2115.pdf\" target=\"_blank\" rel=\"noopener noreferrer\"><span id=\"page3R_mcid3\" class=\"markedContent\"><span dir=\"ltr\" role=\"presentation\">Reabre os prazos previstos para a primeira fase e prorroga os prazos das demais fases do VIII Recred, previstos na Resolu\u00e7\u00e3o n\u00ba 2.034, de 9 de mar\u00e7o de 2020.\n<\/span><\/span><\/a><\/p>\n<\/td>\n<\/tr>\n<tr>\n<td>\n<p align=\"center\">2.116<\/p>\n<\/td>\n<td><a href=\"https:\/\/cofecon.org.br\/transparencia\/files\/atos_normativos\/Res\/2022\/Res2022-2116.pdf\">Revogar a Resolu\u00e7\u00e3o n\u00ba 1.883, de 29 de novembro de 2012.<\/a><\/td>\n<\/tr>\n<tr>\n<td>\n<p align=\"center\">2.117<\/p>\n<\/td>\n<td>\n<p align=\"left\"><a href=\"https:\/\/cofecon.org.br\/transparencia\/files\/atos_normativos\/Res\/2022\/Res2022-2117.pdf\" target=\"_blank\" rel=\"noopener noreferrer\"><span id=\"page3R_mcid3\" class=\"markedContent\"><span dir=\"ltr\" role=\"presentation\">Altera e inclui dispositivos no Normativo de Procedimentos para Registro de Profissionais junto aos Conselhos Regionais de Economia, anexo \u00e0 Resolu\u00e7\u00e3o n\u00ba 1.945, de 30 de novembro de 2015.\n<\/span><\/span><\/a><\/p>\n<\/td>\n<\/tr>\n<tr>\n<td>\n<p align=\"center\">2.118<\/p>\n<\/td>\n<td>\n<p align=\"left\"><a href=\"https:\/\/cofecon.org.br\/transparencia\/files\/atos_normativos\/Res\/2022\/Res2022-2118.pdf\" target=\"_blank\" rel=\"noopener noreferrer\"><span id=\"page3R_mcid3\" class=\"markedContent\"><span dir=\"ltr\" role=\"presentation\">Estabelece os valores exatos das anuidades, das multas e dos pre\u00e7os de servi\u00e7os a serem pagos pelas pessoas f\u00edsicas e jur\u00eddicas aos Conselhos de Economia, para o exerc\u00edcio de 2023, e d\u00e1 outras provid\u00eancias.\n<\/span><\/span><\/a><\/p>\n<\/td>\n<\/tr>\n<tr>\n<td>\n<p align=\"center\">2.119<\/p>\n<\/td>\n<td>\n<p align=\"left\"><a href=\"https:\/\/cofecon.org.br\/transparencia\/files\/atos_normativos\/Res\/2022\/Res2022-2119.pdf\">Disp\u00f5e sobre a padroniza\u00e7\u00e3o de dados de registro dos profissionais e pessoas jur\u00eddicas inscritos no Sistema Cofecon\/Corecons. <\/a><\/p>\n<\/td>\n<\/tr>\n<tr>\n<td>\n<p align=\"center\">2.120<\/p>\n<\/td>\n<td>\n<p align=\"left\"><a href=\"https:\/\/cofecon.org.br\/transparencia\/files\/atos_normativos\/Res\/2022\/Res2022-2120.pdf\" target=\"_blank\" rel=\"noopener noreferrer\"><span id=\"page3R_mcid3\" class=\"markedContent\"><span dir=\"ltr\" role=\"presentation\">Prorrogar o prazo de registro das candidaturas para sediar a pr\u00f3xima edi\u00e7\u00e3o do Simp\u00f3sio Nacional dos Conselhos de Economia &#8211; SINCE.\n<\/span><\/span><\/a><\/p>\n<\/td>\n<\/tr>\n<tr>\n<td>\n<p align=\"center\">2.121<\/p>\n<\/td>\n<td>\n<p align=\"left\"><a href=\"https:\/\/cofecon.org.br\/transparencia\/files\/atos_normativos\/Res\/2022\/Res2022-2121.pdf\" target=\"_blank\" rel=\"noopener noreferrer\"><span id=\"page3R_mcid3\" class=\"markedContent\"><span dir=\"ltr\" role=\"presentation\">Prorroga o prazo de ades\u00e3o ao programa de moderniza\u00e7\u00e3o tecnol\u00f3gica.\n<\/span><\/span><\/a><\/p>\n<\/td>\n<\/tr>\n<\/tbody>\n<\/table>\n<\/div>\t\t\t\t\t\t\t\t<\/div>\n\t\t\t\t<\/div>\n\t\t\t\t\t<\/div>\n\t\t<\/div>\n\t\t\t\t\t<\/div>\n\t\t<\/section>\n\t\t\t\t<\/div>\n\t\t","protected":false},"excerpt":{"rendered":"<p>Resolu\u00e7\u00f5es N\u00ba: Assunto: 2.097 Aprova o Regulamento do 7\u00ba Desafio Quero ser Economista 2022. 2.098 Designa composi\u00e7\u00e3o da Comiss\u00e3o de Licita\u00e7\u00e3o do Cofecon. 2.099 Designa composi\u00e7\u00e3o da Comiss\u00e3o de Tomada de Contas do Cofecon para o exerc\u00edcio 2022. 2.100 Altera dispositivo da Resolu\u00e7\u00e3o n\u00ba 1.853, de 28 de maio de 2011, que cria e regula &hellip; <a href=\"https:\/\/cofecon.org.br\/transparencia\/?page_id=2228\" class=\"more-link\">Continue reading <span class=\"screen-reader-text\">Resolu\u00e7\u00f5es-2022<\/span><\/a><\/p>\n","protected":false},"author":11,"featured_media":0,"parent":9,"menu_order":0,"comment_status":"closed","ping_status":"closed","template":"","meta":{"footnotes":""},"class_list":["post-2228","page","type-page","status-publish","hentry"],"_links":{"self":[{"href":"https:\/\/cofecon.org.br\/transparencia\/index.php?rest_route=\/wp\/v2\/pages\/2228"}],"collection":[{"href":"https:\/\/cofecon.org.br\/transparencia\/index.php?rest_route=\/wp\/v2\/pages"}],"about":[{"href":"https:\/\/cofecon.org.br\/transparencia\/index.php?rest_route=\/wp\/v2\/types\/page"}],"author":[{"embeddable":true,"href":"https:\/\/cofecon.org.br\/transparencia\/index.php?rest_route=\/wp\/v2\/users\/11"}],"replies":[{"embeddable":true,"href":"https:\/\/cofecon.org.br\/transparencia\/index.php?rest_route=%2Fwp%2Fv2%2Fcomments&post=2228"}],"version-history":[{"count":90,"href":"https:\/\/cofecon.org.br\/transparencia\/index.php?rest_route=\/wp\/v2\/pages\/2228\/revisions"}],"predecessor-version":[{"id":9995,"href":"https:\/\/cofecon.org.br\/transparencia\/index.php?rest_route=\/wp\/v2\/pages\/2228\/revisions\/9995"}],"up":[{"embeddable":true,"href":"https:\/\/cofecon.org.br\/transparencia\/index.php?rest_route=\/wp\/v2\/pages\/9"}],"wp:attachment":[{"href":"https:\/\/cofecon.org.br\/transparencia\/index.php?rest_route=%2Fwp%2Fv2%2Fmedia&parent=2228"}],"curies":[{"name":"wp","href":"https:\/\/api.w.org\/{rel}","templated":true}]}}