{"id":2225,"date":"2022-01-03T12:22:22","date_gmt":"2022-01-03T12:22:22","guid":{"rendered":"https:\/\/cofecon.org.br\/transparencia\/?page_id=2225"},"modified":"2025-10-15T17:29:45","modified_gmt":"2025-10-15T17:29:45","slug":"portarias-2022","status":"publish","type":"page","link":"https:\/\/cofecon.org.br\/transparencia\/?page_id=2225","title":{"rendered":"Portarias-2022"},"content":{"rendered":"\t\t<div data-elementor-type=\"wp-page\" data-elementor-id=\"2225\" class=\"elementor elementor-2225\">\n\t\t\t\t\t\t<section class=\"elementor-section elementor-top-section elementor-element elementor-element-36b54690 elementor-section-boxed elementor-section-height-default elementor-section-height-default\" data-id=\"36b54690\" data-element_type=\"section\">\n\t\t\t\t\t\t<div class=\"elementor-container elementor-column-gap-default\">\n\t\t\t\t\t<div class=\"elementor-column elementor-col-100 elementor-top-column elementor-element elementor-element-2d994da8\" data-id=\"2d994da8\" data-element_type=\"column\">\n\t\t\t<div class=\"elementor-widget-wrap elementor-element-populated\">\n\t\t\t\t\t\t<div class=\"elementor-element elementor-element-6aefa729 elementor-widget elementor-widget-text-editor\" data-id=\"6aefa729\" data-element_type=\"widget\" data-widget_type=\"text-editor.default\">\n\t\t\t\t<div class=\"elementor-widget-container\">\n\t\t\t\t\t\t\t\t\t<div align=\"center\">\n<table border=\"0\" align=\"center\">\n<tbody>\n<tr>\n<th scope=\"row\" align=\"center\" valign=\"middle\" width=\"134\">\n<p dir=\"ltr\" align=\"left\"><strong><span style=\"text-decoration: underline;\"><span style=\"font-size: 10pt;\">Portarias N\u00ba:<\/span><\/span><\/strong><\/p>\n<\/th>\n<th scope=\"row\" align=\"center\" valign=\"middle\" width=\"499\">\n<p align=\"center\"><strong><span style=\"text-decoration: underline;\"><span style=\"font-size: 10pt;\">Assunto:<\/span><\/span><\/strong><\/p>\n<\/th>\n<\/tr>\n<tr>\n<td>\n<p align=\"center\">01<\/p>\n<\/td>\n<td>\n<p align=\"left\"><a href=\"https:\/\/cofecon.org.br\/transparencia\/files\/atos_normativos\/Port\/2022\/Port-2022(1).pdf\" target=\"_blank\" rel=\"noopener noreferrer\">Designa Pregoeiros Oficiais do Cofecon e Equipe de apoio e condu\u00e7\u00e3o de procedimento de cota\u00e7\u00e3o eletr\u00f4nica atrav\u00e9s do Sistema de Cota\u00e7\u00e3o Eletr\u00f4nica de Pre\u00e7os &#8211; m\u00f3dulo do SIASG.\n<\/a><\/p>\n<\/td>\n<\/tr>\n<tr>\n<td>\n<p align=\"center\">02<\/p>\n<\/td>\n<td>\n<p align=\"left\"><a href=\"https:\/\/cofecon.org.br\/transparencia\/files\/atos_normativos\/Port\/2022\/Port-2022(2).pdf\" target=\"_blank\" rel=\"noopener noreferrer\">Designa a composi\u00e7\u00e3o das Comiss\u00f5es Tem\u00e1ticas e dos Grupos de Trabalho do Cofecon &#8211; 2022.\n<\/a><\/p>\n<\/td>\n<\/tr>\n<tr>\n<td>\n<p align=\"center\">03<\/p>\n<\/td>\n<td>\n<p align=\"left\"><a href=\"https:\/\/cofecon.org.br\/transparencia\/files\/atos_normativos\/Port\/2022\/Port-2022(3).pdf\" target=\"_blank\" rel=\"noopener noreferrer\">Custeia 4 (quatro) di\u00e1rias e passagem a\u00e9rea para o Contador Pedro Gomes da Silva.\n<\/a><\/p>\n<\/td>\n<\/tr>\n<tr>\n<td>\n<p align=\"center\">04<\/p>\n<\/td>\n<td>\n<p align=\"left\"><a href=\"https:\/\/cofecon.org.br\/transparencia\/files\/atos_normativos\/Port\/2022\/Port-2022(4).pdf\" target=\"_blank\" rel=\"noopener noreferrer\">Custeia 4 (quatro) di\u00e1rias e passagem a\u00e9rea para a Contadora Sarah Susan Sousa Mendes de Carvalho.<\/a><\/p>\n<\/td>\n<\/tr>\n<tr>\n<td>\n<p align=\"center\">05<\/p>\n<\/td>\n<td>\n<p align=\"left\"><a href=\"https:\/\/cofecon.org.br\/transparencia\/files\/atos_normativos\/Port\/2022\/Port-2022(5).pdf\" target=\"_blank\" rel=\"noopener noreferrer\">Nomeia o assessor Paulo Roberto Samuel Alves J\u00fanior para exercer, cumulativamente, e em substitui\u00e7\u00e3o tempor\u00e1ria, o cargo em comiss\u00e3o de Procurador-Geral do Cofecon.\n<\/a><\/p>\n<\/td>\n<\/tr>\n<tr>\n<td>\n<p align=\"center\">06<\/p>\n<\/td>\n<td>\n<p align=\"left\"><a href=\"#\" target=\"_blank\" rel=\"noopener noreferrer\">Processo \u00c9tico<\/a><\/p>\n<\/td>\n<\/tr>\n<tr>\n<td>\n<p align=\"center\">07<\/p>\n<\/td>\n<td>\n<p align=\"left\"><a href=\"https:\/\/cofecon.org.br\/transparencia\/files\/atos_normativos\/Port\/2022\/Port-2022(7).pdf\" target=\"_blank\" rel=\"noopener noreferrer\">Custeia 4 (quatro) di\u00e1rias e passagem a\u00e9rea para o Contador Pedro Gomes da Silva.\n<\/a><\/p>\n<\/td>\n<\/tr>\n<tr>\n<td>\n<p align=\"center\">08<\/p>\n<\/td>\n<td>\n<p align=\"left\"><a href=\"https:\/\/cofecon.org.br\/transparencia\/files\/atos_normativos\/Port\/2022\/Port-2022(8).pdf\" target=\"_blank\" rel=\"noopener noreferrer\">Custeia 4 (quatro) di\u00e1rias e passagem a\u00e9rea para a Contadora Sarah Susan Sousa Mendes de Carvalho.\n<\/a><\/p>\n<\/td>\n<\/tr>\n<tr>\n<td>\n<p align=\"center\">09<\/p>\n<\/td>\n<td>\n<p align=\"left\"><a href=\"https:\/\/cofecon.org.br\/transparencia\/files\/atos_normativos\/Port\/2022\/Port-2022(9).pdf\" target=\"_blank\" rel=\"noopener noreferrer\">Autoriza colaboradores a responderem pela Tesouraria do Cofecon.\n<\/a><\/p>\n<\/td>\n<\/tr>\n<tr>\n<td>\n<p align=\"center\">10<\/p>\n<\/td>\n<td>\n<p align=\"left\"><a href=\"https:\/\/cofecon.org.br\/transparencia\/files\/atos_normativos\/Port\/2022\/Port-2022(10).pdf\" target=\"_blank\" rel=\"noopener noreferrer\">Nomeia empregados para acompanhar e fiscalizar contratos administrativos.\n<\/a><\/p>\n<\/td>\n<\/tr>\n<tr>\n<td>\n<p align=\"center\">11<\/p>\n<\/td>\n<td>\n<p align=\"left\"><a href=\"https:\/\/cofecon.org.br\/transparencia\/files\/atos_normativos\/Port\/2022\/Port-2022(11).pdf\" target=\"_blank\" rel=\"noopener noreferrer\">Designa a composi\u00e7\u00e3o da Comiss\u00e3o Permanente de Controle Patrimonial do Cofecon.\n<\/a><\/p>\n<\/td>\n<\/tr>\n<tr>\n<td>\n<p align=\"center\">12<\/p>\n<\/td>\n<td>\n<p align=\"left\"><a href=\"https:\/\/cofecon.org.br\/transparencia\/files\/atos_normativos\/Port\/2022\/Port-2022(12).pdf\" target=\"_blank\" rel=\"noopener noreferrer\">Autoriza empregados a praticar atos referentes ao Departamento de Pessoal e d\u00e1 outras provid\u00eancias.\n<\/a><\/p>\n<\/td>\n<\/tr>\n<tr>\n<td>\n<p align=\"center\">13<\/p>\n<\/td>\n<td>\n<p align=\"left\"><a href=\"https:\/\/cofecon.org.br\/transparencia\/files\/atos_normativos\/Port\/2022\/Port-2022(13).pdf\" target=\"_blank\" rel=\"noopener noreferrer\">Cria Comiss\u00f5es Organizadora e Avaliadora do 7\u00ba Desafio Quero Ser Economista 2022.\n<\/a><\/p>\n<\/td>\n<\/tr>\n<tr>\n<td>\n<p align=\"center\">14<\/p>\n<\/td>\n<td>\n<p align=\"left\"><a href=\"https:\/\/cofecon.org.br\/transparencia\/files\/atos_normativos\/Port\/2022\/Port-2022(14).pdf\" target=\"_blank\" rel=\"noopener noreferrer\">Ratifica as indica\u00e7\u00f5es dos integrantes da Comiss\u00e3o Organizadora do XXVII Since.<\/a><\/p>\n<\/td>\n<\/tr>\n<tr>\n<td>\n<p align=\"center\">15<\/p>\n<\/td>\n<td>\n<p align=\"left\"><a href=\"https:\/\/cofecon.org.br\/transparencia\/files\/atos_normativos\/Port\/2022\/Port-2022(15).pdf\" target=\"_blank\" rel=\"noopener noreferrer\">Altera a composi\u00e7\u00e3o da Comiss\u00e3o Eleitoral do Conselho Federal de Economia &#8211; Cofecon.<\/a><\/p>\n<\/td>\n<\/tr>\n<tr>\n<td>\n<p align=\"center\">16<\/p>\n<\/td>\n<td>\n<p align=\"left\"><a href=\"https:\/\/cofecon.org.br\/transparencia\/files\/atos_normativos\/Port\/2022\/Port-2022(16-1).pdf\" target=\"_blank\" rel=\"noopener noreferrer\"><span id=\"page3R_mcid4\" class=\"markedContent\"><span dir=\"ltr\" role=\"presentation\">Cria a Comiss\u00e3o Avaliadora do Pr\u00eamio Paul Singer.<\/span><\/span><\/a><\/p>\n<\/td>\n<\/tr>\n<tr>\n<td>\n<p align=\"center\">17<\/p>\n<\/td>\n<td>\n<p align=\"left\"><a href=\"https:\/\/cofecon.org.br\/transparencia\/files\/atos_normativos\/Port\/2022\/Port-2022(17).pdf\" target=\"_blank\" rel=\"noopener noreferrer\"><span id=\"page3R_mcid4\" class=\"markedContent\"><span dir=\"ltr\" role=\"presentation\">Custeia 1 (uma) di\u00e1ria e passagens a\u00e9reas para<\/span> <span dir=\"ltr\" role=\"presentation\">a<\/span> <span dir=\"ltr\" role=\"presentation\">Sra.<\/span><span dir=\"ltr\" role=\"presentation\"> Idiana Silveira Tomazelli<\/span><span dir=\"ltr\" role=\"presentation\">.<\/span><\/span><\/a><\/p>\n<\/td>\n<\/tr>\n<tr>\n<td>\n<p align=\"center\">18<\/p>\n<\/td>\n<td>\n<p align=\"left\"><a href=\"https:\/\/cofecon.org.br\/transparencia\/files\/atos_normativos\/Port\/2022\/Port-2022(18).pdf\" target=\"_blank\" rel=\"noopener noreferrer\"><span id=\"page3R_mcid3\" class=\"markedContent\"><span dir=\"ltr\" role=\"presentation\">Estabelece<\/span> <span dir=\"ltr\" role=\"presentation\">os<\/span> <span dir=\"ltr\" role=\"presentation\">par\u00e2metros<\/span> <span dir=\"ltr\" role=\"presentation\">para<\/span> <span dir=\"ltr\" role=\"presentation\">a<\/span> <span dir=\"ltr\" role=\"presentation\">utiliza\u00e7\u00e3o<\/span> <span dir=\"ltr\" role=\"presentation\">d<\/span><span dir=\"ltr\" role=\"presentation\">as<\/span><span dir=\"ltr\" role=\"presentation\"> Armas Nacionais ou do Bras\u00e3o da Rep\u00fablica e da<\/span><span dir=\"ltr\" role=\"presentation\"> Logomarca do Cofecon nos expedientes oficiais do<\/span><span dir=\"ltr\" role=\"presentation\"> Conselho<\/span><span dir=\"ltr\" role=\"presentation\">.<\/span><\/span><\/a><\/p>\n<\/td>\n<\/tr>\n<tr>\n<td>\n<p align=\"center\">19<\/p>\n<\/td>\n<td>\n<p align=\"left\"><a href=\"https:\/\/cofecon.org.br\/transparencia\/files\/atos_normativos\/Port\/2022\/Port-2022(19).pdf\" target=\"_blank\" rel=\"noopener noreferrer\"><span id=\"page3R_mcid12\" class=\"markedContent\"><span dir=\"ltr\" role=\"presentation\">Reajusta o valor<\/span> <span dir=\"ltr\" role=\"presentation\">das di\u00e1rias conforme<\/span> <span dir=\"ltr\" role=\"presentation\">varia\u00e7\u00e3o<\/span><span dir=\"ltr\" role=\"presentation\"> acumulada do INPC no per\u00edodo de maio de 2021 a<\/span><span dir=\"ltr\" role=\"presentation\"> abril de 2022<\/span><span dir=\"ltr\" role=\"presentation\">\u00a0INPC\/IBGE.<\/span><\/span><\/a><\/p>\n<\/td>\n<\/tr>\n<tr>\n<td>\n<p align=\"center\">20<\/p>\n<\/td>\n<td>\n<p align=\"left\"><a href=\"https:\/\/cofecon.org.br\/transparencia\/files\/atos_normativos\/Port\/2022\/Port-2022(20).pdf\" target=\"_blank\" rel=\"noopener noreferrer\"><span id=\"page3R_mcid12\" class=\"markedContent\"><span dir=\"ltr\" role=\"presentation\"><span id=\"page3R_mcid4\" class=\"markedContent\">Altera a composi\u00e7\u00e3o da Comiss\u00e3o Avaliadora do 7\u00ba Desafio Quero Ser Economista 2022.<\/span><\/span><\/span><\/a><\/p>\n<\/td>\n<\/tr>\n<tr>\n<td>\n<p align=\"center\">21<\/p>\n<\/td>\n<td>\n<p align=\"left\"><a href=\"https:\/\/cofecon.org.br\/transparencia\/files\/atos_normativos\/Port\/2022\/Port-2022(21).pdf\" target=\"_blank\" rel=\"noopener noreferrer\"><span id=\"page3R_mcid12\" class=\"markedContent\"><span dir=\"ltr\" role=\"presentation\"><span id=\"page3R_mcid4\" class=\"markedContent\">Inclui membro na Comiss\u00e3o Organizadora do XXVII Since.<\/span><\/span><\/span><\/a><\/p>\n<\/td>\n<\/tr>\n<tr>\n<td>\n<p align=\"center\">22<\/p>\n<\/td>\n<td>\n<p align=\"left\"><a href=\"https:\/\/cofecon.org.br\/transparencia\/files\/atos_normativos\/Port\/2022\/Port-2022(22).pdf\" target=\"_blank\" rel=\"noopener noreferrer\"><span id=\"page3R_mcid12\" class=\"markedContent\"><span dir=\"ltr\" role=\"presentation\"><span id=\"page3R_mcid4\" class=\"markedContent\">Estabelece os modelos de requerimentos padronizados no \u00e2mbito do Sistema Cofecon. <\/span><\/span><\/span><\/a><\/p>\n<\/td>\n<\/tr>\n<tr>\n<td>\n<p align=\"center\">23<\/p>\n<\/td>\n<td>\n<p align=\"left\"><a href=\"https:\/\/cofecon.org.br\/transparencia\/files\/atos_normativos\/Port\/2022\/Port-2022(23).pdf\" target=\"_blank\" rel=\"noopener noreferrer\"><span id=\"page3R_mcid12\" class=\"markedContent\"><span dir=\"ltr\" role=\"presentation\"><span id=\"page3R_mcid4\" class=\"markedContent\">Cria Comiss\u00e3o Avaliadora do XXVIII Pr\u00eamio Brasil de Economia do Cofecon.<\/span><\/span><\/span><\/a><\/p>\n<\/td>\n<\/tr>\n<tr>\n<td>\n<p align=\"center\">24<\/p>\n<\/td>\n<td>\n<p align=\"left\"><a href=\"https:\/\/cofecon.org.br\/transparencia\/files\/atos_normativos\/Port\/2022\/Port-2022(24).pdf\" target=\"_blank\" rel=\"noopener noreferrer\"><span id=\"page3R_mcid12\" class=\"markedContent\"><span dir=\"ltr\" role=\"presentation\"><span id=\"page3R_mcid4\" class=\"markedContent\">Nomeia empregados para acompanhar e fiscalizar contratos administrativos.<\/span><\/span><\/span><\/a><\/p>\n<\/td>\n<\/tr>\n<tr>\n<td>\n<p align=\"center\">25<\/p>\n<\/td>\n<td>\n<p align=\"left\"><a href=\"https:\/\/cofecon.org.br\/transparencia\/files\/atos_normativos\/Port\/2022\/Port-2022(25).pdf\" target=\"_blank\" rel=\"noopener noreferrer\"><span id=\"page3R_mcid12\" class=\"markedContent\"><span dir=\"ltr\" role=\"presentation\"><span id=\"page3R_mcid4\" class=\"markedContent\">Nomeia Keliane Souza de Jesus para o cargo de livre provimento na ocupa\u00e7\u00e3o de Assessor II do Cofecon.<\/span><\/span><\/span><\/a><\/p>\n<\/td>\n<\/tr>\n<tr>\n<td>\n<p align=\"center\">26<\/p>\n<\/td>\n<td>\n<p align=\"left\"><a href=\"https:\/\/cofecon.org.br\/transparencia\/files\/atos_normativos\/Port\/2022\/Port-2022(26).pdf\" target=\"_blank\" rel=\"noopener noreferrer\"><span id=\"page3R_mcid12\" class=\"markedContent\"><span dir=\"ltr\" role=\"presentation\"><span id=\"page3R_mcid4\" class=\"markedContent\">Nomeia Raquel Passos da Silva Ara\u00fajo para o cargo de livre provimento na ocupa\u00e7\u00e3o de Assessor III do Cofecon.<\/span><\/span><\/span><\/a><\/p>\n<\/td>\n<\/tr>\n<tr>\n<td>\n<p align=\"center\">27<\/p>\n<\/td>\n<td>\n<p align=\"left\"><a href=\"https:\/\/cofecon.org.br\/transparencia\/files\/atos_normativos\/Port\/2022\/Port-2022(27).pdf\" target=\"_blank\" rel=\"noopener noreferrer\"><span id=\"page3R_mcid12\" class=\"markedContent\"><span dir=\"ltr\" role=\"presentation\"><span id=\"page3R_mcid4\" class=\"markedContent\">Nomeia Renata Reis Almeida para o cargo de livre provimento na ocupa\u00e7\u00e3o de Coordenador de Comunica\u00e7\u00e3o do Cofecon.<\/span><\/span><\/span><\/a><\/p>\n<\/td>\n<\/tr>\n<tr>\n<td>\n<p align=\"center\">28<\/p>\n<\/td>\n<td>\n<p align=\"left\"><a href=\"https:\/\/cofecon.org.br\/transparencia\/files\/atos_normativos\/Port\/2022\/Port-2022(28).pdf\" target=\"_blank\" rel=\"noopener noreferrer\"><span id=\"page3R_mcid12\" class=\"markedContent\"><span dir=\"ltr\" role=\"presentation\"><span id=\"page3R_mcid4\" class=\"markedContent\">Nomeia Aline Tales Ferreira para o cargo de livre provimento de Superintendente do Cofecon.<\/span><\/span><\/span><\/a><\/p>\n<\/td>\n<\/tr>\n<tr>\n<td>\n<p align=\"center\">29<\/p>\n<\/td>\n<td>\n<p align=\"left\"><a href=\"https:\/\/cofecon.org.br\/transparencia\/files\/atos_normativos\/Port\/2022\/Port-2022(29).pdf\" target=\"_blank\" rel=\"noopener noreferrer\"><span id=\"page3R_mcid12\" class=\"markedContent\"><span dir=\"ltr\" role=\"presentation\"><span id=\"page3R_mcid4\" class=\"markedContent\">Designa Jo\u00e3o Henrique Vieira Costa para exercer a fun\u00e7\u00e3o gratificada de Supervisor de Recep\u00e7\u00e3o e Servi\u00e7os Gerais no Conselho Federal de Economia.<\/span><\/span><\/span><\/a><\/p>\n<\/td>\n<\/tr>\n<tr>\n<td>\n<p align=\"center\">30<\/p>\n<\/td>\n<td>\n<p align=\"left\"><a href=\"https:\/\/cofecon.org.br\/transparencia\/files\/atos_normativos\/Port\/2022\/Port-2022(30).pdf\" target=\"_blank\" rel=\"noopener noreferrer\"><span id=\"page3R_mcid12\" class=\"markedContent\"><span dir=\"ltr\" role=\"presentation\"><span id=\"page3R_mcid4\" class=\"markedContent\">Reajusta o Valor-piso da Hora de Trabalho do Economista &#8211; VHTE pelo IPCA (IBGE).<\/span><\/span><\/span><\/a><\/p>\n<\/td>\n<\/tr>\n<tr>\n<td>\n<p align=\"center\">31<\/p>\n<\/td>\n<td>\n<p align=\"left\"><a href=\"http:\/\/cofecon.org\/transparencia\/files\/atos_normativos\/Port\/2022\/Port-2022(31).pdf\" target=\"_blank\" rel=\"noopener noreferrer\"><span id=\"page3R_mcid12\" class=\"markedContent\"><span dir=\"ltr\" role=\"presentation\"><span id=\"page3R_mcid4\" class=\"markedContent\">Designa para exerc\u00edcio interino da Presid\u00eancia do Cofecon, para o per\u00edodo de 19 de setembro a 23 de setembro de 2022, o Vice-Presidente Paulo Dantas da Costa.<\/span><\/span><\/span><\/a><\/p>\n<\/td>\n<\/tr>\n<tr>\n<td>\n<p align=\"center\">32<\/p>\n<\/td>\n<td>\n<p align=\"left\"><a href=\"http:\/\/cofecon.org\/transparencia\/files\/atos_normativos\/Port\/2022\/Port-2022(32).pdf\" target=\"_blank\" rel=\"noopener noreferrer\"><span id=\"page3R_mcid12\" class=\"markedContent\"><span dir=\"ltr\" role=\"presentation\"><span id=\"page3R_mcid4\" class=\"markedContent\">Nomeia Raquel Passos da Silva Ara\u00fajo para o cargo de livre provimento na ocupa\u00e7\u00e3o de Assessor II do Cofecon.<\/span><\/span><\/span><\/a><\/p>\n<\/td>\n<\/tr>\n<tr>\n<td>\n<p align=\"center\">33<\/p>\n<\/td>\n<td>\n<p align=\"left\"><a href=\"http:\/\/cofecon.org\/transparencia\/files\/atos_normativos\/Port\/2022\/Port-2022(33).pdf\" target=\"_blank\" rel=\"noopener noreferrer\"><span id=\"page3R_mcid12\" class=\"markedContent\"><span dir=\"ltr\" role=\"presentation\"><span id=\"page3R_mcid4\" class=\"markedContent\">Nomeia empregados para acompanhar e fiscalizar contratos administrativos.<\/span><\/span><\/span><\/a><\/p>\n<\/td>\n<\/tr>\n<tr>\n<td>\n<p align=\"center\">34<\/p>\n<\/td>\n<td>\n<p align=\"left\"><a href=\"http:\/\/cofecon.org\/transparencia\/files\/atos_normativos\/Port\/2022\/Port-2022(34).pdf\" target=\"_blank\" rel=\"noopener noreferrer\"><span id=\"page3R_mcid12\" class=\"markedContent\"><span dir=\"ltr\" role=\"presentation\"><span id=\"page3R_mcid4\" class=\"markedContent\">Nomeia o assessor Paulo Roberto Samuel Alves J\u00fanior para exercer, cumulativamente, e em substitui\u00e7\u00e3o tempor\u00e1ria, o cargo em comiss\u00e3o de Procurador-Geral do Cofecon.<\/span><\/span><\/span><\/a><\/p>\n<\/td>\n<\/tr>\n<tr>\n<td>\n<p align=\"center\">35<\/p>\n<\/td>\n<td>\n<p align=\"left\"><a href=\"http:\/\/cofecon.org\/transparencia\/files\/atos_normativos\/Port\/2022\/Port-2022(35).pdf\" target=\"_blank\" rel=\"noopener noreferrer\"><span id=\"page3R_mcid12\" class=\"markedContent\"><span dir=\"ltr\" role=\"presentation\"><span id=\"page3R_mcid4\" class=\"markedContent\">Nomeia Ana Claudia Ramos Pinto para exercer, cumulativamente, e em substitui\u00e7\u00e3o tempor\u00e1ria, o cargo em comiss\u00e3o de Superintendente do Cofecon.<\/span><\/span><\/span><\/a><\/p>\n<\/td>\n<\/tr>\n<\/tbody>\n<\/table>\n<\/div>\t\t\t\t\t\t\t\t<\/div>\n\t\t\t\t<\/div>\n\t\t\t\t\t<\/div>\n\t\t<\/div>\n\t\t\t\t\t<\/div>\n\t\t<\/section>\n\t\t\t\t<\/div>\n\t\t","protected":false},"excerpt":{"rendered":"<p>Portarias N\u00ba: Assunto: 01 Designa Pregoeiros Oficiais do Cofecon e Equipe de apoio e condu\u00e7\u00e3o de procedimento de cota\u00e7\u00e3o eletr\u00f4nica atrav\u00e9s do Sistema de Cota\u00e7\u00e3o Eletr\u00f4nica de Pre\u00e7os &#8211; m\u00f3dulo do SIASG. 02 Designa a composi\u00e7\u00e3o das Comiss\u00f5es Tem\u00e1ticas e dos Grupos de Trabalho do Cofecon &#8211; 2022. 03 Custeia 4 (quatro) di\u00e1rias e passagem &hellip; <a href=\"https:\/\/cofecon.org.br\/transparencia\/?page_id=2225\" class=\"more-link\">Continue reading <span class=\"screen-reader-text\">Portarias-2022<\/span><\/a><\/p>\n","protected":false},"author":11,"featured_media":0,"parent":9,"menu_order":0,"comment_status":"closed","ping_status":"closed","template":"","meta":{"footnotes":""},"class_list":["post-2225","page","type-page","status-publish","hentry"],"_links":{"self":[{"href":"https:\/\/cofecon.org.br\/transparencia\/index.php?rest_route=\/wp\/v2\/pages\/2225"}],"collection":[{"href":"https:\/\/cofecon.org.br\/transparencia\/index.php?rest_route=\/wp\/v2\/pages"}],"about":[{"href":"https:\/\/cofecon.org.br\/transparencia\/index.php?rest_route=\/wp\/v2\/types\/page"}],"author":[{"embeddable":true,"href":"https:\/\/cofecon.org.br\/transparencia\/index.php?rest_route=\/wp\/v2\/users\/11"}],"replies":[{"embeddable":true,"href":"https:\/\/cofecon.org.br\/transparencia\/index.php?rest_route=%2Fwp%2Fv2%2Fcomments&post=2225"}],"version-history":[{"count":129,"href":"https:\/\/cofecon.org.br\/transparencia\/index.php?rest_route=\/wp\/v2\/pages\/2225\/revisions"}],"predecessor-version":[{"id":9992,"href":"https:\/\/cofecon.org.br\/transparencia\/index.php?rest_route=\/wp\/v2\/pages\/2225\/revisions\/9992"}],"up":[{"embeddable":true,"href":"https:\/\/cofecon.org.br\/transparencia\/index.php?rest_route=\/wp\/v2\/pages\/9"}],"wp:attachment":[{"href":"https:\/\/cofecon.org.br\/transparencia\/index.php?rest_route=%2Fwp%2Fv2%2Fmedia&parent=2225"}],"curies":[{"name":"wp","href":"https:\/\/api.w.org\/{rel}","templated":true}]}}