{"id":217,"date":"2017-04-03T17:44:54","date_gmt":"2017-04-03T17:44:54","guid":{"rendered":"http:\/\/cofecon.org.br\/transparencia\/?page_id=217"},"modified":"2025-10-15T18:24:39","modified_gmt":"2025-10-15T18:24:39","slug":"portarias-2013","status":"publish","type":"page","link":"https:\/\/cofecon.org.br\/transparencia\/?page_id=217","title":{"rendered":"Portarias-2013"},"content":{"rendered":"<div align=\"center\">\n<table border=\"0\" align=\"center\">\n<tbody>\n<tr>\n<th scope=\"row\" align=\"center\" valign=\"middle\" width=\"134\">\n<p dir=\"ltr\" align=\"left\"><strong><span style=\"text-decoration: underline;\"><span style=\"font-size: 10pt;\">Portarias N\u00ba:<\/span><\/span><\/strong><\/p>\n<\/th>\n<th scope=\"row\" align=\"center\" valign=\"middle\" width=\"499\">\n<p align=\"center\"><strong><span style=\"text-decoration: underline;\"><span style=\"font-size: 10pt;\">Assunto:<\/span><\/span><\/strong><\/p>\n<\/th>\n<\/tr>\n<tr>\n<td>\n<p align=\"center\">01<\/p>\n<\/td>\n<td>\n<p align=\"left\"><a href=\"https:\/\/cofecon.org.br\/transparencia\/files\/atos_normativos\/Port\/2013\/Port-2013(1).pdf\" target=\"_blank\" rel=\"noopener\">Nomeia Mar\u00edlia Andrade Rosa<\/a><\/p>\n<\/td>\n<\/tr>\n<tr>\n<td>\n<p align=\"center\">02<\/p>\n<\/td>\n<td>\n<p align=\"left\"><a href=\"https:\/\/cofecon.org.br\/transparencia\/files\/atos_normativos\/Port\/2013\/Port-2013(2).pdf\" target=\"_blank\" rel=\"noopener\">Nomeia fiscais de contratos<\/a><\/p>\n<\/td>\n<\/tr>\n<tr>\n<td>\n<p align=\"center\">03<\/p>\n<\/td>\n<td>\n<p align=\"left\"><a href=\"https:\/\/cofecon.org.br\/transparencia\/files\/atos_normativos\/Port\/2013\/Port-2013(3).pdf\" target=\"_blank\" rel=\"noopener\">Revoga afastamento Cons. Paulo Salvatore Ponzini<\/a><\/p>\n<\/td>\n<\/tr>\n<tr>\n<td>\n<p align=\"center\">04<\/p>\n<\/td>\n<td>\n<p align=\"left\"><a href=\"https:\/\/cofecon.org.br\/transparencia\/files\/atos_normativos\/Port\/2013\/Port-2013(4).pdf\" target=\"_blank\" rel=\"noopener\">Designa funcion\u00e1rios para realizar cota\u00e7\u00e3o eletr\u00f4nica<\/a><\/p>\n<\/td>\n<\/tr>\n<tr>\n<td>\n<p align=\"center\">05<\/p>\n<\/td>\n<td>\n<p align=\"left\"><a href=\"https:\/\/cofecon.org.br\/transparencia\/files\/atos_normativos\/Port\/2013\/Port-2013(5).pdf\" target=\"_blank\" rel=\"noopener\">Grupo de Trabalho: Atualiza\u00e7\u00e3o item 7.1.3<\/a><\/p>\n<\/td>\n<\/tr>\n<tr>\n<td>\n<p align=\"center\">06<\/p>\n<\/td>\n<td>\n<p align=\"left\"><a href=\"https:\/\/cofecon.org.br\/transparencia\/files\/atos_normativos\/Port\/2013\/Port-2013(6).pdf\" target=\"_blank\" rel=\"noopener\">Comiss\u00e3o de Tomada de Contas<\/a><\/p>\n<\/td>\n<\/tr>\n<tr>\n<td>\n<p align=\"center\">07<\/p>\n<\/td>\n<td>\n<p align=\"left\"><a href=\"https:\/\/cofecon.org.br\/transparencia\/files\/atos_normativos\/Port\/2013\/Port-2013(7).pdf\" target=\"_blank\" rel=\"noopener\">Comiss\u00f5es Tem\u00e1ticas do COFECON<\/a><\/p>\n<\/td>\n<\/tr>\n<tr>\n<td>\n<p align=\"center\">08<\/p>\n<\/td>\n<td>\n<p align=\"left\"><a href=\"https:\/\/cofecon.org.br\/transparencia\/files\/atos_normativos\/Port\/2013\/Port-2013(8).pdf\" target=\"_blank\" rel=\"noopener\">Comiss\u00e3o de Licita\u00e7\u00e3o<\/a><\/p>\n<\/td>\n<\/tr>\n<tr>\n<td>\n<p align=\"center\">09<\/p>\n<\/td>\n<td>\n<p align=\"left\"><a href=\"https:\/\/cofecon.org.br\/transparencia\/files\/atos_normativos\/Port\/2013\/Port-2013(9).pdf\" target=\"_blank\" rel=\"noopener\">Grupo de Trabalho: Atualizar os itens 2.1; 2.2; 2.3.1; 2.3.2; 4.2.1; 10.1; 10.2; 10.4<\/a><\/p>\n<\/td>\n<\/tr>\n<tr>\n<td>\n<p align=\"center\">10<\/p>\n<\/td>\n<td>\n<p align=\"left\"><a href=\"https:\/\/cofecon.org.br\/transparencia\/files\/atos_normativos\/Port\/2013\/Port-2013(10).pdf\" target=\"_blank\" rel=\"noopener\">Pregoeiros e equipe de apoio<\/a><\/p>\n<\/td>\n<\/tr>\n<tr>\n<td>\n<p align=\"center\">11<\/p>\n<\/td>\n<td>\n<p align=\"left\"><a href=\"https:\/\/cofecon.org.br\/transparencia\/files\/atos_normativos\/Port\/2013\/Port-2013(11).pdf\" target=\"_blank\" rel=\"noopener\">Fiscaliza\u00e7\u00e3o &#8211; Grupo de trabalho<\/a><\/p>\n<\/td>\n<\/tr>\n<tr>\n<td>\n<p align=\"center\">12<\/p>\n<\/td>\n<td>\n<p align=\"left\"><a href=\"https:\/\/cofecon.org.br\/transparencia\/files\/atos_normativos\/Port\/2013\/Port-2013(12).pdf\" target=\"_blank\" rel=\"noopener\">Aus\u00eancia do Presidente do COFECON<\/a><\/p>\n<\/td>\n<\/tr>\n<tr>\n<td>\n<p align=\"center\">13<\/p>\n<\/td>\n<td>\n<p align=\"left\"><a href=\"https:\/\/cofecon.org.br\/transparencia\/files\/atos_normativos\/Port\/2013\/Port-2013(13).pdf\" target=\"_blank\" rel=\"noopener\">Nomeia Conselheiro F\u00e1bio Jos\u00e9 Ferreira da Silva<\/a><\/p>\n<\/td>\n<\/tr>\n<tr>\n<td>\n<p align=\"center\">14<\/p>\n<\/td>\n<td>\n<p align=\"left\"><a href=\"https:\/\/cofecon.org.br\/transparencia\/files\/atos_normativos\/Port\/2013\/Port-2013(14).pdf\" target=\"_blank\" rel=\"noopener\">Designa Allan Mendes Batista como pregoeiro<\/a><\/p>\n<\/td>\n<\/tr>\n<tr>\n<td>\n<p align=\"center\">15<\/p>\n<\/td>\n<td>\n<p align=\"left\"><a href=\"https:\/\/cofecon.org.br\/transparencia\/files\/atos_normativos\/Port\/2013\/Port-2013(15).pdf\" target=\"_blank\" rel=\"noopener\">Reajusta o valor das di\u00e1rias conforme o INPC\/IBGE.<\/a><\/p>\n<\/td>\n<\/tr>\n<tr>\n<td>\n<p align=\"center\">16<\/p>\n<\/td>\n<td>\n<p align=\"left\"><a href=\"https:\/\/cofecon.org.br\/transparencia\/files\/atos_normativos\/Port\/2013\/Port-2013(16).pdf\" target=\"_blank\" rel=\"noopener\">Nomeia fiscais de contratos.<\/a><\/p>\n<\/td>\n<\/tr>\n<tr>\n<td>\n<p align=\"center\">17<\/p>\n<\/td>\n<td>\n<p align=\"left\"><a href=\"https:\/\/cofecon.org.br\/transparencia\/files\/atos_normativos\/Port\/2013\/Port-2013(17).pdf\" target=\"_blank\" rel=\"noopener\">Exonera Lucas Roberto de Azevedo Ferreira.<\/a><\/p>\n<\/td>\n<\/tr>\n<tr>\n<td>\n<p align=\"center\">18<\/p>\n<\/td>\n<td>\n<p align=\"left\"><a href=\"https:\/\/cofecon.org.br\/transparencia\/files\/atos_normativos\/Port\/2013\/Port-2013(18).pdf\" target=\"_blank\" rel=\"noopener\">Designa Allan Mendes Batista para atividade de licita\u00e7\u00e3o.<\/a><\/p>\n<\/td>\n<\/tr>\n<tr>\n<td>\n<p align=\"center\">19<\/p>\n<\/td>\n<td>\n<p align=\"left\"><a href=\"https:\/\/cofecon.org.br\/transparencia\/files\/atos_normativos\/Port\/2013\/Port-2013(19).pdf\" target=\"_blank\" rel=\"noopener\">Exonera Felipe Santos Burmann.<\/a><\/p>\n<\/td>\n<\/tr>\n<tr>\n<td>\n<p align=\"center\">20<\/p>\n<\/td>\n<td>\n<p align=\"left\"><a href=\"https:\/\/cofecon.org.br\/transparencia\/files\/atos_normativos\/Port\/2013\/Port-2013(20).pdf\" target=\"_blank\" rel=\"noopener\">Confirma\u00e7\u00e3o Conselheiros nas Plen\u00e1rias.<\/a><\/p>\n<\/td>\n<\/tr>\n<tr>\n<td>\n<p align=\"center\">21<\/p>\n<\/td>\n<td>\n<p align=\"left\"><a href=\"https:\/\/cofecon.org.br\/transparencia\/files\/atos_normativos\/Port\/2013\/Port-2013(21).pdf\" target=\"_blank\" rel=\"noopener\">Nomeia fiscais de contratos.<\/a><\/p>\n<\/td>\n<\/tr>\n<tr>\n<td>\n<p align=\"center\">22<\/p>\n<\/td>\n<td>\n<p align=\"left\"><a href=\"https:\/\/cofecon.org.br\/transparencia\/files\/atos_normativos\/Port\/2013\/Port-2013(22).pdf\" target=\"_blank\" rel=\"noopener\">Composi\u00e7\u00e3o comiss\u00e3o de acompanhamento do TAC &#8211; CORECON-MT<\/a><\/p>\n<\/td>\n<\/tr>\n<tr>\n<td>\n<p align=\"center\">23<\/p>\n<\/td>\n<td>\n<p align=\"left\"><a href=\"https:\/\/cofecon.org.br\/transparencia\/files\/atos_normativos\/Port\/2013\/Port-2013(23).pdf\" target=\"_blank\" rel=\"noopener\">Composi\u00e7\u00e3o comiss\u00e3o de an\u00e1lise dos dossi\u00eas eleitorais dos CORECONs.<\/a><\/p>\n<\/td>\n<\/tr>\n<tr>\n<td>\n<p align=\"center\">24<\/p>\n<\/td>\n<td>\n<p align=\"left\"><a href=\"https:\/\/cofecon.org.br\/transparencia\/files\/atos_normativos\/Port\/2013\/Port-2013(24).pdf\" target=\"_blank\" rel=\"noopener\">Licen\u00e7a da Presid\u00eancia<\/a><\/p>\n<\/td>\n<\/tr>\n<tr>\n<td>\n<p align=\"center\">25<\/p>\n<\/td>\n<td>\n<p align=\"left\"><a href=\"https:\/\/cofecon.org.br\/transparencia\/files\/atos_normativos\/Port\/2013\/Port-2013(25).pdf\" target=\"_blank\" rel=\"noopener\">Exonera Allan Mendes Batista<\/a><\/p>\n<\/td>\n<\/tr>\n<tr>\n<td>\n<p align=\"center\">26<\/p>\n<\/td>\n<td>\n<p align=\"left\"><a href=\"https:\/\/cofecon.org.br\/transparencia\/files\/atos_normativos\/Port\/2013\/Port-2013(26).pdf\" target=\"_blank\" rel=\"noopener\">Nomeia Danielle Costa Barbosa<\/a><\/p>\n<\/td>\n<\/tr>\n<tr>\n<td>\n<p align=\"center\">27<\/p>\n<\/td>\n<td>\n<p align=\"left\"><a href=\"https:\/\/cofecon.org.br\/transparencia\/files\/atos_normativos\/Port\/2013\/Port-2013(27).pdf\" target=\"_blank\" rel=\"noopener\">Designa Danielle Costa Barbosa &#8211; Licita\u00e7\u00e3o<\/a><\/p>\n<\/td>\n<\/tr>\n<tr>\n<td>\n<p align=\"center\">28<\/p>\n<\/td>\n<td>\n<p align=\"left\"><a href=\"https:\/\/cofecon.org.br\/transparencia\/files\/atos_normativos\/Port\/2013\/Port-2013(28).pdf\" target=\"_blank\" rel=\"noopener\">Prorroga licen\u00e7a Presidente<\/a><\/p>\n<\/td>\n<\/tr>\n<tr>\n<td>\n<p align=\"center\">29<\/p>\n<\/td>\n<td>\n<p align=\"left\"><a href=\"https:\/\/cofecon.org.br\/transparencia\/files\/atos_normativos\/Port\/2013\/Port-2013(29).pdf\" target=\"_blank\" rel=\"noopener\">Nomeia fiscais de contratos<\/a><\/p>\n<\/td>\n<\/tr>\n<tr>\n<td>\n<p align=\"center\">30<\/p>\n<\/td>\n<td>\n<p align=\"left\"><a href=\"https:\/\/cofecon.org.br\/transparencia\/files\/atos_normativos\/Port\/2013\/Port-2013(30).pdf\" target=\"_blank\" rel=\"noopener\">Plano de sa\u00fade<\/a><\/p>\n<\/td>\n<\/tr>\n<\/tbody>\n<\/table>\n<\/div>\n","protected":false},"excerpt":{"rendered":"<p>Portarias N\u00ba: Assunto: 01 Nomeia Mar\u00edlia Andrade Rosa 02 Nomeia fiscais de contratos 03 Revoga afastamento Cons. Paulo Salvatore Ponzini 04 Designa funcion\u00e1rios para realizar cota\u00e7\u00e3o eletr\u00f4nica 05 Grupo de Trabalho: Atualiza\u00e7\u00e3o item 7.1.3 06 Comiss\u00e3o de Tomada de Contas 07 Comiss\u00f5es Tem\u00e1ticas do COFECON 08 Comiss\u00e3o de Licita\u00e7\u00e3o 09 Grupo de Trabalho: Atualizar os &hellip; <a href=\"https:\/\/cofecon.org.br\/transparencia\/?page_id=217\" class=\"more-link\">Continue reading <span class=\"screen-reader-text\">Portarias-2013<\/span><\/a><\/p>\n","protected":false},"author":11,"featured_media":0,"parent":9,"menu_order":0,"comment_status":"closed","ping_status":"closed","template":"","meta":{"footnotes":""},"class_list":["post-217","page","type-page","status-publish","hentry"],"_links":{"self":[{"href":"https:\/\/cofecon.org.br\/transparencia\/index.php?rest_route=\/wp\/v2\/pages\/217"}],"collection":[{"href":"https:\/\/cofecon.org.br\/transparencia\/index.php?rest_route=\/wp\/v2\/pages"}],"about":[{"href":"https:\/\/cofecon.org.br\/transparencia\/index.php?rest_route=\/wp\/v2\/types\/page"}],"author":[{"embeddable":true,"href":"https:\/\/cofecon.org.br\/transparencia\/index.php?rest_route=\/wp\/v2\/users\/11"}],"replies":[{"embeddable":true,"href":"https:\/\/cofecon.org.br\/transparencia\/index.php?rest_route=%2Fwp%2Fv2%2Fcomments&post=217"}],"version-history":[{"count":4,"href":"https:\/\/cofecon.org.br\/transparencia\/index.php?rest_route=\/wp\/v2\/pages\/217\/revisions"}],"predecessor-version":[{"id":10066,"href":"https:\/\/cofecon.org.br\/transparencia\/index.php?rest_route=\/wp\/v2\/pages\/217\/revisions\/10066"}],"up":[{"embeddable":true,"href":"https:\/\/cofecon.org.br\/transparencia\/index.php?rest_route=\/wp\/v2\/pages\/9"}],"wp:attachment":[{"href":"https:\/\/cofecon.org.br\/transparencia\/index.php?rest_route=%2Fwp%2Fv2%2Fmedia&parent=217"}],"curies":[{"name":"wp","href":"https:\/\/api.w.org\/{rel}","templated":true}]}}