{"id":211,"date":"2017-04-03T17:43:28","date_gmt":"2017-04-03T17:43:28","guid":{"rendered":"http:\/\/cofecon.org.br\/transparencia\/?page_id=211"},"modified":"2026-03-26T20:10:16","modified_gmt":"2026-03-26T20:10:16","slug":"portarias-2016","status":"publish","type":"page","link":"https:\/\/cofecon.org.br\/transparencia\/?page_id=211","title":{"rendered":"Portarias-2016"},"content":{"rendered":"<div align=\"center\">\n<table border=\"0\" align=\"center\">\n<tbody>\n<tr>\n<th scope=\"row\" align=\"center\" valign=\"middle\" width=\"134\">\n<p dir=\"ltr\" align=\"left\"><strong><span style=\"text-decoration: underline;\"><span style=\"font-size: 10pt;\">Portarias N\u00ba:<\/span><\/span><\/strong><\/p>\n<\/th>\n<th scope=\"row\" align=\"center\" valign=\"middle\" width=\"499\">\n<p align=\"center\"><strong><span style=\"text-decoration: underline;\"><span style=\"font-size: 10pt;\">Assunto:<\/span><\/span><\/strong><\/p>\n<\/th>\n<\/tr>\n<tr>\n<td>\n<p align=\"center\">01<\/p>\n<\/td>\n<td>\n<p align=\"left\"><a href=\"https:\/\/cofecon.org.br\/transparencia\/files\/atos_normativos\/Port\/2016\/Port-2016(1).pdf\" target=\"_blank\" rel=\"noopener\">Nomeia Aline Tales Ferreira &#8211; Superintendente interina<\/a><\/p>\n<\/td>\n<\/tr>\n<tr>\n<td>\n<p align=\"center\">02<\/p>\n<\/td>\n<td>\n<p align=\"left\"><a href=\"https:\/\/cofecon.org.br\/transparencia\/files\/atos_normativos\/Port\/2016\/Port-2016(2).pdf\" target=\"_blank\" rel=\"noopener\">Nomeia Thiara de Oliveira Lima &#8211; Assessor II<\/a><\/p>\n<\/td>\n<\/tr>\n<tr>\n<td>\n<p align=\"center\">03<\/p>\n<\/td>\n<td>\n<p align=\"left\"><a href=\"https:\/\/cofecon.org.br\/transparencia\/files\/atos_normativos\/Port\/2016\/Port-2016(3).pdf\" target=\"_blank\" rel=\"noopener\">Autoriza colaborador a responder pela Tesouraria do COFECON<\/a><\/p>\n<\/td>\n<\/tr>\n<tr>\n<td>\n<p align=\"center\">04<\/p>\n<\/td>\n<td>\n<p align=\"left\"><a href=\"https:\/\/cofecon.org.br\/transparencia\/files\/atos_normativos\/Port\/2016\/Port-2016(4).pdf\" target=\"_blank\" rel=\"noopener\">Nomeia Pregoeiros Oficiais do Cofecon e Equipe de apoio<\/a><\/p>\n<\/td>\n<\/tr>\n<tr>\n<td>\n<p align=\"center\">05<\/p>\n<\/td>\n<td>\n<p align=\"left\"><a href=\"https:\/\/cofecon.org.br\/transparencia\/files\/atos_normativos\/Port\/2016\/Port-2016(5).pdf\" target=\"_blank\" rel=\"noopener\">Nomeia Fabio Ronan Miranda Alves<\/a><\/p>\n<\/td>\n<\/tr>\n<tr>\n<td>\n<p align=\"center\">06<\/p>\n<\/td>\n<td>\n<p align=\"left\"><a href=\"https:\/\/cofecon.org.br\/transparencia\/files\/atos_normativos\/Port\/2016\/Port-2016(6).pdf\" target=\"_blank\" rel=\"noopener\">Designa a composi\u00e7\u00e3o da CTC<\/a><\/p>\n<\/td>\n<\/tr>\n<tr>\n<td>\n<p align=\"center\">07<\/p>\n<\/td>\n<td>\n<p align=\"left\"><a href=\"https:\/\/cofecon.org.br\/transparencia\/files\/atos_normativos\/Port\/2016\/Port-2016(7).pdf\" target=\"_blank\" rel=\"noopener\">Designa a composi\u00e7\u00e3o da Comiss\u00e3o de Licita\u00e7\u00e3o<\/a><\/p>\n<\/td>\n<\/tr>\n<tr>\n<td>\n<p align=\"center\">08<\/p>\n<\/td>\n<td>\n<p align=\"left\"><a href=\"https:\/\/cofecon.org.br\/transparencia\/files\/atos_normativos\/Port\/2016\/Port-2016(8).pdf\" target=\"_blank\" rel=\"noopener\">Designa composi\u00e7\u00e3o das Comiss\u00f5es Tem\u00e1ticas do COFECON<\/a><\/p>\n<\/td>\n<\/tr>\n<tr>\n<td>\n<p align=\"center\">09<\/p>\n<\/td>\n<td>\n<p align=\"left\"><a href=\"https:\/\/cofecon.org.br\/transparencia\/files\/atos_normativos\/Port\/2016\/Port-2016(9).pdf\" target=\"_blank\" rel=\"noopener\">Exonera Vin\u00edcius Vidal Matos<\/a><\/p>\n<\/td>\n<\/tr>\n<tr>\n<td>\n<p align=\"center\">10<\/p>\n<\/td>\n<td>\n<p align=\"left\"><a href=\"https:\/\/cofecon.org.br\/transparencia\/files\/atos_normativos\/Port\/2016\/Port-2016(10).pdf\" target=\"_blank\" rel=\"noopener\">Nomeia J\u00falio Poloni de G\u00f3es<\/a><\/p>\n<\/td>\n<\/tr>\n<tr>\n<td>\n<p align=\"center\">11<\/p>\n<\/td>\n<td>\n<p align=\"left\"><a href=\"http:\/\/cofecon.org.br\/transparencia\/wp-content\/uploads\/2026\/03\/Portaria-11-1o.3.2016-Exonera-Danielle-atividade-licitacao.pdf\" target=\"_blank\" rel=\"noopener\">Exonera Danielle Costa Barbosa &#8211; Licita\u00e7\u00e3o<\/a><\/p>\n<\/td>\n<\/tr>\n<tr>\n<td>\n<p align=\"center\">12<\/p>\n<\/td>\n<td>\n<p align=\"left\"><a href=\"https:\/\/cofecon.org.br\/transparencia\/files\/atos_normativos\/Port\/2016\/Port-2016(12).pdf\" target=\"_blank\" rel=\"noopener\">Retifica Portaria 28\/2015 &#8211; VHTE<\/a><\/p>\n<\/td>\n<\/tr>\n<tr>\n<td>\n<p align=\"center\">13<\/p>\n<\/td>\n<td>\n<p align=\"left\"><a href=\"https:\/\/cofecon.org.br\/transparencia\/files\/atos_normativos\/Port\/2016\/Port-2016(13).pdf\" target=\"_blank\" rel=\"noopener\">Altera Portaria 8\/2016 &#8211; Comiss\u00f5es Cofecon<\/a><\/p>\n<\/td>\n<\/tr>\n<tr>\n<td>\n<p align=\"center\">14<\/p>\n<\/td>\n<td>\n<p align=\"left\"><a href=\"https:\/\/cofecon.org.br\/transparencia\/files\/atos_normativos\/Port\/2016\/Port-2016(14).pdf\" target=\"_blank\" rel=\"noopener\">Autoriza colaboradores a responderem pela Tesouraria do Cofecon<\/a><\/p>\n<\/td>\n<\/tr>\n<tr>\n<td>\n<p align=\"center\">15<\/p>\n<\/td>\n<td>\n<p align=\"left\"><a href=\"https:\/\/cofecon.org.br\/transparencia\/files\/atos_normativos\/Port\/2016\/Port-2016(15).pdf\" target=\"_blank\" rel=\"noopener\">Designa Comiss\u00e3o Permanente de Controle Patrimonial do Cofecon<\/a><\/p>\n<\/td>\n<\/tr>\n<tr>\n<td>\n<p align=\"center\">16<\/p>\n<\/td>\n<td>\n<p align=\"left\"><a href=\"https:\/\/cofecon.org.br\/transparencia\/files\/atos_normativos\/Port\/2016\/Port-2016(16).pdf\" target=\"_blank\" rel=\"noopener\">Nomeia fiscais de contrato do Cofecon<\/a><\/p>\n<\/td>\n<\/tr>\n<tr>\n<td>\n<p align=\"center\">17<\/p>\n<\/td>\n<td>\n<p align=\"left\"><a href=\"https:\/\/cofecon.org.br\/transparencia\/files\/atos_normativos\/Port\/2016\/Port-2016(17).pdf\" target=\"_blank\" rel=\"noopener\">Nomeia Ana Claudia Ramos Pinto &#8211; licita\u00e7\u00e3o<\/a><\/p>\n<\/td>\n<\/tr>\n<tr>\n<td>\n<p align=\"center\">18<\/p>\n<\/td>\n<td>\n<p align=\"left\"><a href=\"https:\/\/cofecon.org.br\/transparencia\/files\/atos_normativos\/Port\/2016\/Port-2016(18).pdf\" target=\"_blank\" rel=\"noopener\">Altera composi\u00e7\u00e3o da Comiss\u00e3o de Licita\u00e7\u00e3o<\/a><\/p>\n<\/td>\n<\/tr>\n<tr>\n<td>\n<p align=\"center\">19<\/p>\n<\/td>\n<td>\n<p align=\"left\"><a href=\"https:\/\/cofecon.org.br\/transparencia\/files\/atos_normativos\/Port\/2016\/Port-2016(19).pdf\" target=\"_blank\" rel=\"noopener\">Nomeia Pregoeiros e equipe de apoio<\/a><\/p>\n<\/td>\n<\/tr>\n<tr>\n<td>\n<p align=\"center\">20<\/p>\n<\/td>\n<td>\n<p align=\"left\"><a href=\"https:\/\/cofecon.org.br\/transparencia\/files\/atos_normativos\/Port\/2016\/Port-2016(20).pdf\" target=\"_blank\" rel=\"noopener\">Inclui membro na composi\u00e7\u00e3o do Grupo de Trabalho Cooperativa de Cr\u00e9dito<\/a><\/p>\n<\/td>\n<\/tr>\n<tr>\n<td>\n<p align=\"center\">21<\/p>\n<\/td>\n<td>\n<p align=\"left\"><a href=\"https:\/\/cofecon.org.br\/transparencia\/files\/atos_normativos\/Port\/2016\/Port-2016(21).pdf\" target=\"_blank\" rel=\"noopener\">Nomeia Alexandre Caf\u00e9 Rodrigues &#8211; Assessor III<\/a><\/p>\n<\/td>\n<\/tr>\n<tr>\n<td>\n<p align=\"center\">22<\/p>\n<\/td>\n<td>\n<p align=\"left\"><a href=\"https:\/\/cofecon.org.br\/transparencia\/files\/atos_normativos\/Port\/2016\/Port-2016(22).pdf\" target=\"_blank\" rel=\"noopener\">Designa Antonio Tolentino &#8211; Supervisor Financeiro<\/a><\/p>\n<\/td>\n<\/tr>\n<tr>\n<td>\n<p align=\"center\">23<\/p>\n<\/td>\n<td>\n<p align=\"left\"><a href=\"https:\/\/cofecon.org.br\/transparencia\/files\/atos_normativos\/Port\/2016\/Port-2016(23).pdf\" target=\"_blank\" rel=\"noopener\">Designa Jo\u00e3o Henrique Vieira Costa &#8211; Supervisor de Processos Licitat\u00f3rios<\/a><\/p>\n<\/td>\n<\/tr>\n<tr>\n<td>\n<p align=\"center\">24<\/p>\n<\/td>\n<td>\n<p align=\"left\"><a href=\"https:\/\/cofecon.org.br\/transparencia\/files\/atos_normativos\/Port\/2016\/Port-2016(24).pdf\" target=\"_blank\" rel=\"noopener\">Designa Edna Barroso Machado &#8211; Supervisora de Recep\u00e7\u00e3o e Servi\u00e7os Gerais<\/a><\/p>\n<\/td>\n<\/tr>\n<tr>\n<td>\n<p align=\"center\">25<\/p>\n<\/td>\n<td>\n<p align=\"left\"><a href=\"https:\/\/cofecon.org.br\/transparencia\/files\/atos_normativos\/Port\/2016\/Port-2016(25).pdf\" target=\"_blank\" rel=\"noopener\">Designa Grupos Tem\u00e1ticos<\/a><\/p>\n<\/td>\n<\/tr>\n<tr>\n<td style=\"text-align: center;\">\n<p align=\"center\">26<\/p>\n<\/td>\n<td>\n<p align=\"left\"><a href=\"https:\/\/cofecon.org.br\/transparencia\/files\/atos_normativos\/Port\/2016\/Port-2016(26).pdf\" target=\"_blank\" rel=\"noopener\">Nomeia fiscais de contrato<\/a><\/p>\n<\/td>\n<\/tr>\n<tr>\n<td style=\"text-align: center;\">27<\/td>\n<td><a href=\"https:\/\/cofecon.org.br\/transparencia\/files\/atos_normativos\/Port\/2016\/Port-2016(27).pdf\" target=\"_blank\" rel=\"noopener\">Sindic\u00e2ncia<\/a><\/td>\n<\/tr>\n<tr>\n<td style=\"text-align: center;\">28<\/td>\n<td><a href=\"https:\/\/cofecon.org.br\/transparencia\/files\/atos_normativos\/Port\/2016\/Port-2016(28).pdf\" target=\"_blank\" rel=\"noopener\">Reajusta o valor das di\u00e1rias<\/a><\/td>\n<\/tr>\n<tr>\n<td style=\"text-align: center;\">29<\/td>\n<td><a href=\"https:\/\/cofecon.org.br\/transparencia\/files\/atos_normativos\/Port\/2016\/Port-2016(29).pdf\" target=\"_blank\" rel=\"noopener\">Cria e designa a composi\u00e7\u00e3o do Grupo de Trabalho de Responsabiliza\u00e7\u00e3o Social<\/a><\/td>\n<\/tr>\n<tr>\n<td style=\"text-align: center;\">30<\/td>\n<td><a href=\"https:\/\/cofecon.org.br\/transparencia\/files\/atos_normativos\/Port\/2016\/Port-2016(30).pdf\" target=\"_blank\" rel=\"noopener\">Autoriza funcion\u00e1rios a praticar atos de RH<\/a><\/td>\n<\/tr>\n<tr>\n<td style=\"text-align: center;\">31<\/td>\n<td><a href=\"https:\/\/cofecon.org.br\/transparencia\/files\/atos_normativos\/Port\/2016\/Port-2016(31).pdf\" target=\"_blank\" rel=\"noopener\">Prorroga prazo da sindic\u00e2ncia<\/a><\/td>\n<\/tr>\n<tr>\n<td style=\"text-align: center;\">32<\/td>\n<td><a href=\"https:\/\/cofecon.org.br\/transparencia\/files\/atos_normativos\/Port\/2016\/Port-2016(32).pdf\" target=\"_blank\" rel=\"noopener\">Inclui membro na composi\u00e7\u00e3o da Comiss\u00e3o de Planejamento Estrat\u00e9gico<\/a><\/td>\n<\/tr>\n<tr>\n<td style=\"text-align: center;\">33<\/td>\n<td><a href=\"https:\/\/cofecon.org.br\/transparencia\/files\/atos_normativos\/Port\/2016\/Port-2016(33).pdf\" target=\"_blank\" rel=\"noopener\">Reajusta os valores da tabela constante no Anexo I da Portaria n\u00ba 34<\/a><\/td>\n<\/tr>\n<tr>\n<td style=\"text-align: center;\">34<\/td>\n<td><a href=\"https:\/\/cofecon.org.br\/transparencia\/files\/atos_normativos\/Port\/2016\/Port-2016(34).pdf\" target=\"_blank\" rel=\"noopener\">Cria e designa a composi\u00e7\u00e3o do Grupo de Trabalho<\/a><\/td>\n<\/tr>\n<tr>\n<td style=\"text-align: center;\">35<\/td>\n<td><a href=\"https:\/\/cofecon.org.br\/transparencia\/files\/atos_normativos\/Port\/2016\/Port-2016(35).pdf\" target=\"_blank\" rel=\"noopener\">Inclui membro na composi\u00e7\u00e3o no Grupo de trabalho de Peritos de Economia e Finan\u00e7as<\/a><\/td>\n<\/tr>\n<tr>\n<td style=\"text-align: center;\">36<\/td>\n<td><a href=\"https:\/\/cofecon.org.br\/transparencia\/files\/atos_normativos\/Port\/2016\/Port-2016(36).pdf\" target=\"_blank\" rel=\"noopener\">Altera a composi\u00e7\u00e3o da Comiss\u00e3o de Comunica\u00e7\u00e3o<\/a><\/td>\n<\/tr>\n<tr>\n<td style=\"text-align: center;\">37<\/td>\n<td><a href=\"https:\/\/cofecon.org.br\/transparencia\/files\/atos_normativos\/Port\/2016\/Port-2016(37).pdf\" target=\"_blank\" rel=\"noopener\">Cria o Conselho Editorial da Revista Economistas<\/a><\/td>\n<\/tr>\n<tr>\n<td style=\"text-align: center;\">38<\/td>\n<td><a href=\"https:\/\/cofecon.org.br\/transparencia\/files\/atos_normativos\/Port\/2016\/Port-2016(38).pdf\" target=\"_blank\" rel=\"noopener\">Custeia di\u00e1ria<\/a><\/td>\n<\/tr>\n<tr>\n<td style=\"text-align: center;\">39<\/td>\n<td><a href=\"https:\/\/cofecon.org.br\/transparencia\/files\/atos_normativos\/Port\/2016\/Port-2016(39).pdf\" target=\"_blank\" rel=\"noopener\">Reajusta o VHTE<\/a><\/td>\n<\/tr>\n<tr>\n<td style=\"text-align: center;\">40<\/td>\n<td><a href=\"https:\/\/cofecon.org.br\/transparencia\/files\/atos_normativos\/Port\/2016\/Port-2016(40).pdf\" target=\"_blank\" rel=\"noopener\">Altera a composi\u00e7\u00e3o da Comiss\u00e3o de Licita\u00e7\u00e3o<\/a><\/td>\n<\/tr>\n<tr>\n<td style=\"text-align: center;\">41<\/td>\n<td><a href=\"https:\/\/cofecon.org.br\/transparencia\/files\/atos_normativos\/Port\/2016\/Port-2016(41).pdf\" target=\"_blank\" rel=\"noopener\">Aprova plano de a\u00e7\u00e3o para cumprimento da Lei n\u00ba 12.527\/2011<\/a><\/td>\n<\/tr>\n<tr>\n<td style=\"text-align: center;\">42<\/td>\n<td><a href=\"https:\/\/cofecon.org.br\/transparencia\/files\/atos_normativos\/Port\/2016\/Port-2016(42).pdf\" target=\"_blank\" rel=\"noopener\">Cria e Designa Composi\u00e7\u00e3o do Grupo de Trabalho<\/a><\/td>\n<\/tr>\n<tr>\n<td style=\"text-align: center;\">43<\/td>\n<td><a href=\"https:\/\/cofecon.org.br\/transparencia\/files\/atos_normativos\/Port\/2016\/Port-2016(43).pdf\" target=\"_blank\" rel=\"noopener\">Custeia 01(uma) di\u00e1ria para Diretora Executiva da FENECO<\/a><\/td>\n<\/tr>\n<tr>\n<td style=\"text-align: center;\">44<\/td>\n<td><a href=\"https:\/\/cofecon.org.br\/transparencia\/files\/atos_normativos\/Port\/2016\/Port-2016(44).pdf\" target=\"_blank\" rel=\"noopener\">Nomeia Jonathan de Ara\u00fajo Gon\u00e7alves para o cargo de livre provimento<\/a><\/td>\n<\/tr>\n<tr>\n<td style=\"text-align: center;\">45<\/td>\n<td><a href=\"https:\/\/cofecon.org.br\/transparencia\/files\/atos_normativos\/Port\/2016\/Port-2016(45).pdf\" target=\"_blank\" rel=\"noopener\">Di\u00e1ria para colaborador eventual &#8211; Jo\u00e3o Sics\u00fa<\/a><\/td>\n<\/tr>\n<tr>\n<td style=\"text-align: center;\">46<\/td>\n<td><a href=\"https:\/\/cofecon.org.br\/transparencia\/files\/atos_normativos\/Port\/2016\/Port-2016(46).pdf\" target=\"_blank\" rel=\"noopener\">Di\u00e1ria para colaborador eventual &#8211; Samuel Abreu Pessoa<\/a><\/td>\n<\/tr>\n<tr>\n<td style=\"text-align: center;\">47<\/td>\n<td><a href=\"https:\/\/cofecon.org.br\/transparencia\/files\/atos_normativos\/Port\/2016\/Port-2016(47).pdf\" target=\"_blank\" rel=\"noopener\">Altera a composi\u00e7\u00e3o da Comiss\u00e3o de Planejamento Estrat\u00e9gico, Moderniza\u00e7\u00e3o e Qualidade de Gest\u00e3o<\/a><\/td>\n<\/tr>\n<tr>\n<td style=\"text-align: center;\">48<\/td>\n<td><a href=\"https:\/\/cofecon.org.br\/transparencia\/files\/atos_normativos\/Port\/2016\/Port-2016(48).pdf\" target=\"_blank\" rel=\"noopener\">Cria e designa a composi\u00e7\u00e3o do Grupo de Trabalho do Corecon Jovem\/Acad\u00eamico<\/a><\/td>\n<\/tr>\n<tr>\n<td style=\"text-align: center;\">49<\/td>\n<td><a href=\"https:\/\/cofecon.org.br\/transparencia\/files\/atos_normativos\/Port\/2016\/Port-2016(49).pdf\" target=\"_blank\" rel=\"noopener\">Grupo de Trabalho do Concurso P\u00fablico do Sistema Cofecon\/Corecon<\/a><\/td>\n<\/tr>\n<tr>\n<td style=\"text-align: center;\">50<\/td>\n<td><a href=\"https:\/\/cofecon.org.br\/transparencia\/files\/atos_normativos\/Port\/2016\/Port-2016(50).pdf\" target=\"_blank\" rel=\"noopener\">Composi\u00e7\u00e3o da Comiss\u00e3o Eleitoral do COFECON<\/a><\/td>\n<\/tr>\n<tr>\n<td style=\"text-align: center;\">51<\/td>\n<td><a href=\"https:\/\/cofecon.org.br\/transparencia\/files\/atos_normativos\/Port\/2016\/Port-2016(51).pdf\" target=\"_blank\" rel=\"noopener\">Aus\u00eancia do Presidente<\/a><\/td>\n<\/tr>\n<tr>\n<td style=\"text-align: center;\">52<\/td>\n<td><a href=\"https:\/\/cofecon.org.br\/transparencia\/files\/atos_normativos\/Port\/2016\/Port-2016(52).pdf\" target=\"_blank\" rel=\"noopener\">Exonera Jonathan de Araujo Gon\u00e7alves \u2013 Assessor III<\/a><\/td>\n<\/tr>\n<tr>\n<td style=\"text-align: center;\">53<\/td>\n<td><a href=\"https:\/\/cofecon.org.br\/transparencia\/files\/atos_normativos\/Port\/2016\/Port-2016(53).pdf\" target=\"_blank\" rel=\"noopener\">Cria Grupo de Trabalho de Redu\u00e7\u00e3o dos Gastos do COFECON<\/a><\/td>\n<\/tr>\n<tr>\n<td style=\"text-align: center;\">54<\/td>\n<td><a href=\"https:\/\/cofecon.org.br\/transparencia\/files\/atos_normativos\/Port\/2016\/Port-2016(54).pdf\" target=\"_blank\" rel=\"noopener\">Palestrante para a 675\u00aa Sess\u00e3o Plen\u00e1ria Ordin\u00e1ria Cofecon<\/a><\/td>\n<\/tr>\n<tr>\n<td style=\"text-align: center;\">55<\/td>\n<td><a href=\"https:\/\/cofecon.org.br\/transparencia\/files\/atos_normativos\/Port\/2016\/Port-2016(55).pdf\" target=\"_blank\" rel=\"noopener\">Autoriza responder pela Tesouraria<\/a><\/td>\n<\/tr>\n<tr>\n<td style=\"text-align: center;\">56<\/td>\n<td><a href=\"https:\/\/cofecon.org.br\/transparencia\/files\/atos_normativos\/Port\/2016\/Port-2016(56).pdf\" target=\"_blank\" rel=\"noopener\">Instaura Processo \u2013 CORECON\/SP<\/a><\/td>\n<\/tr>\n<\/tbody>\n<\/table>\n<\/div>\n","protected":false},"excerpt":{"rendered":"<p>Portarias N\u00ba: Assunto: 01 Nomeia Aline Tales Ferreira &#8211; Superintendente interina 02 Nomeia Thiara de Oliveira Lima &#8211; Assessor II 03 Autoriza colaborador a responder pela Tesouraria do COFECON 04 Nomeia Pregoeiros Oficiais do Cofecon e Equipe de apoio 05 Nomeia Fabio Ronan Miranda Alves 06 Designa a composi\u00e7\u00e3o da CTC 07 Designa a composi\u00e7\u00e3o &hellip; <a href=\"https:\/\/cofecon.org.br\/transparencia\/?page_id=211\" class=\"more-link\">Continue reading <span class=\"screen-reader-text\">Portarias-2016<\/span><\/a><\/p>\n","protected":false},"author":11,"featured_media":0,"parent":9,"menu_order":0,"comment_status":"closed","ping_status":"closed","template":"","meta":{"footnotes":""},"class_list":["post-211","page","type-page","status-publish","hentry"],"_links":{"self":[{"href":"https:\/\/cofecon.org.br\/transparencia\/index.php?rest_route=\/wp\/v2\/pages\/211"}],"collection":[{"href":"https:\/\/cofecon.org.br\/transparencia\/index.php?rest_route=\/wp\/v2\/pages"}],"about":[{"href":"https:\/\/cofecon.org.br\/transparencia\/index.php?rest_route=\/wp\/v2\/types\/page"}],"author":[{"embeddable":true,"href":"https:\/\/cofecon.org.br\/transparencia\/index.php?rest_route=\/wp\/v2\/users\/11"}],"replies":[{"embeddable":true,"href":"https:\/\/cofecon.org.br\/transparencia\/index.php?rest_route=%2Fwp%2Fv2%2Fcomments&post=211"}],"version-history":[{"count":6,"href":"https:\/\/cofecon.org.br\/transparencia\/index.php?rest_route=\/wp\/v2\/pages\/211\/revisions"}],"predecessor-version":[{"id":10637,"href":"https:\/\/cofecon.org.br\/transparencia\/index.php?rest_route=\/wp\/v2\/pages\/211\/revisions\/10637"}],"up":[{"embeddable":true,"href":"https:\/\/cofecon.org.br\/transparencia\/index.php?rest_route=\/wp\/v2\/pages\/9"}],"wp:attachment":[{"href":"https:\/\/cofecon.org.br\/transparencia\/index.php?rest_route=%2Fwp%2Fv2%2Fmedia&parent=211"}],"curies":[{"name":"wp","href":"https:\/\/api.w.org\/{rel}","templated":true}]}}