{"id":2,"date":"2016-09-20T15:42:55","date_gmt":"2016-09-20T15:42:55","guid":{"rendered":"http:\/\/cofecon.org.br\/transparencia\/?page_id=2"},"modified":"2025-02-11T17:27:19","modified_gmt":"2025-02-11T17:27:19","slug":"sample-page","status":"publish","type":"page","link":"https:\/\/cofecon.org.br\/transparencia\/","title":{"rendered":""},"content":{"rendered":"\t\t<div data-elementor-type=\"wp-page\" data-elementor-id=\"2\" class=\"elementor elementor-2\">\n\t\t\t\t\t\t<section class=\"elementor-section elementor-top-section elementor-element elementor-element-daba30f elementor-section-boxed elementor-section-height-default elementor-section-height-default\" data-id=\"daba30f\" data-element_type=\"section\">\n\t\t\t\t\t\t<div class=\"elementor-container elementor-column-gap-default\">\n\t\t\t\t\t<div class=\"elementor-column elementor-col-100 elementor-top-column elementor-element elementor-element-742650ed\" data-id=\"742650ed\" data-element_type=\"column\">\n\t\t\t<div class=\"elementor-widget-wrap elementor-element-populated\">\n\t\t\t\t\t\t<div class=\"elementor-element elementor-element-28d35a5e elementor-widget elementor-widget-text-editor\" data-id=\"28d35a5e\" data-element_type=\"widget\" data-widget_type=\"text-editor.default\">\n\t\t\t\t<div class=\"elementor-widget-container\">\n\t\t\t\t\t\t\t\t\t<p class=\"padro\" style=\"text-align: justify; background: white; margin: 0cm 0cm 10.0pt 0cm;\" data-darkreader-inline-bgimage=\"\" data-darkreader-inline-bgcolor=\"\">Bem-vindo ao Portal de Transpar\u00eancia e Presta\u00e7\u00e3o de Contas do Conselho Federal de Economia, uma ferramenta que permite ao p\u00fablico acessar as informa\u00e7\u00f5es de forma r\u00e1pida e cont\u00ednua.<\/p><p class=\"padro\" style=\"text-align: justify; background: white; margin: 0cm 0cm 10.0pt 0cm;\" data-darkreader-inline-bgimage=\"\" data-darkreader-inline-bgcolor=\"\">As informa\u00e7\u00f5es do Portal t\u00eam como objetivo atender a\u00a0Lei n\u00ba 12.527, de 18 de novembro de 2011, que regula o acesso a informa\u00e7\u00f5es previsto no inciso XXXIII do art. 5\u00ba, no inciso II do \u00a7 3\u00ba do art. 37 e no \u00a7 2\u00ba do art. 216 da Constitui\u00e7\u00e3o Federal; altera a Lei n\u00ba 8.112, de 11 de dezembro de 1990; revoga a Lei n\u00ba 11.111, de 5 de maio de 2005, e dispositivos da Lei n\u00ba 8.159, de 8 de janeiro de 1991; e d\u00e1 outras provid\u00eancias.<\/p><p class=\"padro\" style=\"text-align: justify; background: white; margin: 0cm 0cm 12.0pt 0cm;\" data-darkreader-inline-bgimage=\"\" data-darkreader-inline-bgcolor=\"\">Para facilitar o acesso, as informa\u00e7\u00f5es est\u00e3o organizadas por ano e m\u00eas e disponibilizadas em formato fechado (PDF).<\/p><p class=\"padro\" style=\"text-align: justify; background: white; margin: 0cm 0cm 10.0pt 0cm;\" data-darkreader-inline-bgimage=\"\" data-darkreader-inline-bgcolor=\"\"><img decoding=\"async\" class=\"alignnone wp-image-9382\" src=\"http:\/\/cofecon.org.br\/transparencia\/wp-content\/uploads\/2025\/02\/transparencia-300x100-1.png\" alt=\"\" width=\"263\" height=\"87\" \/><\/p>\t\t\t\t\t\t\t\t<\/div>\n\t\t\t\t<\/div>\n\t\t\t\t\t<\/div>\n\t\t<\/div>\n\t\t\t\t\t<\/div>\n\t\t<\/section>\n\t\t\t\t<\/div>\n\t\t","protected":false},"excerpt":{"rendered":"<p>Bem-vindo ao Portal de Transpar\u00eancia e Presta\u00e7\u00e3o de Contas do Conselho Federal de Economia, uma ferramenta que permite ao p\u00fablico acessar as informa\u00e7\u00f5es de forma r\u00e1pida e cont\u00ednua. As informa\u00e7\u00f5es do Portal t\u00eam como objetivo atender a\u00a0Lei n\u00ba 12.527, de 18 de novembro de 2011, que regula o acesso a informa\u00e7\u00f5es previsto no inciso XXXIII &hellip; <a href=\"https:\/\/cofecon.org.br\/transparencia\/\" class=\"more-link\">Continue reading <span class=\"screen-reader-text\"><\/span><\/a><\/p>\n","protected":false},"author":1,"featured_media":0,"parent":0,"menu_order":0,"comment_status":"closed","ping_status":"open","template":"","meta":{"footnotes":""},"class_list":["post-2","page","type-page","status-publish","hentry"],"_links":{"self":[{"href":"https:\/\/cofecon.org.br\/transparencia\/index.php?rest_route=\/wp\/v2\/pages\/2"}],"collection":[{"href":"https:\/\/cofecon.org.br\/transparencia\/index.php?rest_route=\/wp\/v2\/pages"}],"about":[{"href":"https:\/\/cofecon.org.br\/transparencia\/index.php?rest_route=\/wp\/v2\/types\/page"}],"author":[{"embeddable":true,"href":"https:\/\/cofecon.org.br\/transparencia\/index.php?rest_route=\/wp\/v2\/users\/1"}],"replies":[{"embeddable":true,"href":"https:\/\/cofecon.org.br\/transparencia\/index.php?rest_route=%2Fwp%2Fv2%2Fcomments&post=2"}],"version-history":[{"count":54,"href":"https:\/\/cofecon.org.br\/transparencia\/index.php?rest_route=\/wp\/v2\/pages\/2\/revisions"}],"predecessor-version":[{"id":9388,"href":"https:\/\/cofecon.org.br\/transparencia\/index.php?rest_route=\/wp\/v2\/pages\/2\/revisions\/9388"}],"wp:attachment":[{"href":"https:\/\/cofecon.org.br\/transparencia\/index.php?rest_route=%2Fwp%2Fv2%2Fmedia&parent=2"}],"curies":[{"name":"wp","href":"https:\/\/api.w.org\/{rel}","templated":true}]}}