{"id":1930,"date":"2021-02-10T13:24:57","date_gmt":"2021-02-10T13:24:57","guid":{"rendered":"https:\/\/cofecon.org.br\/transparencia\/?page_id=1930"},"modified":"2025-10-15T17:38:37","modified_gmt":"2025-10-15T17:38:37","slug":"resolucoes-2021","status":"publish","type":"page","link":"https:\/\/cofecon.org.br\/transparencia\/?page_id=1930","title":{"rendered":"Resolu\u00e7\u00f5es-2021"},"content":{"rendered":"\t\t<div data-elementor-type=\"wp-page\" data-elementor-id=\"1930\" class=\"elementor elementor-1930\">\n\t\t\t\t\t\t<section class=\"elementor-section elementor-top-section elementor-element elementor-element-248ae209 elementor-section-boxed elementor-section-height-default elementor-section-height-default\" data-id=\"248ae209\" data-element_type=\"section\">\n\t\t\t\t\t\t<div class=\"elementor-container elementor-column-gap-default\">\n\t\t\t\t\t<div class=\"elementor-column elementor-col-100 elementor-top-column elementor-element elementor-element-15086472\" data-id=\"15086472\" data-element_type=\"column\">\n\t\t\t<div class=\"elementor-widget-wrap elementor-element-populated\">\n\t\t\t\t\t\t<div class=\"elementor-element elementor-element-6ba60c32 elementor-widget elementor-widget-text-editor\" data-id=\"6ba60c32\" data-element_type=\"widget\" data-widget_type=\"text-editor.default\">\n\t\t\t\t<div class=\"elementor-widget-container\">\n\t\t\t\t\t\t\t\t\t<div id=\"articlepxfontsize1\">\n<table border=\"0\" align=\"center\">\n<tbody>\n<tr>\n<th scope=\"row\" align=\"center\" valign=\"middle\" width=\"134\">\n<p dir=\"ltr\" align=\"left\"><strong><span style=\"text-decoration: underline;\"><span style=\"font-size: 10pt;\">Resolu\u00e7\u00f5es N\u00ba:<\/span><\/span><\/strong><\/p>\n<\/th>\n<th scope=\"row\" align=\"center\" valign=\"middle\" width=\"499\">\n<p align=\"center\"><strong><span style=\"text-decoration: underline;\"><span style=\"font-size: 10pt;\">Assunto:<\/span><\/span><\/strong><\/p>\n<\/th>\n<\/tr>\n<tr>\n<td>\n<p align=\"center\">2.060<\/p>\n<\/td>\n<td>\n<p align=\"left\"><a href=\"https:\/\/cofecon.org.br\/transparencia\/files\/atos_normativos\/Res\/2021\/Res2021-2060.pdf\" target=\"_blank\" rel=\"noopener noreferrer\">Aprova o Regulamento do 6\u00ba Desafio Quero ser Economista 2021<\/a><\/p>\n<\/td>\n<\/tr>\n<tr>\n<td>\n<p align=\"center\">2.061<\/p>\n<\/td>\n<td>\n<p align=\"left\"><a href=\"https:\/\/cofecon.org.br\/transparencia\/files\/atos_normativos\/Res\/2021\/Res2021-2061.pdf\" target=\"_blank\" rel=\"noopener noreferrer\">Designa composi\u00e7\u00e3o da Comiss\u00e3o de Tomada de Contas do Cofecon para o exerc\u00edcio 2021<\/a><\/p>\n<\/td>\n<\/tr>\n<tr>\n<td>\n<p align=\"center\">2.062<\/p>\n<\/td>\n<td>\n<p align=\"left\"><a href=\"https:\/\/cofecon.org.br\/transparencia\/files\/atos_normativos\/Res\/2021\/Res2021-2062.pdf\" target=\"_blank\" rel=\"noopener noreferrer\">Designa composi\u00e7\u00e3o da Comiss\u00e3o de Licita\u00e7\u00e3o do Cofecon<\/a><\/p>\n<\/td>\n<\/tr>\n<tr>\n<td>\n<p align=\"center\">2.063<\/p>\n<\/td>\n<td>\n<p align=\"left\"><a href=\"https:\/\/cofecon.org.br\/transparencia\/files\/atos_normativos\/Res\/2021\/Res2021-2063.pdf\" target=\"_blank\" rel=\"noopener noreferrer\">Prorroga os prazos de ades\u00e3o dos Corecons e economistas ao VIII RECRED<\/a><\/p>\n<\/td>\n<\/tr>\n<tr>\n<td>\n<p align=\"center\">2.064<\/p>\n<\/td>\n<td>\n<p align=\"left\"><a href=\"https:\/\/cofecon.org.br\/transparencia\/files\/atos_normativos\/Res\/2021\/Res2021-2064.pdf\" target=\"_blank\" rel=\"noopener noreferrer\">Disp\u00f5e sobre o Regulamento do Pr\u00eamio Mulher Economista do Ano<\/a><\/p>\n<\/td>\n<\/tr>\n<tr>\n<td>\n<p align=\"center\">2.065<\/p>\n<\/td>\n<td>\n<p align=\"left\"><a href=\"https:\/\/cofecon.org.br\/transparencia\/files\/atos_normativos\/Res\/2021\/Res2021-2065.pdf\" target=\"_blank\" rel=\"noopener noreferrer\">Disp\u00f5e sobre o Regulamento do Pr\u00eamio Mulher Transformadora do Ano<\/a><\/p>\n<\/td>\n<\/tr>\n<tr>\n<td>\n<p align=\"center\">2.066<\/p>\n<\/td>\n<td>\n<p align=\"left\"><a href=\"https:\/\/cofecon.org.br\/transparencia\/files\/atos_normativos\/Res\/2021\/Res2021-2066.pdf\" target=\"_blank\" rel=\"noopener noreferrer\">Disp\u00f5e sobre o Regulamento do XXVII Pr\u00eamio Brasil de Economia<\/a><\/p>\n<\/td>\n<\/tr>\n<tr>\n<td>\n<p align=\"center\">2.067<\/p>\n<\/td>\n<td>\n<p align=\"left\"><a href=\"https:\/\/cofecon.org.br\/transparencia\/files\/atos_normativos\/Res\/2021\/Res2021-2067.pdf\" target=\"_blank\" rel=\"noopener noreferrer\">Aprova o Regulamento da X Gincana Nacional de Economia 2021.\n<\/a><\/p>\n<\/td>\n<\/tr>\n<tr>\n<td>\n<p align=\"center\">2.068<\/p>\n<\/td>\n<td>\n<p align=\"left\"><a href=\"https:\/\/cofecon.org.br\/transparencia\/files\/atos_normativos\/Res\/2021\/Res2021-2068.pdf\" target=\"_blank\" rel=\"noopener noreferrer\">Institui procedimentos excepcionais e aprova o calend\u00e1rio referente ao processo eleitoral de 2021, e d\u00e1 outras provid\u00eancias<\/a><\/p>\n<\/td>\n<\/tr>\n<tr>\n<td>\n<p align=\"center\">2.069<\/p>\n<\/td>\n<td>\n<p align=\"left\"><a href=\"https:\/\/cofecon.org.br\/transparencia\/files\/atos_normativos\/Res\/2021\/Res2021-2069.pdf\" target=\"_blank\" rel=\"noopener noreferrer\">Autoriza a realiza\u00e7\u00e3o de cursos de aperfei\u00e7oamento na modalidade \u00e0 dist\u00e2ncia pelo Cofecon e aprova seu regulamento<\/a><\/p>\n<\/td>\n<\/tr>\n<tr>\n<td>\n<p align=\"center\">2.070<\/p>\n<\/td>\n<td>\n<p align=\"left\"><a href=\"https:\/\/cofecon.org.br\/transparencia\/files\/atos_normativos\/Res\/2021\/Res2021-2070.pdf\" target=\"_blank\" rel=\"noopener noreferrer\">Institui a Carteira de Identidade Profissional Eletr\u00f4nica (e-CIP) no \u00e2mbito do Sistema Cofecon\/Corecons, altera a Resolu\u00e7\u00e3o n\u00ba 1.945, de 30 de novembro de 2015, que disp\u00f5e sobre os procedimentos de registro, e d\u00e1 outras provid\u00eancias<\/a><\/p>\n<\/td>\n<\/tr>\n<tr>\n<td>\n<p align=\"center\">2.071<\/p>\n<\/td>\n<td>\n<p align=\"left\"><a href=\"https:\/\/cofecon.org.br\/transparencia\/files\/atos_normativos\/Res\/2021\/Res2021-2071.pdf\" target=\"_blank\" rel=\"noopener noreferrer\">Altera os regulamentos dos Pr\u00eamios Personalidade Econ\u00f4mica do Ano e Destaque Econ\u00f4mica do Ano<\/a><\/p>\n<\/td>\n<\/tr>\n<tr>\n<td>\n<p align=\"center\">2.072<\/p>\n<\/td>\n<td>\n<p align=\"left\"><a href=\"https:\/\/cofecon.org.br\/transparencia\/files\/atos_normativos\/Res\/2021\/Res2021-2072.pdf\" target=\"_blank\" rel=\"noopener noreferrer\">Altera dispositivo da Resolu\u00e7\u00e3o n\u00ba 2.042, de 6 de abril de 2020, que autoriza a realiza\u00e7\u00e3o de Sess\u00f5es Plen\u00e1rias virtuais por videoconfer\u00eancia no \u00e2mbito do Sistema Cofecon\/Corecons<\/a><\/p>\n<\/td>\n<\/tr>\n<tr>\n<td>\n<p align=\"center\">2.073<\/p>\n<\/td>\n<td>\n<p align=\"left\"><a href=\"https:\/\/cofecon.org.br\/transparencia\/files\/atos_normativos\/Res\/2021\/Res2021-2073.pdf\" target=\"_blank\" rel=\"noopener noreferrer\">Altera dispositivos do Anexo da Resolu\u00e7\u00e3o n\u00ba 2.066\/2021 que disp\u00f5e sobre o XXVII Pr\u00eamio Brasil de Economia &#8211; PBE<\/a><\/p>\n<\/td>\n<\/tr>\n<tr>\n<td>\n<p align=\"center\">2.074<\/p>\n<\/td>\n<td>\n<p align=\"left\"><a href=\"https:\/\/cofecon.org.br\/transparencia\/files\/atos_normativos\/Res\/2021\/Res2021-2074.pdf\" target=\"_blank\" rel=\"noopener noreferrer\">\nDisp\u00f5e sobre o registro nos Conselhos Regionais de Economia, dos diplomados em Com\u00e9rcio Exterior, e d\u00e1 outras provid\u00eancias<\/a><\/p>\n<\/td>\n<\/tr>\n<tr>\n<td>\n<p align=\"center\">2.075<\/p>\n<\/td>\n<td>\n<p align=\"left\"><a href=\"https:\/\/cofecon.org.br\/transparencia\/files\/atos_normativos\/Res\/2021\/Res2021-2075.pdf\" target=\"_blank\" rel=\"noopener noreferrer\">\nProrroga, excepcionalmente, o prazo para apresenta\u00e7\u00e3o dos balancetes referentes ao primeiro trimestre de 2021 no \u00e2mbito do Sistema Cofecon\/Corecons<\/a><\/p>\n<\/td>\n<\/tr>\n<tr>\n<td>\n<p align=\"center\">2.076<\/p>\n<\/td>\n<td>\n<p align=\"left\"><a href=\"https:\/\/cofecon.org.br\/transparencia\/files\/atos_normativos\/Res\/2021\/Res2021-2076.pdf\" target=\"_blank\" rel=\"noopener noreferrer\">\nAltera dispositivos da Resolu\u00e7\u00e3o n\u00ba 2.066\/2021, que disp\u00f5e sobre o XXVII Pr\u00eamio Brasil de Economia -PBE<\/a><\/p>\n<\/td>\n<\/tr>\n<tr>\n<td>\n<p align=\"center\">2.077<\/p>\n<\/td>\n<td>\n<p align=\"left\"><a href=\"https:\/\/cofecon.org.br\/transparencia\/files\/atos_normativos\/Res\/2021\/Res2021-2077.pdf\" target=\"_blank\" rel=\"noopener noreferrer\">\nAltera dispositivos da Resolu\u00e7\u00e3o n\u00ba 1.981, de 23 de outubro de 2017, que aprova o regulamento eleitoral no \u00e2mbito do Sistema Cofecon\/Corecons<\/a><\/p>\n<\/td>\n<\/tr>\n<tr>\n<td>\n<p align=\"center\">2.078<\/p>\n<\/td>\n<td>\n<p align=\"left\"><a href=\"https:\/\/cofecon.org.br\/transparencia\/files\/atos_normativos\/Res\/2021\/Res2021-2078.pdf\" target=\"_blank\" rel=\"noopener noreferrer\">\nProrroga os prazos de ades\u00e3o dos Corecons e economistas ao VIII RECRED<\/a><\/p>\n<\/td>\n<\/tr>\n<tr>\n<td>\n<p align=\"center\">2.079<\/p>\n<\/td>\n<td>\n<p align=\"left\"><a href=\"https:\/\/cofecon.org.br\/transparencia\/files\/atos_normativos\/Res\/2021\/Res2021-2079.pdf\" target=\"_blank\" rel=\"noopener noreferrer\">\nInclui dispositivo na Resolu\u00e7\u00e3o n\u00ba 1.851, de 28 de maio de 2011<\/a><\/p>\n<\/td>\n<\/tr>\n<tr>\n<td>\n<p align=\"center\">2.080<\/p>\n<\/td>\n<td>\n<p align=\"left\"><a href=\"https:\/\/cofecon.org.br\/transparencia\/files\/atos_normativos\/Res\/2021\/Res2021-2080.pdf\" target=\"_blank\" rel=\"noopener noreferrer\">\nInclui dispositivos \u00e0 Resolu\u00e7\u00e3o n\u00ba 1.945, de 30 de novembro de 2015, e d\u00e1 outras provid\u00eancias<\/a><\/p>\n<\/td>\n<\/tr>\n<tr>\n<td>\n<p align=\"center\">2.081<\/p>\n<\/td>\n<td>\n<p align=\"left\"><a href=\"https:\/\/cofecon.org.br\/transparencia\/files\/atos_normativos\/Res\/2021\/Res2021-2081.pdf\" target=\"_blank\" rel=\"noopener noreferrer\">\nAltera Regulamento da X Gincana Nacional de Economia 2021<\/a><\/p>\n<\/td>\n<\/tr>\n<tr>\n<td>\n<p align=\"center\">2.082<\/p>\n<\/td>\n<td>\n<p align=\"left\"><a href=\"https:\/\/cofecon.org.br\/transparencia\/files\/atos_normativos\/Res\/2021\/Res2021-2082.pdf\" target=\"_blank\" rel=\"noopener noreferrer\">\nInstitui o Reconhecimento de Projetos de Boas Pr\u00e1ticas do Sistema Cofecon\/Corecons 2021<\/a><\/p>\n<\/td>\n<\/tr>\n<tr>\n<td>\n<p align=\"center\">2.083<\/p>\n<\/td>\n<td>\n<p align=\"left\"><a href=\"https:\/\/cofecon.org.br\/transparencia\/files\/atos_normativos\/Res\/2021\/Res2021-2083.pdf\" target=\"_blank\" rel=\"noopener noreferrer\">\nProrroga o prazo de inscri\u00e7\u00e3o do Projeto de Boas Pr\u00e1ticas do Sistema Cofecon\/Corecons 20211<\/a><\/p>\n<\/td>\n<\/tr>\n<tr>\n<td>\n<p align=\"center\">2.084<\/p>\n<\/td>\n<td>\n<p align=\"left\"><a href=\"https:\/\/cofecon.org.br\/transparencia\/files\/atos_normativos\/Res\/2021\/Res2021-2084.pdf\" target=\"_blank\" rel=\"noopener noreferrer\">\nRevoga a Resolu\u00e7\u00e3o n\u00ba 2.039, de 13 de mar\u00e7o de 2020, que estabelece medidas tempor\u00e1rias de preven\u00e7\u00e3o ao cont\u00e1gio pelo Covid-19<\/a><\/p>\n<\/td>\n<\/tr>\n<tr>\n<td>\n<p align=\"center\">2.085<\/p>\n<\/td>\n<td>\n<p align=\"left\"><a href=\"https:\/\/cofecon.org.br\/transparencia\/files\/atos_normativos\/Res\/2021\/Res2021-2085.pdf\" target=\"_blank\" rel=\"noopener noreferrer\">\nFixa os valores das anuidades, bem como dos emolumentos e das multas devidas pelas pessoas f\u00edsicas e jur\u00eddicas aos Conselhos de Economia<\/a><\/p>\n<\/td>\n<\/tr>\n<tr>\n<td>\n<p align=\"center\">2.086<\/p>\n<\/td>\n<td>\n<p align=\"left\"><a href=\"https:\/\/cofecon.org.br\/transparencia\/files\/atos_normativos\/Res\/2021\/Res2021-2086.pdf\" target=\"_blank\" rel=\"noopener noreferrer\">\nAltera dispositivos da Resolu\u00e7\u00e3o n\u00ba 1.945, de 30 de novembro de 2015, que disp\u00f5e sobre o normativo de procedimentos para registro profissional<\/a><\/p>\n<\/td>\n<\/tr>\n<tr>\n<td>\n<p align=\"center\">2.087<\/p>\n<\/td>\n<td>\n<p align=\"left\"><a href=\"https:\/\/cofecon.org.br\/transparencia\/files\/atos_normativos\/Res\/2021\/Res2021-2087.pdf\" target=\"_blank\" rel=\"noopener noreferrer\">\nDisciplina os procedimentos relativos \u00e0 representa\u00e7\u00e3o judicial dos agentes p\u00fablicos do Sistema Cofecon\/Corecons<\/a><\/p>\n<\/td>\n<\/tr>\n<tr>\n<td>\n<p align=\"center\">2.088<\/p>\n<\/td>\n<td>\n<p align=\"left\"><a href=\"https:\/\/cofecon.org.br\/transparencia\/files\/atos_normativos\/Res\/2021\/Res2021-2088.pdf\" target=\"_blank\" rel=\"noopener noreferrer\">\nAutoriza a prorroga\u00e7\u00e3o do prazo para publica\u00e7\u00e3o do edital de convoca\u00e7\u00e3o da Assembleia de Delegados-Eleitores<\/a><\/p>\n<\/td>\n<\/tr>\n<tr>\n<td>\n<p align=\"center\">2.089<\/p>\n<\/td>\n<td>\n<p align=\"left\"><a href=\"https:\/\/cofecon.org.br\/transparencia\/files\/atos_normativos\/Res\/2021\/Res2021-2089.pdf\" target=\"_blank\" rel=\"noopener noreferrer\">\nAcrescenta dispositivos \u00e0 Resolu\u00e7\u00e3o n\u00ba 2.068, de 10 de maio de 2021, que institui procedimentos excepcionais<\/a><\/p>\n<\/td>\n<\/tr>\n<tr>\n<td>\n<p align=\"center\">2.090<\/p>\n<\/td>\n<td>\n<p align=\"left\"><a href=\"https:\/\/cofecon.org.br\/transparencia\/files\/atos_normativos\/Res\/2021\/Res2021-2090.pdf\" target=\"_blank\" rel=\"noopener noreferrer\">\nAltera o Regimento Interno do Conselho Federal de Economia, aprovado pela Resolu\u00e7\u00e3o n\u00ba 1.832, de 2010<\/a><\/p>\n<\/td>\n<\/tr>\n<tr>\n<td>\n<p align=\"center\">2.091<\/p>\n<\/td>\n<td>\n<p align=\"left\"><a href=\"https:\/\/cofecon.org.br\/transparencia\/files\/atos_normativos\/Res\/2021\/Res2021-2091.pdf\" target=\"_blank\" rel=\"noopener noreferrer\">\nAltera e acrescenta dispositivos \u00e0 Resolu\u00e7\u00e3o n\u00ba 1.853, de 28 de maio de 2011, que cria e regula o Manual de Arrecada\u00e7\u00e3o no Sistema Cofecon\/Corecon.<\/a><\/p>\n<\/td>\n<\/tr>\n<tr>\n<td>\n<p align=\"center\">2.092<\/p>\n<\/td>\n<td>\n<p align=\"left\"><a href=\"https:\/\/cofecon.org.br\/transparencia\/files\/atos_normativos\/Res\/2021\/Res2021-2092.pdf\" target=\"_blank\" rel=\"noopener noreferrer\">Ratifica as altera\u00e7\u00f5es promovidas pela Resolu\u00e7\u00e3o n\u00ba 2.090, de 11 de novembro de 2021, ao Regimento Interno do Conselho Federal de Economia, aprovado pela Resolu\u00e7\u00e3o n\u00ba 1.832 de 2010<\/a><\/p>\n<\/td>\n<\/tr>\n<tr>\n<td>\n<p align=\"center\">2.093<\/p>\n<\/td>\n<td>\n<p align=\"left\"><a href=\"https:\/\/cofecon.org.br\/transparencia\/files\/atos_normativos\/Res\/2021\/Res2021-2093.pdf\" target=\"_blank\" rel=\"noopener noreferrer\">Altera o Modelo de Regimento Interno dos Conselhos Regionais de Economia, aprovado pela Resolu\u00e7\u00e3o n\u00ba 1.837, de 2010.<\/a><\/p>\n<\/td>\n<\/tr>\n<tr>\n<td>\n<p align=\"center\">2.094<\/p>\n<\/td>\n<td>\n<p align=\"left\"><a href=\"https:\/\/cofecon.org.br\/transparencia\/files\/atos_normativos\/Res\/2021\/Res2021-2094.pdf\" target=\"_blank\" rel=\"noopener noreferrer\">Disp\u00f5e sobre o Pr\u00eamio Paul Singer de Boas Pr\u00e1ticas Acad\u00eamicas.<\/a><\/p>\n<\/td>\n<\/tr>\n<tr>\n<td>\n<p align=\"center\">2.095<\/p>\n<\/td>\n<td>\n<p align=\"left\"><a href=\"https:\/\/cofecon.org.br\/transparencia\/files\/atos_normativos\/Res\/2021\/Res2021-2095.pdf\" target=\"_blank\" rel=\"noopener noreferrer\">Disp\u00f5e sobre o registro nos Conselhos Regionais de Economia dos diplomados em Economia Ecol\u00f3gica e d\u00e1 outras provid\u00eancias.<\/a><\/p>\n<\/td>\n<\/tr>\n<tr>\n<td>\n<p align=\"center\">2.096<\/p>\n<\/td>\n<td>\n<p align=\"left\"><a href=\"https:\/\/cofecon.org.br\/transparencia\/files\/atos_normativos\/Res\/2021\/Res2021-2096.pdf\" target=\"_blank\" rel=\"noopener noreferrer\">Ratifica, em segunda sess\u00e3o plen\u00e1ria ordin\u00e1ria, as altera\u00e7\u00f5es promovidas pela Resolu\u00e7\u00e3o n\u00ba 2.090, de 11 de novembro de 2021<\/a><\/p>\n<\/td>\n<\/tr>\n<\/tbody>\n<\/table>\n<\/div>\t\t\t\t\t\t\t\t<\/div>\n\t\t\t\t<\/div>\n\t\t\t\t\t<\/div>\n\t\t<\/div>\n\t\t\t\t\t<\/div>\n\t\t<\/section>\n\t\t\t\t<\/div>\n\t\t","protected":false},"excerpt":{"rendered":"<p>Resolu\u00e7\u00f5es N\u00ba: Assunto: 2.060 Aprova o Regulamento do 6\u00ba Desafio Quero ser Economista 2021 2.061 Designa composi\u00e7\u00e3o da Comiss\u00e3o de Tomada de Contas do Cofecon para o exerc\u00edcio 2021 2.062 Designa composi\u00e7\u00e3o da Comiss\u00e3o de Licita\u00e7\u00e3o do Cofecon 2.063 Prorroga os prazos de ades\u00e3o dos Corecons e economistas ao VIII RECRED 2.064 Disp\u00f5e sobre o &hellip; <a href=\"https:\/\/cofecon.org.br\/transparencia\/?page_id=1930\" class=\"more-link\">Continue reading <span class=\"screen-reader-text\">Resolu\u00e7\u00f5es-2021<\/span><\/a><\/p>\n","protected":false},"author":11,"featured_media":0,"parent":9,"menu_order":0,"comment_status":"closed","ping_status":"closed","template":"","meta":{"footnotes":""},"class_list":["post-1930","page","type-page","status-publish","hentry"],"_links":{"self":[{"href":"https:\/\/cofecon.org.br\/transparencia\/index.php?rest_route=\/wp\/v2\/pages\/1930"}],"collection":[{"href":"https:\/\/cofecon.org.br\/transparencia\/index.php?rest_route=\/wp\/v2\/pages"}],"about":[{"href":"https:\/\/cofecon.org.br\/transparencia\/index.php?rest_route=\/wp\/v2\/types\/page"}],"author":[{"embeddable":true,"href":"https:\/\/cofecon.org.br\/transparencia\/index.php?rest_route=\/wp\/v2\/users\/11"}],"replies":[{"embeddable":true,"href":"https:\/\/cofecon.org.br\/transparencia\/index.php?rest_route=%2Fwp%2Fv2%2Fcomments&post=1930"}],"version-history":[{"count":42,"href":"https:\/\/cofecon.org.br\/transparencia\/index.php?rest_route=\/wp\/v2\/pages\/1930\/revisions"}],"predecessor-version":[{"id":10005,"href":"https:\/\/cofecon.org.br\/transparencia\/index.php?rest_route=\/wp\/v2\/pages\/1930\/revisions\/10005"}],"up":[{"embeddable":true,"href":"https:\/\/cofecon.org.br\/transparencia\/index.php?rest_route=\/wp\/v2\/pages\/9"}],"wp:attachment":[{"href":"https:\/\/cofecon.org.br\/transparencia\/index.php?rest_route=%2Fwp%2Fv2%2Fmedia&parent=1930"}],"curies":[{"name":"wp","href":"https:\/\/api.w.org\/{rel}","templated":true}]}}