{"id":1895,"date":"2021-02-05T18:28:53","date_gmt":"2021-02-05T18:28:53","guid":{"rendered":"https:\/\/cofecon.org.br\/transparencia\/?page_id=1895"},"modified":"2026-03-26T19:38:42","modified_gmt":"2026-03-26T19:38:42","slug":"deliberacoes-2021","status":"publish","type":"page","link":"https:\/\/cofecon.org.br\/transparencia\/?page_id=1895","title":{"rendered":"Deliberacoes-2021"},"content":{"rendered":"\t\t<div data-elementor-type=\"wp-page\" data-elementor-id=\"1895\" class=\"elementor elementor-1895\">\n\t\t\t\t\t\t<section class=\"elementor-section elementor-top-section elementor-element elementor-element-44153188 elementor-section-boxed elementor-section-height-default elementor-section-height-default\" data-id=\"44153188\" data-element_type=\"section\">\n\t\t\t\t\t\t<div class=\"elementor-container elementor-column-gap-default\">\n\t\t\t\t\t<div class=\"elementor-column elementor-col-100 elementor-top-column elementor-element elementor-element-6bc703d8\" data-id=\"6bc703d8\" data-element_type=\"column\">\n\t\t\t<div class=\"elementor-widget-wrap elementor-element-populated\">\n\t\t\t\t\t\t<div class=\"elementor-element elementor-element-4efefca4 elementor-widget elementor-widget-text-editor\" data-id=\"4efefca4\" data-element_type=\"widget\" data-widget_type=\"text-editor.default\">\n\t\t\t\t<div class=\"elementor-widget-container\">\n\t\t\t\t\t\t\t\t\t<table border=\"0\" align=\"center\">\n<tbody>\n<tr>\n<th scope=\"row\" align=\"center\" valign=\"middle\" width=\"134\">\n<p dir=\"ltr\" align=\"left\"><strong><span style=\"text-decoration: underline;\"><span style=\"font-size: 10pt;\">Delibera\u00e7\u00f5es N\u00ba:<\/span><\/span><\/strong><\/p>\n<\/th>\n<th scope=\"row\" align=\"center\" valign=\"middle\" width=\"499\">\n<p align=\"center\"><strong><span style=\"text-decoration: underline;\"><span style=\"font-size: 10pt;\">Assunto:<\/span><\/span><\/strong><\/p>\n<\/th>\n<\/tr>\n<tr>\n<td>\n<p align=\"center\">4.962<\/p>\n<\/td>\n<td><a href=\"https:\/\/cofecon.org.br\/transparencia\/files\/atos_normativos\/Del\/2021\/Del2021-4962.pdf\" target=\"_blank\" rel=\"noopener noreferrer\">Homologa os resultados do XXVI Pr\u00eamio Brasil de Economia-2020<\/a><\/td>\n<\/tr>\n<tr>\n<td>\n<p align=\"center\">4.963<\/p>\n<\/td>\n<td><a href=\"https:\/\/cofecon.org.br\/transparencia\/files\/atos_normativos\/Del\/2021\/Del2021-4963.pdf\" target=\"_blank\" rel=\"noopener noreferrer\">Defere solicita\u00e7\u00e3o do Conselho Regional de Economia da 1\u00aa Regi\u00e3o &#8211; RJ para, excepcionalmente, prorrogar a data de vencimento da cota \u00fanica referente \u00e0 anuidade do exerc\u00edcio de 2021<\/a><\/td>\n<\/tr>\n<tr>\n<td>\n<p align=\"center\">4.964<\/p>\n<\/td>\n<td><a href=\"https:\/\/cofecon.org.br\/transparencia\/files\/atos_normativos\/Del\/2021\/Del2021-4964.pdf\" target=\"_blank\" rel=\"noopener noreferrer\">Homologa os processos cont\u00e1beis dos Conselhos Regionais de Economia, ad referendum do Plen\u00e1rio<\/a><\/td>\n<\/tr>\n<tr>\n<td>\n<p align=\"center\">4.965<\/p>\n<\/td>\n<td><a href=\"https:\/\/cofecon.org.br\/transparencia\/files\/atos_normativos\/Del\/2021\/Del2021-4965.pdf\" target=\"_blank\" rel=\"noopener noreferrer\">Homologa processos cont\u00e1beis apreciados na 703\u00aa Sess\u00e3o Plen\u00e1ria Ordin\u00e1ria do Conselho Federal de Economia<\/a><\/td>\n<\/tr>\n<tr>\n<td>\n<p align=\"center\">4.966<\/p>\n<\/td>\n<td><a href=\"https:\/\/cofecon.org.br\/transparencia\/files\/atos_normativos\/Del\/2021\/Del2021-4966.pdf\" target=\"_blank\" rel=\"noopener noreferrer\">Homologa os processos administrativos apreciados na 703\u00aa Sess\u00e3o Plen\u00e1ria Ordin\u00e1ria do Conselho Federal de Economia<\/a><\/td>\n<\/tr>\n<tr>\n<td>\n<p align=\"center\">4.967<\/p>\n<\/td>\n<td><a href=\"https:\/\/cofecon.org.br\/transparencia\/files\/atos_normativos\/Del\/2021\/Del2021-4967.pdf\" target=\"_blank\" rel=\"noopener noreferrer\">Altera dispositivos da Delibera\u00e7\u00e3o n\u00ba 4.851, de 11 de abril de 2016, que institui o normativo de pessoal para cargos e fun\u00e7\u00f5es de livre provimento<\/a><\/td>\n<\/tr>\n<tr>\n<td>\n<p align=\"center\">4.968<\/p>\n<\/td>\n<td><a href=\"https:\/\/cofecon.org.br\/transparencia\/files\/atos_normativos\/Del\/2021\/Del2021-4968.pdf\" target=\"_blank\" rel=\"noopener noreferrer\">Homologa processos cont\u00e1beis apreciados na 705\u00aa Sess\u00e3o Plen\u00e1ria Ordin\u00e1ria do Conselho Federal de Economia<\/a><\/td>\n<\/tr>\n\n<tr>\n<td>\n<p align=\"center\">4.969<\/p>\n<\/td>\n<td><a href=\"https:\/\/cofecon.org.br\/transparencia\/files\/atos_normativos\/Del\/2021\/Del2021-4969.pdf\" target=\"_blank\" rel=\"noopener noreferrer\">Aprova o registro, nos Conselhos Regionais de Economia, dos egressos dos cursos de Bacharelado em Com\u00e9rcio Exterior da Universidade de Fortaleza (Unifor), de Fortaleza-CE<\/a><\/td>\n<\/tr>\n<tr>\n<td>\n<p align=\"center\">4.970<\/p>\n<\/td>\n<td><a href=\"https:\/\/cofecon.org.br\/transparencia\/files\/atos_normativos\/Del\/2021\/Del2021-4970.pdf\" target=\"_blank\" rel=\"noopener noreferrer\">Homologa o resultado do 6\u00ba Desafio Quero Ser Economista &#8211; 2021<\/a><\/td>\n<\/tr>\n<tr>\n<td>\n<p align=\"center\">4.971<\/p>\n<\/td>\n<td><a href=\"https:\/\/cofecon.org.br\/transparencia\/files\/atos_normativos\/Del\/2021\/Del2021-4971.pdf\" target=\"_blank\" rel=\"noopener noreferrer\">Homologa processos cont\u00e1beis apreciados na 706\u00aa Sess\u00e3o Plen\u00e1ria Ordin\u00e1ria<\/a><\/td>\n<\/tr>\n<tr>\n<td>\n<p align=\"center\">4.972<\/p>\n<\/td>\n<td><a href=\"https:\/\/cofecon.org.br\/transparencia\/files\/atos_normativos\/Del\/2021\/Del2021-4972.pdf\" target=\"_blank\" rel=\"noopener noreferrer\">Aprova o registro, nos Conselhos Regionais de Economia, dos egressos dos cursos de Bacharelado em Rela\u00e7\u00f5es Internacionais <\/a><\/td>\n<\/tr>\n<tr>\n<td>\n<p align=\"center\">4.973<\/p>\n<\/td>\n<td><a href=\"https:\/\/cofecon.org.br\/transparencia\/files\/atos_normativos\/Del\/2021\/Del2021-4973.pdf\" target=\"_blank\" rel=\"noopener noreferrer\">Homologa os processos administrativos apreciados na 706\u00aa Sess\u00e3o Plen\u00e1ria Ordin\u00e1ria<\/a><\/td>\n<\/tr>\n<tr>\n<td>\n<p align=\"center\">4.974<\/p>\n<\/td>\n<td><a href=\"https:\/\/cofecon.org.br\/transparencia\/files\/atos_normativos\/Del\/2021\/Del2021-4974.pdf\" target=\"_blank\" rel=\"noopener noreferrer\">Aprova o registro, nos Conselhos Regionais de Economia, dos egressos dos cursos de Bacharelado em Rela\u00e7\u00f5es Internacionais<\/a><\/td>\n<\/tr>\n<tr>\n<td>\n<p align=\"center\">4.975<\/p>\n<\/td>\n<td><a href=\"https:\/\/cofecon.org.br\/transparencia\/files\/atos_normativos\/Del\/2021\/Del2021-4975.pdf\" target=\"_blank\" rel=\"noopener noreferrer\">Homologa os resultados do Reconhecimento de Projetos de Boas Pr\u00e1ticas do Sistema Cofecon\/Corecons 2021<\/a><\/td>\n<\/tr>\n<tr>\n<td>\n<p align=\"center\">4.976<\/p>\n<\/td>\n<td><a href=\"https:\/\/cofecon.org.br\/transparencia\/files\/atos_normativos\/Del\/2021\/Del2021-4976.pdf\" target=\"_blank\" rel=\"noopener noreferrer\">Homologa os resultados do XXVII Pr\u00eamio Brasil de Economia de 2021<\/a><\/td>\n<\/tr>\n<tr>\n<td>\n<p align=\"center\">4.977<\/p>\n<\/td>\n<td><a href=\"https:\/\/cofecon.org.br\/transparencia\/files\/atos_normativos\/Del\/2021\/Del2021-4977.pdf\" target=\"_blank\" rel=\"noopener noreferrer\">Homologa processos cont\u00e1beis apreciados na 707\u00aa Sess\u00e3o Plen\u00e1ria Ordin\u00e1ria do Conselho Federal de Economia<\/a><\/td>\n<\/tr>\n<tr>\n<td>\n<p align=\"center\">4.978<\/p>\n<\/td>\n<td><a href=\"https:\/\/cofecon.org.br\/transparencia\/files\/atos_normativos\/Del\/2021\/Del2021-4978.pdf\" target=\"_blank\" rel=\"noopener noreferrer\">Homologa os processos administrativos apreciados na 707\u00aa Sess\u00e3o Plen\u00e1ria Ordin\u00e1ria Ampliada do Conselho Federal de Economia<\/a><\/td>\n<\/tr>\n<tr>\n<td>\n<p align=\"center\">4.979<\/p>\n<\/td>\n<td><a href=\"https:\/\/cofecon.org.br\/transparencia\/files\/atos_normativos\/Del\/2021\/Del2021-4979.pdf\" target=\"_blank\" rel=\"noopener noreferrer\">Homologa o resultado da X Gincana Nacional De Economia 2021<\/a><\/td>\n<\/tr>\n<tr>\n<td>\n<p align=\"center\">4.980<\/p>\n<\/td>\n<td><a href=\"https:\/\/cofecon.org.br\/transparencia\/files\/atos_normativos\/Del\/2021\/Del2021-4980.pdf\" target=\"_blank\" rel=\"noopener noreferrer\">Homologa os processos administrativos apreciados na 708\u00aa Sess\u00e3o Plen\u00e1ria Extraordin\u00e1ria do Conselho Federal de Economia<\/a><\/td>\n<\/tr>\n<tr>\n<td>\n<p align=\"center\">4.981<\/p>\n<\/td>\n<td><a href=\"https:\/\/cofecon.org.br\/transparencia\/files\/atos_normativos\/Del\/2021\/Del2021-4981.pdf\" target=\"_blank\" rel=\"noopener noreferrer\">Homologa os Dossi\u00eas Eleitorais dos Conselhos Regionais de Economia referentes ao exerc\u00edcio de 2021, considerando as ressalvas constantes dos pareceres da Comiss\u00e3o Eleitoral do Cofecon<\/a><\/td>\n<\/tr>\n<tr>\n<td>\n<p align=\"center\">4.982<\/p>\n<\/td>\n<td><a href=\"https:\/\/cofecon.org.br\/transparencia\/files\/atos_normativos\/Del\/2021\/Del2021-4982.pdf\" target=\"_blank\" rel=\"noopener noreferrer\">Homologa processos cont\u00e1beis apreciados na 709\u00aa Sess\u00e3o Plen\u00e1ria Ordin\u00e1ria do Conselho Federal de Economia<\/a><\/td>\n<\/tr>\n<tr>\n<td>\n<p align=\"center\">4.983<\/p>\n<\/td>\n<td><a href=\"https:\/\/cofecon.org.br\/transparencia\/files\/atos_normativos\/Del\/2021\/Del2021-4983.pdf\" target=\"_blank\" rel=\"noopener noreferrer\">Homologa os processos administrativos apreciados na 709\u00aa Sess\u00e3o Plen\u00e1ria Ordin\u00e1ria do Conselho Federal de Economia<\/a><\/td>\n<\/tr>\n<tr>\n<td>\n<p align=\"center\">4.984<\/p>\n<\/td>\n<td><a href=\"https:\/\/cofecon.org.br\/transparencia\/files\/atos_normativos\/Del\/2021\/Del2021-4984.pdf\" target=\"_blank\" rel=\"noopener noreferrer\">Aprova o registro, nos Conselhos Regionais de Economia, dos egressos do curso de Bacharelado<\/a><\/td>\n<\/tr>\n<tr>\n<td>\n<p align=\"center\">4.985<\/p>\n<\/td>\n<td><a href=\"https:\/\/cofecon.org.br\/transparencia\/files\/atos_normativos\/Del\/2021\/Del2021-4985.pdf\" target=\"_blank\" rel=\"noopener noreferrer\">Homologa processos cont\u00e1beis apreciados na 710\u00aa Sess\u00e3o Plen\u00e1ria Ordin\u00e1ria do Conselho Federal de Economia<\/a><\/td>\n<\/tr>\n<tr>\n<td>\n<p align=\"center\">4.986<\/p>\n<\/td>\n<td><a href=\"https:\/\/cofecon.org.br\/transparencia\/files\/atos_normativos\/Del\/2021\/Del2021-4986.pdf\" target=\"_blank\" rel=\"noopener noreferrer\">Disp\u00f5e sobre quest\u00f5es trabalhistas e reajuste das Tabelas Salariais do Plano de Cargos e Sal\u00e1rios<\/a><\/td>\n<\/tr>\n<tr>\n<td>\n<p align=\"center\">4.987<\/p>\n<\/td>\n<td><a href=\"https:\/\/cofecon.org.br\/transparencia\/files\/atos_normativos\/Del\/2021\/Del2021-4987.pdf\" target=\"_blank\" rel=\"noopener noreferrer\">Reajusta os valores das Tabelas Salariais do Plano de Cargos e Sal\u00e1rios &#8211; PCS e das Tabelas Salariais<\/a><\/td>\n<\/tr>\n<tr>\n<td>\n<p align=\"center\">4.988<\/p>\n<\/td>\n<td><a href=\"https:\/\/cofecon.org.br\/transparencia\/files\/atos_normativos\/Del\/2021\/Del2021-4988.pdf\" target=\"_blank\" rel=\"noopener noreferrer\">Homologa os processos administrativos apreciados na 710\u00aa Sess\u00e3o Plen\u00e1ria Ordin\u00e1ria do Conselho Federal de Economia<\/a><\/td>\n<\/tr>\n<tr>\n<td>\n<p align=\"center\">4.989<\/p>\n<\/td>\n<td><a href=\"https:\/\/cofecon.org.br\/transparencia\/files\/atos_normativos\/Del\/2021\/Del2021-4989.pdf\" target=\"_blank\" rel=\"noopener noreferrer\">Aprova o registro, nos Conselhos Regionais de Economia, dos egressos dos cursos de Bacharelado em Rela\u00e7\u00f5es Internacionais<\/a><\/td>\n<\/tr>\n<\/tbody>\n<\/table>\n<\/div>\t\t\t\t\t\t\t\t<\/div>\n\t\t\t\t<\/div>\n\t\t\t\t\t<\/div>\n\t\t<\/div>\n\t\t\t\t\t<\/div>\n\t\t<\/section>\n\t\t\t\t<\/div>\n\t\t","protected":false},"excerpt":{"rendered":"<p>Delibera\u00e7\u00f5es N\u00ba: Assunto: 4.962 Homologa os resultados do XXVI Pr\u00eamio Brasil de Economia-2020 4.963 Defere solicita\u00e7\u00e3o do Conselho Regional de Economia da 1\u00aa Regi\u00e3o &#8211; RJ para, excepcionalmente, prorrogar a data de vencimento da cota \u00fanica referente \u00e0 anuidade do exerc\u00edcio de 2021 4.964 Homologa os processos cont\u00e1beis dos Conselhos Regionais de Economia, ad referendum &hellip; <a href=\"https:\/\/cofecon.org.br\/transparencia\/?page_id=1895\" class=\"more-link\">Continue reading <span class=\"screen-reader-text\">Deliberacoes-2021<\/span><\/a><\/p>\n","protected":false},"author":11,"featured_media":0,"parent":9,"menu_order":0,"comment_status":"closed","ping_status":"closed","template":"","meta":{"footnotes":""},"class_list":["post-1895","page","type-page","status-publish","hentry"],"_links":{"self":[{"href":"https:\/\/cofecon.org.br\/transparencia\/index.php?rest_route=\/wp\/v2\/pages\/1895"}],"collection":[{"href":"https:\/\/cofecon.org.br\/transparencia\/index.php?rest_route=\/wp\/v2\/pages"}],"about":[{"href":"https:\/\/cofecon.org.br\/transparencia\/index.php?rest_route=\/wp\/v2\/types\/page"}],"author":[{"embeddable":true,"href":"https:\/\/cofecon.org.br\/transparencia\/index.php?rest_route=\/wp\/v2\/users\/11"}],"replies":[{"embeddable":true,"href":"https:\/\/cofecon.org.br\/transparencia\/index.php?rest_route=%2Fwp%2Fv2%2Fcomments&post=1895"}],"version-history":[{"count":40,"href":"https:\/\/cofecon.org.br\/transparencia\/index.php?rest_route=\/wp\/v2\/pages\/1895\/revisions"}],"predecessor-version":[{"id":10621,"href":"https:\/\/cofecon.org.br\/transparencia\/index.php?rest_route=\/wp\/v2\/pages\/1895\/revisions\/10621"}],"up":[{"embeddable":true,"href":"https:\/\/cofecon.org.br\/transparencia\/index.php?rest_route=\/wp\/v2\/pages\/9"}],"wp:attachment":[{"href":"https:\/\/cofecon.org.br\/transparencia\/index.php?rest_route=%2Fwp%2Fv2%2Fmedia&parent=1895"}],"curies":[{"name":"wp","href":"https:\/\/api.w.org\/{rel}","templated":true}]}}