{"id":1584,"date":"2020-02-05T13:11:06","date_gmt":"2020-02-05T13:11:06","guid":{"rendered":"https:\/\/cofecon.org.br\/transparencia\/?page_id=1584"},"modified":"2025-10-15T17:43:14","modified_gmt":"2025-10-15T17:43:14","slug":"portarias-2020","status":"publish","type":"page","link":"https:\/\/cofecon.org.br\/transparencia\/?page_id=1584","title":{"rendered":"Portarias-2020"},"content":{"rendered":"<div align=\"center\">\n<table border=\"0\" align=\"center\">\n<tbody>\n<tr>\n<th scope=\"row\" align=\"center\" valign=\"middle\" width=\"134\">\n<p dir=\"ltr\" align=\"left\"><strong><span style=\"text-decoration: underline;\"><span style=\"font-size: 10pt;\">Portarias N\u00ba:<\/span><\/span><\/strong><\/p>\n<\/th>\n<th scope=\"row\" align=\"center\" valign=\"middle\" width=\"499\">\n<p align=\"center\"><strong><span style=\"text-decoration: underline;\"><span style=\"font-size: 10pt;\">Assunto:<\/span><\/span><\/strong><\/p>\n<\/th>\n<\/tr>\n<tr>\n<td>\n<p align=\"center\">01<\/p>\n<\/td>\n<td>\n<p align=\"left\"><a href=\"https:\/\/cofecon.org.br\/transparencia\/files\/atos_normativos\/Port\/2020\/Port-2020(1).pdf\" target=\"_blank\" rel=\"noopener noreferrer\">Designa pregoeiros e equipe de apoio<\/a><\/p>\n<\/td>\n<\/tr>\n<tr>\n<td>\n<p align=\"center\">02<\/p>\n<\/td>\n<td>\n<p align=\"left\"><a href=\"https:\/\/cofecon.org.br\/transparencia\/files\/atos_normativos\/Port\/2020\/Port-2020(2).pdf\" target=\"_blank\" rel=\"noopener noreferrer\">Designa a Assessora Jane Lopes para movimentar suprimento de fundo pequeno<\/a><\/p>\n<\/td>\n<\/tr>\n<tr>\n<td>\n<p align=\"center\">03<\/p>\n<\/td>\n<td>\n<p align=\"left\"><a href=\"https:\/\/cofecon.org.br\/transparencia\/files\/atos_normativos\/Port\/2020\/Port-2020(3).pdf\" target=\"_blank\" rel=\"noopener noreferrer\">Exonera Irlan Dias Ragno<\/a><\/p>\n<\/td>\n<\/tr>\n<tr>\n<td>\n<p align=\"center\">04<\/p>\n<\/td>\n<td>\n<p align=\"left\"><a href=\"https:\/\/cofecon.org.br\/transparencia\/files\/atos_normativos\/Port\/2020\/Port-2020(4).pdf\" target=\"_blank\" rel=\"noopener noreferrer\">Nomeia Keliane Souza de Jesus<\/a><\/p>\n<\/td>\n<\/tr>\n<tr>\n<td>\n<p align=\"center\">05<\/p>\n<\/td>\n<td>\n<p align=\"left\"><a href=\"https:\/\/cofecon.org.br\/transparencia\/files\/atos_normativos\/Port\/2020\/Port-2020(5).pdf\" target=\"_blank\" rel=\"noopener noreferrer\">Comiss\u00f5es Tem\u00e1ticas e Grupos Tem\u00e1ticos<\/a><\/p>\n<\/td>\n<\/tr>\n<tr>\n<td>\n<p align=\"center\">06<\/p>\n<\/td>\n<td>\n<p align=\"left\"><a href=\"https:\/\/cofecon.org.br\/transparencia\/files\/atos_normativos\/Port\/2020\/Port-2020(6).pdf\" target=\"_blank\" rel=\"noopener noreferrer\">Ratifica as indica\u00e7\u00f5es e designa integrantes para a Comiss\u00e3o Organizadora do XXVII SINCE<\/a><\/p>\n<\/td>\n<\/tr>\n<tr>\n<td>\n<p align=\"center\">07<\/p>\n<\/td>\n<td>\n<p align=\"left\"><a href=\"#\" target=\"_blank\" rel=\"noopener noreferrer\">Documento Sigiloso (processo \u00e9tico disciplinar)<\/a><\/p>\n<\/td>\n<\/tr>\n<tr>\n<td>\n<p align=\"center\">08<\/p>\n<\/td>\n<td>\n<p align=\"left\"><a href=\"#\" target=\"_blank\" rel=\"noopener noreferrer\">Documento Sigiloso (processo \u00e9tico disciplinar)<\/a><\/p>\n<\/td>\n<\/tr>\n<tr>\n<td>\n<p align=\"center\">09<\/p>\n<\/td>\n<td>\n<p align=\"left\"><a href=\"https:\/\/cofecon.org.br\/transparencia\/files\/atos_normativos\/Port\/2020\/Port-2020(9).pdf\" target=\"_blank\" rel=\"noopener noreferrer\">Inclui membros no Grupo de Trabalho &#8211; Mestres e Doutores<\/a><\/p>\n<\/td>\n<\/tr>\n<tr>\n<td>\n<p align=\"center\">10<\/p>\n<\/td>\n<td>\n<p align=\"left\"><a href=\"https:\/\/cofecon.org.br\/transparencia\/files\/atos_normativos\/Port\/2020\/Port-2020(10).pdf\" target=\"_blank\" rel=\"noopener noreferrer\">Designa Comiss\u00e3o Eleitoral 2020<\/a><\/p>\n<\/td>\n<\/tr>\n<tr>\n<td>\n<p align=\"center\">11<\/p>\n<\/td>\n<td>\n<p align=\"left\"><a href=\"https:\/\/cofecon.org.br\/transparencia\/files\/atos_normativos\/Port\/2020\/Port-2020(11).pdf\" target=\"_blank\" rel=\"noopener noreferrer\">Cria e designa a composi\u00e7\u00e3o da Comiss\u00e3o de Negocia\u00e7\u00e3o<br \/>\ndo Acordo Coletivo de Trabalho 2020<\/a><\/p>\n<\/td>\n<\/tr>\n<tr>\n<td>\n<p align=\"center\">12<\/p>\n<\/td>\n<td>\n<p align=\"left\"><a href=\"https:\/\/cofecon.org.br\/transparencia\/files\/atos_normativos\/Port\/2020\/Port-2020(12).pdf\" target=\"_blank\" rel=\"noopener noreferrer\">Cria GT Previd\u00eancia Complementar<\/a><\/p>\n<\/td>\n<\/tr>\n<tr>\n<td>\n<p align=\"center\">13<\/p>\n<\/td>\n<td>\n<p align=\"left\"><a href=\"#\" target=\"_blank\" rel=\"noopener noreferrer\">Documento Sigiloso (processo \u00e9tico disciplinar)<\/a><\/p>\n<\/td>\n<\/tr>\n<tr>\n<td>\n<p align=\"center\">14<\/p>\n<\/td>\n<td>\n<p align=\"left\"><a href=\"https:\/\/cofecon.org.br\/transparencia\/files\/atos_normativos\/Port\/2020\/Port-2020(14).pdf\" target=\"_blank\" rel=\"noopener noreferrer\">Estabelece ponto facultativo no \u00e2mbito do Conselho Federal de Economia<\/a><\/p>\n<\/td>\n<\/tr>\n<tr>\n<td>\n<p align=\"center\">15<\/p>\n<\/td>\n<td>\n<p align=\"left\"><a href=\"https:\/\/cofecon.org.br\/transparencia\/files\/atos_normativos\/Port\/2020\/Port-2020(15).pdf\" target=\"_blank\" rel=\"noopener noreferrer\">Estabelece, de forma excepcional e provis\u00f3ria, o regime de teletrabalho no \u00e2mbito do Conselho Federal de Economia<\/a><\/p>\n<\/td>\n<\/tr>\n<tr>\n<td>\n<p align=\"center\">16<\/p>\n<\/td>\n<td>\n<p align=\"left\"><a href=\"https:\/\/cofecon.org.br\/transparencia\/files\/atos_normativos\/Port\/2020\/Port-2020(16).pdf\" target=\"_blank\" rel=\"noopener noreferrer\">Nomeia F\u00e1bio Ronan Miranda Alves Procurador Geral<\/a><\/p>\n<\/td>\n<\/tr>\n<tr>\n<td>\n<p align=\"center\">17<\/p>\n<\/td>\n<td>\n<p align=\"left\"><a href=\"https:\/\/cofecon.org.br\/transparencia\/files\/atos_normativos\/Port\/2020\/Port-2020(17).pdf\" target=\"_blank\" rel=\"noopener noreferrer\">Adianta f\u00e9rias e d\u00e1 outras provid\u00eancias &#8211; Covid-19<\/a><\/p>\n<\/td>\n<\/tr>\n<tr>\n<td>\n<p align=\"center\">18<\/p>\n<\/td>\n<td>\n<p align=\"left\"><a href=\"https:\/\/cofecon.org.br\/transparencia\/files\/atos_normativos\/Port\/2020\/Port-2020(18).pdf\" target=\"_blank\" rel=\"noopener noreferrer\">Altera as Portarias Cofecon n\u00ba 15, de 23 de mar\u00e7o de 2020, e n\u00ba 17, de 2 de abril de 2020<\/a><\/p>\n<\/td>\n<\/tr>\n<tr>\n<td>\n<p align=\"center\">19<\/p>\n<\/td>\n<td>\n<p align=\"left\"><a href=\"https:\/\/cofecon.org.br\/transparencia\/files\/atos_normativos\/Port\/2020\/Port-2020(19).pdf\" target=\"_blank\" rel=\"noopener noreferrer\">Cria as Comiss\u00f5es Organizadora e Avaliadora do Desafio Quero Ser Economista 2020<\/a><\/p>\n<\/td>\n<\/tr>\n<tr>\n<td>\n<p align=\"center\">20<\/p>\n<\/td>\n<td>\n<p align=\"left\"><a href=\"https:\/\/cofecon.org.br\/transparencia\/files\/atos_normativos\/Port\/2020\/Port-2020(20).pdf\" target=\"_blank\" rel=\"noopener noreferrer\">Exonera Caroline dos Santos Rodrigues do cargo de livre provimento<\/a><\/p>\n<\/td>\n<\/tr>\n<tr>\n<td>\n<p align=\"center\">21<\/p>\n<\/td>\n<td>\n<p align=\"left\"><a href=\"https:\/\/cofecon.org.br\/transparencia\/files\/atos_normativos\/Port\/2020\/Port-2020(21).pdf\" target=\"_blank\" rel=\"noopener noreferrer\">Nomeia Raquel Passos da Silva Ara\u00fajo para o cargo de livre provimento<\/a><\/p>\n<\/td>\n<\/tr>\n<tr>\n<td>\n<p align=\"center\">22<\/p>\n<\/td>\n<td>\n<p align=\"left\"><a href=\"https:\/\/cofecon.org.br\/transparencia\/files\/atos_normativos\/Port\/2020\/Port-2020(22).pdf\" target=\"_blank\" rel=\"noopener noreferrer\">Di\u00e1rias 2020<\/a><\/p>\n<\/td>\n<\/tr>\n<tr>\n<td>\n<p align=\"center\">23<\/p>\n<\/td>\n<td>\n<p align=\"left\"><a href=\"https:\/\/cofecon.org.br\/transparencia\/files\/atos_normativos\/Port\/2020\/Port-2020(23).pdf\" target=\"_blank\" rel=\"noopener noreferrer\">Inclui membro no rol de integrantes da Comiss\u00e3o de Desenvolvimento Regional do Conselho Federal de Economia<\/a><\/p>\n<\/td>\n<\/tr>\n<tr>\n<td>\n<p align=\"center\">24<\/p>\n<\/td>\n<td>\n<p align=\"left\"><a href=\"https:\/\/cofecon.org.br\/transparencia\/files\/atos_normativos\/Port\/2020\/Port-2020(24).pdf\" target=\"_blank\" rel=\"noopener noreferrer\">Determina o retorno gradual das atividades presenciais<\/a><\/p>\n<\/td>\n<\/tr>\n<tr>\n<td>\n<p align=\"center\">25<\/p>\n<\/td>\n<td>\n<p align=\"left\"><a href=\"https:\/\/cofecon.org.br\/transparencia\/files\/atos_normativos\/Port\/2020\/Port-2020(25).pdf\" target=\"_blank\" rel=\"noopener noreferrer\">Reajusta o Valor-piso da Hora de Trabalho do Economista &#8211; VHTE pelo IPCA (IBGE).<br \/>\n<\/a><\/p>\n<\/td>\n<\/tr>\n<tr>\n<td>\n<p align=\"center\">26<\/p>\n<\/td>\n<td>\n<p align=\"left\"><a href=\"https:\/\/cofecon.org.br\/transparencia\/files\/atos_normativos\/Port\/2020\/Port-2020(26).pdf\" target=\"_blank\" rel=\"noopener noreferrer\">Alterar a composi\u00e7\u00e3o da Comiss\u00e3o Eleitoral do Conselho Federal de Economia<br \/>\n<\/a><\/p>\n<\/td>\n<\/tr>\n<tr>\n<td>\n<p align=\"center\">27<\/p>\n<\/td>\n<td>\n<p align=\"left\"><a href=\"https:\/\/cofecon.org.br\/transparencia\/files\/atos_normativos\/Port\/2020\/Port-2020(27).pdf\" target=\"_blank\" rel=\"noopener noreferrer\">Revoga dispositivo da Portaria n\u00ba 15, de 23 de mar\u00e7o de 2020, e as Portaria n\u00ba 17, de 2 de abril de 2020 e n\u00ba 18, de 15 de abril de 2020<br \/>\n<\/a><\/p>\n<\/td>\n<\/tr>\n<tr>\n<td>\n<p align=\"center\">28<\/p>\n<\/td>\n<td>\n<p align=\"left\"><a href=\"https:\/\/cofecon.org.br\/transparencia\/files\/atos_normativos\/Port\/2020\/Port-2020(28).pdf\" target=\"_blank\" rel=\"noopener noreferrer\">Nomeia o assessor Paulo Roberto Samuel Alves J\u00fanior para exercer, cumulativamente, e em substitui\u00e7\u00e3o tempor\u00e1ria, o cargo em comiss\u00e3o de Procurador-Geral do Cofecon<br \/>\n<\/a><\/p>\n<\/td>\n<\/tr>\n<tr>\n<td>\n<p align=\"center\">29<\/p>\n<\/td>\n<td>\n<p align=\"left\"><a href=\"https:\/\/cofecon.org.br\/transparencia\/files\/atos_normativos\/Port\/2020\/Port-2020(29).pdf\" target=\"_blank\" rel=\"noopener noreferrer\">Regulamenta a elei\u00e7\u00e3o presidencial realizada de forma eletr\u00f4nica e em ambiente virtual por videoconfer\u00eancia do Conselho Federal de Economia<\/a><\/p>\n<\/td>\n<\/tr>\n<tr>\n<td>\n<p align=\"center\">30<\/p>\n<\/td>\n<td>\n<p align=\"left\"><a href=\"https:\/\/cofecon.org.br\/transparencia\/files\/atos_normativos\/Port\/2020\/Port-2020(30).pdf\" target=\"_blank\" rel=\"noopener noreferrer\">Regulamenta a concess\u00e3o da assist\u00eancia m\u00e9dicohospitalar e odontol\u00f3gica no \u00e2mbito do Conselho Federal de Economia (Cofecon)<\/a><\/p>\n<\/td>\n<\/tr>\n<tr>\n<td>\n<p align=\"center\">31<\/p>\n<\/td>\n<td>\n<p align=\"left\"><a href=\"https:\/\/cofecon.org.br\/transparencia\/files\/atos_normativos\/Port\/2020\/Port-2020(31).pdf\" target=\"_blank\" rel=\"noopener noreferrer\">Cria e designa a composi\u00e7\u00e3o do Grupo de Trabalho Prote\u00e7\u00e3o de Dados (Lei n\u00ba 13.709\/2018)<\/a><\/p>\n<\/td>\n<\/tr>\n<\/tbody>\n<\/table>\n<\/div>\n","protected":false},"excerpt":{"rendered":"<p>Portarias N\u00ba: Assunto: 01 Designa pregoeiros e equipe de apoio 02 Designa a Assessora Jane Lopes para movimentar suprimento de fundo pequeno 03 Exonera Irlan Dias Ragno 04 Nomeia Keliane Souza de Jesus 05 Comiss\u00f5es Tem\u00e1ticas e Grupos Tem\u00e1ticos 06 Ratifica as indica\u00e7\u00f5es e designa integrantes para a Comiss\u00e3o Organizadora do XXVII SINCE 07 Documento &hellip; <a href=\"https:\/\/cofecon.org.br\/transparencia\/?page_id=1584\" class=\"more-link\">Continue reading <span class=\"screen-reader-text\">Portarias-2020<\/span><\/a><\/p>\n","protected":false},"author":11,"featured_media":0,"parent":9,"menu_order":0,"comment_status":"closed","ping_status":"closed","template":"","meta":{"footnotes":""},"class_list":["post-1584","page","type-page","status-publish","hentry"],"_links":{"self":[{"href":"https:\/\/cofecon.org.br\/transparencia\/index.php?rest_route=\/wp\/v2\/pages\/1584"}],"collection":[{"href":"https:\/\/cofecon.org.br\/transparencia\/index.php?rest_route=\/wp\/v2\/pages"}],"about":[{"href":"https:\/\/cofecon.org.br\/transparencia\/index.php?rest_route=\/wp\/v2\/types\/page"}],"author":[{"embeddable":true,"href":"https:\/\/cofecon.org.br\/transparencia\/index.php?rest_route=\/wp\/v2\/users\/11"}],"replies":[{"embeddable":true,"href":"https:\/\/cofecon.org.br\/transparencia\/index.php?rest_route=%2Fwp%2Fv2%2Fcomments&post=1584"}],"version-history":[{"count":33,"href":"https:\/\/cofecon.org.br\/transparencia\/index.php?rest_route=\/wp\/v2\/pages\/1584\/revisions"}],"predecessor-version":[{"id":10010,"href":"https:\/\/cofecon.org.br\/transparencia\/index.php?rest_route=\/wp\/v2\/pages\/1584\/revisions\/10010"}],"up":[{"embeddable":true,"href":"https:\/\/cofecon.org.br\/transparencia\/index.php?rest_route=\/wp\/v2\/pages\/9"}],"wp:attachment":[{"href":"https:\/\/cofecon.org.br\/transparencia\/index.php?rest_route=%2Fwp%2Fv2%2Fmedia&parent=1584"}],"curies":[{"name":"wp","href":"https:\/\/api.w.org\/{rel}","templated":true}]}}