{"id":1567,"date":"2020-01-17T17:51:53","date_gmt":"2020-01-17T17:51:53","guid":{"rendered":"https:\/\/cofecon.org.br\/transparencia\/?page_id=1567"},"modified":"2025-10-15T17:41:42","modified_gmt":"2025-10-15T17:41:42","slug":"deliberacoes-2020","status":"publish","type":"page","link":"https:\/\/cofecon.org.br\/transparencia\/?page_id=1567","title":{"rendered":"Deliberacoes-2020"},"content":{"rendered":"\t\t<div data-elementor-type=\"wp-page\" data-elementor-id=\"1567\" class=\"elementor elementor-1567\">\n\t\t\t\t\t\t<section class=\"elementor-section elementor-top-section elementor-element elementor-element-76088801 elementor-section-boxed elementor-section-height-default elementor-section-height-default\" data-id=\"76088801\" data-element_type=\"section\">\n\t\t\t\t\t\t<div class=\"elementor-container elementor-column-gap-default\">\n\t\t\t\t\t<div class=\"elementor-column elementor-col-100 elementor-top-column elementor-element elementor-element-73f8c06\" data-id=\"73f8c06\" data-element_type=\"column\">\n\t\t\t<div class=\"elementor-widget-wrap elementor-element-populated\">\n\t\t\t\t\t\t<div class=\"elementor-element elementor-element-2f89d43b elementor-widget elementor-widget-text-editor\" data-id=\"2f89d43b\" data-element_type=\"widget\" data-widget_type=\"text-editor.default\">\n\t\t\t\t<div class=\"elementor-widget-container\">\n\t\t\t\t\t\t\t\t\t<div align=\"center\">\n<table border=\"0\" align=\"center\">\n<tbody>\n<tr>\n<th scope=\"row\" align=\"center\" valign=\"middle\" width=\"134\">\n<p dir=\"ltr\" align=\"left\"><strong><span style=\"text-decoration: underline;\"><span style=\"font-size: 10pt;\">Delibera\u00e7\u00f5es N\u00ba:<\/span><\/span><\/strong><\/p>\n<\/th>\n<th scope=\"row\" align=\"center\" valign=\"middle\" width=\"499\">\n<p align=\"center\"><strong><span style=\"text-decoration: underline;\"><span style=\"font-size: 10pt;\">Assunto:<\/span><\/span><\/strong><\/p>\n<\/th>\n<\/tr>\n<tr>\n<td>\n<p align=\"center\">4.943<\/p>\n<\/td>\n<td><a href=\"https:\/\/cofecon.org.br\/transparencia\/files\/atos_normativos\/Del\/2020\/Del2020-4943.pdf\" target=\"_blank\" rel=\"noopener noreferrer\">Corecon-MS-Autoriza\u00e7\u00e3o aliena\u00e7\u00e3o terreno<\/a><\/td>\n<\/tr>\n<tr>\n<td>\n<p align=\"center\">4.944<\/p>\n<\/td>\n<td><a href=\"https:\/\/cofecon.org.br\/transparencia\/files\/atos_normativos\/Del\/2020\/Del2020-4944.pdf\" target=\"_blank\" rel=\"noopener noreferrer\">Apoio financeiro FENECO<\/a><\/td>\n<\/tr>\n<tr>\n<td>\n<p align=\"center\">4.945<\/p>\n<\/td>\n<td><a href=\"https:\/\/cofecon.org.br\/transparencia\/files\/atos_normativos\/Del\/2020\/Del2020-4945.pdf\" target=\"_blank\" rel=\"noopener noreferrer\">Homologa os processos administrativos 695\u00aa Sess\u00e3o Plen\u00e1ria<\/a><\/td>\n<\/tr>\n<tr>\n<td>\n<p align=\"center\">4.946<\/p>\n<\/td>\n<td><a href=\"https:\/\/cofecon.org.br\/transparencia\/files\/atos_normativos\/Del\/2020\/Del2020-4946.pdf\" target=\"_blank\" rel=\"noopener noreferrer\">Homologa processos cont\u00e1beis apreciados na 696\u00aa Sess\u00e3o Plen\u00e1ria<\/a><\/td>\n<\/tr>\n<tr>\n<td>\n<p align=\"center\">4.947<\/p>\n<\/td>\n<td><a href=\"https:\/\/cofecon.org.br\/transparencia\/files\/atos_normativos\/Del\/2020\/Del2020-4947.pdf\" target=\"_blank\" rel=\"noopener noreferrer\">Concede aux\u00edlio financeiro \u00e0 Federa\u00e7\u00e3o Nacional dos Estudantes de Economia \u2013 Feneco<\/a><\/td>\n<\/tr>\n<tr>\n<td>\n<p align=\"center\">4.948<\/p>\n<\/td>\n<td><a href=\"https:\/\/cofecon.org.br\/transparencia\/files\/atos_normativos\/Del\/2020\/Del2020-4948.pdf\" target=\"_blank\" rel=\"noopener noreferrer\">Altera\/inclui dispositivos da Delibera\u00e7\u00e3o n\u00ba 4.851,de 11 de abril de 2016<\/a><\/td>\n<\/tr>\n<tr>\n<td>\n<p align=\"center\">4.949<\/p>\n<\/td>\n<td><a href=\"https:\/\/cofecon.org.br\/transparencia\/files\/atos_normativos\/Del\/2020\/Del2020-4949.pdf\" target=\"_blank\" rel=\"noopener noreferrer\">Homologa processos administrativos da 697\u00aa Plen\u00e1ria<\/a><\/td>\n<\/tr>\n<tr>\n<td>\n<p align=\"center\">4.950<\/p>\n<\/td>\n<td><a href=\"https:\/\/cofecon.org.br\/transparencia\/files\/atos_normativos\/Del\/2020\/Del2020-4950.pdf\" target=\"_blank\" rel=\"noopener noreferrer\">Reajusta os valores das Tabelas Salariais do Plano de Cargos e Sal\u00e1rios &#8211; PCS<\/a><\/td>\n<\/tr>\n<tr>\n<td>\n<p align=\"center\">4.951<\/p>\n<\/td>\n<td><a href=\"https:\/\/cofecon.org.br\/transparencia\/files\/atos_normativos\/Del\/2020\/Del2020-4951.pdf\" target=\"_blank\" rel=\"noopener noreferrer\">Homologa processos cont\u00e1beis apreciados na 698\u00aa Sess\u00e3o Plen\u00e1ria Ordin\u00e1ria do Conselho Federal de Economia<\/a><\/td>\n<\/tr>\n<tr>\n<td>\n<p align=\"center\">4.952<\/p>\n<\/td>\n<td><a href=\"https:\/\/cofecon.org.br\/transparencia\/files\/atos_normativos\/Del\/2020\/Del2020-4952.pdf\" target=\"_blank\" rel=\"noopener noreferrer\">Homologa processos administrativos apreciados na 698\u00aa Sess\u00e3o Plen\u00e1ria Ordin\u00e1ria do Conselho Federal de Economia<\/a><\/td>\n<\/tr>\n<tr>\n<td>\n<p align=\"center\">4.953<\/p>\n<\/td>\n<td><a href=\"https:\/\/cofecon.org.br\/transparencia\/files\/atos_normativos\/Del\/2020\/Del2020-4953.pdf\" target=\"_blank\" rel=\"noopener noreferrer\">Aprova o registro dos egressos dos cursos de Bacharelado em Finan\u00e7as<\/a><\/td>\n<\/tr>\n<tr>\n<td>\n<p align=\"center\">4.954<\/p>\n<\/td>\n<td><a href=\"https:\/\/cofecon.org.br\/transparencia\/files\/atos_normativos\/Del\/2020\/Del2020-4954.pdf\" target=\"_blank\" rel=\"noopener noreferrer\">Aprova o registro, nos Conselhos Regionais de Economia, dos egressos dos cursos de Bacharelado em Rela\u00e7\u00f5es Internacionais<\/a><\/td>\n<\/tr>\n<tr>\n<td>\n<p align=\"center\">4.955<\/p>\n<\/td>\n<td><a href=\"https:\/\/cofecon.org.br\/transparencia\/files\/atos_normativos\/Del\/2020\/Del2020-4955.pdf\" target=\"_blank\" rel=\"noopener noreferrer\">Homologa os processos administrativos apreciados na 699\u00aa Sess\u00e3o Plen\u00e1ria Ordin\u00e1ria do Conselho Federal de Economia<\/a><\/td>\n<\/tr>\n<tr>\n<td>\n<p align=\"center\">4.956<\/p>\n<\/td>\n<td><a href=\"https:\/\/cofecon.org.br\/transparencia\/files\/atos_normativos\/Del\/2020\/Del2020-4956.pdf\" target=\"_blank\" rel=\"noopener noreferrer\">Homologa processos cont\u00e1beis apreciados na 699\u00aa Sess\u00e3o Plen\u00e1ria Ordin\u00e1ria do Conselho Federal de Economia<\/a><\/td>\n<\/tr>\n<tr>\n<td>\n<p align=\"center\">4.957<\/p>\n<\/td>\n<td><a href=\"https:\/\/cofecon.org.br\/transparencia\/files\/atos_normativos\/Del\/2020\/Del2020-4957.pdf\" target=\"_blank\" rel=\"noopener noreferrer\">Homologa os Dossi\u00eas Eleitorais dos Conselhos Regionais de Economia referentes ao exerc\u00edcio de 2020<\/a><\/td>\n<\/tr>\n<tr>\n<td>\n<p align=\"center\">4.958<\/p>\n<\/td>\n<td><a href=\"https:\/\/cofecon.org.br\/transparencia\/files\/atos_normativos\/Del\/2020\/Del2020-4958.pdf\" target=\"_blank\" rel=\"noopener noreferrer\">Homologa processos cont\u00e1beis apreciados na 700\u00aa Sess\u00e3o Plen\u00e1ria Ordin\u00e1ria do Conselho Federal de Economia<\/a><\/td>\n<\/tr>\n<tr>\n<td>\n<p align=\"center\">4.959<\/p>\n<\/td>\n<td><a href=\"https:\/\/cofecon.org.br\/transparencia\/files\/atos_normativos\/Del\/2020\/Del2020-4959.pdf\" target=\"_blank\" rel=\"noopener noreferrer\">Homologa os processos administrativos apreciados na 700\u00aa Sess\u00e3o Plen\u00e1ria Ordin\u00e1ria do Conselho Federal de Economia<\/a><\/td>\n<\/tr>\n<tr>\n<td>\n<p align=\"center\">4.960<\/p>\n<\/td>\n<td><a href=\"https:\/\/cofecon.org.br\/transparencia\/files\/atos_normativos\/Del\/2020\/Del2020-4960.pdf\" target=\"_blank\" rel=\"noopener noreferrer\">Homologa processos cont\u00e1beis apreciados na 701\u00aa Sess\u00e3o Plen\u00e1ria Ordin\u00e1ria do Conselho Federal de Economia<\/a><\/td>\n<\/tr>\n<tr>\n<td>\n<p align=\"center\">4.961<\/p>\n<\/td>\n<td><a href=\"https:\/\/cofecon.org.br\/transparencia\/files\/atos_normativos\/Del\/2020\/Del2020-4961.pdf\" target=\"_blank\" rel=\"noopener noreferrer\">Homologa os resultados do Concurso de Resenhas do Conselho Federal de Economia<\/a><\/td>\n<\/tr>\n<\/tbody>\n<\/table>\n<\/div>\t\t\t\t\t\t\t\t<\/div>\n\t\t\t\t<\/div>\n\t\t\t\t\t<\/div>\n\t\t<\/div>\n\t\t\t\t\t<\/div>\n\t\t<\/section>\n\t\t\t\t<\/div>\n\t\t","protected":false},"excerpt":{"rendered":"<p>Delibera\u00e7\u00f5es N\u00ba: Assunto: 4.943 Corecon-MS-Autoriza\u00e7\u00e3o aliena\u00e7\u00e3o terreno 4.944 Apoio financeiro FENECO 4.945 Homologa os processos administrativos 695\u00aa Sess\u00e3o Plen\u00e1ria 4.946 Homologa processos cont\u00e1beis apreciados na 696\u00aa Sess\u00e3o Plen\u00e1ria 4.947 Concede aux\u00edlio financeiro \u00e0 Federa\u00e7\u00e3o Nacional dos Estudantes de Economia \u2013 Feneco 4.948 Altera\/inclui dispositivos da Delibera\u00e7\u00e3o n\u00ba 4.851,de 11 de abril de 2016 4.949 Homologa &hellip; <a href=\"https:\/\/cofecon.org.br\/transparencia\/?page_id=1567\" class=\"more-link\">Continue reading <span class=\"screen-reader-text\">Deliberacoes-2020<\/span><\/a><\/p>\n","protected":false},"author":11,"featured_media":0,"parent":9,"menu_order":0,"comment_status":"closed","ping_status":"closed","template":"","meta":{"footnotes":""},"class_list":["post-1567","page","type-page","status-publish","hentry"],"_links":{"self":[{"href":"https:\/\/cofecon.org.br\/transparencia\/index.php?rest_route=\/wp\/v2\/pages\/1567"}],"collection":[{"href":"https:\/\/cofecon.org.br\/transparencia\/index.php?rest_route=\/wp\/v2\/pages"}],"about":[{"href":"https:\/\/cofecon.org.br\/transparencia\/index.php?rest_route=\/wp\/v2\/types\/page"}],"author":[{"embeddable":true,"href":"https:\/\/cofecon.org.br\/transparencia\/index.php?rest_route=\/wp\/v2\/users\/11"}],"replies":[{"embeddable":true,"href":"https:\/\/cofecon.org.br\/transparencia\/index.php?rest_route=%2Fwp%2Fv2%2Fcomments&post=1567"}],"version-history":[{"count":29,"href":"https:\/\/cofecon.org.br\/transparencia\/index.php?rest_route=\/wp\/v2\/pages\/1567\/revisions"}],"predecessor-version":[{"id":10008,"href":"https:\/\/cofecon.org.br\/transparencia\/index.php?rest_route=\/wp\/v2\/pages\/1567\/revisions\/10008"}],"up":[{"embeddable":true,"href":"https:\/\/cofecon.org.br\/transparencia\/index.php?rest_route=\/wp\/v2\/pages\/9"}],"wp:attachment":[{"href":"https:\/\/cofecon.org.br\/transparencia\/index.php?rest_route=%2Fwp%2Fv2%2Fmedia&parent=1567"}],"curies":[{"name":"wp","href":"https:\/\/api.w.org\/{rel}","templated":true}]}}