{"id":13,"date":"2017-03-29T19:47:52","date_gmt":"2017-03-29T19:47:52","guid":{"rendered":"http:\/\/cofecon.org.br\/transparencia\/?page_id=13"},"modified":"2025-10-15T20:08:39","modified_gmt":"2025-10-15T20:08:39","slug":"concursos","status":"publish","type":"page","link":"https:\/\/cofecon.org.br\/transparencia\/?page_id=13","title":{"rendered":"Concursos"},"content":{"rendered":"\t\t<div data-elementor-type=\"wp-page\" data-elementor-id=\"13\" class=\"elementor elementor-13\">\n\t\t\t\t\t\t<section class=\"elementor-section elementor-top-section elementor-element elementor-element-cce90e1 elementor-section-boxed elementor-section-height-default elementor-section-height-default\" data-id=\"cce90e1\" data-element_type=\"section\">\n\t\t\t\t\t\t<div class=\"elementor-container elementor-column-gap-default\">\n\t\t\t\t\t<div class=\"elementor-column elementor-col-100 elementor-top-column elementor-element elementor-element-5d86ff33\" data-id=\"5d86ff33\" data-element_type=\"column\">\n\t\t\t<div class=\"elementor-widget-wrap elementor-element-populated\">\n\t\t\t\t\t\t<div class=\"elementor-element elementor-element-1a00d3bc elementor-widget elementor-widget-text-editor\" data-id=\"1a00d3bc\" data-element_type=\"widget\" data-widget_type=\"text-editor.default\">\n\t\t\t\t<div class=\"elementor-widget-container\">\n\t\t\t\t\t\t\t\t\t<p align=\"center\"><strong>CONCURSO P\u00daBLICO 01\/2012<\/strong><\/p>\n<p align=\"justify\">Publicamos a seguir a lista de candidatos classificados no concurso do Cofecon. A fim de facilitar o acompanhamento por parte dos interessados,\u00a0aqueles que forem convocados ter\u00e3o seus nomes marcados em negrito. Lembramos que, por tratar-se de\u00a0Cadastro de Reserva,\u00a0as convoca\u00e7\u00f5es s\u00e3o feitas conforme as necessidades do Conselho Federal de Economia.<\/p>\n<p align=\"justify\">O concurso, cuja validade original era de dois anos, foi prorrogado por mais dois e tem validade at\u00e9 o dia <strong>22 de outubro de 2016<\/strong>.<\/p>\n<p align=\"justify\">Para informa\u00e7\u00f5es sobre os concursos dos Conselhos Regionais de Economia,\u00a0classifica\u00e7\u00e3o e\u00a0convoca\u00e7\u00f5es, o contato deve ser feito diretamente\u00a0com o respectivo Corecon. Os telefones de contato podem ser vistos <a href=\"https:\/\/cofecon.org.br\/transparencia\/?page_id=2798\">AQUI<\/a>.<\/p>\n<p align=\"justify\">Os classificados no concurso do Cofecon, compondo cadastro de reserva, s\u00e3o:<\/p>\n<p align=\"justify\"><strong>CARGO 101 &#8211; Profissional de Atividade Estrat\u00e9gica &#8211; Economista<\/strong><\/p>\n<p align=\"justify\">1.\u00a0JADSON MARTINS DE CARVALHO ROCHA\n2. PAULO NEI DA SILVA JUNIOR\n3. LIVIA MEDEIROS MENDES\n4. DIEGO MARTINS SILVA\n5. LIEDA MEDEIROS MENDES\n6. THAYSSA MENDES TAVARES\n7. RODRIGO DOS REIS OLIVEIRA\n8. DAISY ASSMANN LIMA\n9. JOAO CARLOS NICOLINI DE MORAIS\n10. DANILO GOMES VIEIRA\n11. NEUSA MARIA DA ROCHA\n12. JAQUELINE DA SILVA THOMAZINE\n13. WILSIMARA MACIEL ROCHA\n14. RAFAEL RIBEIRO FAIM\n15. LIVIAN LIMA DO CARMO SOUZA\n16. JORGE LENARDT QUADRADO\n17. DAVID DOS SANTOS LEIPNITZ\n18. LEONARDO PEREIRA CARDOSO\n19. PEDRO OCTAVIO COSSI DA SILVA\n20. ARNALDO BARBOSA DE LIMA JUNIOR<\/p>\n<p align=\"justify\"><strong>\nCARGO 102 &#8211; Profissional de Atividade Estrat\u00e9gica\u00a0&#8211; Advogado<\/strong><\/p>\n<p align=\"justify\"><strong>(Convocada) 1. MARILIA ANDRADE ROSA <\/strong>\n<strong>(Convocada) 2. BRUNA PEREIRA SOARES<\/strong>\n<strong>(Convocado) 3. FABIO RONAN MIRANDA ALVES<\/strong>\n4. PRISCILLA SALES BARBOSA\n5. PRISCILA BATISTA BERTOLO\n6. RAFAEL DE OLIVEIRA\n7. EDUARDO SANTOS SALES\n8. CAROLINA DE OLIVEIRA BIZARRA\n9. SANDRA LIMA DE OLIVEIRA MARTINS\n10. MANOELA SOUSA LEITE\n11. RAFAELA PROFIRIO JARDIM\n12. MARIA EMILIA BEZERRA MATOS\n13. ANTONIO CARLOS DE SOUZA\n14. ANDREA SANTIAGO DRUMOND\n15. ANDREA KARENINA ISACKSSON DALBUQUERQUE\n16. FERNANDA BARBOZA LINDOSO\n17. JONATAS LOPES DOS SANTOS\n18. FLAVIO LUCIO DE CAMARGO JUNIOR\n19. FERNANDA ROSA CALAIS GOULART\nPD 1. LUCIANA COELHO COSTA<\/p>\n<p align=\"justify\"><strong>\nCARGO 103 &#8211; Profissional de Atividade Estrat\u00e9gica &#8211; Contador<\/strong><\/p>\n<p align=\"justify\">1. FILIPE TOLENTINO DE OLIVEIRA\n2. KARLA DIAS FIGUEIRO\n3. ERNANDES ALMEIDA DA SILVA\n4. PATRICIA RODRIGUES DA SILVA\n5. DIEGO PIRES DE ALCANTARA\n6. BRUNA GABRIELA RODRIGUES SILVA\n7. ROGEANE DAS GRACAS DE FARIA\n8. MARCILIO RENE TODA\n9. LEANDRO ALVES GUIMARAES\n10. ROSSANY DE RESENDE MATEUS\n11. SELMA PRADO SVENSON\n12. SABRINA FIGUEIREDO DA SILVA\n13. ANA LIVIA SOARES PINTO\n14. MARCIO AURELIO FLEURY\n15. EDUARDO BONA SAFE DE MATOS\n16. GUIOMAR NUNES FERREIRA\n17. RUTH ARAUJO DE AZEVEDO\n18. EUCLIDES PEREIRA FLORES JUNIOR\n19. FELIPE ROCHA REGO\n20. FRANCIARA RIBEIRO MORAIS<\/p>\n<p align=\"justify\"><strong>\nCargo 104 &#8211; Profissional de Atividade Estrat\u00e9gica &#8211; Jornalista<\/strong><\/p>\n<p align=\"justify\">1. MARIA CLARA MARQUES FAGUNDES\n2. JUSSARA CRISTIANE DOS SANTOS\n3. RAQUEL BRELAZ DA SILVA GODOI\n4. NOELLE SANTOS OLIVEIRA\n5. DAYENE CRISTINE PEIXOTO\n6. MARINA FERNANDES SEVERINO\n7. DAVI DE CASTRO DE MAGALHAES\n8. MARCIO PACELLI DE OLIVEIRA\n9. ANA PAULA DE RESENDE COUTINHO\n10. JULIANA ISABELLI MIGUEL COELHO\n11. AMANDA MACEDO DA CUNHA\n12. CAMILA NASCIMENTO MAIA\n13. LAURA DE PAULA SILVA\n14. ANA ELISA ROVER OLIVEIRA\n15. MIRIAN RITA LUCENA SILVA\n16. CRISTIANA ANDRADE NEPOMUCENO\n17. MICHELLE CRISTIANE LOPES BARBOSA\n18. CAROLINA LOUISE CARLOS DE MAGALHAES\n19. JESSICA GONCALVES DE ARAUJO\n20. MARCELLA CARVALHO PIMENTA XAVIER<\/p>\n<p align=\"justify\"><strong>\nCargo 105 &#8211; Profissional de Atividade Estrat\u00e9gica &#8211; Analista de Sistemas<\/strong><\/p>\n<p align=\"justify\">1. BARBARA FRANCA ABREU DE OLIVEIRA\n2. GUILHERME CESAR CARLESSO\n3. MARCOS VINICIUS PINHEIRO DIB FILHO\n4. CLAUDIO SILVA DA COSTA\n5. HAROLDO EUGENIO MENDES\n6. BRUNO ALPHONSUS DE OLIVEIRA NASCIMENTO\n7. PEDRO ILTON COSTA JUNIOR\n8. KARLA MAIANA DA CUNHA OLIVEIRA\n9. RAFAEL LEITE NUNES\n10. RODRIGO RAMOS RIBEIRO\n11. THIAGO FILIPE LEITE PICCOLO\n12. ANDRE LUIZ DA SILVA GONCALVES\n13. MARCOS ANTONIO PAIVA ARRUDA\n14. EDUARDO RODRIGUES BRITO\n15. VICTOR FELLYX MORAIS ARAUJO\n16. MARCELO PORTELA LIMA\n17. MARINA SAYOKO URATA\n18. MARCUS VINICIUS ALVARENGA NASCIMENTO\n19. FELIPE VELTER TELES\n20. DIEGO QUEIROZ BRASIL\n21. MARCIO JORDAO DE SOUSA<\/p>\n<p align=\"justify\"><strong>\nCargo 201 &#8211; Profissional de Suporte T\u00e9cnico &#8211; Assistente Administrativo<\/strong><\/p>\n<p align=\"justify\"><strong>(Convocada) 1. DANIELLE COSTA BARBOSA<\/strong>\n2. FILIPE LACERDA GOMES\n3. LILIAN JORGE DE SOUZA\n4. ANDREIA REGINA PEREIRA BASTOS\n5. ABHNER YOUSSIF MOTA ARABI\n6. RAYANA RODRIGUES LIMA\n7. CARLOS RODRIGO DA SILVA SANTANA\n8. IRLYS SIMONE A SILVA SOARES\n9. CLEIDE SANTOS TORRES DE MORAIS\n10. IVAN LUIZ GRAZIATO\n11. DIOGO RABELO CUNHA FERRANDINI\n12. SORAIA PINA VASCONCELOS\n13. REGIA CAETANO DE CARVALHO NOBREGA\n14. JOSE CARLOS SANTOS MORAES\n15. RAFAEL VERAS CAIXETA\n16. PEDRO MAGALHAES PEREIRA DE SOUZA\n17. DIANA CRISTINA SOBRAL DOS SANTOS\n18. THIAGO LIMA SILVA\n19. ALAN ALMEIDA DE FREITAS\n20. EDUARDO FERNANDES AUGUSTO\n21. DANIEL ASSUNCAO SILVA\n22. AIRTON LINO MATIAS FARIAS LIMA\n23. ANA PAULA PEREIRA OLIVEIRA\n24. GABRIEL HENRIQUE DE CASTRO SILVA\n25. DANIELLE VALESKA SEREJO ALMEIDA ALVES\n26. JOAO GUSTAVO ROCHA DOS SANTOS\n27. DEILLA MACEDO LIMA CALAZANS\n28. CLEIDIANE RODRIGUES BEZERRA\n29. WILISTERMAN JOSE DA SILVA\n30. DEIVISON RODRIGUES DE SOUZA\n31. ABIMAEL TORCATE DE SOUZA\n32. MARIANA DE ALCANTARA NAZARIO\n33. EDUARDO LUIZ DE SOUSA SOARES\n34. CHRISTINE MARQUES DE OLIVEIRA RIBEIRO\n35. VALERIA BARBOSA DA SILVA SOUSA\n36. ELAYNE SOARES DA COSTA\n37. JOSE AVILA DE PAULA JUNIOR\n38. PRISCILA RAQUEL DE OLIVEIRA SANTANA\n39. RAUL LUIZ GONCALVES PAMPLONA\nPD 1. SHEILA CRISTINA CORREA DA COSTA SAMPAIO\nPD 2. ALEIMAR ZACARIAS AMANCIO<\/p>\n<p align=\"justify\"><strong>\nCargo 204 &#8211; Profissional de Suporte T\u00e9cnico &#8211; Assistente de Tecnologia da Informa\u00e7\u00e3o<\/strong><\/p>\n<p align=\"justify\">1. SERGIO DO NASCIMENTO SARAIVA\n2. LUAN DE SOUZA DA SILVA\n3. NEYVERSON DOS SANTOS SILVA\n4. LUCAS MARTINS DE SOUZA DE CARVALHO\n5. CARLA LUIZA DAIA\n6. HERNANE GOMES SARMENTO\n7. LUCAS VINICIUS DE ALMEIDA SANTOS\n8. ANA PAULA MORAES DE AZEVEDO\n9. ANDRE PALMENZONE ROSA DE ARAUJO\n10. LUIZ HENRIQUE FERNANDES SOUZA\n11. ODILON JOSE DO NASCIMENTO NETO\n12. THOMAZ SAULO DA SILVA NATIVIDADE\n13. GILBERTO ALVES DA SILVA\n14. TIAGO RODRIGUES DE ARAUJO\n15. LEONARDO LUIZ DE LIMA BORGES\n16. ANAYRAN PINHEIRO DE AZEVEDO\n17. MARCO ANTONIO ARAUJO\n18. VALMIRIO CARDOSO GODINHO FILHO\n19. JARIEL PEREIRA ARAGAO\n20. CLEITON LAVARINI OLIVEIRA\n21. CARLOS HENRIQUE SERAFIM DE FREITAS REIS\n22. PAULO AUGUSTO BERNARDI LEITE\n23. EDUARDO LIMA DE OLIVEIRA\n24. FELILPE DOS SANTOS DA SILVA\n25. SERGIO GUIMARAES DE ANDRADE\n26. DANIEL XAVIER DONIZET\n27. FABRICIO LOURENCO FERREIRA\n28. DAVI DA CONCEICAO SANTANA\n29. ANTONIMAR MOREIRA MIRANDA\n30. BRUNO FONTINELE MAC GINITY\n31. FILIPE COSTA FRANCA\n32. JOHN SAMIR CAMPOS DE ASSUNCAO\n33. ANDERSON DIAS SANTIAGO\nPD 1. CARLOS GLEISSON ANANIAS RIBEIRO<\/p>\n<p align=\"justify\"><strong>\nCargo 205 &#8211; Profissional de Suporte T\u00e9cnico &#8211; T\u00e9cnico em Contabilidade<\/strong><\/p>\n<p align=\"justify\">1. JOSE ELI DE VASCONCELOS FILHO\n2. EVANILDO FEITOSA RODRIGUES\n3. ALBANISIA FERNANDES DE SOUZA\n4. JOSE ARNALDO DE GOIS JUNIOR\n5. BRUNO DE ARAUJO GOMES\n6. MARCOS ALVES DE OLIVEIRA\n7. DANILO FARIAS RAMIRES\n8. LEONARDO SAMPAIO LEITE\n9. DEYSE LIMA DUARTE\n10. FABRICIO BONIFACIO BATISTA FERREIRA\n11. AIRTON PEREIRA DINIZ\n12. MARIA GABRIELA MONTEIRO VALEJO\n13. JACQUELINE ARAUJO FREITAS\n14. LEANDRO ARAUJO ZUZA\n15. ANA PAULA MARTINS REZENDE\n16. MARLUCE ALVES DA CRUZ\n17. ALEXANDRE RODRIGUES\n18. DIEGO COLACO DE ASSIS FILIPPI\n19. CRISTINE PEREIRA DE FARIA TORRES\n20. PATRICIA NAYANA DE SOUSA FRANCA<\/p>\n<p align=\"justify\"><strong>\nCargo 301 &#8211; Profissional de Suporte Administrativo &#8211; Servi\u00e7os Operacionais<\/strong><\/p>\n<p align=\"justify\">1. CLAUDIA DA SILVA FONSECA\n2. KATIA CILENE SANTOS OLIVEIRA\n3. FRANCISCA MARCIA FREITAS DO NASCIMENTO\n4. ALSON GUIMARAES DOURADO\n5. GISELE DE SOUZA BARBOSA\n6. ALINE TRANCOSO OLIVEIRA VIANA\n7. STEPHAN LUIZ DE FREITAS ALVES\n8. RAFAEL FERNANDES DE SOUSA REIS\n9. MARIANA LUIZ DOS SANTOS DA SILVA DE SA\n10. CICERO JANIEL DANTAS DA SILVA\n11. ABCLYMAR PAZ NASCIMENTO\n12. FLAVIO CESAR MUNIZ\n13. VILMA MARIA DE BARROS SANTOS\n14. EDMILSON BISPO SANTANA\n15. PAULO ROBERTO RODRIGUES DE SOUZA\n16. LUZIA AMARAL DO NASCIMENTO\n17. GEOVANE RIBAS DOS SANTOS\n18. FELIPE DOS REIS CHAVES\n19. GEUSILENE DORIA RAMOS\n20. JOAO PAULO SIMOES GUIOTTI\n21. NEEMIAS OLIVEIRA SILVA\n22. EWERTON CAMPOS DOS SANTOS\nPD 1. NATHALIA RODRIGUES LOPES<\/p>\n<p align=\"justify\"><strong>\nCargo 302 &#8211; Profissional de Suporte Administrativo &#8211; Servi\u00e7os Administrativos<\/strong><\/p>\n<p align=\"justify\">1.\u00a0DANIELLA MOREIRA DE CARVALHO\n2. VIVIAN MARQUES DE ABREU\n3. ELISANGELA LOPES BARBOSA FONSECA VIEIRA\n4. JHONATAN CASTRO GARCIA\n5. MARCIO BATISTA DE FREITAS\n6. MARCOS PAULO DE OLIVEIRA SANTOS\n7. GRAZIELA LEITE COSTA ABREU\n8. DIOGO DA COSTA COLEM\n9. ALANO TAVARES DA CUNHA\n10. KAMILA DA SILVA CUELHO\n11. NATHALIA BORGES BARROS\n12. LORRAINY ROCHA JORDAO\n13. MARCOS PHILIPPE DE SOUSA PIRES\n14. JOAO PEREIRA LIMA FILHO\n15. RENATA BERTOLDO DE MELO E PATRIARCA DA SILVA NEIVA\n16. YARA JAQUELINE DA SILVA DE OLIVEIRA\n17. ALEXANDRE CEZAR DAMASCENO\n18. ANDRE PEREIRA DOS SANTOS\n19. RENATO LEE FREITAS DA SILVA\n20. UELITON JOSE DUARTE\n21. ADRIANA SZERVINSKS TAVARES\n22. WANDERSON CARDOSO DE SOUSA\n23. FABIO LOPES DE SOUSA\n24. GERUSA CHAVES FREITAS\n25. CAROLINA DE AZEVEDO HODOS\n26. SAMARA TEIXEIRA DE SOUZA LIMA\n27. LUCIANA CAMILO PEREIRA\n28. NAIR OLIVEIRA DE JESUS\n29. MAYARA BRAZ FRANCA\nPD 1. WANDERSON DA SILVA MARQUES\nPD 2. GILSON NAZARE MARCAL DOS SANTOS<\/p>\t\t\t\t\t\t\t\t<\/div>\n\t\t\t\t<\/div>\n\t\t\t\t\t<\/div>\n\t\t<\/div>\n\t\t\t\t\t<\/div>\n\t\t<\/section>\n\t\t\t\t<\/div>\n\t\t","protected":false},"excerpt":{"rendered":"<p>CONCURSO P\u00daBLICO 01\/2012 Publicamos a seguir a lista de candidatos classificados no concurso do Cofecon. A fim de facilitar o acompanhamento por parte dos interessados,\u00a0aqueles que forem convocados ter\u00e3o seus nomes marcados em negrito. Lembramos que, por tratar-se de\u00a0Cadastro de Reserva,\u00a0as convoca\u00e7\u00f5es s\u00e3o feitas conforme as necessidades do Conselho Federal de Economia. O concurso, cuja &hellip; <a href=\"https:\/\/cofecon.org.br\/transparencia\/?page_id=13\" class=\"more-link\">Continue reading <span class=\"screen-reader-text\">Concursos<\/span><\/a><\/p>\n","protected":false},"author":1,"featured_media":0,"parent":0,"menu_order":0,"comment_status":"closed","ping_status":"closed","template":"","meta":{"footnotes":""},"class_list":["post-13","page","type-page","status-publish","hentry"],"_links":{"self":[{"href":"https:\/\/cofecon.org.br\/transparencia\/index.php?rest_route=\/wp\/v2\/pages\/13"}],"collection":[{"href":"https:\/\/cofecon.org.br\/transparencia\/index.php?rest_route=\/wp\/v2\/pages"}],"about":[{"href":"https:\/\/cofecon.org.br\/transparencia\/index.php?rest_route=\/wp\/v2\/types\/page"}],"author":[{"embeddable":true,"href":"https:\/\/cofecon.org.br\/transparencia\/index.php?rest_route=\/wp\/v2\/users\/1"}],"replies":[{"embeddable":true,"href":"https:\/\/cofecon.org.br\/transparencia\/index.php?rest_route=%2Fwp%2Fv2%2Fcomments&post=13"}],"version-history":[{"count":8,"href":"https:\/\/cofecon.org.br\/transparencia\/index.php?rest_route=\/wp\/v2\/pages\/13\/revisions"}],"predecessor-version":[{"id":10125,"href":"https:\/\/cofecon.org.br\/transparencia\/index.php?rest_route=\/wp\/v2\/pages\/13\/revisions\/10125"}],"wp:attachment":[{"href":"https:\/\/cofecon.org.br\/transparencia\/index.php?rest_route=%2Fwp%2Fv2%2Fmedia&parent=13"}],"curies":[{"name":"wp","href":"https:\/\/api.w.org\/{rel}","templated":true}]}}