{"id":1166,"date":"2019-01-22T15:03:46","date_gmt":"2019-01-22T15:03:46","guid":{"rendered":"http:\/\/cofecon.org.br\/transparencia\/?page_id=1166"},"modified":"2026-03-26T20:06:12","modified_gmt":"2026-03-26T20:06:12","slug":"portarias-2019","status":"publish","type":"page","link":"https:\/\/cofecon.org.br\/transparencia\/?page_id=1166","title":{"rendered":"Portarias-2019"},"content":{"rendered":"<table border=\"0\" align=\"center\">\n<tbody>\n<tr>\n<th scope=\"row\" align=\"center\" valign=\"middle\" width=\"134\">\n<p dir=\"ltr\" align=\"left\"><strong><span style=\"text-decoration: underline;\"><span style=\"font-size: 10pt;\">Portarias N\u00ba:<\/span><\/span><\/strong><\/p>\n<\/th>\n<th scope=\"row\" align=\"center\" valign=\"middle\" width=\"499\">\n<p align=\"center\"><strong><span style=\"text-decoration: underline;\"><span style=\"font-size: 10pt;\">Assunto:<\/span><\/span><\/strong><\/p>\n<\/th>\n<\/tr>\n<tr>\n<td>\n<p align=\"center\">01<\/p>\n<\/td>\n<td>\n<p align=\"left\"><a href=\"https:\/\/cofecon.org.br\/transparencia\/files\/atos_normativos\/Port\/2019\/Port-2019(1).pdf\" target=\"_blank\" rel=\"noopener noreferrer\">Nomeia o Economista Alisson Matos Mour\u00e3o<\/a><\/p>\n<\/td>\n<\/tr>\n<tr>\n<td>\n<p align=\"center\">02<\/p>\n<\/td>\n<td>\n<p align=\"left\"><a href=\"https:\/\/cofecon.org.br\/transparencia\/files\/atos_normativos\/Port\/2019\/Port-2019(2).pdf\" target=\"_blank\" rel=\"noopener noreferrer\">Implementa o quadro de hor\u00e1rio dos empregados do Conselho Federal de Economia<\/a><\/p>\n<\/td>\n<\/tr>\n<tr>\n<td>\n<p align=\"center\">03<\/p>\n<\/td>\n<td>\n<p align=\"left\"><a href=\"https:\/\/cofecon.org.br\/transparencia\/files\/atos_normativos\/Port\/2019\/Port-2019(3).pdf\" target=\"_blank\" rel=\"noopener noreferrer\">Designa Pregoeiros Oficiais do Cofecon e Equipe de apoio.<\/a><\/p>\n<\/td>\n<\/tr>\n<tr>\n<td>\n<p align=\"center\">04<\/p>\n<\/td>\n<td>\n<p align=\"left\"><a href=\"https:\/\/cofecon.org.br\/transparencia\/files\/atos_normativos\/Port\/2019\/Port-2019(4).pdf\" target=\"_blank\" rel=\"noopener noreferrer\">Nomeia empregados para acompanhar e fiscalizar contratos administrativos.<\/a><\/p>\n<\/td>\n<\/tr>\n<tr>\n<td>\n<p align=\"center\">05<\/p>\n<\/td>\n<td>\n<p align=\"left\"><a href=\"https:\/\/cofecon.org.br\/transparencia\/files\/atos_normativos\/Port\/2019\/Port-2019(5).pdf\" target=\"_blank\" rel=\"noopener noreferrer\">Custeia 1 (uma) di\u00e1ria e passagem a\u00e9rea para L\u00facia Marina dos Santos<\/a><\/p>\n<\/td>\n<\/tr>\n<tr>\n<td>\n<p align=\"center\">06<\/p>\n<\/td>\n<td>\n<p align=\"left\"><a href=\"https:\/\/cofecon.org.br\/transparencia\/files\/atos_normativos\/Port\/2019\/Port-2019(6).pdf\" target=\"_blank\" rel=\"noopener noreferrer\">Custeia 1 (uma) di\u00e1ria e passagem a\u00e9rea para M\u00f4nica Tereza Ben\u00edcio<\/a><\/p>\n<\/td>\n<\/tr>\n<tr>\n<td>\n<p align=\"center\">07<\/p>\n<\/td>\n<td>\n<p align=\"left\"><a href=\"https:\/\/cofecon.org.br\/transparencia\/files\/atos_normativos\/Port\/2019\/Port-2019(7).pdf\" target=\"_blank\" rel=\"noopener noreferrer\">Custeia 1 (uma) di\u00e1ria e passagem a\u00e9rea para Paulo Nogueira Batista Jr<\/a><\/p>\n<\/td>\n<\/tr>\n<tr>\n<td>\n<p align=\"center\">08<\/p>\n<\/td>\n<td>\n<p align=\"left\"><a href=\"https:\/\/cofecon.org.br\/transparencia\/files\/atos_normativos\/Port\/2019\/Port-2019(8).pdf\" target=\"_blank\" rel=\"noopener noreferrer\">Custeia 1 (uma) di\u00e1ria e passagem a\u00e9rea para Sidney Pascoutto da Rocha<\/a><\/p>\n<\/td>\n<\/tr>\n<tr>\n<td>\n<p align=\"center\">09<\/p>\n<\/td>\n<td>\n<p align=\"left\"><a href=\"https:\/\/cofecon.org.br\/transparencia\/files\/atos_normativos\/Port\/2019\/Port-2019(9).pdf\" target=\"_blank\" rel=\"noopener noreferrer\">Custeia 1 (uma) di\u00e1ria e passagem a\u00e9rea para Clementina Bagno<\/a><\/p>\n<\/td>\n<\/tr>\n<tr>\n<td>\n<p align=\"center\">10<\/p>\n<\/td>\n<td>\n<p align=\"left\"><a href=\"https:\/\/cofecon.org.br\/transparencia\/files\/atos_normativos\/Port\/2019\/Port-2019(10).pdf\" target=\"_blank\" rel=\"noopener noreferrer\">Designa Comiss\u00f5es do COFECON<\/a><\/p>\n<\/td>\n<\/tr>\n<tr>\n<td>\n<p align=\"center\">11<\/p>\n<\/td>\n<td>\n<p align=\"left\"><a href=\"https:\/\/cofecon.org.br\/transparencia\/files\/atos_normativos\/Port\/2019\/Port-2019(11).pdf\" target=\"_blank\" rel=\"noopener noreferrer\">Designa Vice-Presidente para exerc\u00edcio interino da Presid\u00eancia do COFECON<\/a><\/p>\n<\/td>\n<\/tr>\n<tr>\n<td>\n<p align=\"center\">12<\/p>\n<\/td>\n<td>\n<p align=\"left\"><a href=\"https:\/\/cofecon.org.br\/transparencia\/files\/atos_normativos\/Port\/2019\/Port-2019(12).pdf\" target=\"_blank\" rel=\"noopener noreferrer\">Designa Comiss\u00e3o T\u00e9cnica de Avalia\u00e7\u00e3o para contrata\u00e7\u00e3o de software<\/a><\/p>\n<\/td>\n<\/tr>\n<tr>\n<td>\n<p align=\"center\">13<\/p>\n<\/td>\n<td>\n<p align=\"left\"><a href=\"https:\/\/cofecon.org.br\/transparencia\/files\/atos_normativos\/Port\/2019\/Port-2019(13).pdf\" target=\"_blank\" rel=\"noopener noreferrer\">Inclui membros na composi\u00e7\u00e3o da Comiss\u00e3o T\u00e9cnica de Avalia\u00e7\u00e3o para contrata\u00e7\u00e3o de software cont\u00e1bil para o Sistema Cofecon\/Corecons<\/a><\/p>\n<\/td>\n<\/tr>\n<tr>\n<td>\n<p align=\"center\">14<\/p>\n<\/td>\n<td>\n<p align=\"left\"><a href=\"https:\/\/cofecon.org.br\/transparencia\/files\/atos_normativos\/Port\/2019\/Port-2019(14).pdf\" target=\"_blank\" rel=\"noopener noreferrer\">Palestrante Daniela Magalh\u00e3es<\/a><\/p>\n<\/td>\n<\/tr>\n<tr>\n<td>\n<p align=\"center\">15<\/p>\n<\/td>\n<td>\n<p align=\"left\"><a href=\"https:\/\/cofecon.org.br\/transparencia\/files\/atos_normativos\/Port\/2019\/Port-2019(15).pdf\" target=\"_blank\" rel=\"noopener noreferrer\">Palestrante Lena Lavinas<\/a><\/p>\n<\/td>\n<\/tr>\n<tr>\n<td>\n<p align=\"center\">16<\/p>\n<\/td>\n<td>\n<p align=\"left\"><a href=\"https:\/\/cofecon.org.br\/transparencia\/files\/atos_normativos\/Port\/2019\/Port-2019(16).pdf\" target=\"_blank\" rel=\"noopener noreferrer\">Nomea\u00e7\u00e3o Secret\u00e1ria Executiva &#8211; Corecon AC<\/a><\/p>\n<\/td>\n<\/tr>\n<tr>\n<td>\n<p align=\"center\">17<\/p>\n<\/td>\n<td>\n<p align=\"left\"><a href=\"https:\/\/cofecon.org.br\/transparencia\/files\/atos_normativos\/Port\/2019\/Port-2019(17).pdf\" target=\"_blank\" rel=\"noopener noreferrer\">Comit\u00eas XXIII CBE<\/a><\/p>\n<\/td>\n<\/tr>\n<tr>\n<td>\n<p align=\"center\">18<\/p>\n<\/td>\n<td>\n<p align=\"left\"><a href=\"https:\/\/cofecon.org.br\/transparencia\/files\/atos_normativos\/Port\/2019\/Port-2019(18).pdf\" target=\"_blank\" rel=\"noopener noreferrer\">Cria Comiss\u00e3o de Per\u00edcia<\/a><\/p>\n<\/td>\n<\/tr>\n<tr>\n<td>\n<p align=\"center\">19<\/p>\n<\/td>\n<td>\n<p align=\"left\"><a href=\"https:\/\/cofecon.org.br\/transparencia\/files\/atos_normativos\/Port\/2019\/Port-2019(19).pdf\" target=\"_blank\" rel=\"noopener noreferrer\">Inclui Membro GT Responsabilidade<\/a><\/p>\n<\/td>\n<\/tr>\n<tr>\n<td>\n<p align=\"center\">20<\/p>\n<\/td>\n<td>\n<p align=\"left\"><a href=\"https:\/\/cofecon.org.br\/transparencia\/files\/atos_normativos\/Port\/2019\/Port-2019(20).pdf\" target=\"_blank\" rel=\"noopener noreferrer\">Cria Comiss\u00e3o do ACT<\/a><\/p>\n<\/td>\n<\/tr>\n<tr>\n<td>\n<p align=\"center\">21<\/p>\n<\/td>\n<td>\n<p align=\"left\"><a href=\"https:\/\/cofecon.org.br\/transparencia\/files\/atos_normativos\/Port\/2019\/Port-2019(21).pdf\" target=\"_blank\" rel=\"noopener noreferrer\">Designa relator de processo \u00e9tico &#8211; EDSANTOS SANTANA FERREIRA DE AMORIM<\/a><\/p>\n<\/td>\n<\/tr>\n<tr>\n<td>\n<p align=\"center\">22<\/p>\n<\/td>\n<td>\n<p align=\"left\"><a href=\"https:\/\/cofecon.org.br\/transparencia\/files\/atos_normativos\/Port\/2019\/Port-2019(22).pdf\" target=\"_blank\" rel=\"noopener noreferrer\">Inclui membro na composi\u00e7\u00e3o da Comiss\u00e3o de Desenvolvimento Regional do Conselho Federal de Economia<\/a><\/p>\n<\/td>\n<\/tr>\n<tr>\n<td>\n<p align=\"center\">23<\/p>\n<\/td>\n<td>\n<p align=\"left\"><a href=\"https:\/\/cofecon.org.br\/transparencia\/files\/atos_normativos\/Port\/2019\/Port-2019(23).pdf\" target=\"_blank\" rel=\"noopener noreferrer\">Atividades do Setor Cont\u00e1bil Cofecon<\/a><\/p>\n<\/td>\n<\/tr>\n<tr>\n<td>\n<p align=\"center\">24<\/p>\n<\/td>\n<td>\n<p align=\"left\"><a href=\"https:\/\/cofecon.org.br\/transparencia\/files\/atos_normativos\/Port\/2019\/Port-2019(24).pdf\" target=\"_blank\" rel=\"noopener noreferrer\">Designa a Assessora Jane Lopes para movimentar suprimento de fundo pequeno<\/a><\/p>\n<\/td>\n<\/tr>\n<tr>\n<td>\n<p align=\"center\">25<\/p>\n<\/td>\n<td>\n<p align=\"left\"><a href=\"https:\/\/cofecon.org.br\/transparencia\/files\/atos_normativos\/Port\/2019\/Port-2019(25).pdf\" target=\"_blank\" rel=\"noopener noreferrer\">Sistema Cadastral, Financeiro e Fiscal<\/a><\/p>\n<\/td>\n<\/tr>\n<tr>\n<td>\n<p align=\"center\">26<\/p>\n<\/td>\n<td>\n<p align=\"left\"><a href=\"https:\/\/cofecon.org.br\/transparencia\/files\/atos_normativos\/Port\/2019\/Port-2019(26).pdf\" target=\"_blank\" rel=\"noopener noreferrer\">Palestrante Cl\u00e1udio Dedecca<\/a><\/p>\n<\/td>\n<\/tr>\n<tr>\n<td>\n<p align=\"center\">27<\/p>\n<\/td>\n<td>\n<p align=\"left\"><a href=\"https:\/\/cofecon.org.br\/transparencia\/files\/atos_normativos\/Port\/2019\/Port-2019(27).pdf\" target=\"_blank\" rel=\"noopener noreferrer\">Cria as Comiss\u00f5es Organizadora e Avaliadora do Desafio Quero Ser Economista 2019<\/a><\/p>\n<\/td>\n<\/tr>\n<tr>\n<td>\n<p align=\"center\">28<\/p>\n<\/td>\n<td>\n<p align=\"left\"><a href=\"https:\/\/cofecon.org.br\/transparencia\/files\/atos_normativos\/Port\/2019\/Port-2019(28).pdf\" target=\"_blank\" rel=\"noopener noreferrer\">Designa composi\u00e7\u00e3o eleitoral 2019<\/a><\/p>\n<\/td>\n<\/tr>\n<tr>\n<td>\n<p align=\"center\">29<\/p>\n<\/td>\n<td>\n<p align=\"left\"><a href=\"https:\/\/cofecon.org.br\/transparencia\/files\/atos_normativos\/Port\/2019\/Port-2019(29).pdf\" target=\"_blank\" rel=\"noopener noreferrer\">Membros Comiss\u00e3o Per\u00edcia<\/a><\/p>\n<\/td>\n<\/tr>\n<tr>\n<td>\n<p align=\"center\">30<\/p>\n<\/td>\n<td>\n<p align=\"left\"><a href=\"https:\/\/cofecon.org.br\/transparencia\/files\/atos_normativos\/Port\/2019\/Port-2019(30).pdf\" target=\"_blank\" rel=\"noopener noreferrer\">Estabelece o valor das di\u00e1rias para o exerc\u00edcio de 2019<\/a><\/p>\n<\/td>\n<\/tr>\n<tr>\n<td>\n<p align=\"center\">31<\/p>\n<\/td>\n<td>\n<p align=\"left\"><a href=\"https:\/\/cofecon.org.br\/transparencia\/files\/atos_normativos\/Port\/2019\/Port-2019(31).pdf\" target=\"_blank\" rel=\"noopener noreferrer\">Exonera, a pedido, Alexandre Caf\u00e9 Rodrigues<\/a><\/p>\n<\/td>\n<\/tr>\n<tr>\n<td>\n<p align=\"center\">32<\/p>\n<\/td>\n<td>\n<p align=\"left\"><a href=\"https:\/\/cofecon.org.br\/transparencia\/files\/atos_normativos\/Port\/2019\/Port-2019(32).pdf\" target=\"_blank\" rel=\"noopener noreferrer\">Exonera J\u00falio C\u00e9sar Poloni de G\u00f3es<\/a><\/p>\n<\/td>\n<\/tr>\n<tr>\n<td>\n<p align=\"center\">33<\/p>\n<\/td>\n<td>\n<p align=\"left\"><a href=\"http:\/\/cofecon.org.br\/transparencia\/wp-content\/uploads\/2026\/03\/Portaria-33-10.07.2019-Designa-relator-de-processo-etico-1.pdf\" target=\"_blank\" rel=\"noopener noreferrer\">Designa relator de processo \u00e9tico<\/a><\/p>\n<\/td>\n<\/tr>\n<tr>\n<td>\n<p align=\"center\">34<\/p>\n<\/td>\n<td>\n<p align=\"left\"><a href=\"https:\/\/cofecon.org.br\/transparencia\/files\/atos_normativos\/Port\/2019\/Port-2019(34).pdf\" target=\"_blank\" rel=\"noopener noreferrer\">Nomeia Caroline dos Santos Rodrigues<\/a><\/p>\n<\/td>\n<\/tr>\n<tr>\n<td>\n<p align=\"center\">35<\/p>\n<\/td>\n<td>\n<p align=\"left\"><a href=\"http:\/\/cofecon.org.br\/transparencia\/wp-content\/uploads\/2026\/03\/Portaria-35-15.07.2019-Palestrante-Carlos-Luque.pdf\" target=\"_blank\" rel=\"noopener noreferrer\">Palestrante Carlos Luque<\/a><\/p>\n<\/td>\n<\/tr>\n<tr>\n<td>\n<p align=\"center\">36<\/p>\n<\/td>\n<td>\n<p align=\"left\"><a href=\"https:\/\/cofecon.org.br\/transparencia\/files\/atos_normativos\/Port\/2019\/Port-2019(36).pdf\" target=\"_blank\" rel=\"noopener noreferrer\">Palestrante Fernando Costa<\/a><\/p>\n<\/td>\n<\/tr>\n<tr>\n<td>\n<p align=\"center\">37<\/p>\n<\/td>\n<td>\n<p align=\"left\"><a href=\"https:\/\/cofecon.org.br\/transparencia\/files\/atos_normativos\/Port\/2019\/Port-2019(37).pdf\" target=\"_blank\" rel=\"noopener noreferrer\">Nomeia Irlan Dias Ragno<\/a><\/p>\n<\/td>\n<\/tr>\n<tr>\n<td>\n<p align=\"center\">38<\/p>\n<\/td>\n<td>\n<p align=\"left\"><a href=\"https:\/\/cofecon.org.br\/transparencia\/files\/atos_normativos\/Port\/2019\/Port-2019(38).pdf\" target=\"_blank\" rel=\"noopener noreferrer\">Reajusta tabela de reembolso de plano de sa\u00fade<\/a><\/p>\n<\/td>\n<\/tr>\n<tr>\n<td>\n<p align=\"center\">39<\/p>\n<\/td>\n<td>\n<p align=\"left\"><a href=\"https:\/\/cofecon.org.br\/transparencia\/files\/atos_normativos\/Port\/2019\/Port-2019(39).pdf\" target=\"_blank\" rel=\"noopener noreferrer\">Regulamenta\u00e7\u00e3o Suprimento de Fundos<\/a><\/p>\n<\/td>\n<\/tr>\n<tr>\n<td>\n<p align=\"center\">40<\/p>\n<\/td>\n<td>\n<p align=\"left\"><a href=\"https:\/\/cofecon.org.br\/transparencia\/files\/atos_normativos\/Port\/2019\/Port-2019(40).pdf\" target=\"_blank\" rel=\"noopener noreferrer\">Designa relator para Processo Administrativo \u00c9tico-Profissional<\/a><\/p>\n<\/td>\n<\/tr>\n<tr>\n<td>\n<p align=\"center\">41<\/p>\n<\/td>\n<td>\n<p align=\"left\"><a href=\"https:\/\/cofecon.org.br\/transparencia\/files\/atos_normativos\/Port\/2019\/Port-2019(41).pdf\" target=\"_blank\" rel=\"noopener noreferrer\">Incluir membro na Comiss\u00e3o de Per\u00edcia<\/a><\/p>\n<\/td>\n<\/tr>\n<tr>\n<td>\n<p align=\"center\">42<\/p>\n<\/td>\n<td>\n<p align=\"left\"><a href=\"https:\/\/cofecon.org.br\/transparencia\/files\/atos_normativos\/Port\/2019\/Port-2019(42).pdf\" target=\"_blank\" rel=\"noopener noreferrer\">Reajusta o VHTE pelo IPCA<\/a><\/p>\n<\/td>\n<\/tr>\n<tr>\n<td>\n<p align=\"center\">43<\/p>\n<\/td>\n<td>\n<p align=\"left\"><a href=\"https:\/\/cofecon.org.br\/transparencia\/files\/atos_normativos\/Port\/2019\/Port-2019(43).pdf\" target=\"_blank\" rel=\"noopener noreferrer\">Comiss\u00e3o Organizadora do XXVII SINCE<\/a><\/p>\n<\/td>\n<\/tr>\n<tr>\n<td>\n<p align=\"center\">44<\/p>\n<\/td>\n<td>\n<p align=\"left\"><a href=\"https:\/\/cofecon.org.br\/transparencia\/files\/atos_normativos\/Port\/2019\/Port-2019(44).pdf\" target=\"_blank\" rel=\"noopener noreferrer\">Nomeia Paulo Roberto Procurador Chefe Substituto<\/a><\/p>\n<\/td>\n<\/tr>\n<tr>\n<td>\n<p align=\"center\">45<\/p>\n<\/td>\n<td>\n<p align=\"left\"><a href=\"https:\/\/cofecon.org.br\/transparencia\/files\/atos_normativos\/Port\/2019\/Port-2019(45).pdf\" target=\"_blank\" rel=\"noopener noreferrer\">Incluir membro na Comiss\u00e3o de Desenvolvimento<\/a><\/p>\n<\/td>\n<\/tr>\n<tr>\n<td>\n<p align=\"center\">46<\/p>\n<\/td>\n<td>\n<p align=\"left\"><a href=\"https:\/\/cofecon.org.br\/transparencia\/files\/atos_normativos\/Port\/2019\/Port-2019(46).pdf\" target=\"_blank\" rel=\"noopener noreferrer\">Atualiza a composi\u00e7\u00e3o da Comiss\u00e3o T\u00e9cnica de Avalia\u00e7\u00e3o para contrata\u00e7\u00e3o de software cadastral, financeiro e fiscal para o Sistema Cofecon\/Corecons.<\/a><\/p>\n<\/td>\n<\/tr>\n<tr>\n<td>\n<p align=\"center\">47<\/p>\n<\/td>\n<td>\n<p align=\"left\"><a href=\"https:\/\/cofecon.org.br\/transparencia\/files\/atos_normativos\/Port\/2019\/Port-2019(47).pdf\" target=\"_blank\" rel=\"noopener noreferrer\"> Comiss\u00e3o de Patrim\u00f4nio<\/a><\/p>\n<\/td>\n<\/tr>\n<tr>\n<td>\n<p align=\"center\">48<\/p>\n<\/td>\n<td>\n<p align=\"left\"><a href=\"https:\/\/cofecon.org.br\/transparencia\/files\/atos_normativos\/Port\/2019\/Port-2019(48).pdf\" target=\"_blank\" rel=\"noopener noreferrer\"> Nomeia empregados para acompanhar e fiscalizar contratos administrativos<\/a><\/p>\n<\/td>\n<\/tr>\n<tr>\n<td>\n<p align=\"center\">49<\/p>\n<\/td>\n<td>\n<p align=\"left\"><a href=\"https:\/\/cofecon.org.br\/transparencia\/files\/atos_normativos\/Port\/2019\/Port-2019(49).pdf\" target=\"_blank\" rel=\"noopener noreferrer\"> Designa os respons\u00e1veis nos setores do Conselho Federal de Economia pelo patrim\u00f4nio<\/a><\/p>\n<\/td>\n<\/tr>\n<tr>\n<td>\n<p align=\"center\">50<\/p>\n<\/td>\n<td>\n<p align=\"left\"><a href=\"https:\/\/cofecon.org.br\/transparencia\/files\/atos_normativos\/Port\/2019\/Port-2019(50).pdf\" target=\"_blank\" rel=\"noopener noreferrer\"> Designa para exerc\u00edcio interino da Presid\u00eancia do COFECON<\/a><\/p>\n<\/td>\n<\/tr>\n<tr>\n<td>\n<p align=\"center\">51<\/p>\n<\/td>\n<td>\n<p align=\"left\"><a href=\"https:\/\/cofecon.org.br\/transparencia\/files\/atos_normativos\/Port\/2019\/Port-2019(51).pdf\" target=\"_blank\" rel=\"noopener noreferrer\"> Cria e designa a composi\u00e7\u00e3o do Grupo de Trabalho Filia\u00e7\u00e3o<\/a><\/p>\n<\/td>\n<\/tr>\n<tr>\n<td>\n<p align=\"center\">52<\/p>\n<\/td>\n<td>\n<p align=\"left\"><a href=\"https:\/\/cofecon.org.br\/transparencia\/files\/atos_normativos\/Port\/2019\/Port-2019(52).pdf\" target=\"_blank\" rel=\"noopener noreferrer\"> Custeia passagens a\u00e9reas para o Sr. Guilherme Castro Boulos<\/a><\/p>\n<\/td>\n<\/tr>\n<tr>\n<td>\n<p align=\"center\">53<\/p>\n<\/td>\n<td>\n<p align=\"left\"><a href=\"https:\/\/cofecon.org.br\/transparencia\/files\/atos_normativos\/Port\/2019\/Port-2019(53).pdf\" target=\"_blank\" rel=\"noopener noreferrer\"> Custeia 1 (uma) di\u00e1ria e passagens a\u00e9reas para o Sr. Guilherme Sim\u00f5es Pereira<\/a><\/p>\n<\/td>\n<\/tr>\n<tr>\n<td>\n<p align=\"center\">54<\/p>\n<\/td>\n<td>\n<p align=\"left\"><a href=\"https:\/\/cofecon.org.br\/transparencia\/files\/atos_normativos\/Port\/2019\/Port-2019(54).pdf\" target=\"_blank\" rel=\"noopener noreferrer\"> Designa Antonio Tolentino Supervisor Financeiro<\/a><\/p>\n<\/td>\n<\/tr>\n<tr>\n<td>\n<p align=\"center\">55<\/p>\n<\/td>\n<td>\n<p align=\"left\"><a href=\"https:\/\/cofecon.org.br\/transparencia\/files\/atos_normativos\/Port\/2019\/Port-2019(55).pdf\" target=\"_blank\" rel=\"noopener noreferrer\"> Nomeia Ana Claudia Ramos Pinto Coordenadora<\/a><\/p>\n<\/td>\n<\/tr>\n<tr>\n<td>\n<p align=\"center\">56<\/p>\n<\/td>\n<td>\n<p align=\"left\"><a href=\"https:\/\/cofecon.org.br\/transparencia\/files\/atos_normativos\/Port\/2019\/Port-2019(56).pdf\" target=\"_blank\" rel=\"noopener noreferrer\"> Nomeia Ana Claudia Ramos Pinto Superintendente Substituta<\/a><\/p>\n<\/td>\n<\/tr>\n<tr>\n<td>\n<p align=\"center\">57<\/p>\n<\/td>\n<td>\n<p align=\"left\"><a href=\"https:\/\/cofecon.org.br\/transparencia\/files\/atos_normativos\/Port\/2019\/Port-2019(57).pdf\" target=\"_blank\" rel=\"noopener noreferrer\"> Autoriza colaboradores a responderem pela tesouraria do Cofecon<\/a><\/p>\n<\/td>\n<\/tr>\n<tr>\n<td>\n<p align=\"center\">58<\/p>\n<\/td>\n<td>\n<p align=\"left\"><a href=\"https:\/\/cofecon.org.br\/transparencia\/files\/atos_normativos\/Port\/2019\/Port-2019(58).pdf\" target=\"_blank\" rel=\"noopener noreferrer\"> Grupo de Trabalho &#8211; Reavaliar Congresso Brasileiro de Economia<\/a><\/p>\n<\/td>\n<\/tr>\n<tr>\n<td>\n<p align=\"center\">59<\/p>\n<\/td>\n<td>\n<p align=\"left\"><a href=\"#\" target=\"_blank\" rel=\"noopener noreferrer\">Documento Sigiloso (processo \u00e9tico disciplinar)<\/a><\/p>\n<\/td>\n<\/tr>\n<\/tbody>\n<\/table>\n","protected":false},"excerpt":{"rendered":"<p>Portarias N\u00ba: Assunto: 01 Nomeia o Economista Alisson Matos Mour\u00e3o 02 Implementa o quadro de hor\u00e1rio dos empregados do Conselho Federal de Economia 03 Designa Pregoeiros Oficiais do Cofecon e Equipe de apoio. 04 Nomeia empregados para acompanhar e fiscalizar contratos administrativos. 05 Custeia 1 (uma) di\u00e1ria e passagem a\u00e9rea para L\u00facia Marina dos Santos &hellip; <a href=\"https:\/\/cofecon.org.br\/transparencia\/?page_id=1166\" class=\"more-link\">Continue reading <span class=\"screen-reader-text\">Portarias-2019<\/span><\/a><\/p>\n","protected":false},"author":11,"featured_media":0,"parent":9,"menu_order":0,"comment_status":"closed","ping_status":"closed","template":"","meta":{"footnotes":""},"class_list":["post-1166","page","type-page","status-publish","hentry"],"_links":{"self":[{"href":"https:\/\/cofecon.org.br\/transparencia\/index.php?rest_route=\/wp\/v2\/pages\/1166"}],"collection":[{"href":"https:\/\/cofecon.org.br\/transparencia\/index.php?rest_route=\/wp\/v2\/pages"}],"about":[{"href":"https:\/\/cofecon.org.br\/transparencia\/index.php?rest_route=\/wp\/v2\/types\/page"}],"author":[{"embeddable":true,"href":"https:\/\/cofecon.org.br\/transparencia\/index.php?rest_route=\/wp\/v2\/users\/11"}],"replies":[{"embeddable":true,"href":"https:\/\/cofecon.org.br\/transparencia\/index.php?rest_route=%2Fwp%2Fv2%2Fcomments&post=1166"}],"version-history":[{"count":42,"href":"https:\/\/cofecon.org.br\/transparencia\/index.php?rest_route=\/wp\/v2\/pages\/1166\/revisions"}],"predecessor-version":[{"id":10635,"href":"https:\/\/cofecon.org.br\/transparencia\/index.php?rest_route=\/wp\/v2\/pages\/1166\/revisions\/10635"}],"up":[{"embeddable":true,"href":"https:\/\/cofecon.org.br\/transparencia\/index.php?rest_route=\/wp\/v2\/pages\/9"}],"wp:attachment":[{"href":"https:\/\/cofecon.org.br\/transparencia\/index.php?rest_route=%2Fwp%2Fv2%2Fmedia&parent=1166"}],"curies":[{"name":"wp","href":"https:\/\/api.w.org\/{rel}","templated":true}]}}