{"id":11,"date":"2017-03-29T19:47:40","date_gmt":"2017-03-29T19:47:40","guid":{"rendered":"http:\/\/cofecon.org.br\/transparencia\/?page_id=11"},"modified":"2026-03-17T16:57:37","modified_gmt":"2026-03-17T16:57:37","slug":"composicao-do-conselho","status":"publish","type":"page","link":"https:\/\/cofecon.org.br\/transparencia\/?page_id=11","title":{"rendered":"Composi\u00e7\u00e3o do Conselho"},"content":{"rendered":"\t\t<div data-elementor-type=\"wp-page\" data-elementor-id=\"11\" class=\"elementor elementor-11\">\n\t\t\t\t\t\t<section class=\"elementor-section elementor-top-section elementor-element elementor-element-746e56e elementor-section-boxed elementor-section-height-default elementor-section-height-default\" data-id=\"746e56e\" data-element_type=\"section\">\n\t\t\t\t\t\t<div class=\"elementor-container elementor-column-gap-default\">\n\t\t\t\t\t<div class=\"elementor-column elementor-col-100 elementor-top-column elementor-element elementor-element-b45e3b1\" data-id=\"b45e3b1\" data-element_type=\"column\">\n\t\t\t<div class=\"elementor-widget-wrap elementor-element-populated\">\n\t\t\t\t\t\t<div class=\"elementor-element elementor-element-2d1a8f84 elementor-widget elementor-widget-text-editor\" data-id=\"2d1a8f84\" data-element_type=\"widget\" data-widget_type=\"text-editor.default\">\n\t\t\t\t<div class=\"elementor-widget-container\">\n\t\t\t\t\t\t\t\t\t<header><h1 style=\"text-align: center;\"><span style=\"color: #000000;\">Composi\u00e7\u00e3o do Conselho<\/span><\/h1><h1 style=\"text-align: center;\"><img fetchpriority=\"high\" decoding=\"async\" class=\"alignnone wp-image-10354 size-full\" src=\"http:\/\/cofecon.org.br\/transparencia\/wp-content\/uploads\/2026\/01\/MG_0164-1-200x300-1.png\" alt=\"\" width=\"200\" height=\"300\" \/><\/h1><\/header><p align=\"center\">Tania Cristina Teixeira<br \/><strong>Presidenta<\/strong><\/p><p align=\"center\">Graduada em Ci\u00eancias Econ\u00f4micas e Ci\u00eancias Cont\u00e1beis pela Pontif\u00edcia Universidade Cat\u00f3lica de Minas Gerais (PUC Minas), com especializa\u00e7\u00e3o em Pol\u00edticas Econ\u00f4micas pela mesma institui\u00e7\u00e3o, mestrado em Ci\u00eancia Pol\u00edtica pelo Departamento de Ci\u00eancia Pol\u00edtica Universidade Federal de Minas Gerais (DCP\/UFMG), mestrado Master-DEA e doutorado em Economia Aplicada pela Universidade de Val\u00eancia, Espanha. Professora do Departamento de Economia da PUC Minas, atua como Coordenadora de Extens\u00e3o Universit\u00e1ria e de Monografia e \u00e9 orientadora de pesquisas na \u00e1rea de economia, mercado de trabalho, desenvolvimento econ\u00f4mico regional e local, desenvolvimento sustent\u00e1vel, economia social, economia criativa e circular. Foi conselheira do Corecon-MG por dois mandatos e presidenta em 2020, 2021 e 2022. \u00c9 conselheira do Cofecon desde 2024 e permanece na presid\u00eancia da entidade em 2026, ap\u00f3s o exerc\u00edcio do mandato em 2025.<\/p><div><div>\u00a0<\/div><\/div><p align=\"center\"><img decoding=\"async\" class=\"alignnone size-full wp-image-9200\" src=\"http:\/\/cofecon.org.br\/transparencia\/wp-content\/uploads\/2025\/01\/joao.png\" alt=\"\" width=\"213\" height=\"318\" \/><\/p><p align=\"center\"><span dir=\"ltr\">Jo\u00e3o Manoel Gon\u00e7alves Barbosa\u00a0<\/span><br \/><strong>Vice-Presidente<\/strong><\/p><p align=\"center\"><span data-teams=\"true\">Graduado em Ci\u00eancias Econ\u00f4mica pela Faculdade de Ci\u00eancias Pol\u00edticas e Econ\u00f4micas do Rio de Janeiro em 1973, com p\u00f3s-gradua\u00e7\u00e3o em Economia Mineral pela Funda\u00e7\u00e3o Get\u00falio Vargas\/Panflac e mestrado em Administra\u00e7\u00e3o e Pol\u00edtica de Recursos Minerais pelo Instituto de Geoci\u00eancias da Universidade Estadual de Campinas (Unicamp). Trabalhou na Ind\u00fastrias Nucleares do Brasil S.A. de 1979 a 2019. Foi conselheiro e presidente do Conselho Regional de Economia do Rio de Janeiro, al\u00e9m de diretor, presidente e coordenador do Sindicato dos Economistas do Estado do Rio de Janeiro. \u00c9 consultor de empresas p\u00fablicas e privadas.<\/span><\/p><p align=\"center\"><strong>* * * * * <\/strong><\/p><div align=\"center\"><table><tbody><tr><td style=\"text-align: center;\" colspan=\"2\" rowspan=\"1\"><strong>CONSELHEIROS FEDERAIS<\/strong><\/td><\/tr><tr><td colspan=\"2\">\u00a0<\/td><\/tr><tr><td style=\"text-align: center;\"><strong>Efetivos<\/strong><\/td><td><strong>Suplentes<\/strong><\/td><\/tr><tr><td colspan=\"2\" rowspan=\"1\"><strong>1\u00ba TER\u00c7O (2025-2027)<\/strong><\/td><\/tr><tr><td>Elis Braga Licks<\/td><td>Clovis Benoni Meurer<\/td><\/tr><tr><td>Fab\u00edola Andr\u00e9a Leite de Paula<\/td><td>Frednan Bezerra dos Santos<\/td><\/tr><tr><td>Gustavo Casseb Pessoti<\/td><td>Jos\u00e9 Antonio Lutterbach Soares<\/td><\/tr><tr><td>Lucia dos Santos Garcia<\/td><td>Jos\u00e9 Luiz Pagnussat<\/td><\/tr><tr><td>Pedro Afonso Gomes<\/td><td>Maur\u00edlio Proc\u00f3pio Gomes<\/td><\/tr><tr><td>Teresinha de Jesus Ferreira da Silva<\/td><td>Paulo Dantas da Costa<\/td><\/tr><tr><td colspan=\"2\" rowspan=\"1\"><strong>2\u00ba TER\u00c7O (2026-2028)<\/strong><\/td><\/tr><tr><td>Carlos Magno Andrioli Bittencourt<\/td><td>Gustavo Souto de Noronha<\/td><\/tr><tr><td>Fl\u00e1via Vinhaes Santos<\/td><td>Hudson Garcia da Silva<\/td><\/tr><tr><td>Janine da Silva Alves Bello<\/td><td>Jos\u00e9lia Souza de Brito<\/td><\/tr><tr><td>J\u00falio Fl\u00e1vio Gameiro Miragaya<\/td><td>Kleber Ant\u00f4nio da Costa Mour\u00e3o<\/td><\/tr><tr><td>Odilon Guedes Pinto J\u00fanior<\/td><td>Sergio Roberto Rodrigues<\/td><\/tr><tr><td>Wellington Leonardo da Silva<\/td><td>Vicente Ferrer Augusto Gon\u00e7alves<\/td><\/tr><tr><td colspan=\"2\" rowspan=\"1\"><strong> 3\u00ba TER\u00c7O (2024-2026)<\/strong><\/td><\/tr><tr><td>Claudemir Galvani<\/td><td>Ana Cl\u00e1udia de A. Arruda Laprovitera<\/td><\/tr><tr><td>Jo\u00e3o Manoel Gon\u00e7alves Barbosa<\/td><td>Antonio Corr\u00eaa de Lacerda<\/td><\/tr><tr><td>Kerssia Preda Kamenach<\/td><td>Ant\u00f4nio de P\u00e1dua Ubirajara e Silva<\/td><\/tr><tr><td>Maria do Socorro Erculano de Lima<\/td><td>\u00a0Cid Cordeiro Silva<\/td><\/tr><tr><td>Paulo Hermance Paiva<\/td><td>Evaldo da Silva<\/td><\/tr><tr><td>Tania Cristina Teixeira<\/td><td>Noel Leite da Silva<\/td><\/tr><\/tbody><\/table><p><strong>* * * * *<\/strong><\/p><\/div><p align=\"center\">Aline Tales Ferreira<br \/><strong>Superintendente<\/strong><\/p><p align=\"center\">F\u00e1bio Ronan Miranda Alves<br \/><strong>Procurador Geral<\/strong><\/p><p align=\"center\">Ana Claudia Ramos Pinto<br \/><strong>Coordenadora<\/strong><\/p><p align=\"center\">Renata Reis Almeida<br \/><strong>Coordenadora de Comunica\u00e7\u00e3o<\/strong><\/p><p align=\"center\"><span style=\"font-family: Roboto, sans-serif; font-size: 17px; font-style: normal; font-weight: 400; text-align: left;\">Jane Lopes da Silva<br \/><\/span><span style=\"font-family: Roboto, sans-serif; font-size: 17px; font-style: normal; font-weight: bold;\">Assessora da Presid\u00eancia e do Plen\u00e1rio<\/span><\/p><p style=\"text-align: center;\">Caio da Rocha Santos<br \/><span style=\"font-family: Roboto, sans-serif; font-size: 17px; font-style: normal; color: var( --e-global-color-text ); text-align: left;\">Edna Barroso Machado<br \/><\/span><span style=\"color: var( --e-global-color-text ); font-family: Roboto, sans-serif; font-size: 17px; font-style: normal;\">Manoel Jos\u00e9 Castanho<br \/><\/span><span style=\"color: var( --e-global-color-text ); font-size: 17px; font-weight: 400; text-align: left;\">Paulo Roberto Samuel Alves J\u00fanior<br \/><\/span><span style=\"color: var( --e-global-color-text ); font-size: 17px; font-weight: 400; text-align: left;\">Raquel Passos da Silva Ara\u00fajo<br \/><\/span><span style=\"color: var( --e-global-color-text ); font-size: 17px; text-align: left;\">Rielisson Barbosa de Moura<br \/><\/span><b style=\"color: var( --e-global-color-text ); text-align: left;\">Assessores<\/b><\/p><p align=\"center\"><strong>Profissional de Atividade Estrat\u00e9gica &#8211; PAE<\/strong><\/p><p style=\"text-align: center;\">Maria Aparecida Carneiro<br \/><strong>Economista<\/strong><\/p><p align=\"center\"><strong>Profissional de Suporte T\u00e9cnico &#8211; PST <\/strong><\/p><p align=\"center\">Daniel Nunes de Oliveira <span dir=\"ltr\">&#8211; <strong>Supervisor Administrativo<\/strong><\/span><br \/>Danielle Costa Barbosa Girotto <span dir=\"ltr\">&#8211;\u00a0 <strong>Atua\u00e7\u00e3o em Processos Licitat\u00f3rios\/Departamento Pessoal<\/strong><\/span><br \/>Jo\u00e3o Henrique Vieira Costa <span dir=\"ltr\">&#8211; <strong>Suporte em Tecnologia da Informa\u00e7\u00e3o<\/strong><\/span><br \/>Lilian de Souza Barbosa &#8211; <strong>Supervisora de Processos Licitat\u00f3rios<\/strong><br \/><strong>Assistentes Administrativos<\/strong><\/p><p align=\"center\"><strong>Profissional de Suporte Administrativo &#8211; PSA<\/strong><\/p><p align=\"center\"><span style=\"font-size: 17px; color: var( --e-global-color-text ); text-align: left;\">Amanda dos Santos Domingues<br \/>Beatriz Ribeiro Nogueira<br \/><\/span><span style=\"font-size: 17px; color: var( --e-global-color-text ); text-align: left;\">Eduardo Moura Lima<br \/><span data-teams=\"true\">Jo\u00e3o Victor Valois Silva<br \/><\/span>Igor de Oliveira Faustino<br \/><\/span><span style=\"font-size: 17px; color: var( --e-global-color-text ); text-align: left;\"><span data-teams=\"true\">Lu\u00edza Nogueira de Moura Freitas<\/span><strong><span data-darkreader-inline-color=\"\"><br \/><\/span><\/strong><\/span><strong style=\"font-size: 17px; color: var( --e-global-color-text ); text-align: left;\">Estagi\u00e1rios<\/strong><\/p><p align=\"center\"><strong>CONSELHO FEDERAL DE ECONOMIA<br \/><\/strong><\/p><p align=\"center\"><strong>Setor Comercial Sul, Quadra 02, Bloco B, Sala 1201 &#8211; Ed. Pal\u00e1cio do Com\u00e9rcio<br \/>70318-900 &#8211; Bras\u00edlia\/DF<br \/>Hor\u00e1rio de Atendimento:<br \/>Segunda-feira \u00e0 Sexta-feira, das 9h \u00e0s 18h<br \/>Tel: (61) 3208-1800, (61) 3202-3009<br \/>E-mail: <a href=\"mailto:cofecon@cofecon.org.br\">cofecon@cofecon.org.br<\/a><\/strong><\/p><div>\u00a0<\/div><div>\u00a0<\/div><div>\u00a0<\/div>\t\t\t\t\t\t\t\t<\/div>\n\t\t\t\t<\/div>\n\t\t\t\t\t<\/div>\n\t\t<\/div>\n\t\t\t\t\t<\/div>\n\t\t<\/section>\n\t\t\t\t<\/div>\n\t\t","protected":false},"excerpt":{"rendered":"<p>Composi\u00e7\u00e3o do Conselho Tania Cristina TeixeiraPresidenta Graduada em Ci\u00eancias Econ\u00f4micas e Ci\u00eancias Cont\u00e1beis pela Pontif\u00edcia Universidade Cat\u00f3lica de Minas Gerais (PUC Minas), com especializa\u00e7\u00e3o em Pol\u00edticas Econ\u00f4micas pela mesma institui\u00e7\u00e3o, mestrado em Ci\u00eancia Pol\u00edtica pelo Departamento de Ci\u00eancia Pol\u00edtica Universidade Federal de Minas Gerais (DCP\/UFMG), mestrado Master-DEA e doutorado em Economia Aplicada pela Universidade de &hellip; <a href=\"https:\/\/cofecon.org.br\/transparencia\/?page_id=11\" class=\"more-link\">Continue reading <span class=\"screen-reader-text\">Composi\u00e7\u00e3o do Conselho<\/span><\/a><\/p>\n","protected":false},"author":1,"featured_media":0,"parent":0,"menu_order":0,"comment_status":"closed","ping_status":"closed","template":"","meta":{"footnotes":""},"class_list":["post-11","page","type-page","status-publish","hentry"],"_links":{"self":[{"href":"https:\/\/cofecon.org.br\/transparencia\/index.php?rest_route=\/wp\/v2\/pages\/11"}],"collection":[{"href":"https:\/\/cofecon.org.br\/transparencia\/index.php?rest_route=\/wp\/v2\/pages"}],"about":[{"href":"https:\/\/cofecon.org.br\/transparencia\/index.php?rest_route=\/wp\/v2\/types\/page"}],"author":[{"embeddable":true,"href":"https:\/\/cofecon.org.br\/transparencia\/index.php?rest_route=\/wp\/v2\/users\/1"}],"replies":[{"embeddable":true,"href":"https:\/\/cofecon.org.br\/transparencia\/index.php?rest_route=%2Fwp%2Fv2%2Fcomments&post=11"}],"version-history":[{"count":345,"href":"https:\/\/cofecon.org.br\/transparencia\/index.php?rest_route=\/wp\/v2\/pages\/11\/revisions"}],"predecessor-version":[{"id":10586,"href":"https:\/\/cofecon.org.br\/transparencia\/index.php?rest_route=\/wp\/v2\/pages\/11\/revisions\/10586"}],"wp:attachment":[{"href":"https:\/\/cofecon.org.br\/transparencia\/index.php?rest_route=%2Fwp%2Fv2%2Fmedia&parent=11"}],"curies":[{"name":"wp","href":"https:\/\/api.w.org\/{rel}","templated":true}]}}