{"id":10549,"date":"2026-02-13T13:32:32","date_gmt":"2026-02-13T13:32:32","guid":{"rendered":"https:\/\/cofecon.org.br\/transparencia\/?page_id=10549"},"modified":"2026-04-06T19:53:44","modified_gmt":"2026-04-06T19:53:44","slug":"resolucoes-2026","status":"publish","type":"page","link":"https:\/\/cofecon.org.br\/transparencia\/?page_id=10549","title":{"rendered":"Resolu\u00e7\u00f5es 2026"},"content":{"rendered":"\t\t<div data-elementor-type=\"wp-page\" data-elementor-id=\"10549\" class=\"elementor elementor-10549\">\n\t\t\t\t\t\t<section class=\"elementor-section elementor-top-section elementor-element elementor-element-8285c12 elementor-section-boxed elementor-section-height-default elementor-section-height-default\" data-id=\"8285c12\" data-element_type=\"section\">\n\t\t\t\t\t\t<div class=\"elementor-container elementor-column-gap-default\">\n\t\t\t\t\t<div class=\"elementor-column elementor-col-100 elementor-top-column elementor-element elementor-element-a78c3a5\" data-id=\"a78c3a5\" data-element_type=\"column\">\n\t\t\t<div class=\"elementor-widget-wrap elementor-element-populated\">\n\t\t\t\t\t\t<div class=\"elementor-element elementor-element-35bf942 elementor-widget elementor-widget-html\" data-id=\"35bf942\" data-element_type=\"widget\" data-widget_type=\"html.default\">\n\t\t\t\t<div class=\"elementor-widget-container\">\n\t\t\t\t\t<div align=\"center\">\r\n<table border=\"0\" align=\"center\">\r\n<tbody>\r\n<tr>\r\n<td>\r\n<p align=\"center\">\u00a0<strong><span style=\"text-decoration: underline;\"><span style=\"font-size: 10pt;\">Resolu\u00e7\u00f5es N\u00ba:<\/span><\/span><\/strong><\/p>\r\n<\/td>\r\n<td>\r\n<p align=\"center\"><strong><span style=\"font-size: 10pt;\"><span style=\"text-decoration: underline;\">Assunto:<\/span><\/span><\/strong><\/p>\r\n<\/td>\r\n<\/tr>\r\n\r\n\r\n<tr>\r\n<td>\r\n<p align=\"center\">\u00a0\u00a02193<\/p>\r\n<\/td>\r\n<td>\r\n<p align=\"justify\">\u00a0<a href=\"http:\/\/cofecon.org.br\/transparencia\/wp-content\/uploads\/2026\/02\/Resolucao-2.193-09.02.2026-CTC-2026-1.pdf\" target=\"_blank\" rel=\"noopener\">Designa composi\u00e7\u00e3o da Comiss\u00e3o de Tomada de Contas do Cofecon para o exerc\u00edcio 2026.<\/a><\/p>\r\n<\/td>\r\n<\/tr>\r\n\r\n\r\n<tr>\r\n<td>\r\n<p align=\"center\">\u00a0\u00a02194<\/p>\r\n<\/td>\r\n<td>\r\n<p align=\"justify\">\u00a0<a href=\"http:\/\/cofecon.org.br\/transparencia\/wp-content\/uploads\/2026\/04\/Resolucao-2.194-23.03.2026-PBE-2026.pdf\" target=\"_blank\" rel=\"noopener\">Disp\u00f5e sobre o Regulamento do XXXII Pr\u00eamio Brasil \r\nde Economia. <\/a><\/p>\r\n<\/td>\r\n<\/tr>\r\n\r\n\r\n<tr>\r\n<td>\r\n<p align=\"center\">\u00a0\u00a02195<\/p>\r\n<\/td>\r\n<td>\r\n<p align=\"justify\">\u00a0<a href=\"http:\/\/cofecon.org.br\/transparencia\/wp-content\/uploads\/2026\/04\/Resolucao-2.195-31.03.2026-DQSE-2026.pdf\" target=\"_blank\" rel=\"noopener\">Aprova o Regulamento do 11\u00ba Desafio Quero Ser \r\nEconomista - 2026. <\/a><\/p>\r\n<\/td>\r\n<\/tr>\r\n\r\n\r\n<tr>\r\n<td>\r\n<p align=\"center\">\u00a0\u00a02196<\/p>\r\n<\/td>\r\n<td>\r\n<p align=\"justify\">\u00a0<a href=\"http:\/\/cofecon.org.br\/transparencia\/wp-content\/uploads\/2026\/04\/Resolucao-2.196-20.03.2026-Gincana-2026.pdf\" target=\"_blank\" rel=\"noopener\">Aprova o Regulamento da XV Gincana Nacional de \r\nEconomia 2026. <\/a><\/p>\r\n<\/td>\r\n<\/tr>\r\n\r\n\r\n<\/tbody>\r\n<\/table>\r\n<\/div>\t\t\t\t<\/div>\n\t\t\t\t<\/div>\n\t\t\t\t\t<\/div>\n\t\t<\/div>\n\t\t\t\t\t<\/div>\n\t\t<\/section>\n\t\t\t\t<\/div>\n\t\t","protected":false},"excerpt":{"rendered":"<p>\u00a0Resolu\u00e7\u00f5es N\u00ba: Assunto: \u00a0\u00a02193 \u00a0Designa composi\u00e7\u00e3o da Comiss\u00e3o de Tomada de Contas do Cofecon para o exerc\u00edcio 2026. \u00a0\u00a02194 \u00a0Disp\u00f5e sobre o Regulamento do XXXII Pr\u00eamio Brasil de Economia. \u00a0\u00a02195 \u00a0Aprova o Regulamento do 11\u00ba Desafio Quero Ser Economista &#8211; 2026. \u00a0\u00a02196 \u00a0Aprova o Regulamento da XV Gincana Nacional de Economia 2026.<\/p>\n","protected":false},"author":16,"featured_media":0,"parent":0,"menu_order":0,"comment_status":"closed","ping_status":"closed","template":"","meta":{"footnotes":""},"class_list":["post-10549","page","type-page","status-publish","hentry"],"_links":{"self":[{"href":"https:\/\/cofecon.org.br\/transparencia\/index.php?rest_route=\/wp\/v2\/pages\/10549"}],"collection":[{"href":"https:\/\/cofecon.org.br\/transparencia\/index.php?rest_route=\/wp\/v2\/pages"}],"about":[{"href":"https:\/\/cofecon.org.br\/transparencia\/index.php?rest_route=\/wp\/v2\/types\/page"}],"author":[{"embeddable":true,"href":"https:\/\/cofecon.org.br\/transparencia\/index.php?rest_route=\/wp\/v2\/users\/16"}],"replies":[{"embeddable":true,"href":"https:\/\/cofecon.org.br\/transparencia\/index.php?rest_route=%2Fwp%2Fv2%2Fcomments&post=10549"}],"version-history":[{"count":10,"href":"https:\/\/cofecon.org.br\/transparencia\/index.php?rest_route=\/wp\/v2\/pages\/10549\/revisions"}],"predecessor-version":[{"id":10658,"href":"https:\/\/cofecon.org.br\/transparencia\/index.php?rest_route=\/wp\/v2\/pages\/10549\/revisions\/10658"}],"wp:attachment":[{"href":"https:\/\/cofecon.org.br\/transparencia\/index.php?rest_route=%2Fwp%2Fv2%2Fmedia&parent=10549"}],"curies":[{"name":"wp","href":"https:\/\/api.w.org\/{rel}","templated":true}]}}