{"id":10537,"date":"2026-02-13T13:27:08","date_gmt":"2026-02-13T13:27:08","guid":{"rendered":"https:\/\/cofecon.org.br\/transparencia\/?page_id=10537"},"modified":"2026-04-15T19:37:03","modified_gmt":"2026-04-15T19:37:03","slug":"deliberacoes-2026","status":"publish","type":"page","link":"https:\/\/cofecon.org.br\/transparencia\/?page_id=10537","title":{"rendered":"Delibera\u00e7\u00f5es 2026"},"content":{"rendered":"\t\t<div data-elementor-type=\"wp-page\" data-elementor-id=\"10537\" class=\"elementor elementor-10537\">\n\t\t\t\t\t\t<section class=\"elementor-section elementor-top-section elementor-element elementor-element-531f679 elementor-section-boxed elementor-section-height-default elementor-section-height-default\" data-id=\"531f679\" data-element_type=\"section\">\n\t\t\t\t\t\t<div class=\"elementor-container elementor-column-gap-default\">\n\t\t\t\t\t<div class=\"elementor-column elementor-col-100 elementor-top-column elementor-element elementor-element-b2c9c97\" data-id=\"b2c9c97\" data-element_type=\"column\">\n\t\t\t<div class=\"elementor-widget-wrap elementor-element-populated\">\n\t\t\t\t\t\t<div class=\"elementor-element elementor-element-af9ea3a elementor-widget__width-initial elementor-widget elementor-widget-text-editor\" data-id=\"af9ea3a\" data-element_type=\"widget\" data-widget_type=\"text-editor.default\">\n\t\t\t\t<div class=\"elementor-widget-container\">\n\t\t\t\t\t\t\t\t\t<table border=\"0\" align=\"center\">\n<tbody>\n<tr>\n<th scope=\"row\" align=\"center\" valign=\"middle\" width=\"134\">\n<p dir=\"ltr\" align=\"left\"><strong><span style=\"text-decoration: underline;\"><span style=\"font-size: 10pt;\">Delibera\u00e7\u00f5es N\u00ba:<\/span><\/span><\/strong><\/p>\n<\/th>\n<th scope=\"row\" align=\"center\" valign=\"middle\" width=\"499\">\n<p align=\"center\"><strong><span style=\"text-decoration: underline;\"><span style=\"font-size: 10pt;\">Assunto:<\/span><\/span><\/strong><\/p>\n<\/th>\n<\/tr>\n<tr>\n<td>\n<p align=\"center\">5139<\/p>\n<\/td>\n<td>\n<p align=\"left\"><a href=\"http:\/\/cofecon.org.br\/transparencia\/wp-content\/uploads\/2026\/04\/Deliberacao-5.139-09.02.2026-Homologa-PA-749-RETIFICADA-02.03.2026-1.pdf\"> Homologa os processos administrativos apreciados\nna 749\u00aa Sess\u00e3o Plen\u00e1ria Ordin\u00e1ria Ampliada do\nConselho Federal de Economia.<\/a><\/p>\n<\/td>\n<\/tr>\n<tr>\n<td>\n<p align=\"center\">5140<\/p>\n<\/td>\n<td>\n<p align=\"left\"><a href=\"http:\/\/cofecon.org.br\/transparencia\/wp-content\/uploads\/2026\/02\/Deliberacao-5.140-26.02.2026-Desconto-anuidade-2026-1.pdf\"> Autoriza a restitui\u00e7\u00e3o de encargos incidentes sobre a\ncota \u00fanica ou sobre a primeira parcela da anuidade de\n2026, em raz\u00e3o da grave nacionalmente deflagrada\npelo Correios em dezembro de 2025. <\/a><\/p>\n<\/td>\n<\/tr>\n\n<tr>\n<td>\n<p align=\"center\">5141<\/p>\n<\/td>\n<td>\n<p align=\"left\"><a href=\"http:\/\/cofecon.org.br\/transparencia\/wp-content\/uploads\/2026\/04\/Deliberacao-5.141-23.03.2026-Homologa-PC-750.pdf\">Homologa os processos cont\u00e1beis apreciados na 750\u00aa \nSess\u00e3o Plen\u00e1ria Ordin\u00e1ria do Conselho Federal de \nEconomia. <\/a><\/p>\n<\/td>\n<\/tr>\n\n<tr>\n<td>\n<p align=\"center\">5142<\/p>\n<\/td>\n<td>\n<p align=\"left\"><a href=\"http:\/\/cofecon.org.br\/transparencia\/wp-content\/uploads\/2026\/04\/Deliberacao-5.142-23.03.2026-Homologa-PA-750.pdf\">Homologa os processos administrativos apreciados \nna 750\u00aa Sess\u00e3o Plen\u00e1ria Ordin\u00e1ria do Conselho \nFederal de Economia.  <\/a><\/p>\n<\/td>\n<\/tr>\n\n\n<tr>\n<td>\n<p align=\"center\">5143<\/p>\n<\/td>\n<td>\n<p align=\"left\"><a href=\"http:\/\/cofecon.org.br\/transparencia\/wp-content\/uploads\/2026\/04\/Deliberacao-5.143-23.03.2025-Cursos-conexos-750.pdf\">Aprova o registro, nos Conselhos Regionais de \nEconomia, dos egressos do curso de Bacharelado \nem Rela\u00e7\u00f5es Internacionais da Pontif\u00edcia Universi\ndade Cat\u00f3lica de S\u00e3o Paulo, Faculdade La Salle \nManaus e da Universidade Federal de Mato Grosso \ndo Sul . <\/a><\/p>\n<\/td>\n<\/tr>\n\n\n<tr>\n<td>\n<p align=\"center\">5144<\/p>\n<\/td>\n<td>\n<p align=\"left\"><a href=\"http:\/\/cofecon.org.br\/transparencia\/wp-content\/uploads\/2026\/04\/Deliberacao-5.144-23.03.2026-SIGILOSO.pdf\">SIGILOSO <\/a><\/p>\n<\/td>\n<\/tr>\n\n\n<tr>\n<td>\n<p align=\"center\">5145<\/p>\n<\/td>\n<td>\n<p align=\"left\"><a href=\"http:\/\/cofecon.org.br\/transparencia\/wp-content\/uploads\/2026\/04\/Deliberacao-5.145-24.03.2026-Mestratos-e-Doutorado-750.pdf\">Aprova o registro, nos Conselhos Regionais de \nEconomia, de egressos dos Programas de P\u00f3s\nGradua\u00e7\u00e3o Stricto Sensu em Economia e \nregulamenta seus respectivos campos de atua\u00e7\u00e3o \nprofissional, e d\u00e1 outras provid\u00eancias. <\/a><\/p>\n<\/td>\n<\/tr>\n\n\n<\/tbody>\n<\/table>\t\t\t\t\t\t\t\t<\/div>\n\t\t\t\t<\/div>\n\t\t\t\t\t<\/div>\n\t\t<\/div>\n\t\t\t\t\t<\/div>\n\t\t<\/section>\n\t\t\t\t<\/div>\n\t\t","protected":false},"excerpt":{"rendered":"<p>Delibera\u00e7\u00f5es N\u00ba: Assunto: 5139 Homologa os processos administrativos apreciados na 749\u00aa Sess\u00e3o Plen\u00e1ria Ordin\u00e1ria Ampliada do Conselho Federal de Economia. 5140 Autoriza a restitui\u00e7\u00e3o de encargos incidentes sobre a cota \u00fanica ou sobre a primeira parcela da anuidade de 2026, em raz\u00e3o da grave nacionalmente deflagrada pelo Correios em dezembro de 2025. 5141 Homologa os &hellip; <a href=\"https:\/\/cofecon.org.br\/transparencia\/?page_id=10537\" class=\"more-link\">Continue reading <span class=\"screen-reader-text\">Delibera\u00e7\u00f5es 2026<\/span><\/a><\/p>\n","protected":false},"author":16,"featured_media":0,"parent":0,"menu_order":0,"comment_status":"closed","ping_status":"closed","template":"","meta":{"footnotes":""},"class_list":["post-10537","page","type-page","status-publish","hentry"],"_links":{"self":[{"href":"https:\/\/cofecon.org.br\/transparencia\/index.php?rest_route=\/wp\/v2\/pages\/10537"}],"collection":[{"href":"https:\/\/cofecon.org.br\/transparencia\/index.php?rest_route=\/wp\/v2\/pages"}],"about":[{"href":"https:\/\/cofecon.org.br\/transparencia\/index.php?rest_route=\/wp\/v2\/types\/page"}],"author":[{"embeddable":true,"href":"https:\/\/cofecon.org.br\/transparencia\/index.php?rest_route=\/wp\/v2\/users\/16"}],"replies":[{"embeddable":true,"href":"https:\/\/cofecon.org.br\/transparencia\/index.php?rest_route=%2Fwp%2Fv2%2Fcomments&post=10537"}],"version-history":[{"count":16,"href":"https:\/\/cofecon.org.br\/transparencia\/index.php?rest_route=\/wp\/v2\/pages\/10537\/revisions"}],"predecessor-version":[{"id":10708,"href":"https:\/\/cofecon.org.br\/transparencia\/index.php?rest_route=\/wp\/v2\/pages\/10537\/revisions\/10708"}],"wp:attachment":[{"href":"https:\/\/cofecon.org.br\/transparencia\/index.php?rest_route=%2Fwp%2Fv2%2Fmedia&parent=10537"}],"curies":[{"name":"wp","href":"https:\/\/api.w.org\/{rel}","templated":true}]}}