{"id":1012,"date":"2018-04-06T17:58:42","date_gmt":"2018-04-06T17:58:42","guid":{"rendered":"http:\/\/cofecon.org.br\/transparencia\/?page_id=1012"},"modified":"2026-01-28T12:58:13","modified_gmt":"2026-01-28T12:58:13","slug":"rn","status":"publish","type":"page","link":"https:\/\/cofecon.org.br\/transparencia\/?page_id=1012","title":{"rendered":"Corecon &#8211; RN"},"content":{"rendered":"\t\t<div data-elementor-type=\"wp-page\" data-elementor-id=\"1012\" class=\"elementor elementor-1012\">\n\t\t\t\t\t\t<section class=\"elementor-section elementor-top-section elementor-element elementor-element-39c517b6 elementor-section-boxed elementor-section-height-default elementor-section-height-default\" data-id=\"39c517b6\" data-element_type=\"section\">\n\t\t\t\t\t\t<div class=\"elementor-container elementor-column-gap-default\">\n\t\t\t\t\t<div class=\"elementor-column elementor-col-100 elementor-top-column elementor-element elementor-element-5052cc55\" data-id=\"5052cc55\" data-element_type=\"column\">\n\t\t\t<div class=\"elementor-widget-wrap elementor-element-populated\">\n\t\t\t\t\t\t<div class=\"elementor-element elementor-element-2e67d3f4 elementor-widget elementor-widget-text-editor\" data-id=\"2e67d3f4\" data-element_type=\"widget\" data-widget_type=\"text-editor.default\">\n\t\t\t\t<div class=\"elementor-widget-container\">\n\t\t\t\t\t\t\t\t\t<div align=\"left\"><p><img decoding=\"async\" class=\"alignnone size-full wp-image-8878\" src=\"http:\/\/cofecon.org.br\/transparencia\/wp-content\/uploads\/2024\/11\/corecon-21.png\" alt=\"\" width=\"348\" height=\"112\" \/><\/p><div><div align=\"left\"><strong>CONSELHO REGIONAL DE ECONOMIA &#8211; 19\u00aa REGI\u00c3O &#8211; RN<\/strong><br \/><strong>Site:<\/strong> www.corecon-rn.org.br<\/div><div align=\"left\"><strong>E-mail:<\/strong> corecon-rn@corecon-rn.org.br<\/div><div align=\"left\"><strong>CNPJ:<\/strong> 08.390.866\/0001-68<br \/><strong>Endere\u00e7o:<\/strong> Rua Princesa Isabel, 815, Cidade Alta<br \/>Natal \/ RN CEP 59.025-400<br \/><strong>Telefones: <\/strong>(84) 3201-1005 \/ (84) 99827-8599<br \/><strong>Respons\u00e1vel Direto:<\/strong> Reinaldo Orecic e Silva \/ Ger\u00eancia de Finan\u00e7as e Fiscaliza\u00e7\u00e3o \/ (84) 99952-1420<br \/><strong>E-mail:<\/strong> corecon-rn@corecon-rn.org.br<br \/><strong>Presidente:<\/strong> Maria do Socorro Freire C\u00e2mara<br \/><strong>Vice-Presidente:<\/strong> Arthur Henrique Pinheiro N\u00e9o<\/div><\/div><\/div>\t\t\t\t\t\t\t\t<\/div>\n\t\t\t\t<\/div>\n\t\t\t\t\t<\/div>\n\t\t<\/div>\n\t\t\t\t\t<\/div>\n\t\t<\/section>\n\t\t\t\t<\/div>\n\t\t","protected":false},"excerpt":{"rendered":"<p>CONSELHO REGIONAL DE ECONOMIA &#8211; 19\u00aa REGI\u00c3O &#8211; RNSite: www.corecon-rn.org.brE-mail: corecon-rn@corecon-rn.org.brCNPJ: 08.390.866\/0001-68Endere\u00e7o: Rua Princesa Isabel, 815, Cidade AltaNatal \/ RN CEP 59.025-400Telefones: (84) 3201-1005 \/ (84) 99827-8599Respons\u00e1vel Direto: Reinaldo Orecic e Silva \/ Ger\u00eancia de Finan\u00e7as e Fiscaliza\u00e7\u00e3o \/ (84) 99952-1420E-mail: corecon-rn@corecon-rn.org.brPresidente: Maria do Socorro Freire C\u00e2maraVice-Presidente: Arthur Henrique Pinheiro N\u00e9o<\/p>\n","protected":false},"author":11,"featured_media":0,"parent":912,"menu_order":0,"comment_status":"closed","ping_status":"closed","template":"","meta":{"footnotes":""},"class_list":["post-1012","page","type-page","status-publish","hentry"],"_links":{"self":[{"href":"https:\/\/cofecon.org.br\/transparencia\/index.php?rest_route=\/wp\/v2\/pages\/1012"}],"collection":[{"href":"https:\/\/cofecon.org.br\/transparencia\/index.php?rest_route=\/wp\/v2\/pages"}],"about":[{"href":"https:\/\/cofecon.org.br\/transparencia\/index.php?rest_route=\/wp\/v2\/types\/page"}],"author":[{"embeddable":true,"href":"https:\/\/cofecon.org.br\/transparencia\/index.php?rest_route=\/wp\/v2\/users\/11"}],"replies":[{"embeddable":true,"href":"https:\/\/cofecon.org.br\/transparencia\/index.php?rest_route=%2Fwp%2Fv2%2Fcomments&post=1012"}],"version-history":[{"count":33,"href":"https:\/\/cofecon.org.br\/transparencia\/index.php?rest_route=\/wp\/v2\/pages\/1012\/revisions"}],"predecessor-version":[{"id":10449,"href":"https:\/\/cofecon.org.br\/transparencia\/index.php?rest_route=\/wp\/v2\/pages\/1012\/revisions\/10449"}],"up":[{"embeddable":true,"href":"https:\/\/cofecon.org.br\/transparencia\/index.php?rest_route=\/wp\/v2\/pages\/912"}],"wp:attachment":[{"href":"https:\/\/cofecon.org.br\/transparencia\/index.php?rest_route=%2Fwp%2Fv2%2Fmedia&parent=1012"}],"curies":[{"name":"wp","href":"https:\/\/api.w.org\/{rel}","templated":true}]}}