{"id":1009,"date":"2018-04-06T17:55:11","date_gmt":"2018-04-06T17:55:11","guid":{"rendered":"http:\/\/cofecon.org.br\/transparencia\/?page_id=1009"},"modified":"2026-01-28T12:57:02","modified_gmt":"2026-01-28T12:57:02","slug":"se","status":"publish","type":"page","link":"https:\/\/cofecon.org.br\/transparencia\/?page_id=1009","title":{"rendered":"Corecon &#8211; SE"},"content":{"rendered":"\t\t<div data-elementor-type=\"wp-page\" data-elementor-id=\"1009\" class=\"elementor elementor-1009\">\n\t\t\t\t\t\t<section class=\"elementor-section elementor-top-section elementor-element elementor-element-fd3a046 elementor-section-boxed elementor-section-height-default elementor-section-height-default\" data-id=\"fd3a046\" data-element_type=\"section\">\n\t\t\t\t\t\t<div class=\"elementor-container elementor-column-gap-default\">\n\t\t\t\t\t<div class=\"elementor-column elementor-col-100 elementor-top-column elementor-element elementor-element-7774f30e\" data-id=\"7774f30e\" data-element_type=\"column\">\n\t\t\t<div class=\"elementor-widget-wrap elementor-element-populated\">\n\t\t\t\t\t\t<div class=\"elementor-element elementor-element-6579e667 elementor-widget elementor-widget-text-editor\" data-id=\"6579e667\" data-element_type=\"widget\" data-widget_type=\"text-editor.default\">\n\t\t\t\t<div class=\"elementor-widget-container\">\n\t\t\t\t\t\t\t\t\t<div align=\"left\"><p><img decoding=\"async\" src=\"http:\/\/cofecon.org.br\/transparencia\/wp-content\/uploads\/2024\/11\/corecon-26.png\" alt=\"\" width=\"348\" height=\"112\" \/><\/p><div><div align=\"left\"><strong>CONSELHO REGIONAL DE ECONOMIA &#8211; 16\u00aa REGI\u00c3O &#8211; SE<\/strong><br \/><strong>Site:<\/strong> www.corecon-se.org.br<\/div><div align=\"left\"><strong>E-mail:<\/strong> presidencia@corecon-se.org.br; gerenciaexecutiva@coreconse.org.br<\/div><div align=\"left\"><strong>CNPJ:<\/strong> 13.128.152\/0001-16<br \/><strong>Endere\u00e7o:<\/strong> Rua Duque de Caxias, 398 &#8211; S\u00e3o Jos\u00e9<br \/>Aracaju\/SE CEP 49.015-320<br \/><strong>Telefones: <\/strong>(79) 3214-1883<br \/><strong>Respons\u00e1vel Direto:<\/strong> Rob\u00e9rio do N. Bernardo \/ Profissional de Assist\u00eancia ao Economista \/ (79) 3214-1883 \/ (79) 98813-4625 <br \/><strong>E-mail:<\/strong> : roberio.bernardo@corecon-se.org.br<br \/><strong>Presidente:<\/strong> Antonio Porf\u00edrio De Matos Neto<\/div><div align=\"left\"><strong>Vice-Presidente:<\/strong> Fernando Monteiro Marcelino<\/div><\/div><\/div>\t\t\t\t\t\t\t\t<\/div>\n\t\t\t\t<\/div>\n\t\t\t\t\t<\/div>\n\t\t<\/div>\n\t\t\t\t\t<\/div>\n\t\t<\/section>\n\t\t\t\t<\/div>\n\t\t","protected":false},"excerpt":{"rendered":"<p>CONSELHO REGIONAL DE ECONOMIA &#8211; 16\u00aa REGI\u00c3O &#8211; SESite: www.corecon-se.org.brE-mail: presidencia@corecon-se.org.br; gerenciaexecutiva@coreconse.org.brCNPJ: 13.128.152\/0001-16Endere\u00e7o: Rua Duque de Caxias, 398 &#8211; S\u00e3o Jos\u00e9Aracaju\/SE CEP 49.015-320Telefones: (79) 3214-1883Respons\u00e1vel Direto: Rob\u00e9rio do N. Bernardo \/ Profissional de Assist\u00eancia ao Economista \/ (79) 3214-1883 \/ (79) 98813-4625 E-mail: : roberio.bernardo@corecon-se.org.brPresidente: Antonio Porf\u00edrio De Matos NetoVice-Presidente: Fernando Monteiro Marcelino<\/p>\n","protected":false},"author":11,"featured_media":0,"parent":912,"menu_order":0,"comment_status":"closed","ping_status":"closed","template":"","meta":{"footnotes":""},"class_list":["post-1009","page","type-page","status-publish","hentry"],"_links":{"self":[{"href":"https:\/\/cofecon.org.br\/transparencia\/index.php?rest_route=\/wp\/v2\/pages\/1009"}],"collection":[{"href":"https:\/\/cofecon.org.br\/transparencia\/index.php?rest_route=\/wp\/v2\/pages"}],"about":[{"href":"https:\/\/cofecon.org.br\/transparencia\/index.php?rest_route=\/wp\/v2\/types\/page"}],"author":[{"embeddable":true,"href":"https:\/\/cofecon.org.br\/transparencia\/index.php?rest_route=\/wp\/v2\/users\/11"}],"replies":[{"embeddable":true,"href":"https:\/\/cofecon.org.br\/transparencia\/index.php?rest_route=%2Fwp%2Fv2%2Fcomments&post=1009"}],"version-history":[{"count":38,"href":"https:\/\/cofecon.org.br\/transparencia\/index.php?rest_route=\/wp\/v2\/pages\/1009\/revisions"}],"predecessor-version":[{"id":10446,"href":"https:\/\/cofecon.org.br\/transparencia\/index.php?rest_route=\/wp\/v2\/pages\/1009\/revisions\/10446"}],"up":[{"embeddable":true,"href":"https:\/\/cofecon.org.br\/transparencia\/index.php?rest_route=\/wp\/v2\/pages\/912"}],"wp:attachment":[{"href":"https:\/\/cofecon.org.br\/transparencia\/index.php?rest_route=%2Fwp%2Fv2%2Fmedia&parent=1009"}],"curies":[{"name":"wp","href":"https:\/\/api.w.org\/{rel}","templated":true}]}}