{"id":1000,"date":"2018-04-06T17:50:35","date_gmt":"2018-04-06T17:50:35","guid":{"rendered":"http:\/\/cofecon.org.br\/transparencia\/?page_id=1000"},"modified":"2026-01-28T12:52:08","modified_gmt":"2026-01-28T12:52:08","slug":"pi","status":"publish","type":"page","link":"https:\/\/cofecon.org.br\/transparencia\/?page_id=1000","title":{"rendered":"Corecon &#8211; PI"},"content":{"rendered":"\t\t<div data-elementor-type=\"wp-page\" data-elementor-id=\"1000\" class=\"elementor elementor-1000\">\n\t\t\t\t\t\t<section class=\"elementor-section elementor-top-section elementor-element elementor-element-4be73ff6 elementor-section-boxed elementor-section-height-default elementor-section-height-default\" data-id=\"4be73ff6\" data-element_type=\"section\">\n\t\t\t\t\t\t<div class=\"elementor-container elementor-column-gap-default\">\n\t\t\t\t\t<div class=\"elementor-column elementor-col-100 elementor-top-column elementor-element elementor-element-249e150a\" data-id=\"249e150a\" data-element_type=\"column\">\n\t\t\t<div class=\"elementor-widget-wrap elementor-element-populated\">\n\t\t\t\t\t\t<div class=\"elementor-element elementor-element-550e1547 elementor-widget elementor-widget-text-editor\" data-id=\"550e1547\" data-element_type=\"widget\" data-widget_type=\"text-editor.default\">\n\t\t\t\t<div class=\"elementor-widget-container\">\n\t\t\t\t\t\t\t\t\t<div align=\"left\"><p><img decoding=\"async\" class=\"alignnone size-full wp-image-8875\" src=\"http:\/\/cofecon.org.br\/transparencia\/wp-content\/uploads\/2024\/11\/corecon-18.png\" alt=\"\" width=\"348\" height=\"112\" \/><\/p><div><div align=\"left\"><strong>CONSELHO REGIONAL DE ECONOMIA &#8211; 22\u00aa REGI\u00c3O &#8211; PI<\/strong><br \/><strong>Site:<\/strong> www.corecon-pi.org.br<\/div><div align=\"left\"><strong>E-mail:<\/strong> coreconpi@corecon-pi.org.br; corecon.pi@gmail.com<\/div><div align=\"left\"><strong>CNPJ:<\/strong> 06.732.317\/0001-07<br \/><strong>Endere\u00e7o:<\/strong> Avenida J\u00f3quei Clube, 299, Edif\u00edcio Eurobusiness, sala 603, J\u00f3quei<br \/>Teresina \/ PI CEP 64.049-917<br \/><strong>Telefones:<\/strong>(86) 3221-7337 \/ (86) 98811-4564 (whats)<br \/><strong>Respons\u00e1vel Direto:<\/strong> Maria do Esp\u00edrito Santo Gon\u00e7alves de Oliveira Silva \/ Secret\u00e1ria Executiva \/ (86)98868-0016<br \/><strong>E-mail:<\/strong> mesgosilva@gmail.com<br \/><strong>Presidente:<\/strong> Clarissa Fl\u00e1via Santos Ara\u00fajo<br \/><strong>Vice-Presidente:<\/strong> Dorgilan Rodrigues da Cruz<\/div><\/div><\/div>\t\t\t\t\t\t\t\t<\/div>\n\t\t\t\t<\/div>\n\t\t\t\t\t<\/div>\n\t\t<\/div>\n\t\t\t\t\t<\/div>\n\t\t<\/section>\n\t\t\t\t<\/div>\n\t\t","protected":false},"excerpt":{"rendered":"<p>CONSELHO REGIONAL DE ECONOMIA &#8211; 22\u00aa REGI\u00c3O &#8211; PISite: www.corecon-pi.org.brE-mail: coreconpi@corecon-pi.org.br; corecon.pi@gmail.comCNPJ: 06.732.317\/0001-07Endere\u00e7o: Avenida J\u00f3quei Clube, 299, Edif\u00edcio Eurobusiness, sala 603, J\u00f3queiTeresina \/ PI CEP 64.049-917Telefones:(86) 3221-7337 \/ (86) 98811-4564 (whats)Respons\u00e1vel Direto: Maria do Esp\u00edrito Santo Gon\u00e7alves de Oliveira Silva \/ Secret\u00e1ria Executiva \/ (86)98868-0016E-mail: mesgosilva@gmail.comPresidente: Clarissa Fl\u00e1via Santos Ara\u00fajoVice-Presidente: Dorgilan Rodrigues da Cruz<\/p>\n","protected":false},"author":11,"featured_media":0,"parent":912,"menu_order":0,"comment_status":"closed","ping_status":"closed","template":"","meta":{"footnotes":""},"class_list":["post-1000","page","type-page","status-publish","hentry"],"_links":{"self":[{"href":"https:\/\/cofecon.org.br\/transparencia\/index.php?rest_route=\/wp\/v2\/pages\/1000"}],"collection":[{"href":"https:\/\/cofecon.org.br\/transparencia\/index.php?rest_route=\/wp\/v2\/pages"}],"about":[{"href":"https:\/\/cofecon.org.br\/transparencia\/index.php?rest_route=\/wp\/v2\/types\/page"}],"author":[{"embeddable":true,"href":"https:\/\/cofecon.org.br\/transparencia\/index.php?rest_route=\/wp\/v2\/users\/11"}],"replies":[{"embeddable":true,"href":"https:\/\/cofecon.org.br\/transparencia\/index.php?rest_route=%2Fwp%2Fv2%2Fcomments&post=1000"}],"version-history":[{"count":33,"href":"https:\/\/cofecon.org.br\/transparencia\/index.php?rest_route=\/wp\/v2\/pages\/1000\/revisions"}],"predecessor-version":[{"id":10436,"href":"https:\/\/cofecon.org.br\/transparencia\/index.php?rest_route=\/wp\/v2\/pages\/1000\/revisions\/10436"}],"up":[{"embeddable":true,"href":"https:\/\/cofecon.org.br\/transparencia\/index.php?rest_route=\/wp\/v2\/pages\/912"}],"wp:attachment":[{"href":"https:\/\/cofecon.org.br\/transparencia\/index.php?rest_route=%2Fwp%2Fv2%2Fmedia&parent=1000"}],"curies":[{"name":"wp","href":"https:\/\/api.w.org\/{rel}","templated":true}]}}