{"id":701,"date":"2017-01-02T08:28:52","date_gmt":"2017-01-02T08:28:52","guid":{"rendered":"https:\/\/demo.themegrill.com\/flash-default-2\/?page_id=5"},"modified":"2025-01-29T15:59:22","modified_gmt":"2025-01-29T18:59:22","slug":"home","status":"publish","type":"page","link":"https:\/\/cofecon.org.br\/comissoes\/","title":{"rendered":"Home"},"content":{"rendered":"<div id=\"pl-701\"  class=\"panel-layout\" ><div id=\"pg-701-0\"  class=\"panel-grid panel-no-style\" ><div id=\"pgc-701-0-0\"  class=\"panel-grid-cell\" ><div id=\"panel-701-0-0-0\" class=\"so-panel widget widget_themegrill_flash_image tg-widget tg-image-widget panel-first-child panel-last-child\" data-index=\"0\" ><div class=\"panel-widget-style panel-widget-style-for-701-0-0-0\" >\t<img decoding=\"async\" src=\"https:\/\/cofecon.org.br\/comissoes\/wp-content\/uploads\/2025\/01\/banner-comissoes.png\" \/>\n<\/div><\/div><\/div><\/div><div id=\"pg-701-1\"  class=\"panel-grid panel-has-style\" ><div class=\"panel-row-style panel-row-style-for-701-1\" ><div id=\"pgc-701-1-0\"  class=\"panel-grid-cell\" ><div id=\"panel-701-1-0-0\" class=\"so-panel widget widget_themegrill_flash_service tg-widget tg-single-service panel-first-child panel-last-child\" data-index=\"1\" >\n<div class=\"tg-service-widget tg-service-layout-1\">\n\t<div class=\"service-wrapper\">\n\t\t<div class=\"service-icon-title-wrapper clearfix\">\n\t\t\t\t\t\t<div class=\"service-icon-wrap\"><i class=\"fa fa-book\"><\/i><\/div>\n\t\t\t\t\t\t\t\t\t\t\t\t<h3 class=\"service-title-wrap\">\n\t\t\t\t\t\t\t\t<a href=\"https:\/\/cofecon.org.br\/comissoes\/?page_id=1927\">\n\t\t\t\tPrograma de Trabalho do Cofecon\t\t\t\t\t\t\t\t<\/a>\n\t\t\t\t\t\t\t<\/h3>\n\t\t\t\t\t<\/div>\n\t\t\t\t<div class=\"service-content-wrap\">As a\u00e7\u00f5es a serem desenvolvidas nesta gest\u00e3o est\u00e3o divididas nos seguintes grupos: a\u00e7\u00f5es institucionais com o objetivo de fortalecer a imagem do Cofecon e de economistas junto \u00e0 sociedade e a\u00e7\u00f5es administrativas.<\/div>\n\t\t\t\t\t\t<a class=\"service-more\" href=\"https:\/\/cofecon.org.br\/comissoes\/?page_id=1927\">Saiba Mais<\/a>\n\t\t\t<\/div>\n<\/div>\n<\/div><\/div><div id=\"pgc-701-1-1\"  class=\"panel-grid-cell\" ><div id=\"panel-701-1-1-0\" class=\"so-panel widget widget_themegrill_flash_service tg-widget tg-single-service panel-first-child panel-last-child\" data-index=\"2\" >\n<div class=\"tg-service-widget tg-service-layout-1\">\n\t<div class=\"service-wrapper\">\n\t\t<div class=\"service-icon-title-wrapper clearfix\">\n\t\t\t\t\t\t<div class=\"service-icon-wrap\"><i class=\"fa fa-columns\"><\/i><\/div>\n\t\t\t\t\t\t\t\t\t\t\t\t<h3 class=\"service-title-wrap\">\n\t\t\t\t\t\t\t\t<a href=\"https:\/\/cofecon.org.br\/comissoes\/?page_id=1125\">\n\t\t\t\tQuadro Geral de Comiss\u00f5es de Trabalho\t\t\t\t\t\t\t\t<\/a>\n\t\t\t\t\t\t\t<\/h3>\n\t\t\t\t\t<\/div>\n\t\t\t\t<div class=\"service-content-wrap\">Quadro das comiss\u00f5es<\/div>\n\t\t\t\t\t\t<a class=\"service-more\" href=\"https:\/\/cofecon.org.br\/comissoes\/?page_id=1125\">Saiba Mais<\/a>\n\t\t\t<\/div>\n<\/div>\n<\/div><\/div><\/div><\/div><div id=\"pg-701-2\"  class=\"panel-grid panel-has-style\" ><div class=\"panel-row-style panel-row-style-for-701-2\" ><div id=\"pgc-701-2-0\"  class=\"panel-grid-cell\" ><div id=\"panel-701-2-0-0\" class=\"so-panel widget widget_siteorigin-panels-builder panel-first-child panel-last-child\" data-index=\"3\" ><div id=\"pl-w679a7a8a63e0c\"  class=\"panel-layout\" ><div id=\"pg-w679a7a8a63e0c-0\"  class=\"panel-grid panel-no-style\" ><div id=\"pgc-w679a7a8a63e0c-0-0\"  class=\"panel-grid-cell\" ><div id=\"panel-w679a7a8a63e0c-0-0-0\" class=\"so-panel widget widget_themegrill_flash_heading tg-widget section-title-wrapper panel-first-child panel-last-child\" data-index=\"0\" >\t<h3 class=\"section-title\">Comiss\u00f5es de Trabalho<\/h3>\n<\/div><\/div><\/div><div id=\"pg-w679a7a8a63e0c-1\"  class=\"panel-grid panel-no-style\" ><div id=\"pgc-w679a7a8a63e0c-1-0\"  class=\"panel-grid-cell\" ><div id=\"panel-w679a7a8a63e0c-1-0-0\" class=\"widget_text so-panel widget widget_custom_html panel-first-child panel-last-child\" data-index=\"1\" ><div class=\"textwidget custom-html-widget\"><a href=\"https:\/\/cofecon.org.br\/comissoes\/?page_id=1125\"><img decoding=\"async\" src=\"https:\/\/cofecon.org.br\/comissoes\/wp-content\/uploads\/2025\/01\/1-14.png\"><\/a>\n\n<div align=\"center\">\n\t<a href=\"https:\/\/cofecon.org.br\/comissoes\/?page_id=1125\">O Plen\u00e1rio do Cofecon, na primeira Sess\u00e3o anual, eleger\u00e1 duas comiss\u00f5es permanentes, a Comiss\u00e3o de Tomada de Contas e a Comiss\u00e3o de Licita\u00e7\u00e3o. As Comiss\u00f5es Tem\u00e1ticas ser\u00e3o criadas em fun\u00e7\u00e3o do Programa de Trabalho apresentado pelo Presidente e aprovadas pelo Plen\u00e1rio, as quais ter\u00e3o atribui\u00e7\u00f5es espec\u00edficas voltadas para quest\u00f5es dos interesses da ci\u00eancia econ\u00f4mica, dos profissionais economistas e dos \u00f3rg\u00e3os que integram o Sistema Cofecon\/Corecons.<\/a>\n<\/div>\n<\/div><\/div><\/div><div id=\"pgc-w679a7a8a63e0c-1-1\"  class=\"panel-grid-cell\" ><div id=\"panel-w679a7a8a63e0c-1-1-0\" class=\"widget_text so-panel widget widget_custom_html panel-first-child panel-last-child\" data-index=\"2\" ><div class=\"textwidget custom-html-widget\"><a href=\"https:\/\/cofecon.org.br\/comissoes\/?page_id=1927\"><img decoding=\"async\" src=\"https:\/\/cofecon.org.br\/comissoes\/wp-content\/uploads\/2025\/01\/2-14.png\"><\/a>\n\n<div align=\"center\">\n\t<a href=\"https:\/\/cofecon.org.br\/comissoes\/?page_id=1927\">Os Grupos de Trabalho s\u00e3o criados para atender objetivos ou realizar estudos espec\u00edficos e t\u00eam sua dura\u00e7\u00e3o vinculada a conclus\u00e3o das atividades \u00e0s quais deram origem.<\/a>\n<\/div>\n<\/div><\/div><\/div><\/div><\/div><\/div><\/div><\/div><\/div><\/div>","protected":false},"excerpt":{"rendered":"<p>Programa de Trabalho do Cofecon As a\u00e7\u00f5es a serem desenvolvidas nesta gest\u00e3o est\u00e3o divididas nos seguintes grupos: a\u00e7\u00f5es institucionais com [&hellip;]<\/p>\n","protected":false},"author":1,"featured_media":0,"parent":0,"menu_order":0,"comment_status":"closed","ping_status":"closed","template":"page-templates\/pagebuilder.php","meta":{"footnotes":""},"class_list":["post-701","page","type-page","status-publish","hentry"],"_links":{"self":[{"href":"https:\/\/cofecon.org.br\/comissoes\/index.php?rest_route=\/wp\/v2\/pages\/701","targetHints":{"allow":["GET"]}}],"collection":[{"href":"https:\/\/cofecon.org.br\/comissoes\/index.php?rest_route=\/wp\/v2\/pages"}],"about":[{"href":"https:\/\/cofecon.org.br\/comissoes\/index.php?rest_route=\/wp\/v2\/types\/page"}],"author":[{"embeddable":true,"href":"https:\/\/cofecon.org.br\/comissoes\/index.php?rest_route=\/wp\/v2\/users\/1"}],"replies":[{"embeddable":true,"href":"https:\/\/cofecon.org.br\/comissoes\/index.php?rest_route=%2Fwp%2Fv2%2Fcomments&post=701"}],"version-history":[{"count":204,"href":"https:\/\/cofecon.org.br\/comissoes\/index.php?rest_route=\/wp\/v2\/pages\/701\/revisions"}],"predecessor-version":[{"id":2807,"href":"https:\/\/cofecon.org.br\/comissoes\/index.php?rest_route=\/wp\/v2\/pages\/701\/revisions\/2807"}],"wp:attachment":[{"href":"https:\/\/cofecon.org.br\/comissoes\/index.php?rest_route=%2Fwp%2Fv2%2Fmedia&parent=701"}],"curies":[{"name":"wp","href":"https:\/\/api.w.org\/{rel}","templated":true}]}}