{"id":1808,"date":"2017-07-03T09:56:04","date_gmt":"2017-07-03T12:56:04","guid":{"rendered":"http:\/\/www.cofecon.org.br\/?page_id=1808"},"modified":"2017-07-03T09:56:04","modified_gmt":"2017-07-03T12:56:04","slug":"estudos","status":"publish","type":"page","link":"https:\/\/cofecon.org.br\/cofecon\/?page_id=1808","title":{"rendered":"Estudos"},"content":{"rendered":"<h3><strong>Estudos das Comiss\u00f5es de Pol\u00edtica Econ\u00f4mica e de Desenvolvimento Regional<\/strong><\/h3>\n<p><strong>\u00a0<a href=\"http:\/\/www.cofecon.org.br\/2017\/03\/31\/homepublicacoesnoticiaspresidente-do-cofecon-divulga-estudo-sobre-o-mercado-de-trabalho-no-df-presidente-do-cofecon-divulga-estudo-sobre-o-mercado-de-trabalho-no-df\/\">Mercado de Trabalho no DF.<\/a><\/strong><\/p>\n<p><a href=\"http:\/\/www.cofecon.org.br\/2017\/03\/31\/homepublicacoesnoticiaspresidente-do-cofecon-divulga-estudo-sobre-o-mercado-de-trabalho-no-df-presidente-do-cofecon-divulga-estudo-sobre-o-mercado-de-trabalho-no-df\/\"><img loading=\"lazy\" decoding=\"async\" class=\"alignnone  wp-image-1713\" src=\"http:\/\/www.cofecon.org.br\/wp-content\/uploads\/2017\/06\/be55b306e34639ae0dc08dd36054cde7-300x204.jpg\" alt=\"\" width=\"404\" height=\"275\" srcset=\"https:\/\/cofecon.org.br\/cofecon\/wp-content\/uploads\/2017\/06\/be55b306e34639ae0dc08dd36054cde7-300x204.jpg 300w, https:\/\/cofecon.org.br\/cofecon\/wp-content\/uploads\/2017\/06\/be55b306e34639ae0dc08dd36054cde7-768x523.jpg 768w, https:\/\/cofecon.org.br\/cofecon\/wp-content\/uploads\/2017\/06\/be55b306e34639ae0dc08dd36054cde7-800x545.jpg 800w, https:\/\/cofecon.org.br\/cofecon\/wp-content\/uploads\/2017\/06\/be55b306e34639ae0dc08dd36054cde7.jpg 847w\" sizes=\"(max-width: 404px) 100vw, 404px\" \/><\/a><\/p>\n<p><a href=\"http:\/\/cofecon.org.br\/\/downloads\/estudos\/SociedadeTributacao-PauloDantas.pdf\"><strong>Sociedade e Tributa\u00e7\u00e3o.<\/strong><\/a><\/p>\n<p><a href=\"http:\/\/cofecon.org.br\/\/downloads\/estudos\/SociedadeTributacao-PauloDantas.pdf\"><img loading=\"lazy\" decoding=\"async\" class=\"alignnone  wp-image-1712\" src=\"http:\/\/www.cofecon.org.br\/wp-content\/uploads\/2017\/06\/moedas-troco-300x169.jpg\" alt=\"\" width=\"415\" height=\"234\" srcset=\"https:\/\/cofecon.org.br\/cofecon\/wp-content\/uploads\/2017\/06\/moedas-troco-300x169.jpg 300w, https:\/\/cofecon.org.br\/cofecon\/wp-content\/uploads\/2017\/06\/moedas-troco.jpg 597w\" sizes=\"(max-width: 415px) 100vw, 415px\" \/><\/a><\/p>\n<p><strong><a href=\"http:\/\/cofecon.org.br\/downloads\/estudos\/AnaliseComparativaSPDF.pdf\">An\u00e1lise comparativa das discrep\u00e2ncias entre rendimentos dos assalariados do setor p\u00fablico<\/a><br \/>\n <\/strong><a href=\"http:\/\/cofecon.org.br\/downloads\/estudos\/AnaliseComparativaSPDF.pdf\"><strong>e do setor privado na regi\u00e3o metropolitana de S\u00e3o Paulo e no Distrito Federal: 1992 a 2011.<\/strong><\/a><\/p>\n<p><a href=\"http:\/\/cofecon.org.br\/downloads\/estudos\/AnaliseComparativaSPDF.pdf\"><img loading=\"lazy\" decoding=\"async\" class=\"alignnone  wp-image-1717\" src=\"http:\/\/www.cofecon.org.br\/wp-content\/uploads\/2017\/06\/f1b84938f98bef29e49f2b31bd7a27f13bd56128_destinos_sp_bh-1-300x269.jpg\" alt=\"\" width=\"423\" height=\"379\" srcset=\"https:\/\/cofecon.org.br\/cofecon\/wp-content\/uploads\/2017\/06\/f1b84938f98bef29e49f2b31bd7a27f13bd56128_destinos_sp_bh-1-300x269.jpg 300w, https:\/\/cofecon.org.br\/cofecon\/wp-content\/uploads\/2017\/06\/f1b84938f98bef29e49f2b31bd7a27f13bd56128_destinos_sp_bh-1.jpg 370w\" sizes=\"(max-width: 423px) 100vw, 423px\" \/><\/a><\/p>\n","protected":false},"excerpt":{"rendered":"<p>Estudos das Comiss\u00f5es de Pol\u00edtica Econ\u00f4mica e de Desenvolvimento Regional \u00a0Mercado de Trabalho no DF. Sociedade e Tributa\u00e7\u00e3o. An\u00e1lise comparativa das discrep\u00e2ncias entre rendimentos dos assalariados do setor p\u00fablico e do setor privado na regi\u00e3o metropolitana de S\u00e3o Paulo e<\/p>\n<p><a class=\"more-link\" href=\"https:\/\/cofecon.org.br\/cofecon\/?page_id=1808\">Leia Mais<\/a><\/p>\n","protected":false},"author":1,"featured_media":0,"parent":0,"menu_order":0,"comment_status":"closed","ping_status":"closed","template":"","meta":{"footnotes":""},"class_list":["post-1808","page","type-page","status-publish","hentry"],"_links":{"self":[{"href":"https:\/\/cofecon.org.br\/cofecon\/index.php?rest_route=\/wp\/v2\/pages\/1808"}],"collection":[{"href":"https:\/\/cofecon.org.br\/cofecon\/index.php?rest_route=\/wp\/v2\/pages"}],"about":[{"href":"https:\/\/cofecon.org.br\/cofecon\/index.php?rest_route=\/wp\/v2\/types\/page"}],"author":[{"embeddable":true,"href":"https:\/\/cofecon.org.br\/cofecon\/index.php?rest_route=\/wp\/v2\/users\/1"}],"replies":[{"embeddable":true,"href":"https:\/\/cofecon.org.br\/cofecon\/index.php?rest_route=%2Fwp%2Fv2%2Fcomments&post=1808"}],"version-history":[{"count":0,"href":"https:\/\/cofecon.org.br\/cofecon\/index.php?rest_route=\/wp\/v2\/pages\/1808\/revisions"}],"wp:attachment":[{"href":"https:\/\/cofecon.org.br\/cofecon\/index.php?rest_route=%2Fwp%2Fv2%2Fmedia&parent=1808"}],"curies":[{"name":"wp","href":"https:\/\/api.w.org\/{rel}","templated":true}]}}