{"id":170,"date":"2017-03-13T13:21:16","date_gmt":"2017-03-13T16:21:16","guid":{"rendered":"http:\/\/www.cofecon.org.br\/?page_id=170"},"modified":"2026-03-30T11:06:22","modified_gmt":"2026-03-30T14:06:22","slug":"composicao-do-conselho","status":"publish","type":"page","link":"https:\/\/cofecon.org.br\/cofecon\/?page_id=170","title":{"rendered":"Composi\u00e7\u00e3o do Conselho"},"content":{"rendered":"<p align=\"center\"><img loading=\"lazy\" decoding=\"async\" class=\"alignnone wp-image-27137 size-medium\" src=\"https:\/\/cofecon.org.br\/cofecon\/wp-content\/uploads\/2026\/01\/MG_0164-1-200x300.png\" alt=\"\" width=\"200\" height=\"300\" srcset=\"https:\/\/cofecon.org.br\/cofecon\/wp-content\/uploads\/2026\/01\/MG_0164-1-200x300.png 200w, https:\/\/cofecon.org.br\/cofecon\/wp-content\/uploads\/2026\/01\/MG_0164-1-683x1024.png 683w, https:\/\/cofecon.org.br\/cofecon\/wp-content\/uploads\/2026\/01\/MG_0164-1-768x1152.png 768w, https:\/\/cofecon.org.br\/cofecon\/wp-content\/uploads\/2026\/01\/MG_0164-1-1024x1536.png 1024w, https:\/\/cofecon.org.br\/cofecon\/wp-content\/uploads\/2026\/01\/MG_0164-1-1365x2048.png 1365w, https:\/\/cofecon.org.br\/cofecon\/wp-content\/uploads\/2026\/01\/MG_0164-1-800x1200.png 800w\" sizes=\"(max-width: 200px) 100vw, 200px\" \/><br \/>\nTania Cristina Teixeira<br \/>\n<strong>Presidenta<\/strong><\/p>\n<p align=\"center\"><span data-teams=\"true\">Graduada em Ci\u00eancias Econ\u00f4micas e Ci\u00eancias Cont\u00e1beis pela Pontif\u00edcia Universidade Cat\u00f3lica de Minas Gerais (PUC Minas), com especializa\u00e7\u00e3o em Pol\u00edticas Econ\u00f4micas pela mesma institui\u00e7\u00e3o, mestrado em Ci\u00eancia Pol\u00edtica pelo Departamento de Ci\u00eancia Pol\u00edtica Universidade Federal de Minas Gerais (DCP\/UFMG), mestrado Master-DEA e doutorado em Economia Aplicada pela Universidade de Val\u00eancia, Espanha. Professora do Departamento de Economia da PUC Minas, atua como Coordenadora de Extens\u00e3o Universit\u00e1ria e de Monografia e \u00e9 orientadora de pesquisas na \u00e1rea de economia, mercado de trabalho, desenvolvimento econ\u00f4mico regional e local, desenvolvimento sustent\u00e1vel, economia social, economia criativa e circular. Foi conselheira do Corecon-MG por dois mandatos e presidenta em 2020, 2021 e 2022. \u00c9 conselheira do Cofecon desde 2024 e presidenta desde 2025.<\/span><\/p>\n<p align=\"center\"><img loading=\"lazy\" decoding=\"async\" class=\"alignnone size-full wp-image-24383\" src=\"https:\/\/cofecon.org.br\/cofecon\/wp-content\/uploads\/2025\/01\/JoaoManoel.png\" alt=\"\" width=\"213\" height=\"318\" \/><\/p>\n<p align=\"center\">Jo\u00e3o Manoel Gon\u00e7alves Barbosa<strong><br \/>\nVice-Presidente<\/strong><\/p>\n<p align=\"center\"><span data-teams=\"true\">Graduado em Ci\u00eancias Econ\u00f4mica pela Faculdade de Ci\u00eancias Pol\u00edticas e Econ\u00f4micas do Rio de Janeiro em 1973, com curso de p\u00f3s-gradua\u00e7\u00e3o em Economia Mineral pela Funda\u00e7\u00e3o Get\u00falio Vargas\/PLANFAP e curso de mestrado em Administra\u00e7\u00e3o e Pol\u00edtica de Recursos Minerais pelo Instituto de Geoci\u00eancias da Universidade Estadual de Campinas (Unicamp). Trabalhou na Ind\u00fastrias Nucleares do Brasil S.A. de 1979 a 2019. Foi conselheiro e presidente do Conselho Regional de Economia do Rio de Janeiro, al\u00e9m de diretor, presidente e coordenador do Sindicato dos Economistas do Estado do Rio de Janeiro. \u00c9 consultor de empresas p\u00fablicas e privadas.<\/span><\/p>\n<p align=\"center\"><strong>* * * * * <\/strong><\/p>\n<div align=\"center\">\n<table>\n<tbody>\n<tr>\n<td style=\"text-align: center;\" colspan=\"2\" rowspan=\"1\"><strong>CONSELHEIROS FEDERAIS<\/strong><\/td>\n<\/tr>\n<tr>\n<td colspan=\"2\"><strong>\u00a0<\/strong><\/td>\n<\/tr>\n<tr>\n<td style=\"text-align: center;\"><strong>Efetivos<\/strong><\/td>\n<td><strong>Suplentes<\/strong><\/td>\n<\/tr>\n<tr>\n<td colspan=\"2\" rowspan=\"1\"><strong>1\u00ba TER\u00c7O (2025-2027)<\/strong><\/td>\n<\/tr>\n<tr>\n<td>Elis Braga Licks<\/td>\n<td>Clovis Benoni Meurer<\/td>\n<\/tr>\n<tr>\n<td>Fab\u00edola Andr\u00e9a Leite de Paula<\/td>\n<td>Frednan Bezerra dos Santos<\/td>\n<\/tr>\n<tr>\n<td>Gustavo Casseb Pessoti<\/td>\n<td>Jos\u00e9 Luiz Pagnussat<\/td>\n<\/tr>\n<tr>\n<td>Lucia dos Santos Garcia<\/td>\n<td>Jos\u00e9 Antonio Lutterbach Soares<\/td>\n<\/tr>\n<tr>\n<td>Pedro Afonso Gomes<\/td>\n<td>Maur\u00edlio Proc\u00f3pio Gomes<\/td>\n<\/tr>\n<tr>\n<td>Teresinha de Jesus Ferreira da Silva<\/td>\n<td>Paulo Dantas da Costa<\/td>\n<\/tr>\n<tr>\n<td colspan=\"2\" rowspan=\"1\"><strong>2\u00ba TER\u00c7O (2026\u20132028)<\/strong><\/td>\n<\/tr>\n<tr>\n<td>Carlos Magno Andrioli Bittencourt<\/td>\n<td>Gustavo Souto de Noronha<\/td>\n<\/tr>\n<tr>\n<td>Fl\u00e1via Vinhaes Santos<\/td>\n<td>Hudson Garcia da Silva<\/td>\n<\/tr>\n<tr>\n<td>Janine da Silva Alves Bello<\/td>\n<td>Jos\u00e9lia Souza de Brito<\/td>\n<\/tr>\n<tr>\n<td>J\u00falio Fl\u00e1vio Gameiro Miragaya<\/td>\n<td>Kleber Ant\u00f4nio da Costa Mour\u00e3o<\/td>\n<\/tr>\n<tr>\n<td>Odilon Guedes Pinto J\u00fanior<\/td>\n<td>Sergio Roberto Rodrigues<\/td>\n<\/tr>\n<tr>\n<td>Wellington Leonardo da Silva<\/td>\n<td>Vicente Ferrer Augusto Gon\u00e7alves<\/td>\n<\/tr>\n<tr>\n<td colspan=\"2\" rowspan=\"1\"><strong>3\u00ba TER\u00c7O (2024-2026)<\/strong><\/td>\n<\/tr>\n<tr>\n<td>Claudemir Galvani<\/td>\n<td>Ana Cl\u00e1udia de A. Arruda Laprovitera<\/td>\n<\/tr>\n<tr>\n<td>Jo\u00e3o Manoel Gon\u00e7alves Barbosa<\/td>\n<td>Antonio Corr\u00eaa de Lacerda<\/td>\n<\/tr>\n<tr>\n<td>Kerssia Preda Kamenach<\/td>\n<td>Ant\u00f4nio de P\u00e1dua Ubirajara e Silva<\/td>\n<\/tr>\n<tr>\n<td>Maria do Socorro Erculano de Lima<\/td>\n<td>Cid Cordeiro Silva<\/td>\n<\/tr>\n<tr>\n<td>Paulo Hermance Paiva<\/td>\n<td>Evaldo da Silva<\/td>\n<\/tr>\n<tr>\n<td>Tania Cristina Teixeira<\/td>\n<td>Noel Leite da Silva<\/td>\n<\/tr>\n<\/tbody>\n<\/table>\n<p><strong>* * * * *<\/strong><\/p>\n<\/div>\n<p align=\"center\">Aline Tales Ferreira<br \/>\n<strong>Superintendente<\/strong><\/p>\n<p align=\"center\">F\u00e1bio Ronan Miranda Alves<br \/>\n<strong>Procurador Geral<\/strong><\/p>\n<p align=\"center\">Ana Claudia Ramos Pinto<br \/>\n<strong>Coordenadora<\/strong><\/p>\n<p align=\"center\">Renata Reis Almeida<br \/>\n<strong>Coordenadora de Comunica\u00e7\u00e3o<\/strong><\/p>\n<p align=\"center\">Jane Lopes da Silva<br \/>\n<strong>Assessora da Presid\u00eancia e do Plen\u00e1rio<\/strong><\/p>\n<p align=\"center\">Caio da Rocha Santos<br \/>\n<span data-darkreader-inline-color=\"\">Edna Barroso Machado<br \/>\n<\/span><span data-darkreader-inline-color=\"\">Manoel Jos\u00e9 Castanho<br \/>\n<\/span><span data-darkreader-inline-color=\"\">Paulo Roberto Samuel Alves J\u00fanior<br \/>\n<\/span><span data-darkreader-inline-color=\"\">Raquel Passos da Silva Ara\u00fajo<br \/>\n<\/span><span data-darkreader-inline-color=\"\">Rielisson Barbosa de Moura<br \/>\n<\/span><b data-darkreader-inline-color=\"\">Assessores<\/b><\/p>\n<p align=\"center\"><strong>Profissional de Atividade Estrat\u00e9gica &#8211; PAE<br \/>\n<\/strong><\/p>\n<p align=\"center\">Maria Aparecida Carneiro<br \/>\n<strong>Economista<\/strong><\/p>\n<p align=\"center\"><strong>Profissional de Suporte T\u00e9cnico \u2013 PST<\/strong><\/p>\n<p align=\"center\">Daniel Nunes de Oliveira <span dir=\"ltr\">\u2013<\/span><strong><span dir=\"ltr\">Supervisor Administrativo<\/span><br \/>\n<\/strong>Danielle Costa Barbosa Girotto <span dir=\"ltr\">\u2013\u00a0<\/span><strong><span dir=\"ltr\">Atua\u00e7\u00e3o em Processos Licitat\u00f3rios\/Departamento Pessoal<\/span><br \/>\n<\/strong>Jo\u00e3o Henrique Vieira Costa <span dir=\"ltr\">\u2013 <\/span><strong><span dir=\"ltr\">Suporte em Tecnologia da Informa\u00e7\u00e3o<\/span><br \/>\n<\/strong>Lilian de Souza Barbosa \u2013\u00a0<strong>Supervisora de Processos Licitat\u00f3rios<\/strong><\/p>\n<p align=\"center\">Amanda dos Santos Domingues<br \/>\nBeatriz Ribeiro Nogueira<br \/>\n<span data-teams=\"true\">Eduardo Moura Lima<br \/>\n<\/span><span data-teams=\"true\">Jo\u00e3o Victor Valois Silva<br \/>\nIgor de Oliveira Faustino<br \/>\nLu\u00edza Nogueira de Moura Freitas<\/span><strong><span data-darkreader-inline-color=\"\"><br \/>\n<\/span>Estagi\u00e1rios<\/strong><b><\/b><\/p>\n<p align=\"center\"><strong>CONSELHO FEDERAL DE ECONOMIA<br \/>\n<\/strong><\/p>\n<p align=\"center\"><strong>Setor Comercial Sul, Quadra 02, Bloco B, Sala 1201 \u2013 Ed. Pal\u00e1cio do Com\u00e9rcio<br \/>\n70318-900 \u2013 Bras\u00edlia\/DF<br \/>\nHor\u00e1rio de Atendimento:<br \/>\nSegunda-feira \u00e0 Sexta-feira, das 9h \u00e0s 18h<br \/>\nTel: (61) 3208-1800, (61) 3202-3009<br \/>\nE-mail:\u00a0<a href=\"mailto:cofecon@cofecon.org.br\">cofecon@cofecon.org.br<\/a><\/strong><\/p>\n","protected":false},"excerpt":{"rendered":"<p>Tania Cristina Teixeira Presidenta Graduada em Ci\u00eancias Econ\u00f4micas e Ci\u00eancias Cont\u00e1beis pela Pontif\u00edcia Universidade Cat\u00f3lica de Minas Gerais (PUC Minas), com especializa\u00e7\u00e3o em Pol\u00edticas Econ\u00f4micas pela mesma institui\u00e7\u00e3o, mestrado em Ci\u00eancia Pol\u00edtica pelo Departamento de Ci\u00eancia Pol\u00edtica Universidade Federal de<\/p>\n<p><a class=\"more-link\" href=\"https:\/\/cofecon.org.br\/cofecon\/?page_id=170\">Leia Mais<\/a><\/p>\n","protected":false},"author":1,"featured_media":0,"parent":0,"menu_order":0,"comment_status":"closed","ping_status":"closed","template":"","meta":{"footnotes":""},"class_list":["post-170","page","type-page","status-publish","hentry"],"_links":{"self":[{"href":"https:\/\/cofecon.org.br\/cofecon\/index.php?rest_route=\/wp\/v2\/pages\/170"}],"collection":[{"href":"https:\/\/cofecon.org.br\/cofecon\/index.php?rest_route=\/wp\/v2\/pages"}],"about":[{"href":"https:\/\/cofecon.org.br\/cofecon\/index.php?rest_route=\/wp\/v2\/types\/page"}],"author":[{"embeddable":true,"href":"https:\/\/cofecon.org.br\/cofecon\/index.php?rest_route=\/wp\/v2\/users\/1"}],"replies":[{"embeddable":true,"href":"https:\/\/cofecon.org.br\/cofecon\/index.php?rest_route=%2Fwp%2Fv2%2Fcomments&post=170"}],"version-history":[{"count":41,"href":"https:\/\/cofecon.org.br\/cofecon\/index.php?rest_route=\/wp\/v2\/pages\/170\/revisions"}],"predecessor-version":[{"id":27598,"href":"https:\/\/cofecon.org.br\/cofecon\/index.php?rest_route=\/wp\/v2\/pages\/170\/revisions\/27598"}],"wp:attachment":[{"href":"https:\/\/cofecon.org.br\/cofecon\/index.php?rest_route=%2Fwp%2Fv2%2Fmedia&parent=170"}],"curies":[{"name":"wp","href":"https:\/\/api.w.org\/{rel}","templated":true}]}}