{"id":1684,"date":"2017-06-30T10:42:59","date_gmt":"2017-06-30T13:42:59","guid":{"rendered":"http:\/\/www.cofecon.org.br\/?page_id=1684"},"modified":"2026-02-23T17:58:23","modified_gmt":"2026-02-23T20:58:23","slug":"premio-nobel-de-economia","status":"publish","type":"page","link":"https:\/\/cofecon.org.br\/cofecon\/?page_id=1684","title":{"rendered":"Pr\u00eamio Nobel de Economia"},"content":{"rendered":"<p><span style=\"color: #555555; font-size: small;\">O Pr\u00eamio Nobel foi criado em 27 de novembro 1895, no testamento de Alfred Nobel, cientista sueco que ficou muito rico com a inven\u00e7\u00e3o da dinamite. As \u00e1reas premiadas eram: F\u00edsica, Qu\u00edmica, Medicina ou Psicologia, Literatura e Paz. Os pr\u00eamios come\u00e7aram a ser entregues em 1901. Em respeito ao testamento de Alfred Nobel, nenhuma outra \u00e1rea de atua\u00e7\u00e3o \u00e9 acrescentada nas premia\u00e7\u00f5es. A \u00fanica exce\u00e7\u00e3o foi a Economia. Isso porque em 1968 o Sverige Riksbank (Banco Central da Su\u00e9cia), comemorando seu tricenten\u00e1rio, instituiu o &#8220;Pr\u00eamio Sverige Riksbank de Ci\u00eancias Econ\u00f4micas em mem\u00f3ria de Alfred Nobel&#8221;, patrocinado pelo pr\u00f3prio banco. Por esta diferen\u00e7a, ele n\u00e3o leva o nome de &#8220;Pr\u00eamio Nobel&#8221; em sua nomenclatura oficial, mas \u00e9 anunciado e entregue junto aos outros Pr\u00eamios Nobel (embora n\u00e3o na mesma semana), al\u00e9m de ter o ganhador escolhido pela Real Academia Sueca de Ci\u00eancias. <\/span><\/p>\n<p align=\"justify\"><strong>Os ganhadores foram:<\/strong><\/p>\n<p align=\"justify\">2025 Joel Mokyr &#8211; Philippe Aghion &#8211; Peter Howitt<\/p>\n<p align=\"justify\">2024 Daron Acemoglu &#8211; Simon Johnson &#8211; James Robinson<\/p>\n<p align=\"justify\">2023 Claudia Goldin<\/p>\n<p align=\"justify\">2022 Ben Bernanke &#8211; Douglas Diamond &#8211; Philip Dybvig<\/p>\n<p align=\"justify\">2021 Guido Imbens &#8211; David Card &#8211; Joshua Angrist<\/p>\n<p align=\"justify\">2020 Paul Milgrom &#8211; Robert Wilson<\/p>\n<p align=\"justify\">2019 Abhijit Banerjee &#8211; Esther Duflo &#8211; Michael Kremer<\/p>\n<p align=\"justify\">2018 Paul Homer &#8211; William Nordhaus<\/p>\n<p align=\"justify\">2017 Richard Thaler<\/p>\n<p align=\"justify\">2016 Oliver Hart \u2013 Bengt H\u00f6lmstrom<\/p>\n<p>2015 Angus Deaton<\/p>\n<p>2014 Jean Tirole<\/p>\n<p>2013 Eugene F. Fama \u2013 Lars Peter Hansen \u2013 Robert J. Shiller<\/p>\n<p>2012 Alvin E. Roth \u2013 Lloyd S. Shapley<\/p>\n<p>2011 Thomas Sargent \u2013 Christopher Sims<\/p>\n<p>2010 Peter Diamond \u2013 Dale Mortensen \u2013 Christopher Pissarides<\/p>\n<p>2009 Elinor Ostrom \u2013 Oliver E. Williamson<\/p>\n<p>2008 Paul Krugman<\/p>\n<p>2007 Leonid Hurwicz \u2013 Eric S. Maskin \u2013 Roger B. Myerson<\/p>\n<p>2006 Edmund S. Phelps<\/p>\n<p>2005 Robert J. Aumann \u2013 Thomas C. Schelling<\/p>\n<p>2004 Finn E. Kydland \u2013 Edward C. Prescott<\/p>\n<p>2003 Robert F. Engle III \u2013 Clive W.J. Granger<\/p>\n<p>2002 Daniel Kahneman \u2013 Vernon L. Smith<\/p>\n<p>2001 George A. Akerlof \u2013 A. Michael Spence \u2013 Joseph E. Stiglitz<\/p>\n<p>2000 James J. Heckman \u2013 Daniel L. McFadden<\/p>\n<p>1999 Robert Mundell<\/p>\n<p>1998 Amartya Sen<\/p>\n<p>1997 Robert C. Merton \u2013 Myron S. Scholes<\/p>\n<p>1996 James A. Mirrlees \u2013 William Vickrey<\/p>\n<p>1995 Robert E. Lucas Jr<\/p>\n<p>1994 John C. Harsanyi \u2013 John F. Nash Jr.- Reinhard Selten<\/p>\n<p>1993 Robert W. Fogel \u2013 Douglass C. North<\/p>\n<p>1992 Gary S. Becker<\/p>\n<p>1991 Ronald H. Coase<\/p>\n<p>1990 Harry M. Markowitz \u2013 Merton H. Miller \u2013 William F. Sharpe<\/p>\n<p>1989 Trygve Haavelmo<\/p>\n<p>1988 Maurice Allais<\/p>\n<p>1987 Robert M. Solow<\/p>\n<p>1986 James M. Buchanan Jr.<\/p>\n<p>1985 Franco Modigliani<\/p>\n<p>1984 Richard Stone<\/p>\n<p>1983 Gerard Debreu<\/p>\n<p>1982 George J. Stigler<\/p>\n<p>1981 James Tobin<\/p>\n<p>1980 Lawrence R. Klein<\/p>\n<p>1979 Theodore W. Schultz \u2013 Sir Arthur Lewis<\/p>\n<p>1978 Hebert A. Simon<\/p>\n<p>1977 Bertil Ohlin \u2013 James E. Meade<\/p>\n<p>1976 Milton Friedman<\/p>\n<p>1975 Leonid Vitaliyevich Kantorovich \u2013 Tjalling C. Koopmans<\/p>\n<p>1974 Gunnar Myrdal \u2013 Friedrich August von Hayek<\/p>\n<p>1973 Wassily Leontief<\/p>\n<p>1972 John R. Hicks \u2013 Kenneth J. Arrow<\/p>\n<p>1971 Simon Kuznets<\/p>\n<p>1970 Paul A. Samuelson<\/p>\n<p>1969 Ragnar Frisch \u2013 Jan Tinbergen<\/p>\n","protected":false},"excerpt":{"rendered":"<p>O Pr\u00eamio Nobel foi criado em 27 de novembro 1895, no testamento de Alfred Nobel, cientista sueco que ficou muito rico com a inven\u00e7\u00e3o da dinamite. As \u00e1reas premiadas eram: F\u00edsica, Qu\u00edmica, Medicina ou Psicologia, Literatura e Paz. Os pr\u00eamios<\/p>\n<p><a class=\"more-link\" href=\"https:\/\/cofecon.org.br\/cofecon\/?page_id=1684\">Leia Mais<\/a><\/p>\n","protected":false},"author":1,"featured_media":0,"parent":0,"menu_order":0,"comment_status":"closed","ping_status":"closed","template":"","meta":{"footnotes":""},"class_list":["post-1684","page","type-page","status-publish","hentry"],"_links":{"self":[{"href":"https:\/\/cofecon.org.br\/cofecon\/index.php?rest_route=\/wp\/v2\/pages\/1684"}],"collection":[{"href":"https:\/\/cofecon.org.br\/cofecon\/index.php?rest_route=\/wp\/v2\/pages"}],"about":[{"href":"https:\/\/cofecon.org.br\/cofecon\/index.php?rest_route=\/wp\/v2\/types\/page"}],"author":[{"embeddable":true,"href":"https:\/\/cofecon.org.br\/cofecon\/index.php?rest_route=\/wp\/v2\/users\/1"}],"replies":[{"embeddable":true,"href":"https:\/\/cofecon.org.br\/cofecon\/index.php?rest_route=%2Fwp%2Fv2%2Fcomments&post=1684"}],"version-history":[{"count":1,"href":"https:\/\/cofecon.org.br\/cofecon\/index.php?rest_route=\/wp\/v2\/pages\/1684\/revisions"}],"predecessor-version":[{"id":27364,"href":"https:\/\/cofecon.org.br\/cofecon\/index.php?rest_route=\/wp\/v2\/pages\/1684\/revisions\/27364"}],"wp:attachment":[{"href":"https:\/\/cofecon.org.br\/cofecon\/index.php?rest_route=%2Fwp%2Fv2%2Fmedia&parent=1684"}],"curies":[{"name":"wp","href":"https:\/\/api.w.org\/{rel}","templated":true}]}}