{"id":167,"date":"2017-03-13T13:19:51","date_gmt":"2017-03-13T16:19:51","guid":{"rendered":"http:\/\/www.cofecon.org.br\/?page_id=167"},"modified":"2017-03-13T13:19:51","modified_gmt":"2017-03-13T16:19:51","slug":"credo-organizacional","status":"publish","type":"page","link":"https:\/\/cofecon.org.br\/cofecon\/?page_id=167","title":{"rendered":"Credo Organizacional"},"content":{"rendered":"<div id=\"articlepxfontsize1\">\n<div id=\"articlepxfontsize1\">\n<p style=\"text-align: center;\" align=\"center\"><strong>MISS\u00c3O<\/strong><\/p>\n<p style=\"text-align: center;\" align=\"justify\">Contribuir para o desenvolvimento socioecon\u00f4mico do pa\u00eds e assegurar o exerc\u00edcio legal e \u00e9tico da profiss\u00e3o do economista.<\/p>\n<p style=\"text-align: center;\" align=\"center\"><strong>VIS\u00c3O <\/strong><\/p>\n<p style=\"text-align: center;\" align=\"justify\">Ser refer\u00eancia como entidade profissional que contribui de forma decisiva para o desenvolvimento econ\u00f4mico com justi\u00e7a social.<\/p>\n<\/div>\n<\/div>\n","protected":false},"excerpt":{"rendered":"<p>MISS\u00c3O Contribuir para o desenvolvimento socioecon\u00f4mico do pa\u00eds e assegurar o exerc\u00edcio legal e \u00e9tico da profiss\u00e3o do economista. VIS\u00c3O Ser refer\u00eancia como entidade profissional que contribui de forma decisiva para o desenvolvimento econ\u00f4mico com justi\u00e7a social.<\/p>\n","protected":false},"author":1,"featured_media":0,"parent":0,"menu_order":0,"comment_status":"closed","ping_status":"closed","template":"","meta":{"footnotes":""},"class_list":["post-167","page","type-page","status-publish","hentry"],"_links":{"self":[{"href":"https:\/\/cofecon.org.br\/cofecon\/index.php?rest_route=\/wp\/v2\/pages\/167"}],"collection":[{"href":"https:\/\/cofecon.org.br\/cofecon\/index.php?rest_route=\/wp\/v2\/pages"}],"about":[{"href":"https:\/\/cofecon.org.br\/cofecon\/index.php?rest_route=\/wp\/v2\/types\/page"}],"author":[{"embeddable":true,"href":"https:\/\/cofecon.org.br\/cofecon\/index.php?rest_route=\/wp\/v2\/users\/1"}],"replies":[{"embeddable":true,"href":"https:\/\/cofecon.org.br\/cofecon\/index.php?rest_route=%2Fwp%2Fv2%2Fcomments&post=167"}],"version-history":[{"count":0,"href":"https:\/\/cofecon.org.br\/cofecon\/index.php?rest_route=\/wp\/v2\/pages\/167\/revisions"}],"wp:attachment":[{"href":"https:\/\/cofecon.org.br\/cofecon\/index.php?rest_route=%2Fwp%2Fv2%2Fmedia&parent=167"}],"curies":[{"name":"wp","href":"https:\/\/api.w.org\/{rel}","templated":true}]}}